{"id":935,"date":"2023-11-07T10:06:38","date_gmt":"2023-11-07T03:06:38","guid":{"rendered":"https:\/\/ambhanoi.esteri.it\/?page_id=935"},"modified":"2023-12-06T16:04:53","modified_gmt":"2023-12-06T09:04:53","slug":"chuyen-gia-nong-nghiep-va-kiem-dich-thuc-pham","status":"publish","type":"page","link":"https:\/\/ambhanoi.esteri.it\/vi\/italia-e-vietnam\/diplomazia-economica\/chuyen-gia-nong-nghiep-va-kiem-dich-thuc-pham\/","title":{"rendered":"Chuy\u00ean gia N\u00f4ng nghi\u1ec7p v\u00e0 ki\u1ec3m d\u1ecbch th\u1ef1c ph\u1ea9m"},"content":{"rendered":"<p>V\u1ecb tr\u00ed chuy\u00ean gia l\u0129nh v\u1ef1c n\u00f4ng nghi\u1ec7p v\u00e0 ki\u1ec3m d\u1ecbch th\u1ef1c v\u1eadt chuy\u00ean tr\u00e1ch nhi\u1ec1u nhi\u1ec7m v\u1ee5, bao g\u1ed3m:<\/p>\n<p>\u2013 Ph\u00e2n t\u00edch chuy\u00ean s\u00e2u v\u1ec1 h\u1ec7 th\u1ed1ng n\u00f4ng nghi\u1ec7p Vi\u1ec7t Nam v\u00e0 c\u1ea5u tr\u00fac tr\u00ean to\u00e0n l\u00e3nh th\u1ed5<\/p>\n<p>\u2013 Ki\u1ec3m tra v\u00e0 gi\u00e1m s\u00e1t c\u00e1c s\u00e1ng ki\u1ebfn c\u1ee7a c\u00e1c t\u1ed5 ch\u1ee9c v\u00e0 t\u01b0 nh\u00e2n \u0111\u1ecba ph\u01b0\u01a1ng trong l\u0129nh v\u1ef1c n\u00f4ng nghi\u1ec7p\/ y t\u1ebf.<\/p>\n<p>\u2013 Ki\u1ec3m tra v\u00e0 gi\u00e1m s\u00e1t ho\u1ea1t \u0111\u1ed9ng kinh doanh n\u00f4ng s\u1ea3n \u0111\u1ecba ph\u01b0\u01a1ng v\u00e0 c\u00e1c quy \u0111\u1ecbnh v\u1ec1 d\u00e1n nh\u00e3n<\/p>\n<p>\u00d4ng <strong>Renzo Moro<\/strong> l\u00e0 T\u00f9y vi\u00ean N\u00f4ng nghi\u1ec7p v\u00e0 Ki\u1ec3m d\u1ecbch th\u1ef1c v\u1eadt t\u1ea1i \u0110\u1ea1i s\u1ee9 qu\u00e1n Italia t\u1ea1i H\u00e0 N\u1ed9i t\u1eeb th\u00e1ng 9 n\u0103m 2023.<\/p>\n<p><a href=\"https:\/\/ambhanoi.esteri.it\/wp-content\/uploads\/2023\/11\/cv_Renzo_Moro_oct23.pdf\">cv_Renzo_Moro_oct23<\/a><\/p>\n","protected":false},"excerpt":{"rendered":"V\u1ecb tr\u00ed chuy\u00ean gia l\u0129nh v\u1ef1c n\u00f4ng nghi\u1ec7p v\u00e0 ki\u1ec3m d\u1ecbch th\u1ef1c v\u1eadt chuy\u00ean tr\u00e1ch nhi\u1ec1u nhi\u1ec7m v\u1ee5, bao g\u1ed3m: \u2013 Ph\u00e2n t\u00edch chuy\u00ean s\u00e2u v\u1ec1 h\u1ec7 th\u1ed1ng n\u00f4ng nghi\u1ec7p Vi\u1ec7t Nam v\u00e0 c\u1ea5u tr\u00fac tr\u00ean to\u00e0n l\u00e3nh th\u1ed5 \u2013 Ki\u1ec3m tra v\u00e0 gi\u00e1m s\u00e1t c\u00e1c s\u00e1ng ki\u1ebfn c\u1ee7a c\u00e1c t\u1ed5 ch\u1ee9c v\u00e0 t\u01b0 nh\u00e2n [&hellip;]","protected":false},"author":4,"featured_media":0,"parent":178,"menu_order":9,"comment_status":"closed","ping_status":"closed","template":"","meta":{"footnotes":""},"class_list":["post-935","page","type-page","status-publish","hentry"],"_links":{"self":[{"href":"https:\/\/ambhanoi.esteri.it\/vi\/wp-json\/wp\/v2\/pages\/935","targetHints":{"allow":["GET"]}}],"collection":[{"href":"https:\/\/ambhanoi.esteri.it\/vi\/wp-json\/wp\/v2\/pages"}],"about":[{"href":"https:\/\/ambhanoi.esteri.it\/vi\/wp-json\/wp\/v2\/types\/page"}],"author":[{"embeddable":true,"href":"https:\/\/ambhanoi.esteri.it\/vi\/wp-json\/wp\/v2\/users\/4"}],"replies":[{"embeddable":true,"href":"https:\/\/ambhanoi.esteri.it\/vi\/wp-json\/wp\/v2\/comments?post=935"}],"version-history":[{"count":1,"href":"https:\/\/ambhanoi.esteri.it\/vi\/wp-json\/wp\/v2\/pages\/935\/revisions"}],"predecessor-version":[{"id":937,"href":"https:\/\/ambhanoi.esteri.it\/vi\/wp-json\/wp\/v2\/pages\/935\/revisions\/937"}],"up":[{"embeddable":true,"href":"https:\/\/ambhanoi.esteri.it\/vi\/wp-json\/wp\/v2\/pages\/178"}],"wp:attachment":[{"href":"https:\/\/ambhanoi.esteri.it\/vi\/wp-json\/wp\/v2\/media?parent=935"}],"curies":[{"name":"wp","href":"https:\/\/api.w.org\/{rel}","templated":true}]}}