{"id":837,"date":"2023-11-02T11:27:35","date_gmt":"2023-11-02T04:27:35","guid":{"rendered":"https:\/\/ambhanoi.esteri.it\/?page_id=837"},"modified":"2023-12-05T11:01:29","modified_gmt":"2023-12-05T04:01:29","slug":"alumni","status":"publish","type":"page","link":"https:\/\/ambhanoi.esteri.it\/vi\/italia-e-vietnam\/diplomazia-culturale\/studiare-in-italia\/alumni\/","title":{"rendered":"C\u1ef1u sinh vi\u00ean Farnesina"},"content":{"rendered":"<p>B\u1ed9 Ngo\u1ea1i giao v\u00e0 H\u1ee3p t\u00e1c Qu\u1ed1c t\u1ebf Italia\u00a0\u0111\u00e3 t\u1ea1o ra c\u1ed5ng th\u00f4ng tin <strong>&#8220;C\u1ef1u sinh vi\u00ean Farnesina&#8221;<\/strong>, d\u00e0nh ri\u00eang cho nh\u1eefng ng\u01b0\u1eddi \u0111\u00e3 h\u1ecdc t\u1eadp t\u1ea1i \u00dd nh\u1edd h\u1ecdc b\u1ed5ng do Ch\u00ednh ph\u1ee7 \u00dd cung c\u1ea5p (h\u1ecdc b\u1ed5ng MAECI ho\u1eb7c Invest Your Talent).<\/p>\n<p>C\u1ed5ng th\u00f4ng tin cung c\u1ea5p kh\u1ea3 n\u0103ng cho c\u00e1c c\u1ef1u sinh vi\u00ean k\u1ebft n\u1ed1i v\u00e0 k\u1ebft n\u1ed1i v\u1edbi c\u00e1c c\u1ef1u nghi\u00ean c\u1ee9u sinh kh\u00e1c c\u1ea3 \u1edf Vi\u1ec7t Nam v\u00e0 c\u00e1c qu\u1ed1c gia kh\u00e1c. N\u00f3 c\u0169ng cung c\u1ea5p quy\u1ec1n truy c\u1eadp v\u00e0o c\u00e1c c\u01a1 h\u1ed9i v\u00e0 s\u1ef1 ki\u1ec7n d\u00e0nh ri\u00eang cho C\u1ef1u sinh vi\u00ean v\u00e0 n\u1ed9i dung quan t\u00e2m nh\u01b0 h\u1ed9i th\u1ea3o tr\u00ean web v\u00e0 c\u01a1 h\u1ed9i \u0111\u00e0o t\u1ea1o li\u00ean t\u1ee5c.<\/p>\n<p>C\u1ed5ng th\u00f4ng tin c\u0169ng c\u00f3 s\u1eb5n th\u00f4ng qua \u1ee9ng d\u1ee5ng Alumni Farnesina cho h\u1ec7 th\u1ed1ng iOS v\u00e0 Android, c\u00f3 th\u1ec3 \u0111\u01b0\u1ee3c t\u1ea3i xu\u1ed1ng t\u1eeb c\u00e1c c\u1eeda h\u00e0ng \u1ee9ng d\u1ee5ng ph\u1ed5 bi\u1ebfn.<\/p>\n<p>-&gt; B\u1ea1n c\u00f3 ph\u1ea3i l\u00e0 c\u1ef1u th\u00e0nh vi\u00ean v\u00e0 mu\u1ed1n tham gia M\u1ea1ng l\u01b0\u1edbi c\u1ef1u sinh vi\u00ean Farnesina kh\u00f4ng? \u0110\u0103ng k\u00fd tr\u00ean <a href=\"https:\/\/alumnifarnesina.it\">https:\/\/alumnifarnesina.it<\/a>.<\/p>\n<p>******<\/p>\n<p>Ng\u00e0y 16 th\u00e1ng 9 n\u0103m 2022 t\u1ea1i Casa Italia \u1edf H\u00e0 N\u1ed9i \u0111\u00e3 di\u1ec5n ra cu\u1ed9c h\u1ecdp \u0111\u1ea7u ti\u00ean c\u1ee7a <strong>\u201cH\u1ed9i c\u1ef1u sinh vi\u00ean Vi\u1ec7t Nam \u0111\u00e3 t\u1eebng du h\u1ecdc t\u1ea1i Italia\u201d<\/strong>, m\u1ed9t ho\u1ea1t \u0111\u1ed9ng do \u0110\u1ea1i s\u1ee9 qu\u00e1n Italia t\u1ed5 ch\u1ee9c v\u1edbi m\u1ee5c \u0111\u00edch duy tr\u00ec m\u1ed1i quan h\u1ec7 gi\u1eefa Italia v\u1edbi nh\u1eefng ng\u01b0\u1eddi \u0111\u00e3 t\u1eebng h\u1ecdc t\u1eadp v\u00e0 nghi\u00ean c\u1ee9u t\u1ea1i Qu\u1ed1c gia ch\u00fang t\u00f4i.<\/p>\n<p>N\u1ebfu b\u1ea1n l\u00e0 c\u1ef1u sinh vi\u00ean v\u00e0 ch\u01b0a nh\u1eadn \u0111\u01b0\u1ee3c th\u01b0 m\u1eddi tham d\u1ef1 v\u00e0o Network? H\u00e3y \u0111\u0103ng k\u00ed v\u00e0 cung c\u1ea5p th\u00f4ng tin c\u1ee7a b\u1ea1n ngay l\u1eadp t\u1ee9c t\u1edbi email: <a href=\"mailto:culturale.hanoi@esteri.it\">culturale.hanoi@esteri.it<\/a> .<\/p>\n<p>*****<\/p>\n<p>Ph\u00e1i \u0111o\u00e0n \u1ee6y ban EU t\u1ea1i Vi\u1ec7t Nam c\u0169ng ph\u00e1t \u0111\u1ed9ng vi\u1ec7c thi\u1ebft l\u1eadp m\u1ea1ng l\u01b0\u1edbi d\u00e0nh cho c\u00e1c c\u1ef1u sinh vi\u00ean \u0111\u00e3 t\u1eebng du h\u1ecdc t\u1ea1i c\u00e1c Qu\u1ed1c gia th\u00e0nh vi\u00ean c\u1ee7a EU, bao g\u1ed3m Italia.<\/p>\n<p>\u0110\u1ec3 c\u00f3 th\u00eam chi ti\u1ebft vui l\u00f2ng xem tr\u00ean trang web: <a href=\"https:\/\/www.eeas.europa.eu\/delegations\/vietnam_en?s=184\">https:\/\/www.eeas.europa.eu\/delegations\/vietnam_en?s=184<\/a><\/p>\n<p>*****<\/p>\n<p>Hi\u1ec7n nay c\u00f3 kho\u1ea3ng 2000 sinh vi\u00ean \u0111ang h\u1ecdc t\u1eadp t\u1ea1i Italia, t\u1ea1i c\u00e1c tr\u01b0\u1eddng h\u1ecdc ph\u00eda B\u1eafc, mi\u1ec1n Trung v\u00e0 mi\u1ec1n Nam. H\u00e0ng n\u0103m \u0110\u1ea1i s\u1ee9 qu\u00e1n t\u1ea1i H\u00e0 N\u1ed9i v\u00e0 T\u1ed5ng l\u00e3nh s\u1ef1 t\u1ea1i H\u1ed3 Ch\u00ed Minh c\u1ea5p kho\u1ea3ng 500 visa v\u1edbi m\u1ee5c \u0111\u00edch \u0111i h\u1ecdc cho c\u00e1c sinh vi\u00ean Vi\u1ec7t Nam mong mu\u1ed1n \u0111\u01b0\u1ee3c h\u1ecdc t\u1eadp t\u1ea1i c\u00e1c tr\u01b0\u1eddng \u0110\u1ea1i h\u1ecdc \u1edf Qu\u1ed1c gia ch\u00fang t\u00f4i.<\/p>\n<p>C\u00e1c sinh vi\u00ean Vi\u1ec7t Nam t\u1ea1i Italia \u0111\u00e3 \u0111\u01b0a th\u00f4ng tin t\u1edbi &#8220;Associazione degli studenti vietnamiti in Italia \/ H\u1ed9i sinh vi\u00ean Vi\u1ec7t Nam t\u1ea1i Italia&#8221;. H\u00e3y theo d\u00f5i trang Facebook \u0111\u1ec3 bi\u1ebft nhi\u1ec1u ho\u1ea1t \u0111\u1ed9ng c\u1ee7a h\u1ed9i: <a href=\"https:\/\/www.facebook.com\/svvnitalia\">https:\/\/www.facebook.com\/svvnitalia<\/a>.<\/p>\n<p>*****<\/p>\n<p><strong>B\u1ea2NG TIN SINH VI\u00caN<\/strong><\/p>\n<p>\u201cB\u1ea3ng tin Sinh vi\u00ean\u201d l\u00e0 n\u01a1i l\u00fd t\u01b0\u1edfng \u0111\u1ec3 tr\u00ecnh b\u00e0y c\u00e1c ho\u1ea1t \u0111\u1ed9ng d\u1ef1 \u00e1n c\u1ee7a c\u00e1c Sinh vi\u00ean, li\u00ean quan \u0111\u1ebfn \u0111\u1eddi s\u1ed1ng h\u1ecdc t\u1eadp c\u1ee7a h\u1ecd t\u1ea1i Italia.<\/p>\n<p>N\u1ebfu b\u1ea1n mu\u1ed1n \u0111\u01b0a th\u00f4ng tin ho\u1ea1t \u0111\u1ed9ng c\u1ee7a b\u1ea1n tr\u00ean \u201cB\u1ea3n tin Sinh vi\u00ean\u201d? Hay g\u1eedi mail v\u1edbi c\u00e1c th\u00f4ng tin t\u1edbi: <a href=\"mailto:culturale.hanoi@esteri.it\">culturale.hanoi@esteri.it<\/a>.<\/p>\n","protected":false},"excerpt":{"rendered":"B\u1ed9 Ngo\u1ea1i giao v\u00e0 H\u1ee3p t\u00e1c Qu\u1ed1c t\u1ebf Italia\u00a0\u0111\u00e3 t\u1ea1o ra c\u1ed5ng th\u00f4ng tin &#8220;C\u1ef1u sinh vi\u00ean Farnesina&#8221;, d\u00e0nh ri\u00eang cho nh\u1eefng ng\u01b0\u1eddi \u0111\u00e3 h\u1ecdc t\u1eadp t\u1ea1i \u00dd nh\u1edd h\u1ecdc b\u1ed5ng do Ch\u00ednh ph\u1ee7 \u00dd cung c\u1ea5p (h\u1ecdc b\u1ed5ng MAECI ho\u1eb7c Invest Your Talent). C\u1ed5ng th\u00f4ng tin cung c\u1ea5p kh\u1ea3 n\u0103ng cho c\u00e1c c\u1ef1u sinh [&hellip;]","protected":false},"author":4,"featured_media":0,"parent":189,"menu_order":0,"comment_status":"closed","ping_status":"closed","template":"","meta":{"footnotes":""},"class_list":["post-837","page","type-page","status-publish","hentry"],"_links":{"self":[{"href":"https:\/\/ambhanoi.esteri.it\/vi\/wp-json\/wp\/v2\/pages\/837","targetHints":{"allow":["GET"]}}],"collection":[{"href":"https:\/\/ambhanoi.esteri.it\/vi\/wp-json\/wp\/v2\/pages"}],"about":[{"href":"https:\/\/ambhanoi.esteri.it\/vi\/wp-json\/wp\/v2\/types\/page"}],"author":[{"embeddable":true,"href":"https:\/\/ambhanoi.esteri.it\/vi\/wp-json\/wp\/v2\/users\/4"}],"replies":[{"embeddable":true,"href":"https:\/\/ambhanoi.esteri.it\/vi\/wp-json\/wp\/v2\/comments?post=837"}],"version-history":[{"count":3,"href":"https:\/\/ambhanoi.esteri.it\/vi\/wp-json\/wp\/v2\/pages\/837\/revisions"}],"predecessor-version":[{"id":3964,"href":"https:\/\/ambhanoi.esteri.it\/vi\/wp-json\/wp\/v2\/pages\/837\/revisions\/3964"}],"up":[{"embeddable":true,"href":"https:\/\/ambhanoi.esteri.it\/vi\/wp-json\/wp\/v2\/pages\/189"}],"wp:attachment":[{"href":"https:\/\/ambhanoi.esteri.it\/vi\/wp-json\/wp\/v2\/media?parent=837"}],"curies":[{"name":"wp","href":"https:\/\/api.w.org\/{rel}","templated":true}]}}