{"id":7441,"date":"2025-02-17T14:29:42","date_gmt":"2025-02-17T07:29:42","guid":{"rendered":"https:\/\/ambhanoi.esteri.it\/chi-siamo\/contatti\/social-media-policy\/"},"modified":"2025-02-17T15:46:54","modified_gmt":"2025-02-17T08:46:54","slug":"social-media-policy","status":"publish","type":"page","link":"https:\/\/ambhanoi.esteri.it\/vi\/chi-siamo\/contatti\/social-media-policy\/","title":{"rendered":"Ch\u00ednh s\u00e1ch truy\u1ec1n th\u00f4ng tr\u00ean m\u1ea1ng x\u00e3 h\u1ed9i"},"content":{"rendered":"<p>\u0110\u1ea1i s\u1ee9 qu\u00e1n s\u1eed d\u1ee5ng m\u1ea1ng truy\u1ec1n th\u00f4ng x\u00e3 h\u1ed9i cho m\u1ee5c \u0111\u00edch c\u1ee7a t\u1ed5 ch\u1ee9c \u0111\u1ec3 t\u0103ng c\u01b0\u1eddng t\u00ednh minh b\u1ea1ch v\u00e0 th\u00f4ng b\u00e1o cho c\u00f4ng ch\u00fang v\u1ec1 c\u00e1c ho\u1ea1t \u0111\u1ed9ng c\u1ee7a m\u00ecnh: th\u00f4ng b\u00e1o, truy\u1ec1n \u0111\u1ea1t, ti\u1ebfp nh\u1eadn v\u00e0 c\u00f4ng b\u1ed1 n\u1ed9i dung mang t\u00ednh th\u1ec3 ch\u1ebf.<\/p>\n<p>N\u1ed9i dung \u0111\u01b0\u1ee3c c\u00f4ng b\u1ed1 bao g\u1ed3m \u1ea3nh, video, th\u00f4ng c\u00e1o b\u00e1o ch\u00ed, th\u00f4ng tin d\u1ecbch v\u1ee5, tin t\u1ee9c li\u00ean quan \u0111\u1ebfn c\u00e1c ho\u1ea1t \u0111\u1ed9ng c\u1ee7a s\u1ee9 qu\u00e1n v\u00e0 c\u00e1c c\u01a1 h\u1ed9i \u0111\u1ec3 c\u00f4ng ch\u00fang t\u01b0\u01a1ng t\u00e1c. D\u1eef li\u1ec7u c\u00e1 nh\u00e2n \u0111\u01b0\u1ee3c x\u1eed l\u00fd theo lu\u1eadt hi\u1ec7n h\u00e0nh:<\/p>\n<p>\u0110\u1ec3 bi\u1ebft th\u00eam th\u00f4ng tin, vui l\u00f2ng xem t\u1ea1i <u><a href=\"https:\/\/www.esteri.it\/en\/sportello_info\/informativa-sul-trattamento-dei-dati-personali\/\">\u0111\u00e2y<\/a>.<\/u><\/p>\n<p>Th\u00f4ng qua c\u00e1c k\u00eanh truy\u1ec1n th\u00f4ng x\u00e3 h\u1ed9i c\u1ee7a m\u00ecnh, S\u1ee9 qu\u00e1n c\u00f3 th\u1ec3 chia s\u1ebb v\u00e0 c\u00f4ng b\u1ed1 l\u1ea1i n\u1ed9i dung v\u00e0 th\u00f4ng \u0111i\u1ec7p v\u00ec l\u1ee3i \u00edch c\u00f4ng c\u1ed9ng ho\u1eb7c d\u1ecbch v\u1ee5 do nh\u1eefng ng\u01b0\u1eddi d\u00f9ng kh\u00e1c \u0111\u0103ng t\u1ea3i.<\/p>\n<p>\u0110\u1ea1i s\u1ee9 qu\u00e1n cam k\u1ebft qu\u1ea3n l\u00fd c\u00e1c kh\u00f4ng gian giao ti\u1ebfp v\u00e0 \u0111\u1ed1i tho\u1ea1i th\u00f4ng qua c\u00e1c t\u00e0i kho\u1ea3n truy\u1ec1n th\u00f4ng x\u00e3 h\u1ed9i c\u1ee7a m\u00ecnh v\u00e0 y\u00eau c\u1ea7u ng\u01b0\u1eddi d\u00f9ng tu\u00e2n th\u1ee7 m\u1ed9t s\u1ed1 quy t\u1eafc \u0111\u01a1n gi\u1ea3n sau:<\/p>\n<ol>\n<li>H\u00e3y t\u00f4n tr\u1ecdng khi b\u00e0y t\u1ecf \u00fd ki\u1ebfn \u200b\u200bc\u1ee7a b\u1ea1n, \u0111\u1ea3m b\u1ea3o r\u1eb1ng gi\u1ecdng \u0111i\u1ec7u c\u1ee7a b\u1ea1n lu\u00f4n kh\u00e1ch quan v\u00e0 l\u1ecbch s\u1ef1.<\/li>\n<li>Tr\u00ean ph\u01b0\u01a1ng ti\u1ec7n truy\u1ec1n th\u00f4ng x\u00e3 h\u1ed9i, m\u1ecdi ng\u01b0\u1eddi \u0111\u1ec1u ph\u1ea3i ch\u1ecbu tr\u00e1ch nhi\u1ec7m v\u1ec1 n\u1ed9i dung \u0111\u01b0\u1ee3c \u0111\u0103ng t\u1ea3i v\u00e0 \u00fd ki\u1ebfn \u0111\u01b0\u1ee3c b\u00e0y t\u1ecf. L\u0103ng m\u1ea1, ng\u00f4n ng\u1eef t\u1ee5c t\u0129u, x\u00fac ph\u1ea1m, \u0111e d\u1ecda v\u00e0 th\u00e1i \u0111\u1ed9 b\u1ea1o l\u1ef1c ho\u1eb7c ph\u1ec9 b\u00e1ng s\u1ebd kh\u00f4ng \u0111\u01b0\u1ee3c ch\u1ea5p nh\u1eadn.<\/li>\n<li>N\u1ed9i dung \u0111\u01b0\u1ee3c \u0111\u0103ng t\u1ea3i ph\u1ea3i lu\u00f4n t\u00f4n tr\u1ecdng quy\u1ec1n ri\u00eang t\u01b0 c\u1ee7a m\u1ecdi ng\u01b0\u1eddi. M\u1ecdi tham chi\u1ebfu \u0111\u1ebfn s\u1ef1 ki\u1ec7n ho\u1eb7c chi ti\u1ebft kh\u00f4ng li\u00ean quan \u0111\u1ebfn c\u00f4ng ch\u00fang v\u00e0 x\u00e2m ph\u1ea1m \u0111\u1ebfn ph\u1ea1m vi c\u00e1 nh\u00e2n c\u1ee7a ng\u01b0\u1eddi kh\u00e1c c\u1ea7n \u0111\u01b0\u1ee3c h\u1ea1n ch\u1ebf,<\/li>\n<li>B\u1eaft bu\u1ed9c ph\u1ea3i quan t\u00e2m \u0111\u1ebfn c\u00e1c v\u1ea5n \u0111\u1ec1 v\u00e0 ho\u1ea1t \u0111\u1ed9ng c\u1ee7a S\u1ee9 qu\u00e1n: kh\u00f4ng \u0111\u01b0\u1ee3c s\u1eed d\u1ee5ng kh\u00f4ng gian m\u1ea1ng c\u1ee7a s\u1ee9 qu\u00e1n cho b\u1ea5t k\u1ef3 m\u1ee5c \u0111\u00edch n\u00e0o kh\u00e1c ngo\u00e0i m\u1ee5c \u0111\u00edch ph\u1ee5c v\u1ee5 cho s\u1ee9 qu\u00e1n.<\/li>\n<li>M\u1ed7i th\u00f4ng tin \u0111\u0103ng t\u1ea3i \u0111\u1ec1u li\u00ean quan \u0111\u1ebfn m\u1ed9t ch\u1ee7 \u0111\u1ec1 c\u1ee5 th\u1ec3: m\u1ecdi ng\u01b0\u1eddi tham gia \u0111\u01b0\u1ee3c y\u00eau c\u1ea7u b\u00e1m s\u00e1t ch\u1ee7 \u0111\u1ec1 v\u00e0 tr\u00e1nh m\u1edf ph\u1ea1m vi tranh lu\u1eadn m\u1ed9t c\u00e1ch chung chung v\u00e0 b\u1eeba b\u00e3i.<\/li>\n<li>Kh\u00f4ng \u0111\u01b0\u1ee3c ph\u00e9p c\u00f3 b\u1ea5t k\u1ef3 h\u00ecnh th\u1ee9c qu\u1ea3ng c\u00e1o, th\u01b0 r\u00e1c ho\u1eb7c th\u00fac \u0111\u1ea9y l\u1ee3i \u00edch c\u00e1 nh\u00e2n v\u00e0 ho\u1ea1t \u0111\u1ed9ng b\u1ea5t h\u1ee3p ph\u00e1p n\u00e0o.<\/li>\n<li>Kh\u00f4ng \u0111\u01b0\u1ee3c ph\u00e9p c\u00f3 b\u1ea5t k\u1ef3 n\u1ed9i dung n\u00e0o vi ph\u1ea1m lu\u1eadt b\u1ea3n quy\u1ec1n ho\u1eb7c s\u1eed d\u1ee5ng tr\u00e1i ph\u00e9p nh\u00e3n hi\u1ec7u \u0111\u00e3 \u0111\u0103ng k\u00fd.<\/li>\n<\/ol>\n<p>Trong m\u1ecdi tr\u01b0\u1eddng h\u1ee3p, n\u1ebfu ph\u01b0\u01a1ng ti\u1ec7n truy\u1ec1n th\u00f4ng x\u00e3 h\u1ed9i cho ph\u00e9p, nh\u00e2n vi\u00ean c\u1ee7a \u0110\u1ea1i s\u1ee9 qu\u00e1n s\u1ebd x\u00f3a t\u1ea5t c\u1ea3 c\u00e1c b\u00e0i \u0111\u0103ng, b\u00ecnh lu\u1eadn ho\u1eb7c t\u00e0i li\u1ec7u \u00e2m thanh\/video:<\/p>\n<ul>\n<li>Th\u1ec3 hi\u1ec7n ng\u00f4n ng\u1eef kh\u00f4ng ph\u00f9 h\u1ee3p v\u00e0\/ho\u1eb7c gi\u1ecdng \u0111i\u1ec7u \u0111e d\u1ecda, b\u1ea1o l\u1ef1c, th\u00f4 t\u1ee5c ho\u1eb7c thi\u1ebfu t\u00f4n tr\u1ecdng;<\/li>\n<li>Th\u1ec3 hi\u1ec7n n\u1ed9i dung b\u1ea5t h\u1ee3p ph\u00e1p ho\u1eb7c k\u00edch \u0111\u1ed9ng th\u1ef1c hi\u1ec7n c\u00e1c ho\u1ea1t \u0111\u1ed9ng b\u1ea5t h\u1ee3p ph\u00e1p;<\/li>\n<li>Ch\u1ee9a n\u1ed9i dung x\u00fac ph\u1ea1m, g\u00e2y hi\u1ec3u l\u1ea7m, g\u00e2y hoang mang ho\u1eb7c vi ph\u1ea1m quy\u1ec1n c\u1ee7a ng\u01b0\u1eddi kh\u00e1c;<\/li>\n<li>Ph\u00e1t t\u00e1n d\u1eef li\u1ec7u v\u00e0 th\u00f4ng tin c\u00e1 nh\u00e2n c\u00f3 kh\u1ea3 n\u0103ng g\u00e2y t\u1ed5n h\u1ea1i ho\u1eb7c g\u00e2y t\u1ed5n h\u1ea1i \u0111\u1ebfn danh ti\u1ebfng c\u1ee7a ng\u01b0\u1eddi kh\u00e1c;<\/li>\n<li>Ch\u1ee9a n\u1ed9i dung khi\u1ebfm nh\u00e3, khi\u00eau d\u00e2m ho\u1eb7c khi\u00eau d\u00e2m tr\u1ebb em ho\u1eb7c n\u1ed9i dung nh\u1ea1y c\u1ea3m x\u00fac ph\u1ea1m \u0111\u1ebfn s\u1ef1 ri\u00eang t\u01b0 c\u1ee7a ng\u01b0\u1eddi d\u00f9ng;<\/li>\n<li>Ch\u1ee9a n\u1ed9i dung ph\u00e2n bi\u1ec7t \u0111\u1ed1i x\u1eed v\u1edbi gi\u1edbi t\u00ednh, ch\u1ee7ng t\u1ed9c, d\u00e2n t\u1ed9c, ng\u00f4n ng\u1eef, t\u00edn ng\u01b0\u1ee1ng t\u00f4n gi\u00e1o, quan \u0111i\u1ec3m ch\u00ednh tr\u1ecb, s\u1edf th\u00edch t\u00ecnh d\u1ee5c, \u0111\u1ed9 tu\u1ed5i, \u0111\u1ecba v\u1ecb c\u00e1 nh\u00e2n v\u00e0 x\u00e3 h\u1ed9i;<\/li>\n<li>Th\u00fac \u0111\u1ea9y v\u00e0 h\u1ed7 tr\u1ee3 c\u00e1c ho\u1ea1t \u0111\u1ed9ng b\u1ea5t h\u1ee3p ph\u00e1p vi ph\u1ea1m lu\u1eadt b\u1ea3n quy\u1ec1n ho\u1eb7c s\u1eed d\u1ee5ng kh\u00f4ng \u0111\u00fang c\u00e1ch nh\u00e3n hi\u1ec7u \u0111\u00e3 \u0111\u0103ng k\u00fd.<\/li>\n<\/ul>\n<p>Ph\u00f9 h\u1ee3p v\u1edbi Ch\u00ednh s\u00e1ch truy\u1ec1n th\u00f4ng x\u00e3 h\u1ed9i c\u1ee7a B\u1ed9 Ngo\u1ea1i giao v\u00e0 H\u1ee3p t\u00e1c qu\u1ed1c t\u1ebf, \u0110\u1ea1i s\u1ee9 qu\u00e1n c\u00f3 quy\u1ec1n s\u1eed d\u1ee5ng ch\u1ee9c n\u0103ng c\u1ea5m ho\u1eb7c ch\u1eb7n (b\u1ea5t c\u1ee9 khi n\u00e0o c\u00f3 th\u1ec3 sau khi c\u1ea3nh b\u00e1o l\u1ea7n \u0111\u1ea7u) \u0111\u1ed1i v\u1edbi b\u1ea5t k\u1ef3 ai li\u00ean t\u1ee5c vi ph\u1ea1m c\u00e1c \u0111i\u1ec1u ki\u1ec7n n\u00e0y ho\u1eb7c nh\u1eefng \u0111i\u1ec1u ki\u1ec7n c\u00f3 trong ch\u00ednh s\u00e1ch c\u1ee7a c\u00e1c n\u1ec1n t\u1ea3ng \u0111\u01b0\u1ee3c s\u1eed d\u1ee5ng \u0111\u1ec3 ng\u0103n ch\u1eb7n c\u00e1c h\u00e0nh \u0111\u1ed9ng ti\u1ebfp theo v\u00e0 b\u00e1o c\u00e1o ng\u01b0\u1eddi d\u00f9ng cho qu\u1ea3n tr\u1ecb vi\u00ean trang web v\u00e0 c\u00f3 th\u1ec3 l\u00e0 cho c\u00e1c c\u01a1 quan th\u1ef1c thi ph\u00e1p lu\u1eadt.<\/p>\n<p>\u0110\u1ea1i s\u1ee9 qu\u00e1n t\u01b0\u01a1ng t\u00e1c v\u1edbi ng\u01b0\u1eddi d\u00f9ng th\u00f4ng qua c\u00e1c k\u00eanh truy\u1ec1n th\u00f4ng x\u00e3 h\u1ed9i c\u1ee7a m\u00ecnh, m\u1eb7c d\u00f9 kh\u00f4ng \u0111\u1ea3m b\u1ea3o t\u00ednh k\u1ecbp th\u1eddi trong vi\u1ec7c ph\u1ea3n h\u1ed3i. C\u00e1c t\u00e0i kho\u1ea3n truy\u1ec1n th\u00f4ng x\u00e3 h\u1ed9i l\u00e0 c\u00e1c k\u00eanh th\u00f4ng tin b\u1ed5 sung v\u00e0 kh\u00f4ng c\u00f3 t\u00ednh ch\u1ea5t thay th\u1ebf c\u00e1c k\u00eanh th\u00f4ng tin ch\u00ednh th\u1ee9c th\u00f4ng th\u01b0\u1eddng nh\u1eb1m cung c\u1ea5p th\u00f4ng tin v\u00e0 c\u00e1c d\u1ecbch v\u1ee5 h\u1ed7 tr\u1ee3. Vui l\u00f2ng li\u00ean h\u1ec7 \u0110\u1ea1i s\u1ee9 qu\u00e1n qua th\u00f4ng tin chi ti\u1ebft \u0111\u00e3 \u0111\u01b0\u1ee3c \u0111\u0103ng t\u1ea3i t\u1ea1i website d\u01b0\u1edbi \u0111\u00e2y: <a href=\"https:\/\/ambhanoi.esteri.it\/vi\/chi-siamo\/gli-uffici\/\">https:\/\/ambhanoi.esteri.it\/vi\/chi-siamo\/gli-uffici\/<\/a>.<\/p>\n","protected":false},"excerpt":{"rendered":"\u0110\u1ea1i s\u1ee9 qu\u00e1n s\u1eed d\u1ee5ng m\u1ea1ng truy\u1ec1n th\u00f4ng x\u00e3 h\u1ed9i cho m\u1ee5c \u0111\u00edch c\u1ee7a t\u1ed5 ch\u1ee9c \u0111\u1ec3 t\u0103ng c\u01b0\u1eddng t\u00ednh minh b\u1ea1ch v\u00e0 th\u00f4ng b\u00e1o cho c\u00f4ng ch\u00fang v\u1ec1 c\u00e1c ho\u1ea1t \u0111\u1ed9ng c\u1ee7a m\u00ecnh: th\u00f4ng b\u00e1o, truy\u1ec1n \u0111\u1ea1t, ti\u1ebfp nh\u1eadn v\u00e0 c\u00f4ng b\u1ed1 n\u1ed9i dung mang t\u00ednh th\u1ec3 ch\u1ebf. N\u1ed9i dung \u0111\u01b0\u1ee3c c\u00f4ng b\u1ed1 bao [&hellip;]","protected":false},"author":4,"featured_media":0,"parent":171,"menu_order":0,"comment_status":"closed","ping_status":"closed","template":"","meta":{"footnotes":""},"class_list":["post-7441","page","type-page","status-publish","hentry"],"_links":{"self":[{"href":"https:\/\/ambhanoi.esteri.it\/vi\/wp-json\/wp\/v2\/pages\/7441","targetHints":{"allow":["GET"]}}],"collection":[{"href":"https:\/\/ambhanoi.esteri.it\/vi\/wp-json\/wp\/v2\/pages"}],"about":[{"href":"https:\/\/ambhanoi.esteri.it\/vi\/wp-json\/wp\/v2\/types\/page"}],"author":[{"embeddable":true,"href":"https:\/\/ambhanoi.esteri.it\/vi\/wp-json\/wp\/v2\/users\/4"}],"replies":[{"embeddable":true,"href":"https:\/\/ambhanoi.esteri.it\/vi\/wp-json\/wp\/v2\/comments?post=7441"}],"version-history":[{"count":2,"href":"https:\/\/ambhanoi.esteri.it\/vi\/wp-json\/wp\/v2\/pages\/7441\/revisions"}],"predecessor-version":[{"id":7454,"href":"https:\/\/ambhanoi.esteri.it\/vi\/wp-json\/wp\/v2\/pages\/7441\/revisions\/7454"}],"up":[{"embeddable":true,"href":"https:\/\/ambhanoi.esteri.it\/vi\/wp-json\/wp\/v2\/pages\/171"}],"wp:attachment":[{"href":"https:\/\/ambhanoi.esteri.it\/vi\/wp-json\/wp\/v2\/media?parent=7441"}],"curies":[{"name":"wp","href":"https:\/\/api.w.org\/{rel}","templated":true}]}}