{"id":6465,"date":"2024-07-03T11:03:13","date_gmt":"2024-07-03T04:03:13","guid":{"rendered":"https:\/\/ambhanoi.esteri.it\/italia-e-vietnam\/diplomazia-culturale\/studiare-in-italia\/borse-di-studio\/"},"modified":"2026-04-22T16:37:03","modified_gmt":"2026-04-22T09:37:03","slug":"borse-di-studio","status":"publish","type":"page","link":"https:\/\/ambhanoi.esteri.it\/vi\/italia-e-vietnam\/diplomazia-culturale\/studiare-in-italia\/borse-di-studio\/","title":{"rendered":"H\u1ecdc b\u1ed5ng"},"content":{"rendered":"<h2 class=\"entry-title h3\" style=\"text-align: justify;\">Th\u00f4ng b\u00e1o tuy\u1ec3n sinh h\u1ecdc b\u1ed5ng do Ch\u00ednh ph\u1ee7 \u00dd c\u1ea5p cho sinh vi\u00ean qu\u1ed1c t\u1ebf n\u0103m h\u1ecdc 2026-2027<\/h2>\n<p style=\"text-align: justify;\">\u0110\u1ea1i s\u1ee9 qu\u00e1n Italia t\u1ea1i H\u00e0 N\u1ed9i tr\u00e2n tr\u1ecdng th\u00f4ng b\u00e1o B\u1ed9 Ngo\u1ea1i giao v\u00e0 H\u1ee3p t\u00e1c Qu\u1ed1c t\u1ebf \u0111ang c\u1ea5p\u00a0<strong>h\u1ecdc b\u1ed5ng cho sinh vi\u00ean qu\u1ed1c t\u1ebf n\u0103m h\u1ecdc 2026-2027.<\/strong><\/p>\n<p style=\"text-align: justify;\">H\u1ecdc b\u1ed5ng tr\u1ecb gi\u00e1 1.200 \u20ac\/th\u00e1ng v\u00e0 \u0111\u01b0\u1ee3c c\u1ea5p cho c\u00e1c ch\u01b0\u01a1ng tr\u00ecnh h\u1ecdc t\u1eadp, \u0111\u00e0o t\u1ea1o v\u00e0\/ho\u1eb7c nghi\u00ean c\u1ee9u sau \u0111\u00e2y t\u1ea1i c\u00e1c c\u01a1 s\u1edf gi\u00e1o d\u1ee5c nh\u00e0 n\u01b0\u1edbc ho\u1eb7c \u0111\u01b0\u1ee3c ph\u00e1p lu\u1eadt c\u00f4ng nh\u1eadn c\u1ee7a \u00dd:<\/p>\n<p style=\"text-align: justify;\">\u2013 Ch\u01b0\u01a1ng tr\u00ecnh Th\u1ea1c s\u0129 (b\u1eadc 2);<\/p>\n<p style=\"text-align: justify;\">\u2013 Ch\u01b0\u01a1ng tr\u00ecnh Gi\u00e1o d\u1ee5c Ngh\u1ec7 thu\u1eadt, \u00c2m nh\u1ea1c v\u00e0 Khi\u00eau v\u0169 N\u00e2ng cao (b\u1eadc 1 v\u00e0 2);<\/p>\n<p style=\"text-align: justify;\">\u2013 Ch\u01b0\u01a1ng tr\u00ecnh Ti\u1ebfn s\u0129;<\/p>\n<p style=\"text-align: justify;\">\u2013 D\u1ef1 \u00e1n Nghi\u00ean c\u1ee9u;<\/p>\n<p style=\"text-align: justify;\">\u2013 Kh\u00f3a h\u1ecdc Ng\u00f4n ng\u1eef v\u00e0 V\u0103n h\u00f3a \u00dd Chuy\u00ean s\u00e2u (\u201cH\u1ecdc b\u1ed5ng Italofonia\u201d).<\/p>\n<p style=\"text-align: justify;\"><strong>Th\u00f4ng b\u00e1o tuy\u1ec3n sinh<\/strong>\u00a0c\u00f3 th\u1ec3 \u0111\u01b0\u1ee3c t\u00ecm th\u1ea5y\u00a0<a href=\"https:\/\/studyinitaly.esteri.it\/ListaBandi\">t\u1ea1i \u0111\u00e2y.<\/a><\/p>\n<p style=\"text-align: justify;\">H\u1ed3 s\u01a1 ph\u1ea3i \u0111\u01b0\u1ee3c n\u1ed9p tr\u1ef1c tuy\u1ebfn, sau khi \u0111\u0103ng k\u00fd, tr\u00ean\u00a0<a href=\"https:\/\/studyinitaly.esteri.it\/\">c\u1ed5ng th\u00f4ng tin Du h\u1ecdc \u00dd<\/a>\u00a0tr\u01b0\u1edbc 20:00\u00a0<strong>ng\u00e0y 26 th\u00e1ng 3 n\u0103m 2026<\/strong>\u00a0(gi\u1edd H\u00e0 N\u1ed9i). Tr\u00ean trang web c\u00f3 h\u01b0\u1edbng d\u1eabn s\u1eed d\u1ee5ng c\u1ed5ng th\u00f4ng tin v\u00e0 ph\u1ea7n gi\u1ea3i \u0111\u00e1p c\u00e1c c\u00e2u h\u1ecfi th\u01b0\u1eddng g\u1eb7p.\u00a0<strong>V\u0103n ph\u00f2ng Uni-Italia Vi\u1ec7t Nam<\/strong>\u00a0(email:\u00a0<a href=\"mailto:info@uni-italia.vn\">info@uni-italia.vn<\/a>; \u0111i\u1ec7n tho\u1ea1i: +84 968885484; +84 2438240579) c\u0169ng s\u1eb5n s\u00e0ng h\u1ed7 tr\u1ee3 gi\u1ea3i \u0111\u00e1p m\u1ecdi th\u1eafc m\u1eafc.<\/p>\n<p>***<\/p>\n<h2 style=\"text-align: justify;\">Th\u00f4ng b\u00e1o tuy\u1ec3n sinh ch\u01b0\u01a1ng tr\u00ecnh h\u1ecdc b\u1ed5ng &#8220;\u0110\u1ea7u t\u01b0 nh\u00e2n t\u00e0i t\u1ea1i Italia&#8221; cho n\u0103m h\u1ecdc 2026-2027<\/h2>\n<p style=\"text-align: justify;\">Th\u00f4ng b\u00e1o tuy\u1ec3n sinh <a href=\"https:\/\/ambhanoi.esteri.it\/vi\/news\/dall_ambasciata\/2025\/02\/bando-relativo-al-programma-di-borse-di-studio-invest-your-talent-in-italy-per-la-a-2025-2026\/\">ch\u01b0\u01a1ng<\/a> tr\u00ecnh h\u1ecdc b\u1ed5ng &#8220;<strong>Invest Your Talent in Italy<\/strong>&#8221; cho n\u0103m h\u1ecdc 2026-2027 hi\u1ec7n \u0111\u00e3 \u0111\u01b0\u1ee3c \u0111\u0103ng t\u1ea3i tr\u1ef1c tuy\u1ebfn. Ch\u01b0\u01a1ng tr\u00ecnh nh\u1eb1m m\u1ee5c \u0111\u00edch th\u00fac \u0111\u1ea9y qu\u1ed1c t\u1ebf h\u00f3a h\u1ec7 th\u1ed1ng gi\u00e1o d\u1ee5c \u0111\u1ea1i h\u1ecdc Italia v\u00e0 t\u0103ng c\u01b0\u1eddng s\u1ef1 h\u1ee3p t\u00e1c gi\u1eefa c\u00e1c tr\u01b0\u1eddng \u0111\u1ea1i h\u1ecdc v\u00e0 doanh nghi\u1ec7p. Do \u0111\u00f3, B\u1ed9 Ngo\u1ea1i giao v\u00e0 H\u1ee3p t\u00e1c Qu\u1ed1c t\u1ebf, C\u01a1 quan Th\u01b0\u01a1ng v\u1ee5 \u00dd (ITA) v\u00e0 Uni-Italia \u0111ang cung c\u1ea5p h\u1ecdc b\u1ed5ng cho sinh vi\u00ean quan t\u00e2m \u0111\u1ebfn vi\u1ec7c theo h\u1ecdc ch\u01b0\u01a1ng tr\u00ecnh gi\u00e1o d\u1ee5c \u0111\u1ea1i h\u1ecdc t\u1ea1i \u00dd t\u1ea1i c\u00e1c tr\u01b0\u1eddng \u0111\u1ea1i h\u1ecdc c\u00f4ng l\u1eadp ho\u1eb7c \u0111\u01b0\u1ee3c c\u00f4ng nh\u1eadn h\u1ee3p ph\u00e1p tham gia ch\u01b0\u01a1ng tr\u00ecnh (B\u1eb1ng Th\u1ea1c s\u0129 v\u00e0 B\u1eb1ng Th\u1ea1c s\u0129 b\u1eadc hai) trong c\u00e1c l\u0129nh v\u1ef1c sau:<\/p>\n<p style=\"text-align: justify;\">&#8211; K\u1ef9 thu\u1eadt v\u00e0 C\u00f4ng ngh\u1ec7 ti\u00ean ti\u1ebfn;<\/p>\n<p style=\"text-align: justify;\">&#8211; Ki\u1ebfn tr\u00fac v\u00e0 Thi\u1ebft k\u1ebf;<\/p>\n<p style=\"text-align: justify;\">&#8211; Kinh t\u1ebf v\u00e0 Qu\u1ea3n l\u00fd.<\/p>\n<p style=\"text-align: justify;\">C\u00e1c kh\u00f3a h\u1ecdc \u0111\u01b0\u1ee3c n\u1ed1i ti\u1ebfp b\u1eb1ng m\u1ed9t k\u1ef3 th\u1ef1c t\u1eadp b\u1eaft bu\u1ed9c t\u1ea1i m\u1ed9t c\u00f4ng ty ho\u1eb7c hi\u1ec7p h\u1ed9i th\u01b0\u01a1ng m\u1ea1i c\u1ee7a \u00dd.<\/p>\n<p style=\"text-align: justify;\">C\u00f4ng d\u00e2n Vi\u1ec7t Nam c\u00f3 th\u1ec3 n\u1ed9p \u0111\u01a1n \u0111\u0103ng k\u00fd <strong>tr\u01b0\u1edbc 23:00 ng\u00e0y 11 th\u00e1ng 5 n\u0103m 2026<\/strong> (gi\u1edd H\u00e0 N\u1ed9i) t\u1ea1i \u0111\u01b0\u1eddng d\u1eabn sau:\u00a0<a href=\"https:\/\/investyourtalentapplication.esteri.it\/SitoIYT\/EN\/registration-my-app\">https:\/\/investyourtalentapplication.esteri.it\/SitoIYT\/EN\/registration-my-app<\/a><br \/>\n\u0110\u1ec3 bi\u1ebft th\u00eam th\u00f4ng tin chi ti\u1ebft, vui l\u00f2ng li\u00ean h\u1ec7 Uni-Italia Vi\u1ec7t Nam (email: <a href=\"mailto:info@uni-italia.vn\">info@uni-italia.vn<\/a>; \u0111i\u1ec7n tho\u1ea1i: +84 968885484; +84 2438240579).<\/p>\n","protected":false},"excerpt":{"rendered":"Th\u00f4ng b\u00e1o tuy\u1ec3n sinh h\u1ecdc b\u1ed5ng do Ch\u00ednh ph\u1ee7 \u00dd c\u1ea5p cho sinh vi\u00ean qu\u1ed1c t\u1ebf n\u0103m h\u1ecdc 2026-2027 \u0110\u1ea1i s\u1ee9 qu\u00e1n Italia t\u1ea1i H\u00e0 N\u1ed9i tr\u00e2n tr\u1ecdng th\u00f4ng b\u00e1o B\u1ed9 Ngo\u1ea1i giao v\u00e0 H\u1ee3p t\u00e1c Qu\u1ed1c t\u1ebf \u0111ang c\u1ea5p\u00a0h\u1ecdc b\u1ed5ng cho sinh vi\u00ean qu\u1ed1c t\u1ebf n\u0103m h\u1ecdc 2026-2027. H\u1ecdc b\u1ed5ng tr\u1ecb gi\u00e1 1.200 \u20ac\/th\u00e1ng [&hellip;]","protected":false},"author":4,"featured_media":9460,"parent":189,"menu_order":3,"comment_status":"closed","ping_status":"closed","template":"","meta":{"footnotes":""},"class_list":["post-6465","page","type-page","status-publish","has-post-thumbnail","hentry"],"_links":{"self":[{"href":"https:\/\/ambhanoi.esteri.it\/vi\/wp-json\/wp\/v2\/pages\/6465","targetHints":{"allow":["GET"]}}],"collection":[{"href":"https:\/\/ambhanoi.esteri.it\/vi\/wp-json\/wp\/v2\/pages"}],"about":[{"href":"https:\/\/ambhanoi.esteri.it\/vi\/wp-json\/wp\/v2\/types\/page"}],"author":[{"embeddable":true,"href":"https:\/\/ambhanoi.esteri.it\/vi\/wp-json\/wp\/v2\/users\/4"}],"replies":[{"embeddable":true,"href":"https:\/\/ambhanoi.esteri.it\/vi\/wp-json\/wp\/v2\/comments?post=6465"}],"version-history":[{"count":6,"href":"https:\/\/ambhanoi.esteri.it\/vi\/wp-json\/wp\/v2\/pages\/6465\/revisions"}],"predecessor-version":[{"id":9622,"href":"https:\/\/ambhanoi.esteri.it\/vi\/wp-json\/wp\/v2\/pages\/6465\/revisions\/9622"}],"up":[{"embeddable":true,"href":"https:\/\/ambhanoi.esteri.it\/vi\/wp-json\/wp\/v2\/pages\/189"}],"wp:featuredmedia":[{"embeddable":true,"href":"https:\/\/ambhanoi.esteri.it\/vi\/wp-json\/wp\/v2\/media\/9460"}],"wp:attachment":[{"href":"https:\/\/ambhanoi.esteri.it\/vi\/wp-json\/wp\/v2\/media?parent=6465"}],"curies":[{"name":"wp","href":"https:\/\/api.w.org\/{rel}","templated":true}]}}