{"id":5059,"date":"2023-12-08T09:39:17","date_gmt":"2023-12-08T02:39:17","guid":{"rendered":"https:\/\/ambhanoi.esteri.it\/italia-e-vietnam\/rapporti-politici\/storia\/"},"modified":"2023-12-08T10:39:00","modified_gmt":"2023-12-08T03:39:00","slug":"storia","status":"publish","type":"page","link":"https:\/\/ambhanoi.esteri.it\/vi\/italia-e-vietnam\/rapporti-politici\/storia\/","title":{"rendered":"L\u1ecbch s\u1eed"},"content":{"rendered":"<div>\n<h4 class=\"boxLevel03\"><span style=\"text-decoration: underline;\"><strong>C\u00e1c \u0111\u1ea1i s\u1ee9 \u00dd T\u1ea0I VI\u1ec6T NAM<\/strong><\/span><\/h4>\n<p>&nbsp;<\/p>\n<p><strong>Vi\u1ec7t Nam C\u1ed9ng H\u00f2a (S\u00e0i G\u00f2n)<\/strong><\/p>\n<p>Francesco Vincenti Mareri, Charge d&#8217;Affaires v\u1edbi L.C. &#8211; 24 Th\u00e1ng M\u01b0\u1eddi 1950<\/p>\n<p>Vitale Gallina, ph\u00e1i vi\u00ean \u0111\u1eb7c m\u1ec7nh to\u00e0n quy\u1ec1n v\u1edbi L.C. &#8211; 27 Th\u00e1ng 7 1951<\/p>\n<p>Ferruccio Stefenelli, \u0110\u1ea1i s\u1ee9 &#8211; ng\u00e0y 12 th\u00e1ng 12 n\u0103m 1955<\/p>\n<p>Giovanni D&#8217;Orlandi, \u0110\u1ea1i s\u1ee9 &#8211; ng\u00e0y 17 th\u00e1ng 7 n\u0103m 1962<\/p>\n<p>Vincenzo Tornetta, \u0110\u1ea1i s\u1ee9 &#8211; ng\u00e0y 13 th\u00e1ng 8 1967<\/p>\n<p>Eugenio Rubino, \u0110\u1ea1i s\u1ee9 &#8211; ng\u00e0y 27 th\u00e1ng 2 n\u0103m 1972<\/p>\n<p>&nbsp;<\/p>\n<p><strong>C\u1ed9ng h\u00f2a x\u00e3 h\u1ed9i ch\u1ee7 ngh\u0129a Vi\u1ec7t Nam (H\u00e0 N\u1ed9i)<\/strong><\/p>\n<p>Gabriele MENEGATTI, Charge d&#8217;affaires a.i. &#8211; 2 th\u00e1ng n\u0103m 1975<\/p>\n<p>Giuliano Bertuccioli, \u0110\u1ea1i s\u1ee9 &#8211; 16 th\u00e1ng 12 1975<\/p>\n<p>Guido Marco Fortini, \u0110\u1ea1i s\u1ee9 &#8211; 27 Th\u00e1ng 5 1978<\/p>\n<p>Ludovico Masetti, \u0110\u1ea1i s\u1ee9 &#8211; 06 Th\u00e1ng T\u01b0 1981<\/p>\n<p>Leopoldo Ferri Giacomo De Maria Lazara, \u0110\u1ea1i s\u1ee9 &#8211; 17 Th\u00e1ng Ch\u00edn 1986<\/p>\n<p>Maurizio Teucci, \u0110\u1ea1i s\u1ee9 &#8211; 19 th\u00e1ng 11 n\u0103m 1988<\/p>\n<p>Gianluigi Pasquinelli, \u0110\u1ea1i s\u1ee9 &#8211; 01 Th\u00e1ng 9 1992<\/p>\n<p>Mario Vittorio Zamboni Salerano, \u0110\u1ea1i s\u1ee9 \u2013 13<\/p>\n<p>Luigi Solari, \u0110\u1ea1i s\u1ee9 &#8211; ng\u00e0y 21 th\u00e1ng 1 n\u0103m 2000<\/p>\n<p>Alfredo Matacotta Cordella, \u0110\u1ea1i s\u1ee9 &#8211; ng\u00e0y 02 th\u00e1ng hai n\u0103m 2004<\/p>\n<p>Andrea Perugini, \u0110\u1ea1i s\u1ee9 &#8211; ng\u00e0y 01 th\u00e1ng 7 n\u0103m 2008<\/p>\n<p>Lorenzo Angeloni, \u0110\u1ea1i s\u1ee9 &#8211; 18 th\u00e1ng 11 n\u0103m 2010<\/p>\n<p>Cecilia Piccioni, \u0110\u1ea1i s\u1ee9 &#8211; ng\u00e0y 07 th\u00e1ng\u00a04 n\u0103m 2015<\/p>\n<p>Antonio Alessandro, \u0110\u1ea1i s\u1ee9 &#8211; ng\u00e0y\u00a029 th\u00e1ng\u00a011 n\u0103m 2018<\/p>\n<p>Marco Della Seta, \u0110\u1ea1i s\u1ee9 &#8211; ng\u00e0y 7 th\u00e1ng 8 n\u0103m 2023<\/p>\n<\/div>\n<hr \/>\n","protected":false},"excerpt":{"rendered":"C\u00e1c \u0111\u1ea1i s\u1ee9 \u00dd T\u1ea0I VI\u1ec6T NAM &nbsp; Vi\u1ec7t Nam C\u1ed9ng H\u00f2a (S\u00e0i G\u00f2n) Francesco Vincenti Mareri, Charge d&#8217;Affaires v\u1edbi L.C. &#8211; 24 Th\u00e1ng M\u01b0\u1eddi 1950 Vitale Gallina, ph\u00e1i vi\u00ean \u0111\u1eb7c m\u1ec7nh to\u00e0n quy\u1ec1n v\u1edbi L.C. &#8211; 27 Th\u00e1ng 7 1951 Ferruccio Stefenelli, \u0110\u1ea1i s\u1ee9 &#8211; ng\u00e0y 12 th\u00e1ng 12 n\u0103m 1955 Giovanni D&#8217;Orlandi, \u0110\u1ea1i [&hellip;]","protected":false},"author":4,"featured_media":0,"parent":4999,"menu_order":1,"comment_status":"closed","ping_status":"closed","template":"","meta":{"footnotes":""},"class_list":["post-5059","page","type-page","status-publish","hentry"],"_links":{"self":[{"href":"https:\/\/ambhanoi.esteri.it\/vi\/wp-json\/wp\/v2\/pages\/5059","targetHints":{"allow":["GET"]}}],"collection":[{"href":"https:\/\/ambhanoi.esteri.it\/vi\/wp-json\/wp\/v2\/pages"}],"about":[{"href":"https:\/\/ambhanoi.esteri.it\/vi\/wp-json\/wp\/v2\/types\/page"}],"author":[{"embeddable":true,"href":"https:\/\/ambhanoi.esteri.it\/vi\/wp-json\/wp\/v2\/users\/4"}],"replies":[{"embeddable":true,"href":"https:\/\/ambhanoi.esteri.it\/vi\/wp-json\/wp\/v2\/comments?post=5059"}],"version-history":[{"count":3,"href":"https:\/\/ambhanoi.esteri.it\/vi\/wp-json\/wp\/v2\/pages\/5059\/revisions"}],"predecessor-version":[{"id":5206,"href":"https:\/\/ambhanoi.esteri.it\/vi\/wp-json\/wp\/v2\/pages\/5059\/revisions\/5206"}],"up":[{"embeddable":true,"href":"https:\/\/ambhanoi.esteri.it\/vi\/wp-json\/wp\/v2\/pages\/4999"}],"wp:attachment":[{"href":"https:\/\/ambhanoi.esteri.it\/vi\/wp-json\/wp\/v2\/media?parent=5059"}],"curies":[{"name":"wp","href":"https:\/\/api.w.org\/{rel}","templated":true}]}}