{"id":4521,"date":"2023-12-06T15:40:26","date_gmt":"2023-12-06T08:40:26","guid":{"rendered":"https:\/\/ambhanoi.esteri.it\/?page_id=4521"},"modified":"2023-12-06T15:50:46","modified_gmt":"2023-12-06T08:50:46","slug":"cac-hoat-dong-van-hoa","status":"publish","type":"page","link":"https:\/\/ambhanoi.esteri.it\/vi\/italia-e-vietnam\/diplomazia-culturale\/cac-hoat-dong-van-hoa\/","title":{"rendered":"C\u00e1c ho\u1ea1t \u0111\u1ed9ng v\u0103n h\u00f3a"},"content":{"rendered":"<p>V\u0103n h\u00f3a \u0111\u1ea1i di\u1ec7n cho m\u1ed9t c\u01a1 ch\u1ebf \u0111\u1eb7c bi\u1ec7t \u0111\u1ec3 qu\u1ea3ng b\u00e1 Italia c\u00f9ng v\u1edbi nh\u1eefng \u0111i\u1ec3m xu\u1ea5t s\u1eafc c\u1ee7a n\u00f3. Ngo\u00e0i ra c\u00f2n gi\u00fap cho hai d\u00e2n t\u1ed9c c\u1ee7a ch\u00fang ta g\u1eb7p g\u1ee1 v\u00e0 hi\u1ec3u nhau h\u01a1n.<\/p>\n<p>Hi\u1ec7n nay khu\u00f4n kh\u1ed5 h\u1ee3p t\u00e1c v\u0103n h\u00f3a b\u1eaft ngu\u1ed3n t\u1eeb Hi\u1ec7p \u0111\u1ecbnh h\u1ee3p t\u00e1c v\u0103n h\u00f3a k\u00ed t\u1ea1i Roma v\u00e0o ng\u00e0y18 th\u00e1ng 5 n\u0103m 1990. Tr\u00ean c\u01a1 s\u1edf \u0111\u00f3, c\u1ee9 ba n\u0103m m\u1ed9t l\u1ea7n, Ch\u01b0\u01a1ng tr\u00ecnh th\u1ef1c thi v\u1ec1 h\u1ee3p t\u00e1c v\u0103n h\u00f3a \u0111\u01b0\u1ee3c k\u00ed k\u1ebft \u0111\u1ec3 c\u1ee5 th\u1ec3 h\u00f3a nh\u1eefng l\u0129nh v\u1ef1c ho\u1ea1t \u0111\u1ed9ng.<\/p>\n<p>S\u1ef1 quan tr\u1ecdng v\u00e0 \u0111\u1ea9y m\u1ea1nh c\u00e1c m\u1ed1i quan h\u1ec7 v\u0103n h\u00f3a c\u00f3 th\u1ec3 th\u1ea5y \u0111\u01b0\u1ee3c qua r\u1ea5t nhi\u1ec1u ho\u1ea1t \u0111\u1ed9ng c\u1ee7a \u0110\u1ea1i s\u1ee9 qu\u00e1n, trong nhi\u1ec1u l\u0129nh v\u1ef1c th\u1ec3 hi\u1ec7n v\u1ec1 ngh\u1ec7 thu\u1eadt.<\/p>\n<p>T\u1eeb th\u00e1ng 4 n\u0103m 2013 t\u1ea1i H\u00e0 N\u1ed9i, Ng\u00f4i nh\u00e0 \u00dd (18 L\u00ea Ph\u1ee5ng Hi\u1ec3u) \u0111\u01b0\u1ee3c khai tr\u01b0\u01a1ng, trung t\u00e2m qu\u1ea3ng b\u00e1 Italia trong nhi\u1ec1u kh\u00eda c\u1ea1nh: v\u0103n h\u00f3a, ng\u00f4n ng\u1eef, c\u00f4ng nghi\u1ec7p, \u1ea9m th\u1ef1c\u2026.M\u1ed9t lo\u1ea1t c\u00e1c ho\u1ea1t \u0111\u1ed9ng do \u0110\u1ea1i s\u1ee9 qu\u00e1n t\u1ed5 ch\u1ee9c k\u1ebft h\u1ee3p v\u1edbi c\u00e1c h\u00e3ng Italia t\u1ea1i Vi\u1ec7t nam nh\u01b0 (Piaggio, Ghella, Ariston, C.A.E., Generali, Maserati, Barilla, Caffe\u2019 Italia-VietIt Wines) v\u00e0 c\u00e1c hi\u1ec7p h\u1ed9i ph\u1ee5 tr\u00e1ch v\u1ec1 vi\u1ec7c qu\u1ea3ng b\u00e1 ti\u1ebfng v\u00e0 v\u0103n h\u00f3a Italia (Uni-Italia).<\/p>\n<p>Trong l\u0129nh v\u1ef1c v\u0103n h\u00f3a v\u00e0 h\u1ee3p t\u00e1c ph\u00e1t tri\u1ec3n, kh\u00f4ng th\u1ec3 kh\u00f4ng nh\u1eafc t\u1edbi c\u00e1c ho\u1ea1t \u0111\u1ed9ng c\u1ee7a Italia t\u1ea1i t\u1ec9nh Qu\u1ea3ng Nam, n\u01a1i B\u1ed9 Ngo\u1ea1i giao Italia \u0111\u00f3ng g\u00f3p v\u1ec1 t\u00e0i ch\u00ednh cho m\u1ed9t ph\u00e1i \u0111o\u00e0n c\u00e1c nh\u00e0 kh\u1ea3o c\u1ed5 h\u1ecdc c\u1ee7a qu\u1ef9 Lerici, k\u1ebft h\u1ee3p v\u1edbi \u0110\u1ea1i h\u1ecdc B\u00e1ch khoa Milano \u0111\u1ec3 c\u1ea3i t\u1ea1o khu \u0111\u1ec1n th\u00e1p M\u1ef9 S\u01a1n, di s\u1ea3n v\u0103n h\u00f3a th\u1ebf gi\u1edbi \u0111\u01b0\u1ee3c Unesco c\u00f4ng nh\u1eadn. Giai \u0111o\u1ea1n ti\u1ebfp theo c\u1ee7a d\u1ef1 \u00e1n, theo d\u1ef1 ki\u1ebfn l\u00e0 t\u1ed5 ch\u1ee9c m\u1ed9t kh\u00f3a h\u1ecdc \u0111\u00e0o t\u1ea1o cho c\u00e1c chuy\u00ean gia chuy\u00ean v\u1ec1 t\u00e1i c\u1ea5u tr\u00fac c\u00e1c c\u00f4ng tr\u00ecnh kh\u1ea3o c\u1ed5 h\u1ecdc.<\/p>\n<p>\u0110\u1ea1i s\u1ee9 qu\u00e1n t\u1ea1i H\u00e0 N\u1ed9i th\u01b0\u1eddng xuy\u00ean t\u1ed5 ch\u1ee9c c\u00e1c s\u1ef1 ki\u1ec7n v\u1edbi nhi\u1ec1u \u0111\u1ec1 t\u00e0i \u0111a d\u1ea1ng (v\u0103n h\u1ecdc, \u00e2m nh\u1ea1c, ngh\u1ec7 thu\u1eadt, th\u1eddi trang, khoa h\u1ecdc\u2026). N\u1ebfu c\u00e1c b\u1ea1n mu\u1ed1n tham gia v\u00e0o c\u00e1c s\u1ef1 ki\u1ec7n ho\u1eb7c nh\u1eadn c\u00e1c th\u00f4ng tin li\u00ean quan \u0111\u1ebfn c\u00e1c ho\u1ea1t \u0111\u1ed9ng v\u0103n h\u00f3a c\u1ee7a \u0110\u1ea1i s\u1ee9 qu\u00e1n, vui l\u00f2ng vi\u1ebft th\u01b0 t\u1edbi \u0111\u1ecba ch\u1ec9 <a href=\"mailto:culturale.hanoi@esteri.it\">culturale.hanoi@esteri.it<\/a>\u00a0. T\u00ean c\u1ee7a c\u00e1c b\u1ea1n s\u1ebd \u0111\u01b0\u1ee3c \u0111\u0103ng<\/p>\n","protected":false},"excerpt":{"rendered":"V\u0103n h\u00f3a \u0111\u1ea1i di\u1ec7n cho m\u1ed9t c\u01a1 ch\u1ebf \u0111\u1eb7c bi\u1ec7t \u0111\u1ec3 qu\u1ea3ng b\u00e1 Italia c\u00f9ng v\u1edbi nh\u1eefng \u0111i\u1ec3m xu\u1ea5t s\u1eafc c\u1ee7a n\u00f3. Ngo\u00e0i ra c\u00f2n gi\u00fap cho hai d\u00e2n t\u1ed9c c\u1ee7a ch\u00fang ta g\u1eb7p g\u1ee1 v\u00e0 hi\u1ec3u nhau h\u01a1n. Hi\u1ec7n nay khu\u00f4n kh\u1ed5 h\u1ee3p t\u00e1c v\u0103n h\u00f3a b\u1eaft ngu\u1ed3n t\u1eeb Hi\u1ec7p \u0111\u1ecbnh h\u1ee3p t\u00e1c v\u0103n [&hellip;]","protected":false},"author":4,"featured_media":0,"parent":183,"menu_order":1,"comment_status":"closed","ping_status":"closed","template":"","meta":{"footnotes":""},"class_list":["post-4521","page","type-page","status-publish","hentry"],"_links":{"self":[{"href":"https:\/\/ambhanoi.esteri.it\/vi\/wp-json\/wp\/v2\/pages\/4521","targetHints":{"allow":["GET"]}}],"collection":[{"href":"https:\/\/ambhanoi.esteri.it\/vi\/wp-json\/wp\/v2\/pages"}],"about":[{"href":"https:\/\/ambhanoi.esteri.it\/vi\/wp-json\/wp\/v2\/types\/page"}],"author":[{"embeddable":true,"href":"https:\/\/ambhanoi.esteri.it\/vi\/wp-json\/wp\/v2\/users\/4"}],"replies":[{"embeddable":true,"href":"https:\/\/ambhanoi.esteri.it\/vi\/wp-json\/wp\/v2\/comments?post=4521"}],"version-history":[{"count":1,"href":"https:\/\/ambhanoi.esteri.it\/vi\/wp-json\/wp\/v2\/pages\/4521\/revisions"}],"predecessor-version":[{"id":4522,"href":"https:\/\/ambhanoi.esteri.it\/vi\/wp-json\/wp\/v2\/pages\/4521\/revisions\/4522"}],"up":[{"embeddable":true,"href":"https:\/\/ambhanoi.esteri.it\/vi\/wp-json\/wp\/v2\/pages\/183"}],"wp:attachment":[{"href":"https:\/\/ambhanoi.esteri.it\/vi\/wp-json\/wp\/v2\/media?parent=4521"}],"curies":[{"name":"wp","href":"https:\/\/api.w.org\/{rel}","templated":true}]}}