{"id":4491,"date":"2023-12-06T15:26:46","date_gmt":"2023-12-06T08:26:46","guid":{"rendered":"https:\/\/ambhanoi.esteri.it\/italia-e-vietnam\/diplomazia-culturale\/biblioteca-carlo-urbani\/"},"modified":"2023-12-06T15:54:49","modified_gmt":"2023-12-06T08:54:49","slug":"biblioteca-carlo-urbani","status":"publish","type":"page","link":"https:\/\/ambhanoi.esteri.it\/vi\/italia-e-vietnam\/diplomazia-culturale\/biblioteca-carlo-urbani\/","title":{"rendered":"Th\u01b0 vi\u1ec7n Carlo Urbani"},"content":{"rendered":"<p><strong>Th\u01b0 vi\u1ec7n Carlo Urbani<\/strong><\/p>\n<p>\u0110\u1ea1i s\u1ee9 qu\u00e1n Italia t\u1ea1i Vi\u1ec7t Nam ra m\u1eaft c\u00f4ng ch\u00fang b\u1ed9 s\u01b0u t\u1eadp s\u00e1ch b\u1eb1ng ti\u1ebfng \u00dd v\u00e0 ti\u1ebfng Vi\u1ec7t t\u1ea1i Th\u01b0 vi\u1ec7n &#8220;Carlo Urbani&#8221;, \u1edf t\u1ea7ng 2 c\u1ee7a Casa Italia (18 L\u00ea Ph\u1ee5ng Hi\u1ec3u, Ho\u00e0n Ki\u1ebfm, H\u00e0 N\u1ed9i).<\/p>\n<p>B\u1ea1n c\u00f3 th\u1ec3 t\u00ecm th\u1ea5y danh m\u1ee5c c\u00e1c s\u00e1ch c\u00f3 th\u1ec3 m\u01b0\u1ee3n t\u1ea1i th\u01b0 vi\u1ec7n t\u1ea1i c\u00e1c li\u00ean k\u1ebft sau:<\/p>\n<p><a href=\"https:\/\/ambhanoi.esteri.it\/wp-content\/uploads\/2023\/12\/libri_in_italiano.xlsx\">S\u00e1ch b\u1eb1ng ti\u1ebfng \u00dd<\/a><\/p>\n<p><a href=\"https:\/\/ambhanoi.esteri.it\/wp-content\/uploads\/2023\/12\/libri_autori_italiani_in_vietnamita_28.1.22.xlsx\">S\u00e1ch c\u1ee7a t\u00e1c gi\u1ea3 \u00dd b\u1eb1ng ti\u1ebfng Vi\u1ec7t<\/a><\/p>\n<p><a href=\"https:\/\/ambhanoi.esteri.it\/wp-content\/uploads\/2023\/12\/libri_in_vietnamita.new_.xlsx\">S\u00e1ch ti\u1ebfng Vi\u1ec7t<\/a><\/p>\n<p>Per accedere al servizio, vi invitiamo a scrivere a <a href=\"mailto:culturale.hanoi@esteri.it\">culturale.hanoi@esteri.it<\/a>.<\/p>\n<p>La Biblioteca \u00e8 dedicata a Carlo Urbani, medico e microbiologo che nel 2003 ha dato la vita per la ricerca sull&#8217;epidemia della SARS: grazie ai suoi approfonditi studi e al suo sacrificio, il Vietnam ha potuto isolare l&#8217;agente patogeno del virus e, attraverso un&#8217;azione di quarantena e con cure dedicate, \u00e8 riuscito a fermare l\u2019epidemia. Il suo impegno di uomo e di medico \u00e8 un\u2019ulteriore testimonianza<br \/>\ndella profonda amicizia e solidariet\u00e0 tra Italia e Vietnam. Nel 2020 il Dott. Urbani e&#8217; stato insignito dal Presidente della Repubblica Sergio Mattarella della Gran Croce d&#8217;Onore dell&#8217;Ordine della Stella d&#8217;Italia.<\/p>\n","protected":false},"excerpt":{"rendered":"Th\u01b0 vi\u1ec7n Carlo Urbani \u0110\u1ea1i s\u1ee9 qu\u00e1n Italia t\u1ea1i Vi\u1ec7t Nam ra m\u1eaft c\u00f4ng ch\u00fang b\u1ed9 s\u01b0u t\u1eadp s\u00e1ch b\u1eb1ng ti\u1ebfng \u00dd v\u00e0 ti\u1ebfng Vi\u1ec7t t\u1ea1i Th\u01b0 vi\u1ec7n &#8220;Carlo Urbani&#8221;, \u1edf t\u1ea7ng 2 c\u1ee7a Casa Italia (18 L\u00ea Ph\u1ee5ng Hi\u1ec3u, Ho\u00e0n Ki\u1ebfm, H\u00e0 N\u1ed9i). B\u1ea1n c\u00f3 th\u1ec3 t\u00ecm th\u1ea5y danh m\u1ee5c c\u00e1c s\u00e1ch c\u00f3 th\u1ec3 [&hellip;]","protected":false},"author":4,"featured_media":0,"parent":183,"menu_order":4,"comment_status":"closed","ping_status":"closed","template":"","meta":{"footnotes":""},"class_list":["post-4491","page","type-page","status-publish","hentry"],"_links":{"self":[{"href":"https:\/\/ambhanoi.esteri.it\/vi\/wp-json\/wp\/v2\/pages\/4491","targetHints":{"allow":["GET"]}}],"collection":[{"href":"https:\/\/ambhanoi.esteri.it\/vi\/wp-json\/wp\/v2\/pages"}],"about":[{"href":"https:\/\/ambhanoi.esteri.it\/vi\/wp-json\/wp\/v2\/types\/page"}],"author":[{"embeddable":true,"href":"https:\/\/ambhanoi.esteri.it\/vi\/wp-json\/wp\/v2\/users\/4"}],"replies":[{"embeddable":true,"href":"https:\/\/ambhanoi.esteri.it\/vi\/wp-json\/wp\/v2\/comments?post=4491"}],"version-history":[{"count":1,"href":"https:\/\/ambhanoi.esteri.it\/vi\/wp-json\/wp\/v2\/pages\/4491\/revisions"}],"predecessor-version":[{"id":4503,"href":"https:\/\/ambhanoi.esteri.it\/vi\/wp-json\/wp\/v2\/pages\/4491\/revisions\/4503"}],"up":[{"embeddable":true,"href":"https:\/\/ambhanoi.esteri.it\/vi\/wp-json\/wp\/v2\/pages\/183"}],"wp:attachment":[{"href":"https:\/\/ambhanoi.esteri.it\/vi\/wp-json\/wp\/v2\/media?parent=4491"}],"curies":[{"name":"wp","href":"https:\/\/api.w.org\/{rel}","templated":true}]}}