{"id":4449,"date":"2023-12-06T14:49:50","date_gmt":"2023-12-06T07:49:50","guid":{"rendered":"https:\/\/ambhanoi.esteri.it\/?page_id=4449"},"modified":"2025-04-07T16:56:15","modified_gmt":"2025-04-07T09:56:15","slug":"thuc-tap-tai-dai-su-quan","status":"publish","type":"page","link":"https:\/\/ambhanoi.esteri.it\/vi\/chi-siamo\/gli-uffici\/thuc-tap-tai-dai-su-quan\/","title":{"rendered":"Th\u1ef1c t\u1eadp t\u1ea1i \u0110\u1ea1i s\u1ee9 qu\u00e1n"},"content":{"rendered":"<div>\n<p class=\"boxLevel03\">T\u1eeb n\u0103m 2015 ch\u01b0\u01a1ng tr\u00ecnh th\u1ef1c t\u1eadp t\u1ea1i c\u00e1c \u0110\u1ea1i s\u1ee9 qu\u00e1n Italia t\u1ea1i n\u01b0\u1edbc ngo\u00e0i \u0111\u00e3 \u0111\u01b0\u1ee3c kh\u1edfi \u0111\u1ed9ng, theo nh\u01b0 \u0111i\u1ec1u 18, kho\u1ea3n 4 Ngh\u1ecb \u0111\u1ecbnh s\u1ed1 7 n\u0103m 2015. Vi\u1ec7c th\u1ef1c t\u1eadp n\u1eb1m trong khu\u00f4n kh\u1ed5 c\u00e1c ho\u1ea1t \u0111\u1ed9ng qu\u1ea3ng b\u00e1 vi\u1ec7c \u1ee9ng c\u1eed c\u1ee7a Italia v\u00e0o H\u1ed9i \u0111\u1ed3ng b\u1ea3o an li\u00ean hi\u1ec7p qu\u1ed1c. \u0110\u1ec3 th\u1ef1c hi\u1ec7n c\u00e1c n\u1ed9i quy, v\u00e0o th\u00e1ng 11 n\u0103m ngo\u00e1i, B\u1ed9 Ngo\u1ea1i giao, B\u1ed9 Gi\u00e1o d\u1ee5c \u0110\u00e0o t\u1ea1o v\u00e0 c\u00e1c tr\u01b0\u1eddng \u0111\u1ea1i h\u1ecdc, v\u00e0 T\u1ed5 ch\u1ee9c CRUI \u0111\u00e3 k\u00ed k\u1ebft m\u1ed9t <a href=\"https:\/\/ambhanoi.esteri.it\/wp-content\/uploads\/2016\/03\/convenzione_tirocini_definitiva_2015_0.pdf\"><em>Hi\u1ec7p \u0111inh<\/em><\/a> cho ph\u00e9p c\u00e1c sinh vi\u00ean \u0111ang h\u1ecdc kh\u00f3a c\u1eed nh\u00e2n h\u1ecdc v\u1ec1 ngo\u1ea1i giao \u0111\u01b0\u1ee3c ph\u00e9p th\u1ef1c t\u1eadp \u1edf n\u01b0\u1edbc ngo\u00e0i. M\u1ed7i sinh vi\u00ean c\u00f3 th\u1ec3 th\u1ef1c t\u1eadp 3 th\u00e1ng t\u1ea1i c\u00e1c \u0110\u1ea1i s\u1ee9 qu\u00e1n, c\u01a1 quan ngo\u1ea1i giao ho\u1eb7c c\u00e1c t\u1ed5 ch\u1ee9c qu\u1ed1c t\u1ebf. M\u1ed7i sinh vi\u00ean \u0111\u01b0\u1ee3c tuy\u1ec3n ch\u1ecdn s\u1ebd \u0111\u01b0\u1ee3c tr\u1ea3 400 EURO m\u1ed7i th\u00e1ng, do tr\u01b0\u1eddng \u0110\u1ea1i h\u1ecdc v\u00e0 c\u01a1 quan th\u1ef1c t\u1eadp chi tr\u1ea3. Trong tr\u01b0\u1eddng h\u1ee3p \u0110\u1ea1i s\u1ee9 qu\u00e1n t\u1ea1o \u0111i\u1ec1u ki\u1ec7n ch\u1ed7 \u1edf mi\u1ec5n ph\u00ed, s\u1ed1 ti\u1ec1n tr\u1ea3 cho th\u1ef1c t\u1eadp s\u1ebd l\u00e0 200 EURO.<\/p>\n<p>Vi\u1ec7c tuy\u1ec3n ch\u1ecdn c\u00e1c \u1ee9ng vi\u00ean s\u1ebd do c\u00e1c tr\u01b0\u1eddng \u0110\u1ea1i h\u1ecdc, th\u00e0nh vi\u00ean c\u1ee7a ch\u01b0\u01a1ng tr\u00ecnh ph\u1ee5 tr\u00e1ch, k\u1ebft h\u1ee3p v\u1edbi <a href=\"https:\/\/www.fondazionecrui.it\/\">CRUI<\/a> v\u00e0 B\u1ed9 Ngo\u1ea1i giao. C\u00e1c sinh vi\u00ean n\u1ebfu \u0111\u00e1p \u1ee9ng \u0111\u01b0\u1ee3c c\u00e1c \u0111i\u1ec1u ki\u1ec7n \u0111\u1ec1 ra c\u00f3 th\u1ec3 n\u1ed9p \u0111\u01a1n tr\u00ean ch\u01b0\u01a1ng tr\u00ecnh c\u1ee7a CRUI.<\/p>\n<p>\u0110i\u1ec1u 18, kho\u1ea3n 4, Ngh\u1ecb \u0111\u1ecbnh 7 n\u0103m 2015 \u0111\u00e3 cho ph\u00e9p c\u00e1c c\u01a1 quan, thu\u1ed9c \u0111i\u1ec1u lu\u1eadt 948\/ 1982 \u0111\u01b0\u1ee3c h\u01b0\u1edbng d\u1eabn th\u1ef1c t\u1eadp cho sinh vi\u00ean \u1edf n\u01b0\u1edbc ngo\u00e0i.C\u00e1c th\u1ecfa thu\u1eadn \u0111\u00e3 \u0111\u01b0\u1ee3c k\u00ed v\u1edbi <a href=\"https:\/\/www.sioi.org\/\">SIOI <\/a>v\u00e0 <a href=\"https:\/\/www.ispionline.it\/it\">ISPI<\/a>, cho ph\u00e9p nh\u1eefng sinh vi\u00ean gi\u1ecfi nh\u1ea5t \u0111\u01b0\u1ee3c th\u1ef1c t\u1eadp t\u1ea1i c\u00e1c \u0110\u1ea1i s\u1ee9 qu\u00e1n v\u00e0 c\u01a1 quan ngo\u1ea1i giao, trong khu\u00f4n kh\u1ed5 c\u00e1c ho\u1ea1t \u0111\u1ed9ng qu\u1ea3ng b\u00e1 cho vi\u1ec7c \u1ee9ng c\u1eed c\u1ee7a Italia v\u00e0o H\u1ed9i \u0111\u1ed3ng b\u1ea3o an Li\u00ean hi\u1ec7p qu\u1ed1c.<\/p>\n<\/div>\n","protected":false},"excerpt":{"rendered":"T\u1eeb n\u0103m 2015 ch\u01b0\u01a1ng tr\u00ecnh th\u1ef1c t\u1eadp t\u1ea1i c\u00e1c \u0110\u1ea1i s\u1ee9 qu\u00e1n Italia t\u1ea1i n\u01b0\u1edbc ngo\u00e0i \u0111\u00e3 \u0111\u01b0\u1ee3c kh\u1edfi \u0111\u1ed9ng, theo nh\u01b0 \u0111i\u1ec1u 18, kho\u1ea3n 4 Ngh\u1ecb \u0111\u1ecbnh s\u1ed1 7 n\u0103m 2015. Vi\u1ec7c th\u1ef1c t\u1eadp n\u1eb1m trong khu\u00f4n kh\u1ed5 c\u00e1c ho\u1ea1t \u0111\u1ed9ng qu\u1ea3ng b\u00e1 vi\u1ec7c \u1ee9ng c\u1eed c\u1ee7a Italia v\u00e0o H\u1ed9i \u0111\u1ed3ng b\u1ea3o an li\u00ean [&hellip;]","protected":false},"author":4,"featured_media":0,"parent":203,"menu_order":1,"comment_status":"closed","ping_status":"closed","template":"","meta":{"footnotes":""},"class_list":["post-4449","page","type-page","status-publish","hentry"],"_links":{"self":[{"href":"https:\/\/ambhanoi.esteri.it\/vi\/wp-json\/wp\/v2\/pages\/4449","targetHints":{"allow":["GET"]}}],"collection":[{"href":"https:\/\/ambhanoi.esteri.it\/vi\/wp-json\/wp\/v2\/pages"}],"about":[{"href":"https:\/\/ambhanoi.esteri.it\/vi\/wp-json\/wp\/v2\/types\/page"}],"author":[{"embeddable":true,"href":"https:\/\/ambhanoi.esteri.it\/vi\/wp-json\/wp\/v2\/users\/4"}],"replies":[{"embeddable":true,"href":"https:\/\/ambhanoi.esteri.it\/vi\/wp-json\/wp\/v2\/comments?post=4449"}],"version-history":[{"count":4,"href":"https:\/\/ambhanoi.esteri.it\/vi\/wp-json\/wp\/v2\/pages\/4449\/revisions"}],"predecessor-version":[{"id":7652,"href":"https:\/\/ambhanoi.esteri.it\/vi\/wp-json\/wp\/v2\/pages\/4449\/revisions\/7652"}],"up":[{"embeddable":true,"href":"https:\/\/ambhanoi.esteri.it\/vi\/wp-json\/wp\/v2\/pages\/203"}],"wp:attachment":[{"href":"https:\/\/ambhanoi.esteri.it\/vi\/wp-json\/wp\/v2\/media?parent=4449"}],"curies":[{"name":"wp","href":"https:\/\/api.w.org\/{rel}","templated":true}]}}