{"id":4351,"date":"2023-12-06T14:29:12","date_gmt":"2023-12-06T07:29:12","guid":{"rendered":"https:\/\/ambhanoi.esteri.it\/?page_id=4351"},"modified":"2023-12-06T14:31:50","modified_gmt":"2023-12-06T07:31:50","slug":"thong-diep","status":"publish","type":"page","link":"https:\/\/ambhanoi.esteri.it\/vi\/chi-siamo\/lambasciatore\/thong-diep\/","title":{"rendered":"Th\u00f4ng \u0111i\u1ec7p"},"content":{"rendered":"<p>Ch\u00e0o m\u1eebng c\u00e1c b\u1ea1n \u0111\u1ebfn v\u1edbi trang web c\u1ee7a \u0110\u1ea1i s\u1ee9 qu\u00e1n Italia t\u1ea1i H\u00e0 N\u1ed9i<\/p>\n<p>Hai qu\u1ed1c gia Italia v\u00e0 Vi\u1ec7t Nam k\u1ec9 ni\u1ec7m 50 n\u0103m thi\u1ebft l\u1eadp quan h\u1ec7 ngo\u1ea1i giao v\u00e0 10 n\u0103m quan h\u1ec7 \u0111\u1ed1i t\u00e1c chi\u1ebfn l\u01b0\u1ee3c. Trong khu\u00f4n kh\u1ed5 k\u1ec9 ni\u1ec7m n\u00e0y n\u1ed5i b\u1eadt l\u00ean chuy\u1ebfn th\u0103m c\u1ea5p Nh\u00e0 n\u01b0\u1edbc t\u1ea1i Italia c\u1ee7a Ch\u1ee7 t\u1ecbch n\u01b0\u1edbc Vi\u1ec7t Nam V\u00f5 V\u0103n Th\u01b0\u1edfng, ti\u1ebfp theo chuy\u1ebfn th\u0103m Vi\u1ec7t Nam c\u1ee7a T\u1ed5ng th\u1ed1ng Mattarella v\u00e0o n\u0103m 2015. Tr\u00ean th\u1ef1c t\u1ebf, c\u00e1c m\u1ed1i quan h\u1ec7 \u0111ang ng\u00e0y c\u00e0ng ph\u00e1t tri\u1ec3n theo c\u1ea5p s\u1ed1 nh\u00e2n trong nh\u1eefng n\u0103m v\u1eeba qua v\u00e0 ph\u00e1t tri\u1ec3n \u1edf t\u1ea5t c\u1ea3 c\u00e1c l\u0129nh v\u1ef1c, t\u1eeb quan h\u1ec7 ch\u00ednh tr\u1ecb \u0111\u1ebfn kinh t\u1ebf v\u00e0 v\u0103n h\u00f3a, kh\u00f4ng b\u1ecf qua nh\u1eefng m\u1ed1i quan h\u1ec7 tr\u1ef1c ti\u1ebfp gi\u1eefa m\u1ecdi ng\u01b0\u1eddi v\u1edbi nhau.<\/p>\n<p>Ng\u00e0y c\u00e0ng c\u00f3 nhi\u1ec1u c\u00f4ng d\u00e2n Italia t\u1edbi Vi\u1ec7t Nam \u0111\u1ec3 du l\u1ecbch, l\u00e0m vi\u1ec7c v\u00e0 h\u1ecdc t\u1eadp v\u00e0 t\u01b0\u01a1ng t\u1ef1 c\u0169ng c\u00f3 r\u1ea5t nhi\u1ec1u c\u00f4ng d\u00e2n Vi\u1ec7t Nam \u0111\u1ebfn tham quan \u0111\u1ea5t n\u01b0\u1edbc c\u1ee7a ch\u00fang t\u00f4i.<\/p>\n<p>Trang web n\u00e0y, c\u00f9ng v\u1edbi c\u00e1c k\u00eanh m\u1ea1ng x\u00e3 h\u1ed9i c\u1ee7a \u0110\u1ea1i s\u1ee9 qu\u00e1n, s\u1ebd t\u1ea1o n\u00ean m\u1ed9t ph\u01b0\u01a1ng ti\u1ec7n h\u01b0\u1edbng t\u1edbi c\u00f4ng ch\u00fang Italia v\u00e0 Vi\u1ec7t Nam v\u1edbi m\u1ee5c ti\u00eau \u0111\u01b0a c\u00e1c th\u00f4ng tin c\u1ea7n thi\u1ebft v\u1ec1 c\u00e1c c\u01a1 quan \u0111\u1ea1i di\u1ec7n c\u1ee7a nh\u00e0 n\u01b0\u1edbc Italia t\u1ea1i Vi\u1ec7t Nam (\u0110\u1ea1i s\u1ee9 qu\u00e1n, T\u1ed5ng l\u00e3nh s\u1ef1 \u1edf H\u1ed3 Ch\u00ed Minh, V\u0103n ph\u00f2ng ICE, Ph\u00f2ng Th\u01b0\u01a1ng m\u1ea1i, AICS, Unitalia) v\u1edbi c\u00e1c ho\u1ea1t \u0111\u1ed9ng v\u00e0 c\u00e1c d\u1ecbch v\u1ee5 cung c\u1ea5p.<\/p>\n<p>T\u00f4i hi v\u1ecdng r\u1eb1ng trang web c\u1ee7a \u0110\u1ea1i s\u1ee9 qu\u00e1n t\u1ea1i H\u00e0 N\u1ed9i v\u00e0 c\u00e1c k\u00eanh m\u1ea1ng x\u00e3 h\u1ed9i s\u1ebd \u0111\u01b0\u1ee3c tham kh\u1ea3o th\u01b0\u1eddng xuy\u00ean, t\u1eeb \u0111\u00f3 c\u00f3 th\u1ec3 tr\u1edf th\u00e0nh m\u1ed9t ph\u01b0\u01a1ng ti\u1ec7n th\u00f4ng tin v\u00e0 li\u00ean k\u1ebft online gi\u1eefa hai qu\u1ed1c gia ch\u00fang ta.<\/p>\n<p>Ch\u00fac c\u00e1c b\u1ea1n h\u00e0i l\u00f2ng khi tham kh\u1ea3o th\u00f4ng tin.<\/p>\n<p>&nbsp;<\/p>\n<p><em>Marco della Seta<\/em><\/p>\n<p><em>\u0110\u1ea1i s\u1ee9 Italia t\u1ea1i Vi\u1ec7t Nam<\/em><\/p>\n","protected":false},"excerpt":{"rendered":"Ch\u00e0o m\u1eebng c\u00e1c b\u1ea1n \u0111\u1ebfn v\u1edbi trang web c\u1ee7a \u0110\u1ea1i s\u1ee9 qu\u00e1n Italia t\u1ea1i H\u00e0 N\u1ed9i Hai qu\u1ed1c gia Italia v\u00e0 Vi\u1ec7t Nam k\u1ec9 ni\u1ec7m 50 n\u0103m thi\u1ebft l\u1eadp quan h\u1ec7 ngo\u1ea1i giao v\u00e0 10 n\u0103m quan h\u1ec7 \u0111\u1ed1i t\u00e1c chi\u1ebfn l\u01b0\u1ee3c. Trong khu\u00f4n kh\u1ed5 k\u1ec9 ni\u1ec7m n\u00e0y n\u1ed5i b\u1eadt l\u00ean chuy\u1ebfn th\u0103m c\u1ea5p Nh\u00e0 [&hellip;]","protected":false},"author":4,"featured_media":0,"parent":201,"menu_order":1,"comment_status":"closed","ping_status":"closed","template":"","meta":{"footnotes":""},"class_list":["post-4351","page","type-page","status-publish","hentry"],"_links":{"self":[{"href":"https:\/\/ambhanoi.esteri.it\/vi\/wp-json\/wp\/v2\/pages\/4351","targetHints":{"allow":["GET"]}}],"collection":[{"href":"https:\/\/ambhanoi.esteri.it\/vi\/wp-json\/wp\/v2\/pages"}],"about":[{"href":"https:\/\/ambhanoi.esteri.it\/vi\/wp-json\/wp\/v2\/types\/page"}],"author":[{"embeddable":true,"href":"https:\/\/ambhanoi.esteri.it\/vi\/wp-json\/wp\/v2\/users\/4"}],"replies":[{"embeddable":true,"href":"https:\/\/ambhanoi.esteri.it\/vi\/wp-json\/wp\/v2\/comments?post=4351"}],"version-history":[{"count":1,"href":"https:\/\/ambhanoi.esteri.it\/vi\/wp-json\/wp\/v2\/pages\/4351\/revisions"}],"predecessor-version":[{"id":4354,"href":"https:\/\/ambhanoi.esteri.it\/vi\/wp-json\/wp\/v2\/pages\/4351\/revisions\/4354"}],"up":[{"embeddable":true,"href":"https:\/\/ambhanoi.esteri.it\/vi\/wp-json\/wp\/v2\/pages\/201"}],"wp:attachment":[{"href":"https:\/\/ambhanoi.esteri.it\/vi\/wp-json\/wp\/v2\/media?parent=4351"}],"curies":[{"name":"wp","href":"https:\/\/api.w.org\/{rel}","templated":true}]}}