{"id":4220,"date":"2023-12-06T13:23:13","date_gmt":"2023-12-06T06:23:13","guid":{"rendered":"https:\/\/ambhanoi.esteri.it\/italia-e-vietnam\/diplomazia-economica\/focus-settori\/"},"modified":"2023-12-12T18:15:39","modified_gmt":"2023-12-12T11:15:39","slug":"focus-settori","status":"publish","type":"page","link":"https:\/\/ambhanoi.esteri.it\/vi\/italia-e-vietnam\/diplomazia-economica\/focus-settori\/","title":{"rendered":"T\u1eadp trung v\u00e0o c\u00e1c l\u0129nh v\u1ef1c"},"content":{"rendered":"<p><strong>\u01afU TI\u00caN C\u01a0 H\u1ed8I KINH DOANH CHO C\u00c1C C\u00d4NG TY ITALIA T\u1ea0I VI\u1ec6T NAM<\/strong><\/p>\n<p>\u201c\u0110\u1ea1i s\u1ee9 qu\u00e1n ph\u1ed1i h\u1ee3p v\u1edbi KPMG &#8211; Vi\u1ec7t Nam \u0111\u00e3 th\u1ef1c hi\u1ec7n m\u1ed9t nghi\u00ean c\u1ee9u v\u1ec1 Vi\u1ec7t Nam v\u1edbi m\u1ee5c \u0111\u00edch cung c\u1ea5p cho c\u00e1c c\u00f4ng ty Italia th\u00f4ng tin v\u00e0 \u0111\u00e1nh gi\u00e1 nh\u1eadn \u0111\u1ecbnh s\u00e2u v\u1ec1 nh\u1eefng l\u0129nh v\u1ef1c h\u1ee9a h\u1eb9n nh\u1ea5t, d\u1ef1a tr\u00ean ho\u1ea1t \u0111\u1ed9ng n\u1ed1i k\u1ebft gi\u1eefa hai n\u1ec1n kinh t\u1ebf.<\/p>\n<p>\u0110\u1ec3 y\u00eau c\u1ea7u b\u00e1o c\u00e1o \u0111\u1ea7y \u0111\u1ee7 (b\u1eb1ng ti\u1ebfng Anh), c\u00e1c c\u00f4ng ty quan t\u00e2m c\u00f3 th\u1ec3 g\u1eedi email \u0111\u1ebfn \u0111\u1ecba ch\u1ec9 <a href=\"mailto:commerciale.hanoi@esteri.it\">commerciale.hanoi@esteri.it<\/a> trong \u0111\u00f3 n\u00eau r\u00f5:<\/p>\n<ul>\n<li>T\u00ean c\u00f4ng ty v\u00e0 m\u00e3 s\u1ed1 thu\u1ebf GTGT;<\/li>\n<li>H\u1ecd v\u00e0 t\u00ean ng\u01b0\u1eddi y\u00eau c\u1ea7u;<\/li>\n<li>Ch\u1ee9c v\u1ee5 c\u1ee7a ng\u01b0\u1eddi y\u00eau c\u1ea7u trong c\u00f4ng ty.<\/li>\n<\/ul>\n<ul>\n<li>Video tr\u00ecnh chi\u1ebfu v\u1ec1 nghi\u00ean c\u1ee9u<\/li>\n<li>H\u1ed9i th\u1ea3o tr\u1ef1c tuy\u1ebfn \u0111\u1ea7u ti\u00ean gi\u1edbi thi\u1ec7u nghi\u00ean c\u1ee9u (ng\u00e0y 6 th\u00e1ng 6 n\u0103m 2021). T\u1eadp trung v\u00e0o l\u0129nh v\u1ef1c D\u1ec7t may, Gi\u00e0y d\u00e9p v\u00e0 N\u1ed9i th\u1ea5t. \u0110\u1ec3 xem b\u1ea3n ghi h\u1ed9i th\u1ea3o tr\u1ef1c tuy\u1ebfn v\u00e0 t\u1ea3i c\u00e1c b\u00e0i thuy\u1ebft tr\u00ecnh, vui l\u00f2ng truy c\u1eadp trang web<a href=\"https:\/\/www.ice.it\/it\/mercati\/vietnam\/settori-opportunita-le-aziende\"> ITA\/ICE website<\/a><strong>.<\/strong><\/li>\n<\/ul>\n<p>&nbsp;<\/p>\n<p>&nbsp;<\/p>\n<p>&nbsp;<\/p>\n<p>&nbsp;<\/p>\n","protected":false},"excerpt":{"rendered":"\u01afU TI\u00caN C\u01a0 H\u1ed8I KINH DOANH CHO C\u00c1C C\u00d4NG TY ITALIA T\u1ea0I VI\u1ec6T NAM \u201c\u0110\u1ea1i s\u1ee9 qu\u00e1n ph\u1ed1i h\u1ee3p v\u1edbi KPMG &#8211; Vi\u1ec7t Nam \u0111\u00e3 th\u1ef1c hi\u1ec7n m\u1ed9t nghi\u00ean c\u1ee9u v\u1ec1 Vi\u1ec7t Nam v\u1edbi m\u1ee5c \u0111\u00edch cung c\u1ea5p cho c\u00e1c c\u00f4ng ty Italia th\u00f4ng tin v\u00e0 \u0111\u00e1nh gi\u00e1 nh\u1eadn \u0111\u1ecbnh s\u00e2u v\u1ec1 nh\u1eefng l\u0129nh v\u1ef1c [&hellip;]","protected":false},"author":4,"featured_media":0,"parent":178,"menu_order":7,"comment_status":"closed","ping_status":"closed","template":"","meta":{"footnotes":""},"class_list":["post-4220","page","type-page","status-publish","hentry"],"_links":{"self":[{"href":"https:\/\/ambhanoi.esteri.it\/vi\/wp-json\/wp\/v2\/pages\/4220","targetHints":{"allow":["GET"]}}],"collection":[{"href":"https:\/\/ambhanoi.esteri.it\/vi\/wp-json\/wp\/v2\/pages"}],"about":[{"href":"https:\/\/ambhanoi.esteri.it\/vi\/wp-json\/wp\/v2\/types\/page"}],"author":[{"embeddable":true,"href":"https:\/\/ambhanoi.esteri.it\/vi\/wp-json\/wp\/v2\/users\/4"}],"replies":[{"embeddable":true,"href":"https:\/\/ambhanoi.esteri.it\/vi\/wp-json\/wp\/v2\/comments?post=4220"}],"version-history":[{"count":5,"href":"https:\/\/ambhanoi.esteri.it\/vi\/wp-json\/wp\/v2\/pages\/4220\/revisions"}],"predecessor-version":[{"id":5333,"href":"https:\/\/ambhanoi.esteri.it\/vi\/wp-json\/wp\/v2\/pages\/4220\/revisions\/5333"}],"up":[{"embeddable":true,"href":"https:\/\/ambhanoi.esteri.it\/vi\/wp-json\/wp\/v2\/pages\/178"}],"wp:attachment":[{"href":"https:\/\/ambhanoi.esteri.it\/vi\/wp-json\/wp\/v2\/media?parent=4220"}],"curies":[{"name":"wp","href":"https:\/\/api.w.org\/{rel}","templated":true}]}}