{"id":4213,"date":"2023-12-06T13:32:07","date_gmt":"2023-12-06T06:32:07","guid":{"rendered":"https:\/\/ambhanoi.esteri.it\/?page_id=4213"},"modified":"2023-12-06T13:35:44","modified_gmt":"2023-12-06T06:35:44","slug":"hiep-dinh-hop-tac","status":"publish","type":"page","link":"https:\/\/ambhanoi.esteri.it\/vi\/italia-e-vietnam\/diplomazia-scientifica\/hiep-dinh-hop-tac\/","title":{"rendered":"Hi\u1ec7p \u0111\u1ecbnh h\u1ee3p t\u00e1c"},"content":{"rendered":"<p>H\u1ee3p t\u00e1c gi\u1eefa Italia v\u00e0 Vi\u1ec7t Nam trong l\u0129nh v\u1ef1c khoa h\u1ecdc \u0111\u01b0\u1ee3c quy \u0111\u1ecbnh r\u00f5 trong hi\u1ec7p \u0111\u1ecbnh h\u1ee3p t\u00e1c khoa h\u1ecdc v\u00e0 c\u00f4ng ngh\u1ec7 k\u00ed t\u1ea1i H\u00e0 N\u1ed9i ng\u00e0y 5 th\u00e1ng 1 n\u0103m 1992 v\u00e0 c\u00f3 hi\u1ec7u l\u1ef1c v\u00e0o ng\u00e0y 10 th\u00e1ng 5 n\u0103m 1998. <a href=\"https:\/\/ambhanoi.esteri.it\/wp-content\/uploads\/2023\/12\/programma_esecutivo_scientifico_e_tecnologico_2021-2023_firmato.pdf\">Ch\u01b0\u01a1ng tr\u00ecnh h\u1ee3p t\u00e1c Khoa h\u1ecdc v\u00e0 C\u00f4ng ngh\u1ec7 giai \u0111o\u1ea1n 2021 &#8211; 2023<\/a> \u0111\u00e3 \u0111\u01b0\u1ee3c k\u00ed t\u1ea1i H\u00e0 N\u1ed9i v\u00e0o ng\u00e0y 1 th\u00e1ng 7 n\u0103m 2020, s\u1ebd \u0111\u01b0\u1ee3c th\u1ef1c hi\u1ec7n b\u1eaft \u0111\u1ea7u t\u1eeb \u0111\u1ea7u th\u00e1ng 1 n\u0103m 2021 v\u00ec \u0111\u1ea1i d\u1ecbch COVID 19. Ch\u01b0\u01a1ng tr\u00ecnh h\u1ee3p t\u00e1c khoa h\u1ecdc \u0111\u00e3 l\u1ef1a ch\u1ecdn 8 d\u1ef1 \u00e1n \u0111\u01b0\u1ee3c B\u1ed9 Ngo\u1ea1i giao v\u00e0 H\u1ee3p t\u00e1c qu\u1ed1c t\u1ebf Italia v\u00e0 B\u1ed9 Khoa h\u1ecdc C\u00f4ng ngh\u1ec7 Vi\u1ec7t Nam t\u00e0i tr\u1ee3, v\u00e0 3 d\u1ef1 \u00e1n x\u1ee9ng \u0111\u00e1ng nh\u01b0ng ch\u01b0a t\u00ecm \u0111\u01b0\u1ee3c ngu\u1ed3n t\u00e0i ch\u00ednh K\u00ednh m\u1eddi c\u00e1c c\u01a1 quan nghi\u00ean c\u1ee9u tham gia t\u00e0i tr\u1ee3 v\u00e0 k\u00eau g\u1ecdi x\u00e1c \u0111\u1ecbnh c\u00e1c qu\u1ef9 \u0111\u1ea7u t\u01b0. Nh\u1eefng d\u1ef1 \u00e1n \u0111\u01b0\u1ee3c t\u00e0i tr\u1ee3 n\u1eb1m trong nh\u1eefng l\u0129nh v\u1ef1c chuy\u00ean \u0111\u1ec1 \u01b0u ti\u00ean nh\u01b0 sau: Khoa h\u1ecdc n\u00f4ng nghi\u1ec7p v\u00e0 th\u1ef1c ph\u1ea9m; c\u00f4ng ngh\u1ec7 sinh h\u1ecdc v\u00e0 y d\u01b0\u1ee3c; m\u00f4i tr\u01b0\u1eddng v\u00e0 bi\u1ebfn \u0111\u1ed5i kh\u00ed h\u1eadu; c\u00f4ng ngh\u1ec7 th\u00f4ng tin \u2013 truy\u1ec1n th\u00f4ng; v\u1eadt li\u1ec7u ti\u00ean ti\u1ebfn; c\u00f4ng nghi\u1ec7p 4.0; v\u1eadt l\u00fd thi\u00ean v\u0103n, kh\u1ea3o s\u00e1t kh\u00f4ng gian v\u00e0 tr\u00e1i \u0111\u1ea5t; b\u1ea3o t\u1ed3n v\u00e0 ph\u1ee5c ch\u1ebf c\u00e1c di s\u1ea3n v\u0103n h\u00f3a, thi\u00ean nhi\u00ean.<\/p>\n","protected":false},"excerpt":{"rendered":"H\u1ee3p t\u00e1c gi\u1eefa Italia v\u00e0 Vi\u1ec7t Nam trong l\u0129nh v\u1ef1c khoa h\u1ecdc \u0111\u01b0\u1ee3c quy \u0111\u1ecbnh r\u00f5 trong hi\u1ec7p \u0111\u1ecbnh h\u1ee3p t\u00e1c khoa h\u1ecdc v\u00e0 c\u00f4ng ngh\u1ec7 k\u00ed t\u1ea1i H\u00e0 N\u1ed9i ng\u00e0y 5 th\u00e1ng 1 n\u0103m 1992 v\u00e0 c\u00f3 hi\u1ec7u l\u1ef1c v\u00e0o ng\u00e0y 10 th\u00e1ng 5 n\u0103m 1998. Ch\u01b0\u01a1ng tr\u00ecnh h\u1ee3p t\u00e1c Khoa h\u1ecdc v\u00e0 C\u00f4ng [&hellip;]","protected":false},"author":4,"featured_media":0,"parent":193,"menu_order":0,"comment_status":"closed","ping_status":"closed","template":"","meta":{"footnotes":""},"class_list":["post-4213","page","type-page","status-publish","hentry"],"_links":{"self":[{"href":"https:\/\/ambhanoi.esteri.it\/vi\/wp-json\/wp\/v2\/pages\/4213","targetHints":{"allow":["GET"]}}],"collection":[{"href":"https:\/\/ambhanoi.esteri.it\/vi\/wp-json\/wp\/v2\/pages"}],"about":[{"href":"https:\/\/ambhanoi.esteri.it\/vi\/wp-json\/wp\/v2\/types\/page"}],"author":[{"embeddable":true,"href":"https:\/\/ambhanoi.esteri.it\/vi\/wp-json\/wp\/v2\/users\/4"}],"replies":[{"embeddable":true,"href":"https:\/\/ambhanoi.esteri.it\/vi\/wp-json\/wp\/v2\/comments?post=4213"}],"version-history":[{"count":1,"href":"https:\/\/ambhanoi.esteri.it\/vi\/wp-json\/wp\/v2\/pages\/4213\/revisions"}],"predecessor-version":[{"id":4216,"href":"https:\/\/ambhanoi.esteri.it\/vi\/wp-json\/wp\/v2\/pages\/4213\/revisions\/4216"}],"up":[{"embeddable":true,"href":"https:\/\/ambhanoi.esteri.it\/vi\/wp-json\/wp\/v2\/pages\/193"}],"wp:attachment":[{"href":"https:\/\/ambhanoi.esteri.it\/vi\/wp-json\/wp\/v2\/media?parent=4213"}],"curies":[{"name":"wp","href":"https:\/\/api.w.org\/{rel}","templated":true}]}}