{"id":4074,"date":"2023-12-06T12:16:26","date_gmt":"2023-12-06T05:16:26","guid":{"rendered":"https:\/\/ambhanoi.esteri.it\/italia-e-vietnam\/diplomazia-economica\/focus-accordo-di-libero-scambio-ue-vietnam\/"},"modified":"2024-01-29T13:16:53","modified_gmt":"2024-01-29T06:16:53","slug":"focus-accordo-di-libero-scambio-ue-vietnam","status":"publish","type":"page","link":"https:\/\/ambhanoi.esteri.it\/vi\/italia-e-vietnam\/diplomazia-economica\/focus-accordo-di-libero-scambio-ue-vietnam\/","title":{"rendered":"Hi\u1ec7p \u0111\u1ecbnh Th\u01b0\u01a1ng m\u1ea1i T\u1ef1 do Li\u00ean minh Ch\u00e2u \u00c2u-Vi\u1ec7t Nam"},"content":{"rendered":"<p><img loading=\"lazy\" decoding=\"async\" class=\"alignnone size-full wp-image-4066 img-fluid\" src=\"https:\/\/ambhanoi.esteri.it\/wp-content\/uploads\/2023\/12\/evfta.png\" alt=\"\" width=\"234\" height=\"161\" \/><\/p>\n<p>Hi\u1ec7p \u0111\u1ecbnh th\u01b0\u01a1ng m\u1ea1i t\u1ef1 do gi\u1eefa Li\u00ean minh Ch\u00e2u \u00c2u v\u00e0 Vi\u1ec7t Nam, c\u00f3 hi\u1ec7u l\u1ef1c t\u1eeb ng\u00e0y 1 th\u00e1ng 8 n\u0103m 2020, s\u1ebd c\u1ee7ng c\u1ed1 quan h\u1ec7 song ph\u01b0\u01a1ng v\u00e0 l\u00e0 b\u01b0\u1edbc \u0111\u1ea7u ti\u00ean cho s\u1ef1 h\u1ee3p t\u00e1c kinh t\u1ebf t\u01b0\u01a1ng lai trong b\u1ed1i c\u1ea3nh khu v\u1ef1c, t\u1ea1o \u0111i\u1ec1u ki\u1ec7n thu\u1eadn l\u1ee3i cho c\u00e1c c\u00f4ng ty Ch\u00e2u \u00c2u th\u00e2m nh\u1eadp v\u00e0o th\u1ecb tr\u01b0\u1eddng c\u00e1c n\u01b0\u1edbc ASEAN.<\/p>\n<p>\u0110\u00e2y l\u00e0 hi\u1ec7p \u0111\u1ecbnh tham v\u1ecdng nh\u1ea5t m\u00e0 Li\u00ean minh Ch\u00e2u \u00c2u \u0111\u00e3 k\u00fd k\u1ebft v\u1edbi m\u1ed9t qu\u1ed1c gia m\u1edbi n\u1ed5i v\u00e0 mang \u0111\u1ebfn c\u01a1 h\u1ed9i quan tr\u1ecdng cho c\u00e1c c\u00f4ng ty Italia quan t\u00e2m \u0111\u1ebfn giao th\u01b0\u01a1ng v\u1edbi Vi\u1ec7t Nam. Tr\u00ean th\u1ef1c t\u1ebf, hi\u1ec7p \u0111\u1ecbnh n\u00e0y g\u1ee1 b\u1ecf g\u1ea7n nh\u01b0 to\u00e0n b\u1ed9 thu\u1ebf xu\u1ea5t kh\u1ea9u v\u00e0 thu\u1ebf quan \u0111\u1ed1i v\u1edbi h\u00e0ng xu\u1ea5t kh\u1ea9u, c\u1ea3 h\u00e0ng h\u00f3a v\u00e0 d\u1ecbch v\u1ee5. Th\u00eam v\u00e0o \u0111\u00f3 c\u00f2n c\u00f3 c\u00e1c \u0111i\u1ec1u kho\u1ea3n nh\u1eb1m t\u1ea1o thu\u1eadn l\u1ee3i cho th\u01b0\u01a1ng m\u1ea1i nh\u1eb1m hi\u1ec7n \u0111\u1ea1i h\u00f3a v\u00e0 \u0111\u01a1n gi\u1ea3n h\u00f3a c\u00e1c th\u1ee7 t\u1ee5c xu\u1ea5t nh\u1eadp kh\u1ea9u v\u00e0 lo\u1ea1i b\u1ecf c\u00e1c r\u00e0o c\u1ea3n phi thu\u1ebf quan \u0111\u1ed1i v\u1edbi th\u01b0\u01a1ng m\u1ea1i song ph\u01b0\u01a1ng.<\/p>\n<p>Ngo\u00e0i ra, Vi\u1ec7t Nam \u0111\u1ea3m b\u1ea3o vi\u1ec7c s\u1eed d\u1ee5ng \u0111\u00fang ch\u1ec9 d\u1eabn xu\u1ea5t x\u1ee9 c\u1ee7a s\u1ea3n ph\u1ea9m, m\u1ed9t l\u1ee3i th\u1ebf \u0111\u00e1ng k\u1ec3 cho th\u01b0\u01a1ng hi\u1ec7u &#8216;Made in Italy&#8217;, \u0111\u1ec3 \u0111\u01b0\u1ee3c b\u1ea3o v\u1ec7 kh\u1ecfi s\u1ef1 c\u1ea1nh tranh trong n\u01b0\u1edbc v\u00e0 qu\u1ed1c t\u1ebf b\u1edfi c\u00e1c nh\u00e3n h\u00e0ng gian l\u1eadn. Hi\u1ec7p \u0111\u1ecbnh n\u00e0y c\u0169ng b\u1ea3o v\u1ec7 169 Ch\u1ec9 d\u1eabn \u0110\u1ecba l\u00fd Ch\u00e2u \u00c2u, trong \u0111\u00f3 c\u00f3 38 Ch\u1ec9 d\u1eabn \u0110\u1ecba l\u00fd c\u1ee7a Italia. M\u1ed9t y\u1ebfu t\u1ed1 th\u00fa v\u1ecb kh\u00e1c \u0111\u00f3 l\u00e0 c\u01a1 h\u1ed9i cho c\u00e1c c\u00f4ng ty ch\u00e2u \u00c2u tham gia c\u00e1c \u0111\u1ea5u th\u1ea7u c\u00f4ng \u0111\u1ec3 ph\u00e1t tri\u1ec3n c\u01a1 s\u1edf h\u1ea1 t\u1ea7ng \u1edf Vi\u1ec7t Nam.<\/p>\n<p>T\u1ea5t c\u1ea3 nh\u1eefng \u0111i\u1ec1u n\u00e0y s\u1ebd g\u00f3p ph\u1ea7n \u0111\u00e1ng k\u1ec3 v\u00e0o vi\u1ec7c t\u0103ng c\u01b0\u1eddng trao \u0111\u1ed5i th\u01b0\u01a1ng m\u1ea1i gi\u1eefa Li\u00ean minh Ch\u00e2u \u00c2u v\u00e0 Vi\u1ec7t Nam: theo ph\u00e2n t\u00edch c\u1ee7a \u1ee6y ban Ch\u00e2u \u00c2u, xu\u1ea5t kh\u1ea9u c\u1ee7a Ch\u00e2u \u00c2u sang Vi\u1ec7t Nam s\u1ebd t\u0103ng tr\u01b0\u1edfng 29%, trong khi xu\u1ea5t kh\u1ea9u c\u1ee7a Vi\u1ec7t Nam s\u1ebd t\u0103ng 18%. Ph\u1ee9c t\u1ea1p h\u01a1n \u0111\u1ec3 \u0111\u1ecbnh l\u01b0\u1ee3ng nh\u01b0ng ch\u1eafc ch\u1eafn l\u00e0 c\u00f3 \u00fd ngh\u0129a k\u1ec3 \u0111\u00f3 l\u00e0 nh\u1eefng l\u1ee3i \u00edch c\u00f3 \u0111\u01b0\u1ee3c t\u1eeb vi\u1ec7c t\u0103ng c\u01b0\u1eddng quan h\u1ec7 kinh t\u1ebf v\u1edbi Vi\u1ec7t Nam v\u00e0 do \u0111\u00f3 v\u1edbi c\u00e1c n\u01b0\u1edbc ASEAN &#8211; m\u1ed9t khu v\u1ef1c c\u00f3 ti\u1ec1m n\u0103ng kinh t\u1ebf l\u1edbn v\u00e0 \u0111\u00e3 \u0111\u01b0\u1ee3c c\u00f4ng nh\u1eadn v\u1ec1 t\u00ednh hi\u1ec7u qu\u1ea3 c\u1ee7a chu\u1ed7i s\u1ea3n xu\u1ea5t.<\/p>\n<p>Th\u00f4ng qua vi\u1ec7c t\u0103ng c\u01b0\u1eddng \u0111\u1ea7u t\u01b0 tr\u1ef1c ti\u1ebfp v\u00e0 t\u0103ng c\u01b0\u1eddng trao \u0111\u1ed5i h\u00e0ng h\u00f3a v\u00e0 d\u1ecbch v\u1ee5 song ph\u01b0\u01a1ng, chu\u1ed7i s\u1ea3n xu\u1ea5t c\u1ee7a \u0110\u00f4ng Nam \u00c1 c\u00f3 th\u1ec3 \u0111\u01b0\u1ee3c h\u1ed9i nh\u1eadp v\u00e0o th\u1ecb tr\u01b0\u1eddng ch\u00e2u \u00c2u.<\/p>\n<p>Hi\u1ec7p \u0111\u1ecbnh n\u00e0y s\u1ebd t\u1ea1o ra m\u1ed9t m\u00f4i tr\u01b0\u1eddng giao d\u1ecbch an to\u00e0n v\u00e0 c\u00f3 th\u1ec3 d\u1ef1 \u0111o\u00e1n \u0111\u01b0\u1ee3c, m\u1ed9t c\u01a1 h\u1ed9i duy nh\u1ea5t cho c\u00e1c doanh nghi\u1ec7p ch\u00e2u \u00c2u, bao g\u1ed3m c\u1ea3 c\u00e1c doanh nghi\u1ec7p Italia. Vi\u1ec7t Nam \u0111ang trong qu\u00e1 tr\u00ecnh t\u1ef1 do h\u00f3a ti\u1ebfn b\u1ed9 v\u00e0 l\u00e0 m\u1ed9t trong nh\u1eefng n\u1ec1n kinh t\u1ebf quan tr\u1ecdng nh\u1ea5t trong khu v\u1ef1c, \u0111\u1ed3ng th\u1eddi l\u00e0 \u0111\u00f3ng vai tr\u00f2 l\u00e0 c\u1eeda ng\u00f5 thi\u1ebft l\u1eadp quan h\u1ec7 th\u01b0\u01a1ng m\u1ea1i v\u1edbi c\u00e1c n\u01b0\u1edbc kh\u00e1c trong khu v\u1ef1c.<\/p>\n<p>******************************************************************************************************************<\/p>\n<p>\u0110\u1ec3 bi\u1ebft th\u00eam th\u00f4ng tin vui l\u00f2ng tham kh\u1ea3o:<\/p>\n<p><a href=\"https:\/\/eur-lex.europa.eu\/legal-content\/IT\/TXT\/?uri=OJ:L:2020:186:TOC\">&#8211; <u>To\u00e0n v\u0103n hi\u1ec7p \u0111\u1ecbnh<\/u><\/a><\/p>\n<p>&#8211;\u00a0<a href=\"https:\/\/trade.ec.europa.eu\/access-to-markets\/en\/content\"><u>Access2Markets: C\u1ed5ng th\u00f4ng tin Li\u00ean minh Ch\u00e2u \u00c2u<\/u><\/a><\/p>\n<p>&#8211; <a href=\"https:\/\/www.ice.it\/it\/mercati\/vietnam\/webinar-accordo-di-libero-scambio-ue-vietnam-evfta\">H\u1ed9i th\u1ea3o tr\u1ef1c tuy\u1ebfn v\u00e0o ng\u00e0y 1 th\u00e1ng 7 (gi\u1edbi thi\u1ec7u v\u1ec1 Hi\u1ec7p \u0111\u1ecbnh<\/a><u>)<\/u><\/p>\n<p>&#8211; <a href=\"https:\/\/taxation-customs.ec.europa.eu\/system\/files\/2022-11\/EVFTA-guidance_0.pdf\">H\u01b0\u1edbng d\u1eabn c\u1ee7a Li\u00ean minh Ch\u00e2u \u00c2u v\u1ec1 Quy t\u1eafc Xu\u1ea5t x\u1ee9<\/a><\/p>\n<p>&#8211;\u00a0<a href=\"https:\/\/www.eu-vietnam-fta-sme-guide.eu\/\">H\u01b0\u1edbng d\u1eabn \u0111i\u1ec7n t\u1eed cho c\u00e1c doanh nghi\u1ec7p v\u1eeba v\u00e0 nh\u1ecf<\/a><\/p>\n<p>&#8211; <a href=\"https:\/\/ambhanoi.esteri.it\/wp-content\/uploads\/2023\/12\/Guida-alla-tutela-della-proprieta-intellettuale-ed-ostacoli-al-commercio-in-Vietnam-.pdf\">H\u01b0\u1edbng d\u1eabn b\u1ea3o v\u1ec7 s\u1edf h\u1eefu tr\u00ed tu\u1ec7 ICE<\/a><\/p>\n<p>&#8211; <a href=\"https:\/\/ambhanoi.esteri.it\/wp-content\/uploads\/2023\/12\/Presentation-Work-Permits.pdf\">H\u1ed9i th\u1ea3o v\u1ec1 Gi\u1ea5y ph\u00e9p lao \u0111\u1ed9ng cho nh\u00e0 cung c\u1ea5p d\u1ecbch v\u1ee5 n\u01b0\u1edbc ngo\u00e0i, ng\u01b0\u1eddi lao \u0111\u1ed9ng v\u00e0 Doanh nh\u00e2n t\u1ea1i Vi\u1ec7t Nam <\/a><\/p>\n<p>&nbsp;<\/p>\n<p>&nbsp;<\/p>\n","protected":false},"excerpt":{"rendered":"Hi\u1ec7p \u0111\u1ecbnh th\u01b0\u01a1ng m\u1ea1i t\u1ef1 do gi\u1eefa Li\u00ean minh Ch\u00e2u \u00c2u v\u00e0 Vi\u1ec7t Nam, c\u00f3 hi\u1ec7u l\u1ef1c t\u1eeb ng\u00e0y 1 th\u00e1ng 8 n\u0103m 2020, s\u1ebd c\u1ee7ng c\u1ed1 quan h\u1ec7 song ph\u01b0\u01a1ng v\u00e0 l\u00e0 b\u01b0\u1edbc \u0111\u1ea7u ti\u00ean cho s\u1ef1 h\u1ee3p t\u00e1c kinh t\u1ebf t\u01b0\u01a1ng lai trong b\u1ed1i c\u1ea3nh khu v\u1ef1c, t\u1ea1o \u0111i\u1ec1u ki\u1ec7n thu\u1eadn l\u1ee3i cho [&hellip;]","protected":false},"author":4,"featured_media":0,"parent":178,"menu_order":5,"comment_status":"closed","ping_status":"closed","template":"","meta":{"footnotes":""},"class_list":["post-4074","page","type-page","status-publish","hentry"],"_links":{"self":[{"href":"https:\/\/ambhanoi.esteri.it\/vi\/wp-json\/wp\/v2\/pages\/4074","targetHints":{"allow":["GET"]}}],"collection":[{"href":"https:\/\/ambhanoi.esteri.it\/vi\/wp-json\/wp\/v2\/pages"}],"about":[{"href":"https:\/\/ambhanoi.esteri.it\/vi\/wp-json\/wp\/v2\/types\/page"}],"author":[{"embeddable":true,"href":"https:\/\/ambhanoi.esteri.it\/vi\/wp-json\/wp\/v2\/users\/4"}],"replies":[{"embeddable":true,"href":"https:\/\/ambhanoi.esteri.it\/vi\/wp-json\/wp\/v2\/comments?post=4074"}],"version-history":[{"count":6,"href":"https:\/\/ambhanoi.esteri.it\/vi\/wp-json\/wp\/v2\/pages\/4074\/revisions"}],"predecessor-version":[{"id":5594,"href":"https:\/\/ambhanoi.esteri.it\/vi\/wp-json\/wp\/v2\/pages\/4074\/revisions\/5594"}],"up":[{"embeddable":true,"href":"https:\/\/ambhanoi.esteri.it\/vi\/wp-json\/wp\/v2\/pages\/178"}],"wp:attachment":[{"href":"https:\/\/ambhanoi.esteri.it\/vi\/wp-json\/wp\/v2\/media?parent=4074"}],"curies":[{"name":"wp","href":"https:\/\/api.w.org\/{rel}","templated":true}]}}