{"id":4052,"date":"2023-12-06T12:06:13","date_gmt":"2023-12-06T05:06:13","guid":{"rendered":"https:\/\/ambhanoi.esteri.it\/?page_id=4052"},"modified":"2023-12-06T13:42:18","modified_gmt":"2023-12-06T06:42:18","slug":"khuon-kho-tong-quat","status":"publish","type":"page","link":"https:\/\/ambhanoi.esteri.it\/vi\/italia-e-vietnam\/cooperazione-allo-sviluppo\/khuon-kho-tong-quat\/","title":{"rendered":"Khu\u00f4n kh\u1ed5 t\u1ed5ng qu\u00e1t"},"content":{"rendered":"<p>H\u1ee3p t\u00e1c Ph\u00e1t tri\u1ec3n Italia h\u01b0\u1edbng t\u1edbi vi\u1ec7c b\u1ea3o v\u1ec7 cu\u1ed9c s\u1ed1ng v\u00e0 nh\u00e2n ph\u1ea9m c\u1ee7a con ng\u01b0\u1eddi, nh\u1eb1m thi\u1ebft l\u00e2\u1ecd v\u00e0 c\u1ee7ng c\u1ed1 c\u00e1c m\u1ed1i quan h\u1ec7 gi\u1eefa con ng\u01b0\u1eddi v\u1edbi nhau, v\u1edbi m\u1ee5c ti\u00eau l\u00e0 h\u1ed7 tr\u1ee3 ph\u00e1t tri\u1ec3n kinh t\u1ebf v\u00e0 x\u00e3 h\u1ed9i c\u1ee7a ng\u01b0\u1eddi d\u00e2n.<\/p>\n<p>V\u00e0o th\u00e1ng 8 n\u0103m 2014, Ngh\u1ecb vi\u1ec7n Italia \u0111\u00e3 th\u00f4ng qua \u0110\u1ea1o Lu\u1eadt 125\/2014, thay th\u1ebf cho \u0110\u1ea1o Lu\u1eadt s\u1ed1 49\/1987 v\u1ec1 H\u1ee3p t\u00e1c Ph\u00e1t tri\u1ec3n v\u00e0 t\u1ed5 ch\u1ee9c l\u1ea1i c\u00e1c \u0111\u01a1n v\u1ecb ho\u1ea1t \u0111\u1ed9ng, c\u00e1c c\u00f4ng c\u1ee5 v\u00e0 c\u00e1c h\u00ecnh th\u1ee9c ho\u1ea1t \u0111\u1ed9ng v\u00e0 c\u00e1c nguy\u00ean t\u1eafc chu\u1ea9n m\u1ef1c v\u1ec1 h\u1ec7 th\u1ed1ng H\u1ee3p t\u00e1c Ph\u00e1t tri\u1ec3n Italia. \u0110\u1ec3 \u0111\u1ea3m b\u1ea3o t\u00ednh ph\u1ed1i h\u1ee3p v\u00e0 ch\u1eb7t ch\u1ebd v\u1ec1 ch\u00ednh s\u00e1ch, \u0110i\u1ec1u Lu\u1eadt m\u1edbi cho ph\u00e9p th\u00e0nh l\u1eadp M\u1ed9t \u1ee6y Ban Li\u00ean B\u1ed9 v\u1ec1 H\u1ee3p t\u00e1c Ph\u00e1t tri\u1ec3n, v\u00e0 th\u00f4ng qua V\u0103n Ki\u1ec7n Ch\u00ednh s\u00e1ch v\u00e0 x\u00e2y d\u1ef1ng ch\u01b0\u01a1ng tr\u00ecnh 3 n\u0103m c\u1ee7a Ch\u00ednh ph\u1ee7. \u0110\u1ea1o Lu\u1eadt 125\/2014 c\u0169ng \u0111\u01b0a ra c\u01a1 c\u1ea5u qu\u1ea3n l\u00fd m\u1edbi, cho ph\u00e9p th\u00e0nh l\u1eadp C\u01a1 Quan H\u1ee3p t\u00e1c Ph\u00e1t tri\u1ec3n Italia (AICS). C\u01a1 quan n\u00e0y s\u1ebd c\u00f3 \u0111\u1ee7 t\u00ednh linh ho\u1ea1t \u0111\u1ec3 c\u00f3 th\u1ebf th\u1ef1c hi\u1ec7n c\u00e1c chi\u1ebfn l\u01b0\u1ee3c v\u00e0 c\u00f4ng c\u1ee5 h\u1ee3p t\u00e1c ti\u00ean ti\u1ebfn nh\u1ea5t.<\/p>\n<p>C\u00e1c v\u0103n ph\u00f2ng \u1edf n\u01b0\u1edbc ngo\u00e0i c\u1ee7a C\u01a1 Quan n\u00e0y h\u00ecnh th\u00e0nh m\u1ea1ng l\u01b0\u1edbi ph\u00e2n c\u1ea5p t\u1ed5 ch\u1ee9c c\u1ee7a AICS v\u00e0 \u0111\u01b0\u1ee3c \u0111\u1eb7t t\u1ea1i c\u00e1c qu\u1ed1c gia m\u00e0 hi\u1ec7n \u0111ang tri\u1ec3n khai c\u00e1c ho\u1ea1t \u0111\u1ed9ng h\u1ee3p t\u00e1c Ph\u00e1t tri\u1ec3n Italia.<\/p>\n<p><a>https:\/\/www.aics.gov.it\/<\/a><\/p>\n<p>[Ngh\u1ecb \u0111\u1ecbnh th\u01b0 h\u00e0nh \u0111\u1ed9ng v\u00ec s\u1ef1 an to\u00e0n c\u1ee7a c\u00e1c ch\u1ee7 th\u1ec3 h\u1ee3p t\u00e1c]<\/p>\n<p>N\u0103m 2021, B\u1ed9 Ngo\u1ea1i Giao v\u00e0 H\u1ee3p t\u00e1c Qu\u1ed1c t\u1ebf Italia, C\u01a1 quan v\u00e0 m\u1ea1ng l\u01b0\u1edbi c\u00e1c t\u1ed5 ch\u1ee9c x\u00e3 h\u1ed9i d\u00e2n s\u1ef1 AOI, CINI v\u00e0 Link 2007 \u0111\u00e3 k\u00fd &#8220;Ngh\u1ecb \u0111\u1ecbnh th\u01b0 h\u00e0nh \u0111\u1ed9ng v\u00ec s\u1ef1 an to\u00e0n c\u1ee7a ch\u1ee7 th\u1ec3 h\u1ee3p t\u00e1c&#8221;. Ngh\u1ecb \u0111\u1ecbnh th\u01b0 n\u00e0y d\u00e0nh cho c\u00e1c ch\u1ee7 th\u1ec3 c\u1ee7a c\u00e1c T\u1ed5 ch\u1ee9c phi Ch\u00ednh ph\u1ee7\/C\u00e1c t\u1ed5 ch\u1ee9c x\u00e3 h\u1ed9i d\u00e2n s\u1ef1 tham gia v\u00e0o c\u00e1c ho\u1ea1t \u0111\u1ed9ng h\u1ee3p t\u00e1c ph\u00e1t tri\u1ec3n v\u00e0 vi\u1ec7n tr\u1ee3 nh\u00e2n \u0111\u1ea1o, \u0111\u01b0\u1ee3c k\u00eau g\u1ecdi th\u1ef1c hi\u1ec7n c\u00f4ng vi\u1ec7c c\u1ee7a h\u1ecd \u1edf c\u00e1c khu v\u1ef1c, v\u00f9ng l\u00e3nh th\u1ed5 v\u00e0 qu\u1ed1c gia c\u00f3 c\u00e1c m\u1ee9c \u0111\u1ed9 r\u1ee7i ro an ninh kh\u00e1c nhau. Ph\u1ea7n \u0111\u1ea7u c\u1ee7a Ngh\u1ecb \u0111\u1ecbnh th\u01b0 nh\u1ea5n m\u1ea1nh cam k\u1ebft chung c\u1ee7a c\u00e1c b\u00ean k\u00fd k\u1ebft nh\u1eb1m truy\u1ec1n b\u00e1 v\u0103n h\u00f3a an to\u00e0n gi\u1eefa c\u00e1c t\u1ed5 ch\u1ee9c x\u00e3 h\u1ed9i d\u00e2n s\u1ef1 v\u00e0 ph\u1ea7n th\u1ee9 hai l\u00e0 &#8220;ph\u1ea7n ho\u1ea1t \u0111\u1ed9ng&#8221; (vademecum) ch\u1ec9 ra c\u00e1c th\u00f4ng l\u1ec7 v\u00e0 quy t\u1eafc t\u1ed1t \u0111\u1ec3 truy\u1ec1n c\u1ea3m h\u1ee9ng cho ho\u1ea1t \u0111\u1ed9ng kinh doanh \u1edf n\u01b0\u1edbc ngo\u00e0i.<\/p>\n<p><a href=\"https:\/\/www.aics.gov.it\/\"><img loading=\"lazy\" decoding=\"async\" class=\"img-fluid alignnone wp-image-4227 size-medium\" src=\"https:\/\/ambhanoi.esteri.it\/wp-content\/uploads\/2023\/12\/logo_aics_800x130_ita-300x49.jpg\" alt=\"\" width=\"300\" height=\"49\" srcset=\"https:\/\/ambhanoi.esteri.it\/wp-content\/uploads\/2023\/12\/logo_aics_800x130_ita-300x49.jpg 300w, https:\/\/ambhanoi.esteri.it\/wp-content\/uploads\/2023\/12\/logo_aics_800x130_ita-768x125.jpg 768w, https:\/\/ambhanoi.esteri.it\/wp-content\/uploads\/2023\/12\/logo_aics_800x130_ita.jpg 800w\" sizes=\"auto, (max-width: 300px) 100vw, 300px\" \/><\/a><\/p>\n","protected":false},"excerpt":{"rendered":"H\u1ee3p t\u00e1c Ph\u00e1t tri\u1ec3n Italia h\u01b0\u1edbng t\u1edbi vi\u1ec7c b\u1ea3o v\u1ec7 cu\u1ed9c s\u1ed1ng v\u00e0 nh\u00e2n ph\u1ea9m c\u1ee7a con ng\u01b0\u1eddi, nh\u1eb1m thi\u1ebft l\u00e2\u1ecd v\u00e0 c\u1ee7ng c\u1ed1 c\u00e1c m\u1ed1i quan h\u1ec7 gi\u1eefa con ng\u01b0\u1eddi v\u1edbi nhau, v\u1edbi m\u1ee5c ti\u00eau l\u00e0 h\u1ed7 tr\u1ee3 ph\u00e1t tri\u1ec3n kinh t\u1ebf v\u00e0 x\u00e3 h\u1ed9i c\u1ee7a ng\u01b0\u1eddi d\u00e2n. V\u00e0o th\u00e1ng 8 n\u0103m 2014, Ngh\u1ecb [&hellip;]","protected":false},"author":4,"featured_media":0,"parent":195,"menu_order":2,"comment_status":"closed","ping_status":"closed","template":"","meta":{"footnotes":""},"class_list":["post-4052","page","type-page","status-publish","hentry"],"_links":{"self":[{"href":"https:\/\/ambhanoi.esteri.it\/vi\/wp-json\/wp\/v2\/pages\/4052","targetHints":{"allow":["GET"]}}],"collection":[{"href":"https:\/\/ambhanoi.esteri.it\/vi\/wp-json\/wp\/v2\/pages"}],"about":[{"href":"https:\/\/ambhanoi.esteri.it\/vi\/wp-json\/wp\/v2\/types\/page"}],"author":[{"embeddable":true,"href":"https:\/\/ambhanoi.esteri.it\/vi\/wp-json\/wp\/v2\/users\/4"}],"replies":[{"embeddable":true,"href":"https:\/\/ambhanoi.esteri.it\/vi\/wp-json\/wp\/v2\/comments?post=4052"}],"version-history":[{"count":5,"href":"https:\/\/ambhanoi.esteri.it\/vi\/wp-json\/wp\/v2\/pages\/4052\/revisions"}],"predecessor-version":[{"id":4236,"href":"https:\/\/ambhanoi.esteri.it\/vi\/wp-json\/wp\/v2\/pages\/4052\/revisions\/4236"}],"up":[{"embeddable":true,"href":"https:\/\/ambhanoi.esteri.it\/vi\/wp-json\/wp\/v2\/pages\/195"}],"wp:attachment":[{"href":"https:\/\/ambhanoi.esteri.it\/vi\/wp-json\/wp\/v2\/media?parent=4052"}],"curies":[{"name":"wp","href":"https:\/\/api.w.org\/{rel}","templated":true}]}}