{"id":4045,"date":"2023-12-06T12:04:14","date_gmt":"2023-12-06T05:04:14","guid":{"rendered":"https:\/\/ambhanoi.esteri.it\/?page_id=4045"},"modified":"2023-12-06T14:02:16","modified_gmt":"2023-12-06T07:02:16","slug":"tim-hieu-sau-hon-ve-nen-kinh-te-vi-mo-viet-nam","status":"publish","type":"page","link":"https:\/\/ambhanoi.esteri.it\/vi\/italia-e-vietnam\/diplomazia-economica\/tim-hieu-sau-hon-ve-nen-kinh-te-vi-mo-viet-nam\/","title":{"rendered":"T\u00ecm hi\u1ec3u s\u00e2u h\u01a1n v\u1ec1 n\u1ec1n kinh t\u1ebf v\u0129 m\u00f4 Vi\u1ec7t Nam"},"content":{"rendered":"<p>&#8211; L\u1ec5 ra m\u1eaft cu\u1ed1n b\u00e1o c\u00e1o t\u1ed5ng quan World Bank Report Vietnam 2035<br \/>\n<a href=\"https:\/\/openknowledge.worldbank.org\/handle\/10986\/23724\">https:\/\/openknowledge.worldbank.org\/handle\/10986\/23724<\/a><\/p>\n<p>&#8211; T\u1ed5 ch\u1ee9c ng\u00e2n h\u00e0ng th\u1ebf gi\u1edbi World Bank t\u1ea1i Vi\u1ec7t Nam <a href=\"http:\/\/www.worldbank.org\/en\/country\/vietnam\">http:\/\/www.worldbank.org\/en\/country\/vietnam<\/a><\/p>\n<p>&#8211; v\u00e0 \u0111\u1eb7c bi\u1ec7t b\u00e0i t\u1ed5ng quan: <a href=\"http:\/\/www.worldbank.org\/en\/country\/vietnam\/overview\">http:\/\/www.worldbank.org\/en\/country\/vietnam\/overview<\/a><\/p>\n<p>&#8211; T\u00ecnh h\u00ecnh giao th\u01b0\u01a1ng gi\u1eefa Li\u00ean minh Ch\u00e2u \u00c2u v\u00e0 Vi\u1ec7t Nam:<br \/>\n<a href=\"https:\/\/policy.trade.ec.europa.eu\/eu-trade-relationships-country-and-region\/countries-and-regions\/vietnam_en\">http:\/\/ec.europa.eu\/trade\/policy\/countries-and-regions\/countries\/vietnam\/<\/a><\/p>\n<p>&#8211; T\u1ed5 ch\u1ee9c Th\u01b0\u01a1ng m\u1ea1i th\u1ebf gi\u1edbi WTO-Vietnam <a href=\"https:\/\/www.wto.org\/english\/thewto_e\/countries_e\/vietnam_e.htm\">https:\/\/www.wto.org\/english\/thewto_e\/countries_e\/vietnam_e.htm<\/a><\/p>\n<p>&#8211; Nh\u1ecbp c\u1ea7u k\u1ebft n\u1ed1i th\u00f4ng tin gi\u1eefa hai ch\u00e2u l\u1ee5c \u00c1 \u2013 \u00c2u <a href=\"http:\/\/asemconnectvietnam.gov.vn\/\">http:\/\/asemconnectvietnam.gov.vn\/<\/a><\/p>\n<p>&#8211; Ng\u00e2n h\u00e0ng Ph\u00e1t Tri\u1ec3n Ch\u00e2u \u00c1 ADB <a href=\"http:\/\/www.adb.org\/countries\/viet-nam\/economy\">http:\/\/www.adb.org\/countries\/viet-nam\/economy<\/a><\/p>\n","protected":false},"excerpt":{"rendered":"&#8211; L\u1ec5 ra m\u1eaft cu\u1ed1n b\u00e1o c\u00e1o t\u1ed5ng quan World Bank Report Vietnam 2035 https:\/\/openknowledge.worldbank.org\/handle\/10986\/23724 &#8211; T\u1ed5 ch\u1ee9c ng\u00e2n h\u00e0ng th\u1ebf gi\u1edbi World Bank t\u1ea1i Vi\u1ec7t Nam http:\/\/www.worldbank.org\/en\/country\/vietnam &#8211; v\u00e0 \u0111\u1eb7c bi\u1ec7t b\u00e0i t\u1ed5ng quan: http:\/\/www.worldbank.org\/en\/country\/vietnam\/overview &#8211; T\u00ecnh h\u00ecnh giao th\u01b0\u01a1ng gi\u1eefa Li\u00ean minh Ch\u00e2u \u00c2u v\u00e0 Vi\u1ec7t Nam: http:\/\/ec.europa.eu\/trade\/policy\/countries-and-regions\/countries\/vietnam\/ &#8211; T\u1ed5 ch\u1ee9c Th\u01b0\u01a1ng m\u1ea1i [&hellip;]","protected":false},"author":4,"featured_media":0,"parent":178,"menu_order":4,"comment_status":"closed","ping_status":"closed","template":"","meta":{"footnotes":""},"class_list":["post-4045","page","type-page","status-publish","hentry"],"_links":{"self":[{"href":"https:\/\/ambhanoi.esteri.it\/vi\/wp-json\/wp\/v2\/pages\/4045","targetHints":{"allow":["GET"]}}],"collection":[{"href":"https:\/\/ambhanoi.esteri.it\/vi\/wp-json\/wp\/v2\/pages"}],"about":[{"href":"https:\/\/ambhanoi.esteri.it\/vi\/wp-json\/wp\/v2\/types\/page"}],"author":[{"embeddable":true,"href":"https:\/\/ambhanoi.esteri.it\/vi\/wp-json\/wp\/v2\/users\/4"}],"replies":[{"embeddable":true,"href":"https:\/\/ambhanoi.esteri.it\/vi\/wp-json\/wp\/v2\/comments?post=4045"}],"version-history":[{"count":2,"href":"https:\/\/ambhanoi.esteri.it\/vi\/wp-json\/wp\/v2\/pages\/4045\/revisions"}],"predecessor-version":[{"id":4284,"href":"https:\/\/ambhanoi.esteri.it\/vi\/wp-json\/wp\/v2\/pages\/4045\/revisions\/4284"}],"up":[{"embeddable":true,"href":"https:\/\/ambhanoi.esteri.it\/vi\/wp-json\/wp\/v2\/pages\/178"}],"wp:attachment":[{"href":"https:\/\/ambhanoi.esteri.it\/vi\/wp-json\/wp\/v2\/media?parent=4045"}],"curies":[{"name":"wp","href":"https:\/\/api.w.org\/{rel}","templated":true}]}}