{"id":4020,"date":"2023-12-06T11:46:30","date_gmt":"2023-12-06T04:46:30","guid":{"rendered":"https:\/\/ambhanoi.esteri.it\/?page_id=4020"},"modified":"2023-12-12T18:01:19","modified_gmt":"2023-12-12T11:01:19","slug":"he-thong-quoc-gia-italia-tai-viet-nam","status":"publish","type":"page","link":"https:\/\/ambhanoi.esteri.it\/vi\/italia-e-vietnam\/diplomazia-economica\/he-thong-quoc-gia-italia-tai-viet-nam\/","title":{"rendered":"H\u1ec7 th\u1ed1ng Qu\u1ed1c gia Italia t\u1ea1i Vi\u1ec7t Nam"},"content":{"rendered":"<p><strong>Ph\u00f2ng Kinh t\u1ebf v\u00e0 Th\u01b0\u01a1ng m\u1ea1i c\u1ee7a \u0110\u1ea1i s\u1ee9 qu\u00e1n<\/strong><\/p>\n<p>B\u1ed9 ph\u1eadn kinh t\u1ebf-th\u01b0\u01a1ng m\u1ea1i c\u1ee7a \u0110\u1ea1i s\u1ee9 qu\u00e1n Italia t\u1ea1i H\u00e0 N\u1ed9i cung c\u1ea5p c\u00e1i nh\u00ecn t\u1ed5ng quan v\u1ec1 t\u00ecnh h\u00ecnh kinh t\u1ebf v\u0129 m\u00f4 v\u00e0 ch\u00ednh tr\u1ecb \u1edf Vi\u1ec7t Nam v\u00e0 l\u00e0 c\u1ea7u n\u1ed1i cho m\u1ed1i quan t\u00e2m v\u1ec1 kinh t\u1ebf th\u01b0\u01a1ng m\u1ea1i c\u1ee7a Italia v\u1edbi c\u00e1c c\u01a1 quan c\u00f4ng quy\u1ec1n c\u1ee7a Vi\u1ec7t Nam. Ph\u00f2ng kinh t\u1ebf v\u00e0 th\u01b0\u01a1ng m\u1ea1i ho\u1ea1t \u0111\u1ed9ng v\u1edbi s\u1ef1 c\u1ed9ng t\u00e1c c\u1ee7a T\u1ed5ng L\u00e3nh s\u1ef1 qu\u00e1n v\u00e0 V\u0103n ph\u00f2ng ICE t\u1ea1i TP.HCM, c\u0169ng nh\u01b0 v\u1edbi Ph\u00f2ng Th\u01b0\u01a1ng m\u1ea1i \u00dd t\u1ea1i Vi\u1ec7t Nam (ICHAM).<\/p>\n<p>M\u1ecdi y\u00eau c\u1ea7u \u0111\u1eb7t l\u1ecbch h\u1eb9n v\u00e0 th\u00f4ng tin li\u00ean quan \u0111\u1ebfn c\u00e1c v\u1ea5n \u0111\u1ec1 kinh t\u1ebf &#8211; th\u01b0\u01a1ng m\u1ea1i, t\u00e0i ch\u00ednh, c\u01a1 h\u1ed9i \u0111\u1ea7u t\u01b0 v\u00e0 h\u1ed7 tr\u1ee3 kinh doanh, vui l\u00f2ng g\u1eedi th\u01b0 \u0111\u1ebfn \u0111\u1ecba ch\u1ec9 email sau: <a href=\"mailto:Commerciale.hanoi@esteri.it\">Commerciale.hanoi@esteri.it<\/a><\/p>\n<p>C\u0103n c\u1ee9 v\u00e0o nhu c\u1ea7u c\u1ee5 th\u1ec3 (v\u00ed d\u1ee5 nh\u01b0: danh s\u00e1ch c\u00e1c nh\u00e0 nh\u1eadp kh\u1ea9u ho\u1eb7c nh\u00e0 ph\u00e2n ph\u1ed1i, t\u00ecm ki\u1ebfm kh\u00e1ch h\u00e0ng v\u00e0 \u0111\u1ed1i t\u00e1c trong n\u01b0\u1edbc, tham gia h\u1ed9i ch\u1ee3, tri\u1ec3n l\u00e3m, h\u1ed7 tr\u1ee3 v\u1ec1 v\u1ea5n \u0111\u1ec1 s\u1edf h\u1eefu tr\u00ed tu\u1ec7, v.v.), vui l\u00f2ng li\u00ean h\u1ec7:<\/p>\n<p>T\u1ed4NG L\u00c3NH S\u1ef0 ITALY T\u1ea0I TP H\u1ed2 CH\u00cd MINH -President Place Building, 10th Floor Nguyen Du Street, District 1 Email: <a href=\"mailto:hochiminh.commerciale@esteri.it\">hochiminh.commerciale@esteri.it<\/a> &#8211; Tel: 00842838275445 \/ 00842838275446 &#8211; Fax: 00842838275444 Website: <a href=\"https:\/\/conshochiminh.esteri.it\/it\/italia-e-vietnam\/\">https:\/\/conshochiminh.esteri.it\/it\/italia-e-vietnam\/<\/a><\/p>\n<p>TH\u01af\u01a0NG V\u1ee4 ITALIA \u2013ICE- SAIGON TRADE CENTER &#8211; Floor 22, Unit 2205 37 Ton Duc Thang Street, Ben Nghe Ward, District 1 HO CHI MINH CITY Email: <a href=\"mailto:hochiminh@ice.it\">hochiminh@ice.it<\/a> &#8211; Tel. 008428-38228813 &#8211; Fax 008428-38228814 Website: <a href=\"https:\/\/www.ice.it\/it\/mercati\/vietnam\">https:\/\/www.ice.it\/it\/mercati\/vietnam<\/a><\/p>\n<p>T\u1ea1i V\u0103n ph\u00f2ng ICE \u1edf Th\u00e0nh ph\u1ed1 H\u1ed3 Ch\u00ed Minh c\u00f3 B\u1ed9 ph\u1eadn H\u1ed7 tr\u1ee3 v\u00e0 B\u1ea3o v\u1ec7 S\u1edf h\u1eefu Tr\u00ed tu\u1ec7 v\u00e0 R\u00e0o c\u1ea3n Th\u01b0\u01a1ng m\u1ea1i \u0111ang ho\u1ea1t \u0111\u1ed9ng. \u0110\u1ec3 y\u00eau c\u1ea7u th\u00f4ng tin ho\u1eb7c h\u1ed7 tr\u1ee3, b\u1ea1n c\u00f3 th\u1ec3 vi\u1ebft th\u01b0 t\u1edbi <a href=\"mailto:ipr.hochiminh@ice.it\">ipr.hochiminh@ice.it<\/a><\/p>\n<p>ICHAM \u2013 Ph\u00f2ng Th\u01b0\u01a1ng m\u1ea1i Italia t\u1ea1i Vi\u1ec7t Nam Website: <a href=\"http:\/\/www.icham.org\/it\">http:\/\/www.icham.org\/it<\/a><\/p>\n<p>ICHAM Office t\u1ea1i HO CHI MINH CITY: 5th Floor, the Deutsches Haus, 33 Le Duan Blvd, District 1, Ho Chi Minh City, Vietnam Tel: +84 8 3822 4059 Email: <a href=\"mailto:info@icham.org\">info@icham.org<\/a><\/p>\n<p>ICHAM Office t\u1ea1i HANOI: Casa Italia, 18 Le Phung Hieu Street, Hoan Kiem District, Hanoi, Vietnam Tel.: +84 4 3824 5997 &#8211; Email: <a href=\"mailto:officer@icham.org\">officer@icham.org<\/a><\/p>\n<p>V\u0103n ph\u00f2ng Ng\u00e2n h\u00e0ng Italia \u2013 \u0110\u1ea1i di\u1ec7n cho Vi\u1ec7t Nam t\u1ea1i \u0110\u1ea1i s\u1ee9 qu\u00e1n Italia t\u1ea1i Singapore 101 Thomson Road #27-02 United Square Tel: (65) 62506022 &#8211; Fax: (65) 62533301<\/p>\n","protected":false},"excerpt":{"rendered":"Ph\u00f2ng Kinh t\u1ebf v\u00e0 Th\u01b0\u01a1ng m\u1ea1i c\u1ee7a \u0110\u1ea1i s\u1ee9 qu\u00e1n B\u1ed9 ph\u1eadn kinh t\u1ebf-th\u01b0\u01a1ng m\u1ea1i c\u1ee7a \u0110\u1ea1i s\u1ee9 qu\u00e1n Italia t\u1ea1i H\u00e0 N\u1ed9i cung c\u1ea5p c\u00e1i nh\u00ecn t\u1ed5ng quan v\u1ec1 t\u00ecnh h\u00ecnh kinh t\u1ebf v\u0129 m\u00f4 v\u00e0 ch\u00ednh tr\u1ecb \u1edf Vi\u1ec7t Nam v\u00e0 l\u00e0 c\u1ea7u n\u1ed1i cho m\u1ed1i quan t\u00e2m v\u1ec1 kinh t\u1ebf th\u01b0\u01a1ng m\u1ea1i [&hellip;]","protected":false},"author":4,"featured_media":0,"parent":178,"menu_order":3,"comment_status":"closed","ping_status":"closed","template":"","meta":{"footnotes":""},"class_list":["post-4020","page","type-page","status-publish","hentry"],"_links":{"self":[{"href":"https:\/\/ambhanoi.esteri.it\/vi\/wp-json\/wp\/v2\/pages\/4020","targetHints":{"allow":["GET"]}}],"collection":[{"href":"https:\/\/ambhanoi.esteri.it\/vi\/wp-json\/wp\/v2\/pages"}],"about":[{"href":"https:\/\/ambhanoi.esteri.it\/vi\/wp-json\/wp\/v2\/types\/page"}],"author":[{"embeddable":true,"href":"https:\/\/ambhanoi.esteri.it\/vi\/wp-json\/wp\/v2\/users\/4"}],"replies":[{"embeddable":true,"href":"https:\/\/ambhanoi.esteri.it\/vi\/wp-json\/wp\/v2\/comments?post=4020"}],"version-history":[{"count":6,"href":"https:\/\/ambhanoi.esteri.it\/vi\/wp-json\/wp\/v2\/pages\/4020\/revisions"}],"predecessor-version":[{"id":5313,"href":"https:\/\/ambhanoi.esteri.it\/vi\/wp-json\/wp\/v2\/pages\/4020\/revisions\/5313"}],"up":[{"embeddable":true,"href":"https:\/\/ambhanoi.esteri.it\/vi\/wp-json\/wp\/v2\/pages\/178"}],"wp:attachment":[{"href":"https:\/\/ambhanoi.esteri.it\/vi\/wp-json\/wp\/v2\/media?parent=4020"}],"curies":[{"name":"wp","href":"https:\/\/api.w.org\/{rel}","templated":true}]}}