{"id":237,"date":"2023-04-11T18:12:44","date_gmt":"2023-04-11T11:12:44","guid":{"rendered":"https:\/\/ambhanoi.esteri.it\/servizi-consolari-e-visti\/servizi-per-il-cittadino-straniero\/"},"modified":"2023-10-18T10:38:23","modified_gmt":"2023-10-18T03:38:23","slug":"servizi-per-il-cittadino-straniero","status":"publish","type":"page","link":"https:\/\/ambhanoi.esteri.it\/vi\/servizi-consolari-e-visti\/servizi-per-il-cittadino-straniero\/","title":{"rendered":"D\u1ecbch v\u1ee5 d\u00e0nh cho c\u00f4ng d\u00e2n n\u01b0\u1edbc ngo\u00e0i"},"content":{"rendered":"<h3 class=\"entry-title h3\"><\/h3>\n<p>Vui l\u00f2ng nh\u1ea5p v\u00e0o c\u00e1c menu ph\u1ee5 \u1edf b\u00ean ph\u1ea3i.<\/p>\n","protected":false},"excerpt":{"rendered":"Vui l\u00f2ng nh\u1ea5p v\u00e0o c\u00e1c menu ph\u1ee5 \u1edf b\u00ean ph\u1ea3i.","protected":false},"author":1,"featured_media":0,"parent":197,"menu_order":2,"comment_status":"closed","ping_status":"closed","template":"","meta":{"footnotes":""},"class_list":["post-237","page","type-page","status-publish","hentry"],"_links":{"self":[{"href":"https:\/\/ambhanoi.esteri.it\/vi\/wp-json\/wp\/v2\/pages\/237","targetHints":{"allow":["GET"]}}],"collection":[{"href":"https:\/\/ambhanoi.esteri.it\/vi\/wp-json\/wp\/v2\/pages"}],"about":[{"href":"https:\/\/ambhanoi.esteri.it\/vi\/wp-json\/wp\/v2\/types\/page"}],"author":[{"embeddable":true,"href":"https:\/\/ambhanoi.esteri.it\/vi\/wp-json\/wp\/v2\/users\/1"}],"replies":[{"embeddable":true,"href":"https:\/\/ambhanoi.esteri.it\/vi\/wp-json\/wp\/v2\/comments?post=237"}],"version-history":[{"count":5,"href":"https:\/\/ambhanoi.esteri.it\/vi\/wp-json\/wp\/v2\/pages\/237\/revisions"}],"predecessor-version":[{"id":721,"href":"https:\/\/ambhanoi.esteri.it\/vi\/wp-json\/wp\/v2\/pages\/237\/revisions\/721"}],"up":[{"embeddable":true,"href":"https:\/\/ambhanoi.esteri.it\/vi\/wp-json\/wp\/v2\/pages\/197"}],"wp:attachment":[{"href":"https:\/\/ambhanoi.esteri.it\/vi\/wp-json\/wp\/v2\/media?parent=237"}],"curies":[{"name":"wp","href":"https:\/\/api.w.org\/{rel}","templated":true}]}}