{"id":235,"date":"2023-09-25T15:22:46","date_gmt":"2023-09-25T08:22:46","guid":{"rendered":"https:\/\/ambhanoi.esteri.it\/servizi-consolari-e-visti\/servizi-per-il-cittadino-italiano\/albo-consolare-e-altri-servizi\/pubblicazioni-albo-consolare\/"},"modified":"2023-10-06T22:20:53","modified_gmt":"2023-10-06T15:20:53","slug":"pubblicazioni-albo-consolare","status":"publish","type":"page","link":"https:\/\/ambhanoi.esteri.it\/vi\/servizi-consolari-e-visti\/servizi-per-il-cittadino-italiano\/albo-consolare-e-altri-servizi\/pubblicazioni-albo-consolare\/","title":{"rendered":"\u1ea4n ph\u1ea9m \u0111\u0103ng k\u00fd l\u00e3nh s\u1ef1"},"content":{"rendered":"\t\t<div id=\"collapseDiv1\" class=\"accordion accordion-background-active\">\r\n\t\t\t\t\t\t<div class=\"accordion-item\">\r\n\t\t\t\t<h2 class=\"accordion-header\" id=\"heading2\">\r\n\t\t\t\t\t<button class=\"accordion-button\" type=\"button\" data-bs-toggle=\"collapse\" data-bs-target=\"#collapse2\" aria-expanded=\"false\" aria-controls=\"collapse2\">\r\n\t\t\t\t\t\tCambioNome\t\t\t\t\t<\/button>\r\n\t\t\t\t<\/h2>\r\n\t\t\t\t<div id=\"collapse2\" class=\"accordion-collapse collapse \" data-bs-parent=\"collapseDiv1\" role=\"region\" aria-labelledby=\"heading2\">\r\n\t\t\t\t\t<div class=\"collapse-body p-2\">\r\n\t\t\t\t\t\t\t\t\t\t\t\t<p>\r\n\t\t\t\t\t\t\tPubblicato il 03-04-2026 -\r\n\t\t\t\t\t\t\t<a href=\"https:\/\/ambhanoi.esteri.it\/wp-content\/uploads\/pubblicazioni\/MIHAILA Du Mi Tri avviso affisione albo consolare.pdf\" title=\"Scarica il documento MIHAILA Du Mi Tri cambio nome\">MIHAILA Du Mi Tri cambio nome<\/a>\r\n\t\t\t\t\t\t<\/p>\r\n\t\t\t\t\t\t\t\t\t\t\t<\/div><!-- \/.collapse-body -->\r\n\t\t\t\t<\/div><!-- \/.accordion-collapse -->\r\n\t\t\t<\/div><!-- \/.accordion-item -->\r\n\t\t\t\t\t<\/div><!-- \/.accordion -->\r\n\t\t\n","protected":false},"excerpt":{"rendered":"","protected":false},"author":1,"featured_media":0,"parent":233,"menu_order":0,"comment_status":"closed","ping_status":"closed","template":"","meta":{"footnotes":""},"class_list":["post-235","page","type-page","status-publish","hentry"],"_links":{"self":[{"href":"https:\/\/ambhanoi.esteri.it\/vi\/wp-json\/wp\/v2\/pages\/235","targetHints":{"allow":["GET"]}}],"collection":[{"href":"https:\/\/ambhanoi.esteri.it\/vi\/wp-json\/wp\/v2\/pages"}],"about":[{"href":"https:\/\/ambhanoi.esteri.it\/vi\/wp-json\/wp\/v2\/types\/page"}],"author":[{"embeddable":true,"href":"https:\/\/ambhanoi.esteri.it\/vi\/wp-json\/wp\/v2\/users\/1"}],"replies":[{"embeddable":true,"href":"https:\/\/ambhanoi.esteri.it\/vi\/wp-json\/wp\/v2\/comments?post=235"}],"version-history":[{"count":1,"href":"https:\/\/ambhanoi.esteri.it\/vi\/wp-json\/wp\/v2\/pages\/235\/revisions"}],"predecessor-version":[{"id":321,"href":"https:\/\/ambhanoi.esteri.it\/vi\/wp-json\/wp\/v2\/pages\/235\/revisions\/321"}],"up":[{"embeddable":true,"href":"https:\/\/ambhanoi.esteri.it\/vi\/wp-json\/wp\/v2\/pages\/233"}],"wp:attachment":[{"href":"https:\/\/ambhanoi.esteri.it\/vi\/wp-json\/wp\/v2\/media?parent=235"}],"curies":[{"name":"wp","href":"https:\/\/api.w.org\/{rel}","templated":true}]}}