{"id":211,"date":"2023-04-11T18:12:24","date_gmt":"2023-04-11T11:12:24","guid":{"rendered":"https:\/\/ambhanoi.esteri.it\/servizi-consolari-e-visti\/servizi-per-il-cittadino-italiano\/"},"modified":"2023-10-18T09:40:09","modified_gmt":"2023-10-18T02:40:09","slug":"servizi-per-il-cittadino-italiano","status":"publish","type":"page","link":"https:\/\/ambhanoi.esteri.it\/vi\/servizi-consolari-e-visti\/servizi-per-il-cittadino-italiano\/","title":{"rendered":"D\u1ecbch v\u1ee5 d\u00e0nh cho c\u00f4ng d\u00e2n \u00dd"},"content":{"rendered":"<h3 class=\"entry-title h3\"><\/h3>\n<p>Vui l\u00f2ng nh\u1ea5p v\u00e0o c\u00e1c menu ph\u1ee5 \u1edf b\u00ean ph\u1ea3i.<\/p>\n","protected":false},"excerpt":{"rendered":"Vui l\u00f2ng nh\u1ea5p v\u00e0o c\u00e1c menu ph\u1ee5 \u1edf b\u00ean ph\u1ea3i.","protected":false},"author":1,"featured_media":0,"parent":197,"menu_order":0,"comment_status":"closed","ping_status":"closed","template":"","meta":{"footnotes":""},"class_list":["post-211","page","type-page","status-publish","hentry"],"_links":{"self":[{"href":"https:\/\/ambhanoi.esteri.it\/vi\/wp-json\/wp\/v2\/pages\/211","targetHints":{"allow":["GET"]}}],"collection":[{"href":"https:\/\/ambhanoi.esteri.it\/vi\/wp-json\/wp\/v2\/pages"}],"about":[{"href":"https:\/\/ambhanoi.esteri.it\/vi\/wp-json\/wp\/v2\/types\/page"}],"author":[{"embeddable":true,"href":"https:\/\/ambhanoi.esteri.it\/vi\/wp-json\/wp\/v2\/users\/1"}],"replies":[{"embeddable":true,"href":"https:\/\/ambhanoi.esteri.it\/vi\/wp-json\/wp\/v2\/comments?post=211"}],"version-history":[{"count":4,"href":"https:\/\/ambhanoi.esteri.it\/vi\/wp-json\/wp\/v2\/pages\/211\/revisions"}],"predecessor-version":[{"id":662,"href":"https:\/\/ambhanoi.esteri.it\/vi\/wp-json\/wp\/v2\/pages\/211\/revisions\/662"}],"up":[{"embeddable":true,"href":"https:\/\/ambhanoi.esteri.it\/vi\/wp-json\/wp\/v2\/pages\/197"}],"wp:attachment":[{"href":"https:\/\/ambhanoi.esteri.it\/vi\/wp-json\/wp\/v2\/media?parent=211"}],"curies":[{"name":"wp","href":"https:\/\/api.w.org\/{rel}","templated":true}]}}