{"id":209,"date":"2023-04-11T17:08:52","date_gmt":"2023-04-11T10:08:52","guid":{"rendered":"https:\/\/ambhanoi.esteri.it\/italia-e-vietnam\/"},"modified":"2023-11-14T10:28:40","modified_gmt":"2023-11-14T03:28:40","slug":"italia-e-vietnam","status":"publish","type":"page","link":"https:\/\/ambhanoi.esteri.it\/vi\/italia-e-vietnam\/","title":{"rendered":"\u00dd v\u00e0 Vi\u1ec7t Nam"},"content":{"rendered":"<h3>Quan h\u1ec7 song ph\u01b0\u01a1ng<\/h3>\n<p>Italia l\u00e0 m\u1ed9t trong n\u01b0\u1edbc ch\u00e2u \u00c2u \u0111\u1ea7u ti\u00ean( th\u00e0nh vi\u00ean c\u1ee7a C\u1ed9ng \u0111\u1ed3ng kinh t\u1ebf c\u00e1c n\u01b0\u1edbc ch\u00e2u \u00c2u) \u0111\u00e3 thi\u1ebft l\u1eadp quan h\u1ec7 ngo\u1ea1i giao v\u1edbi Vi\u1ec7t Nam v\u00e0o ng\u00e0y 23 th\u00e1ng 3 n\u0103m 1973. T\u1eeb th\u1eddi \u0111i\u1ec3m n\u00e0y Italia lu\u00f4n l\u00e0 m\u1ed9t trong nh\u1eefng \u0111\u1ed1i t\u00e1c c\u00f3 c\u01a1 h\u1ed9i h\u00e0n g\u1eafn m\u1ed9t m\u1ed1i quan h\u1ec7 d\u1ef1a tr\u00ean c\u01a1 s\u1edf t\u00ecnh b\u1ea1n v\u00e0 \u0111\u1ed1i tho\u1ea1i.<\/p>\n<p>Trong nh\u1eefng n\u0103m g\u1ea7n \u0111\u00e2y, c\u00e1c m\u1ed1i quan h\u1ec7 song ph\u01b0\u01a1ng \u0111\u00e3 tr\u1edf n\u00ean ng\u00e0y c\u00e0ng b\u1ec1n ch\u1eb7t, \u0111\u1eb7c bi\u1ec7t v\u00e0o n\u0103m 2013, khi hai n\u01b0\u1edbc t\u1ed5 ch\u1ee9c 40 n\u0103m ng\u00e0y thi\u1ebft l\u1eadp quan h\u1ec7 ngo\u1ea1i giao. M\u1ed9t b\u1ea3n hi\u1ec7p \u0111\u1ecbnh v\u1ec1 \u0111\u1ed1i t\u00e1c chi\u1ebfn l\u01b0\u1ee3c \u0111\u00e3 \u0111\u01b0\u1ee3c k\u00ed k\u1ebft t\u1ea1i Roma, m\u1edf ra nhi\u1ec1u c\u01a1 h\u1ed9i m\u1edbi cho s\u1ef1 h\u1ee3p t\u00e1c gi\u1eefa Italia v\u00e0 Vi\u1ec7t Nam tr\u00ean m\u1ecdi l\u0129nh v\u1ef1c.<\/p>\n<p>Trong m\u1ee5c n\u00e0y c\u1ee7a trang web, c\u00e1c b\u1ea1n c\u00f3 th\u1ec3 t\u00ecm th\u1ea5y m\u1ed9t v\u00e0i th\u00f4ng tin ch\u00ednh v\u1ec1 h\u1ee3p t\u00e1c song ph\u01b0\u01a1ng.<\/p>\n<p>*****<\/p>\n<p><em>Tri\u1ec3n l\u00e3m \u1ea3nh &#8220;Italy v\u00e0 Vi\u1ec7t Nam. 50 n\u0103m h\u1eefu ngh\u1ecb v\u00e0 h\u1ee3p t\u00e1c&#8221;<\/em><\/p>\n<p>Nh\u00e2n k\u1ef7 ni\u1ec7m 50 n\u0103m quan h\u1ec7 ngo\u1ea1i giao gi\u1eefa Italia v\u00e0 Vi\u1ec7t Nam, tri\u1ec3n l\u00e3m \u1ea3nh ghi l\u1ea1i m\u1ed9t s\u1ed1 kho\u1ea3nh kh\u1eafc quan tr\u1ecdng nh\u1ea5t trong quan h\u1ec7 gi\u1eefa hai n\u01b0\u1edbc. \u0110\u01b0\u1ee3c gi\u00e1m tuy\u1ec3n b\u1edfi ANSA v\u1edbi s\u1ef1 \u0111\u00f3ng g\u00f3p c\u1ee7a Th\u00f4ng t\u1ea5n x\u00e3 Vi\u1ec7t Nam, tri\u1ec3n l\u00e3m \u0111\u00e3 \u0111\u01b0\u1ee3c khai m\u1ea1c t\u1ea1i Casa Italia, H\u00e0 N\u1ed9i b\u00ean l\u1ec1 Ng\u00e0y C\u1ed9ng h\u00f2a Italia 2023.<\/p>\n<p>Xem tri\u1ec3n l\u00e3m: <a href=\"https:\/\/drive.google.com\/file\/d\/1mKm4pb6fmXjq9omB7vPfz_sfyfKftQD6\/view?usp=sharing\">https:\/\/drive.google.com\/file\/d\/1mKm4pb6fmXjq9omB7vPfz_sfyfKftQD6\/view?usp=sharing<\/a><\/p>\n<p>*****<\/p>\n<p>&nbsp;<\/p>\n<p><a href=\"https:\/\/ambhanoi.esteri.it\/it\/\"><img loading=\"lazy\" decoding=\"async\" class=\"alignnone wp-image-624 img-fluid\" src=\"https:\/\/ambhanoi.esteri.it\/wp-content\/uploads\/2023\/10\/stemma_ambasciata_2-246x300.jpg\" alt=\"\" width=\"141\" height=\"172\" srcset=\"https:\/\/ambhanoi.esteri.it\/wp-content\/uploads\/2023\/10\/stemma_ambasciata_2-246x300.jpg 246w, https:\/\/ambhanoi.esteri.it\/wp-content\/uploads\/2023\/10\/stemma_ambasciata_2.jpg 413w\" sizes=\"auto, (max-width: 141px) 100vw, 141px\" \/><\/a><a href=\"https:\/\/hanoi.aics.gov.it\/\"><img loading=\"lazy\" decoding=\"async\" class=\"alignnone size-medium wp-image-629 img-fluid\" src=\"https:\/\/ambhanoi.esteri.it\/wp-content\/uploads\/2023\/10\/logo_aics_eng_o-n-hanoi-300x42.png\" alt=\"\" width=\"300\" height=\"42\" srcset=\"https:\/\/ambhanoi.esteri.it\/wp-content\/uploads\/2023\/10\/logo_aics_eng_o-n-hanoi-300x42.png 300w, https:\/\/ambhanoi.esteri.it\/wp-content\/uploads\/2023\/10\/logo_aics_eng_o-n-hanoi-768x108.png 768w, https:\/\/ambhanoi.esteri.it\/wp-content\/uploads\/2023\/10\/logo_aics_eng_o-n-hanoi.png 932w\" sizes=\"auto, (max-width: 300px) 100vw, 300px\" \/><\/a><a href=\"https:\/\/www.uni-italia.net\/uni-italia-in-vietnam\"><img loading=\"lazy\" decoding=\"async\" class=\"alignnone wp-image-630 img-fluid\" src=\"https:\/\/ambhanoi.esteri.it\/wp-content\/uploads\/2023\/10\/logo_uni-italia_2023-300x86.png\" alt=\"\" width=\"136\" height=\"39\" srcset=\"https:\/\/ambhanoi.esteri.it\/wp-content\/uploads\/2023\/10\/logo_uni-italia_2023-300x86.png 300w, https:\/\/ambhanoi.esteri.it\/wp-content\/uploads\/2023\/10\/logo_uni-italia_2023.png 700w\" sizes=\"auto, (max-width: 136px) 100vw, 136px\" \/><\/a><a href=\"https:\/\/conshochiminh.esteri.it\/consolato_hochiminh\/en\/\"><img loading=\"lazy\" decoding=\"async\" class=\"alignnone wp-image-635 img-fluid\" src=\"https:\/\/ambhanoi.esteri.it\/wp-content\/uploads\/2023\/10\/stemma-cg-300x198.jpg\" alt=\"\" width=\"171\" height=\"113\" srcset=\"https:\/\/ambhanoi.esteri.it\/wp-content\/uploads\/2023\/10\/stemma-cg-300x198.jpg 300w, https:\/\/ambhanoi.esteri.it\/wp-content\/uploads\/2023\/10\/stemma-cg.jpg 401w\" sizes=\"auto, (max-width: 171px) 100vw, 171px\" \/><\/a><a href=\"https:\/\/www.ice.it\/en\/\"><img loading=\"lazy\" decoding=\"async\" class=\"alignnone wp-image-636 img-fluid\" src=\"https:\/\/ambhanoi.esteri.it\/wp-content\/uploads\/2023\/10\/ice.png\" alt=\"\" width=\"99\" height=\"41\" \/><\/a><a href=\"https:\/\/icham.org\/vi\/trang-chu\"><img loading=\"lazy\" decoding=\"async\" class=\"alignnone wp-image-638 img-fluid\" src=\"https:\/\/ambhanoi.esteri.it\/wp-content\/uploads\/2023\/10\/logo_icham_header-300x100.png\" alt=\"\" width=\"105\" height=\"35\" srcset=\"https:\/\/ambhanoi.esteri.it\/wp-content\/uploads\/2023\/10\/logo_icham_header-300x100.png 300w, https:\/\/ambhanoi.esteri.it\/wp-content\/uploads\/2023\/10\/logo_icham_header.png 600w\" sizes=\"auto, (max-width: 105px) 100vw, 105px\" \/><\/a><\/p>\n","protected":false},"excerpt":{"rendered":"Quan h\u1ec7 song ph\u01b0\u01a1ng Italia l\u00e0 m\u1ed9t trong n\u01b0\u1edbc ch\u00e2u \u00c2u \u0111\u1ea7u ti\u00ean( th\u00e0nh vi\u00ean c\u1ee7a C\u1ed9ng \u0111\u1ed3ng kinh t\u1ebf c\u00e1c n\u01b0\u1edbc ch\u00e2u \u00c2u) \u0111\u00e3 thi\u1ebft l\u1eadp quan h\u1ec7 ngo\u1ea1i giao v\u1edbi Vi\u1ec7t Nam v\u00e0o ng\u00e0y 23 th\u00e1ng 3 n\u0103m 1973. T\u1eeb th\u1eddi \u0111i\u1ec3m n\u00e0y Italia lu\u00f4n l\u00e0 m\u1ed9t trong nh\u1eefng \u0111\u1ed1i t\u00e1c c\u00f3 c\u01a1 [&hellip;]","protected":false},"author":1,"featured_media":0,"parent":0,"menu_order":4,"comment_status":"closed","ping_status":"closed","template":"","meta":{"footnotes":""},"class_list":["post-209","page","type-page","status-publish","hentry"],"_links":{"self":[{"href":"https:\/\/ambhanoi.esteri.it\/vi\/wp-json\/wp\/v2\/pages\/209","targetHints":{"allow":["GET"]}}],"collection":[{"href":"https:\/\/ambhanoi.esteri.it\/vi\/wp-json\/wp\/v2\/pages"}],"about":[{"href":"https:\/\/ambhanoi.esteri.it\/vi\/wp-json\/wp\/v2\/types\/page"}],"author":[{"embeddable":true,"href":"https:\/\/ambhanoi.esteri.it\/vi\/wp-json\/wp\/v2\/users\/1"}],"replies":[{"embeddable":true,"href":"https:\/\/ambhanoi.esteri.it\/vi\/wp-json\/wp\/v2\/comments?post=209"}],"version-history":[{"count":6,"href":"https:\/\/ambhanoi.esteri.it\/vi\/wp-json\/wp\/v2\/pages\/209\/revisions"}],"predecessor-version":[{"id":1145,"href":"https:\/\/ambhanoi.esteri.it\/vi\/wp-json\/wp\/v2\/pages\/209\/revisions\/1145"}],"wp:attachment":[{"href":"https:\/\/ambhanoi.esteri.it\/vi\/wp-json\/wp\/v2\/media?parent=209"}],"curies":[{"name":"wp","href":"https:\/\/api.w.org\/{rel}","templated":true}]}}