{"id":207,"date":"2023-04-11T18:23:52","date_gmt":"2023-04-11T11:23:52","guid":{"rendered":"https:\/\/ambhanoi.esteri.it\/diplomazia-economica\/fare-affari-in-vietnam\/"},"modified":"2023-11-08T16:23:30","modified_gmt":"2023-11-08T09:23:30","slug":"fare-affari-in-vietnam","status":"publish","type":"page","link":"https:\/\/ambhanoi.esteri.it\/vi\/italia-e-vietnam\/diplomazia-economica\/fare-affari-in-vietnam\/","title":{"rendered":"Kinh doanh t\u1ea1i Vi\u1ec7t Nam"},"content":{"rendered":"<p>B\u1ed9 ph\u1eadn Kinh t\u1ebf-Th\u01b0\u01a1ng m\u1ea1i c\u1ee7a \u0110\u1ea1i s\u1ee9 qu\u00e1n Italia t\u1ea1i H\u00e0 N\u1ed9i cung c\u1ea5p t\u1ed5ng quan v\u1ec1 t\u00ecnh h\u00ecnh kinh t\u1ebf v\u0129 m\u00f4 v\u00e0 ch\u00ednh tr\u1ecb \u1edf Vi\u1ec7t Nam v\u00e0 quan t\u00e2m \u0111\u1ebfn l\u1ee3i \u00edch kinh t\u1ebf-th\u01b0\u01a1ng m\u1ea1i c\u1ee7a Italia v\u1edbi c\u00e1c th\u1ec3 ch\u1ebf c\u00f4ng c\u1ee7a Vi\u1ec7t Nam. B\u1ed9 ph\u1eadn ho\u1ea1t \u0111\u1ed9ng v\u1edbi s\u1ef1 c\u1ed9ng t\u00e1c c\u1ee7a T\u1ed5ng L\u00e3nh s\u1ef1 qu\u00e1n v\u00e0 V\u0103n ph\u00f2ng ICE t\u1ea1i TP.HCM, c\u0169ng nh\u01b0 v\u1edbi Ph\u00f2ng Th\u01b0\u01a1ng m\u1ea1i Italia t\u1ea1i Vi\u1ec7t Nam (ICHAM).<\/p>\n<p>B\u1ed9 ph\u1eadn th\u01b0\u01a1ng m\u1ea1i g\u1eedi b\u1ea3n tin \u0111\u1ecbnh k\u1ef3 t\u1edbi c\u00e1c c\u00f4ng ty Italia t\u1ea1i Vi\u1ec7t Nam. \u0110\u1ec3 \u0111\u0103ng k\u00fd nh\u1eadn b\u1ea3n tin, vui l\u00f2ng g\u1eedi th\u00f4ng tin li\u00ean h\u1ec7 \u0111\u1ebfn \u0111\u1ecba ch\u1ec9 email <a href=\"mailto:commerciale.hanoi@esteri.it\">commerciale.hanoi@esteri.it<\/a><\/p>\n<p><strong>\u0110\u1ec3 y\u00eau c\u1ea7u h\u1ed7 tr\u1ee3 ho\u1eb7c th\u00f4ng tin, vui l\u00f2ng li\u00ean h\u1ec7 v\u1edbi <\/strong><strong>B\u1ed9 ph\u1eadn <\/strong><strong>Th\u01b0\u01a1ng m\u1ea1i b\u1eb1ng c\u00e1ch nh\u1ea5n v\u00e0o \u0111\u00e2y.<\/strong><\/p>\n<p><strong>Ngo\u00e0i ra ch\u00fang t\u00f4i m\u1eddi b\u1ea1n tham kh\u1ea3o c\u00e1c trang web sau:<br \/>\n<\/strong><\/p>\n<p>&nbsp;<\/p>\n<p><a class=\"focus--mouse\" href=\"https:\/\/www.esteri.it\/it\/diplomazia-economica-e-politica-commerciale\/\" data-focus-mouse=\"true\"><img loading=\"lazy\" decoding=\"async\" class=\"alignnone wp-image-647 img-fluid\" src=\"https:\/\/ambhanoi.esteri.it\/wp-content\/uploads\/2023\/10\/untitled-300x83.png\" sizes=\"auto, (max-width: 195px) 100vw, 195px\" srcset=\"https:\/\/ambhanoi.esteri.it\/wp-content\/uploads\/2023\/10\/untitled-300x83.png 300w, https:\/\/ambhanoi.esteri.it\/wp-content\/uploads\/2023\/10\/untitled.png 426w\" alt=\"\" width=\"195\" height=\"54\" \/><\/a><\/p>\n<p><a href=\"https:\/\/www.infomercatiesteri.it\/paese.php?id_paesi=143\"><img loading=\"lazy\" decoding=\"async\" class=\"alignnone wp-image-649 img-fluid\" src=\"https:\/\/ambhanoi.esteri.it\/wp-content\/uploads\/2023\/10\/infomercatiesteri-300x149.png\" sizes=\"auto, (max-width: 165px) 100vw, 165px\" srcset=\"https:\/\/ambhanoi.esteri.it\/wp-content\/uploads\/2023\/10\/infomercatiesteri-300x149.png 300w, https:\/\/ambhanoi.esteri.it\/wp-content\/uploads\/2023\/10\/infomercatiesteri.png 318w\" alt=\"\" width=\"165\" height=\"82\" \/><\/a><\/p>\n<p><a href=\"https:\/\/www.ice.it\/it\/mercati\/vietnam\/ho-chi-minh-city\"><img loading=\"lazy\" decoding=\"async\" class=\"alignnone wp-image-636 img-fluid\" src=\"https:\/\/ambhanoi.esteri.it\/wp-content\/uploads\/2023\/10\/ice.png\" alt=\"\" width=\"152\" height=\"63\" \/><\/a><\/p>\n<p><strong>\u00a0<\/strong><\/p>\n<p>C\u00e1c trang web Vi\u1ec7t Nam b\u1eb1ng ti\u1ebfng Anh:<\/p>\n<p>\u2013 C\u1ed5ng Th\u00f4ng tin Ch\u00ednh ph\u1ee7\u00a0 Vi\u1ec7t\u00a0 Nam:<a href=\"https:\/\/vietnam.gov.vn\/\"> https:\/\/vietnam.gov.vn\/<\/a><\/p>\n<p>\u2013 B\u1ed9 C\u00f4ng Th\u01b0\u01a1ng (MOIT): <a href=\"https:\/\/moit.gov.vn\/en\">https:\/\/moit.gov.vn\/en<\/a><\/p>\n<p>\u2013 B\u1ed9 K\u1ebf ho\u1ea1ch \u0110\u1ea7u t\u01b0: <a href=\"http:\/\/www.mpi.gov.vn\/en\/Pages\/default.aspx\">http:\/\/www.mpi.gov.vn\/en\/Pages\/default.aspx<\/a><\/p>\n<p>\u2013 C\u1ed5ng th\u00f4ng tin C\u1ee5c \u0111\u1ea7u t\u01b0 n\u01b0\u1edbc ngo\u00e0i c\u1ee7a B\u1ed9 K\u1ebf ho\u1ea1ch \u0110\u1ea7u t\u01b0: <a href=\"http:\/\/fia.mpi.gov.vn\/Home\/en\">http:\/\/fia.mpi.gov.vn\/Home\/en<\/a><\/p>\n<p>\u2013 C\u1ed5ng th\u00f4ng tin c\u1ee7a B\u1ed9 K\u1ebf ho\u1ea1ch \u0110\u1ea7u t\u01b0\u00a0 v\u1ec1 th\u1ee7 t\u1ee5c \u0111\u1ea7u t\u01b0 n\u01b0\u1edbc ngo\u00e0i t\u1ea1i m\u1ed9t s\u1ed1 t\u1ec9nh: <a href=\"https:\/\/vietnam.eregulations.org\/\">https:\/\/vietnam.eregulations.org\/<\/a>\u00a0\u2013 <a href=\"http:\/\/ppp.mpi.gov.vn\/en\/Pages\/default.aspx\">http:\/\/ppp.mpi.gov.vn\/en\/Pages\/default.aspx<\/a><\/p>\n<p>\u2013 C\u1ee5c S\u1edf h\u1eefu Tr\u00ed tu\u1ec7 Qu\u1ed1c gia: <a href=\"http:\/\/www.noip.gov.vn\/web\/noip\/home\/en\">http:\/\/www.noip.gov.vn\/web\/noip\/home\/en<\/a><\/p>\n<p>\u2013 T\u1ed5ng C\u1ee5c Du l\u1ecbch: <a href=\"http:\/\/www.vietnamtourism.gov.vn\/english\/\">http:\/\/www.vietnamtourism.gov.vn\/english\/<\/a><\/p>\n<p>\u2013 T\u1ed5ng C\u1ee5c Th\u1ed1ng k\u00ea: <a href=\"http:\/\/www.gso.gov.vn\/\">http:\/\/www.gso.gov.vn\/<\/a><\/p>\n<p>&nbsp;<\/p>\n","protected":false},"excerpt":{"rendered":"B\u1ed9 ph\u1eadn Kinh t\u1ebf-Th\u01b0\u01a1ng m\u1ea1i c\u1ee7a \u0110\u1ea1i s\u1ee9 qu\u00e1n Italia t\u1ea1i H\u00e0 N\u1ed9i cung c\u1ea5p t\u1ed5ng quan v\u1ec1 t\u00ecnh h\u00ecnh kinh t\u1ebf v\u0129 m\u00f4 v\u00e0 ch\u00ednh tr\u1ecb \u1edf Vi\u1ec7t Nam v\u00e0 quan t\u00e2m \u0111\u1ebfn l\u1ee3i \u00edch kinh t\u1ebf-th\u01b0\u01a1ng m\u1ea1i c\u1ee7a Italia v\u1edbi c\u00e1c th\u1ec3 ch\u1ebf c\u00f4ng c\u1ee7a Vi\u1ec7t Nam. B\u1ed9 ph\u1eadn ho\u1ea1t \u0111\u1ed9ng v\u1edbi s\u1ef1 [&hellip;]","protected":false},"author":1,"featured_media":0,"parent":178,"menu_order":1,"comment_status":"closed","ping_status":"closed","template":"","meta":{"footnotes":""},"class_list":["post-207","page","type-page","status-publish","hentry"],"_links":{"self":[{"href":"https:\/\/ambhanoi.esteri.it\/vi\/wp-json\/wp\/v2\/pages\/207","targetHints":{"allow":["GET"]}}],"collection":[{"href":"https:\/\/ambhanoi.esteri.it\/vi\/wp-json\/wp\/v2\/pages"}],"about":[{"href":"https:\/\/ambhanoi.esteri.it\/vi\/wp-json\/wp\/v2\/types\/page"}],"author":[{"embeddable":true,"href":"https:\/\/ambhanoi.esteri.it\/vi\/wp-json\/wp\/v2\/users\/1"}],"replies":[{"embeddable":true,"href":"https:\/\/ambhanoi.esteri.it\/vi\/wp-json\/wp\/v2\/comments?post=207"}],"version-history":[{"count":3,"href":"https:\/\/ambhanoi.esteri.it\/vi\/wp-json\/wp\/v2\/pages\/207\/revisions"}],"predecessor-version":[{"id":944,"href":"https:\/\/ambhanoi.esteri.it\/vi\/wp-json\/wp\/v2\/pages\/207\/revisions\/944"}],"up":[{"embeddable":true,"href":"https:\/\/ambhanoi.esteri.it\/vi\/wp-json\/wp\/v2\/pages\/178"}],"wp:attachment":[{"href":"https:\/\/ambhanoi.esteri.it\/vi\/wp-json\/wp\/v2\/media?parent=207"}],"curies":[{"name":"wp","href":"https:\/\/api.w.org\/{rel}","templated":true}]}}