{"id":203,"date":"2023-04-11T18:01:19","date_gmt":"2023-04-11T11:01:19","guid":{"rendered":"https:\/\/ambhanoi.esteri.it\/chi-siamo\/gli-uffici\/"},"modified":"2026-01-29T10:00:10","modified_gmt":"2026-01-29T03:00:10","slug":"gli-uffici","status":"publish","type":"page","link":"https:\/\/ambhanoi.esteri.it\/vi\/chi-siamo\/gli-uffici\/","title":{"rendered":"C\u00e1c v\u0103n ph\u00f2ng"},"content":{"rendered":"<p><strong>T\u1ed5ng \u0111\u00e0i<\/strong>\u00a0:\u00a0+84 24 38256256<\/p>\n<p><strong>Fax<\/strong>:\u00a0+84 24 38267602<\/p>\n<p><strong>E-mail:<\/strong>\u00a0xem th\u00f4ng tin \u1edf\u00a0m\u1ee5c c\u00e1c v\u0103n ph\u00f2ng.<\/p>\n<p>C\u00e1c c\u00e2u h\u1ecfi chung:\u00a0<a href=\"mailto:ambasciata.hanoi@esteri.it\">ambasciata.hanoi@esteri.it<\/a><\/p>\n<p><strong>PEC<\/strong>\u00a0<strong>(Th\u01b0 \u0111i\u1ec7n t\u1eed c\u00f3 x\u00e1c nh\u1eadn):<\/strong>\u00a0<a href=\"mailto:amb.hanoi@cert.esteri.it\">amb.hanoi@cert.esteri.it<\/a>\u00a0(\u0110\u1ecba ch\u1ec9 cho ph\u00e9p nh\u1eadn th\u01b0 PEC \u2013 th\u01b0 \u0111i\u1ec7n t\u1eed b\u1ea3o \u0111\u1ea3m)<\/p>\n<p>******************************************************************<\/p>\n<p><strong>Ph\u00f2ng \u0110\u1ea1i s\u1ee9: <\/strong><\/p>\n<p><strong>\u0110i\u1ec7n tho\u1ea1i: <\/strong><strong>+84 24 38256256<\/strong><strong>\u00a0s\u1ed1 n\u1ed9i b\u1ed9 104<\/strong>;<\/p>\n<p>B\u00d9I Th\u1ecb Ph\u01b0\u01a1ng Nga (Nh\u00e2n vi\u00ean h\u1ee3p \u0111\u1ed3ng)<\/p>\n<p>email:\u00a0<a href=\"mailto:segreteria1.hanoi@esteri.it\">segreteria1.hanoi@esteri.it<\/a>;<\/p>\n<p>&nbsp;<\/p>\n<p><strong>Ph\u00f2ng Ch\u00ednh tr\u1ecb, V\u0103n h\u00f3a v\u00e0 B\u00e1o ch\u00ed<\/strong><\/p>\n<p><strong>\u0110i\u1ec7n tho\u1ea1i\u00a0+84 24 38256256\u00a0s\u1ed1 n\u1ed9i b\u1ed9\u00a0104; 116<\/strong><\/p>\n<p>&nbsp;<\/p>\n<p>B\u00ed th\u01b0 Th\u1ee9 Nh\u1ea5t Mattia FARRIS (Tr\u01b0\u1edfng ph\u00f2ng Ch\u00ednh tr\u1ecb, V\u0103n h\u00f3a v\u00e0 B\u00e1o ch\u00ed)<\/p>\n<p>email:\u00a0<a href=\"mailto:culturale.hanoi@esteri.it\">culturale.hanoi@esteri.it<\/a>;<\/p>\n<p>&nbsp;<\/p>\n<p>NGUYEN Quynh Lien (Nh\u00e2n vi\u00ean h\u1ee3p \u0111\u1ed3ng)<\/p>\n<p>\u0110i\u1ec7n tho\u1ea1i\u00a0+84 24 38256256, s\u1ed1 n\u1ed9i b\u1ed9 116; email:\u00a0<a href=\"mailto:culturale.hanoi@esteri.it\">culturale.hanoi@esteri.it<\/a>;<\/p>\n<p>&nbsp;<\/p>\n<p><strong>Ph\u00f2ng\u00a0Kinh t\u1ebf v\u00e0 Th\u01b0\u01a1ng<\/strong>\u00a0<strong>m\u1ea1i<\/strong><\/p>\n<p><strong>\u0110i\u1ec7n tho\u1ea1i\u00a0<\/strong><strong>+84 24 38256256 \u2013<\/strong>\u00a0<strong>s\u1ed1 n\u1ed9i b\u1ed9 117\/131<\/strong>;<\/p>\n<p>&nbsp;<\/p>\n<p>B\u00ed th\u01b0 Th\u1ee9 Nh\u1ea5t Marco SARACCO (Tr\u01b0\u1edfng ph\u00f2ng Th\u01b0\u01a1ng m\u1ea1i)<\/p>\n<p>email <a href=\"mailto:commerciale.hanoi@esteri.it\">commerciale.hanoi@esteri.it<\/a><\/p>\n<p>&nbsp;<\/p>\n<p>Guglielmo CAGGIANO (T\u00f9y vi\u00ean th\u01b0\u01a1ng m\u1ea1i)<\/p>\n<p>email\u00a0<a href=\"mailto:commerciale.hanoi@esteri.it\">commerciale.hanoi@esteri.it<\/a><\/p>\n<p>&nbsp;<\/p>\n<p>NGUY\u1ec4N Th\u1ecb Thu Giang (Nh\u00e2n vi\u00ean h\u1ee3p \u0111\u1ed3ng)<\/p>\n<p>e-mail:\u00a0<a href=\"mailto:commerciale.hanoi@esteri.it\">commerciale.hanoi@esteri.it<\/a><\/p>\n<p>&nbsp;<\/p>\n<p><strong>Ph\u00f2ng L\u00e3nh s\u1ef1 v\u00e0 Visa<\/strong><\/p>\n<p><strong>\u0110i\u1ec7n tho\u1ea1i\u00a0<\/strong><strong>+84 24 38256256 \u2013<\/strong><strong>\u00a0n\u1ed9i b\u1ed9 120\/115<\/strong><\/p>\n<p>Simona BASTONI (Tu\u1ef3 vi\u00ean L\u00e3nh s\u1ef1) email:\u00a0<a href=\"mailto:consolare.hanoi@esteri.it\">consolare.hanoi@esteri.it<\/a>\u00a0\/\u00a0<a href=\"mailto:visti.hanoi@esteri.it\">visti.hanoi@esteri.it<\/a><\/p>\n<p>Emiliano MENCUCCI (Tu\u1ef3 vi\u00ean L\u00e3nh s\u1ef1) email: <a href=\"mailto:consolare.hanoi@esteri.it\">consolare.hanoi@esteri.it<\/a>\u00a0\/\u00a0<a href=\"mailto:visti.hanoi@esteri.it\">visti.hanoi@esteri.it<\/a><\/p>\n<p>NGUY\u1ec4N Thanh H\u01b0\u01a1ng (Nh\u00e2n vi\u00ean h\u1ee3p \u0111\u1ed3ng) email:\u00a0<a href=\"mailto:consolare1.hanoi@esteri.it\">consolare1.hanoi@esteri.it<\/a>\u00a0\/\u00a0<a href=\"mailto:visti.hanoi@esteri.it\">visti.hanoi@esteri.it<\/a>;<\/p>\n<p>NGUY\u1ec4N Mai Hoa (Nh\u00e2n vi\u00ean h\u1ee3p \u0111\u1ed3ng) email:\u00a0<a href=\"mailto:consolare1.hanoi@esteri.it\">consolare1.hanoi@esteri.it<\/a>\u00a0\/\u00a0<a href=\"mailto:visti.hanoi@esteri.it\">visti.hanoi@esteri.it<\/a><\/p>\n<p><em>Gi\u1edd m\u1edf c\u1eeda ti\u1ebfp kh\u00e1ch c\u1ee7a Ph\u00f2ng L\u00e3nh s\u1ef1:<\/em><\/p>\n<p><strong>L\u01b0u \u00fd: Ph\u00f2ng L\u00e3nh s\u1ef1 ch\u1ec9 m\u1edf c\u1eeda ti\u1ebfp kh\u00e1ch theo l\u1ecbch h\u1eb9n,\u00a0 tr\u1eeb tr\u01b0\u1eddng h\u1ee3p kh\u00e1ch \u0111\u1ebfn l\u00e0m Gi\u1ea5y ch\u1ee9ng nh\u1eadn c\u00f2n \u0111ang t\u1ed3n t\u1ea1i v\u00e0 c\u00e1c d\u1ecbch v\u1ee5 b\u1ea7u c\u1eed.<\/strong><\/p>\n<p><strong>\u0110\u1ec3 \u0111\u1eb7t h\u1eb9n, y\u00eau c\u1ea7u \u0111\u01b0\u01a1ng s\u1ef1 g\u1eedi e- mail tr\u01b0\u1edbc \u00edt nh\u1ea5t 1 tu\u1ea7n qua h\u00f2m th\u01b0:\u00a0<\/strong><a href=\"mailto:consolare.hanoi@esteri.it\"><strong>consolare.hanoi@esteri.it<\/strong><\/a><\/p>\n<p>Th\u1ee9 Hai, th\u1ee9 Ba, th\u1ee9 N\u0103m, th\u1ee9 S\u00e1u: m\u1edf c\u1ee7a t\u1eeb 9.30 \u0111\u1ebfn 12.30<\/p>\n<p>Th\u1ee9 T\u01b0:\u00a0 m\u1edf c\u1eeda t\u1eeb 14.00 \u0111\u1ebfn 16.00<\/p>\n<p>&nbsp;<\/p>\n<p><em>Gi\u1edd m\u1edf c\u1eeda ti\u1ebfp kh\u00e1ch c\u1ee7a Ph\u00f2ng Visa:<\/em><\/p>\n<p><strong>L\u01b0u \u00fd: Ph\u00f2ng Visa ch\u1ec9 m\u1edf c\u1eeda ti\u1ebfp kh\u00e1ch theo l\u1ecbch h\u1eb9n.<\/strong><\/p>\n<p><strong>\u0110\u1ec3 \u0111\u1eb7t h\u1eb9n, y\u00eau c\u1ea7u \u0111\u01b0\u01a1ng s\u1ef1 g\u1eedi email tr\u01b0\u1edbc \u00edt nh\u1ea5t 1 tu\u1ea7n qua h\u00f2m th\u01b0\u00a0<\/strong><a href=\"mailto:visti.hanoi@esteri.it\"><strong>visti.hanoi@esteri.it<\/strong><\/a><\/p>\n<p>Gi\u1edd m\u1edf c\u1eeda nh\u1eadn \u0111\u01a1n xin c\u1ea5p visa v\u00e0 l\u1ea5y k\u1ebft qu\u1ea3 visa: th\u1ee9 Ba v\u00e0 th\u1ee9 N\u0103m m\u1edf c\u1eeda t\u1eeb 9.300 \u0111\u1ebfn 12.00.<\/p>\n<p>&nbsp;<\/p>\n<p><strong>Ph\u00f2ng H\u00e0nh ch\u00ednh<\/strong><\/p>\n<p><strong>\u0110i\u1ec7n tho\u1ea1i\u00a0<\/strong><strong>+84 24 38256256 \u2013 s\u1ed1\u00a0<\/strong><strong>n\u1ed9i b\u1ed9 106<\/strong><\/p>\n<p>&nbsp;<\/p>\n<p>Nicola DI TULLIO (K\u1ebf to\u00e1n) e-mail:\u00a0<a href=\"mailto:amministrativo.hanoi@esteri.it\">amministrativo.hanoi@esteri.it<\/a><\/p>\n<p>NGUY\u1ec4N Vi\u1ebft L\u01b0\u1ee3ng (Nh\u00e2n vi\u00ean h\u1ee3p \u0111\u1ed3ng) email:\u00a0<a href=\"mailto:amministrativo.hanoi@esteri.it\">amministrativo.hanoi@esteri.it<\/a>;<\/p>\n<p>&nbsp;<\/p>\n<p><strong>Ph\u1ee5 tr\u00e1ch li\u00ean l\u1ea1c \u0111i\u1ec7n t\u00edn<\/strong><\/p>\n<p><strong>\u0110i\u1ec7n tho\u1ea1i +84 24 38256256 \u2013 s\u1ed1 n\u1ed9i b\u1ed9 118\/130<\/strong><\/p>\n<p>Antonio RAIMO (qu\u1ea3n l\u00fd CNTT) e-mail: <a href=\"mailto:hanoi.informatica@esteri.it\">hanoi.informatica@esteri.it<\/a><\/p>\n<p>Tatiana CAGIL (Luu Tru) e-mail:\u00a0<a href=\"mailto:archivio.hanoi@esteri.it\">archivio.hanoi@esteri.it<\/a><\/p>\n<p>&nbsp;<\/p>\n<p><strong>Ph\u00f2ng Khoa h\u1ecdc<\/strong><strong>\u00a0 +84 24 38256256 \u2013 s\u1ed1 n\u1ed9i b\u1ed9 108\/127<\/strong><\/p>\n<p>Prof. Marco ABBIATI (C\u00e1n B\u1ed9 khoa H\u1ecdc)\u00a0 e-mail: <a href=\"mailto:hanoi.scienza@esteri.it\">hanoi.scienza@esteri.it<\/a><\/p>\n<p>Renzo MORO (Chuy\u00ean gia N\u00f4ng nghi\u1ec7p- Ki\u1ec3m d\u1ecbch th\u1ef1c v\u1eadt) e-mail: <a href=\"mailto:hanoi.agricoltura@esteri.it\">hanoi.agricoltura@esteri.it<\/a><\/p>\n<p>NGUYEN Than Mai e-mail:\u00a0<a href=\"mailto:hanoi.agricoltura@esteri.it\">hanoi.agricoltura@esteri.it<\/a> \/ hanoi.scienza@esteri.it<\/p>\n<p>&nbsp;<\/p>\n<p><strong>T\u00f9y vi\u00ean Qu\u00e2n s\u1ef1<\/strong><\/p>\n<p>C.V. Luigi DEL MONACO<\/p>\n<p><a href=\"https:\/\/ambkualalumpur.esteri.it\/ambasciata_kualalumpur\/it\">Tr\u1ee5 s\u1edf t\u1ea1i \u0110\u1ea1i s\u1ee9 qu\u00e1n Italia \u1edf Malaysia<\/a>\u00a09th Floor, Wisma Sin Heap Lee 346, Jalan Tun Razak \u2013 50400 Kuala Lumpur (Malaysia) \u0110i\u1ec7n tho\u1ea1i: +60 3 21645420 \u2013 fax:\u00a0+60 3 21646802\u00a0E-mail:\u00a0<a href=\"mailto:difeitalia.kualalumpur@smd.difesa.it\">difeitalia.kualalumpur@smd.difesa.it<\/a><\/p>\n<p>&nbsp;<\/p>\n<p><strong>B\u1ed9 ph\u1eadn H\u1ee3p t\u00e1c Ph\u00e1t tri\u1ec3n t\u1ea1i H\u00e0 N\u1ed9i \u2013 AICS<\/strong><\/p>\n<p>LPB Tower, 20th Floor, 210 Tran Quang Khai, Hanoi<\/p>\n<p>\u0110I\u1ec7n tho\u1ea1i: +84 (0)2473011886 (ext. 109)<\/p>\n<p>E-mail:\u00a0<a href=\"mailto:hanoi@aics.gov.it\">hanoi@aics.gov.it<\/a><\/p>\n<p>Quy\u1ec1n Gi\u00e1m \u0111\u1ed1c: Margherita LULLI\u00a0<a href=\"https:\/\/hanoi.aics.gov.it\/\">https:\/\/hanoi.aics.gov.it\/<\/a><\/p>\n<p><strong>Italian Trade and Investment Agency \u2013ICE<\/strong><\/p>\n<p>Saigon Trade Center \u2013 floor 22, unit 2205 \u2013 37 Ton Duc Thang street, Ben Nghe Ward, district 1, Ho Chi Minh City<\/p>\n<p>\u0110I\u1ec7n tho\u1ea1i: +84 28\/38228813 \/ Fax: +84 28\/38228814<\/p>\n<p>E-mail: <a href=\"mailto:hochiminh@ice.it\">hochiminh@ice.it<\/a><\/p>\n<p>Gi\u00e1m \u0111\u1ed1c: Ti\u1ebfn s\u0129 Ilaria PICCINNI<\/p>\n<p><strong>\u00a0<\/strong><\/p>\n<p><strong>Ph\u1ee5 tr\u00e1ch An ninh<\/strong><\/p>\n<p>Giorgio BUTINI<\/p>\n<p><a href=\"https:\/\/ambbangkok.esteri.it\/Ambasciata_Bangkok\/en\/\">Tr\u1ee5 s\u1edf t\u1ea1i \u0110\u1ea1i s\u1ee9 qu\u00e1n Italia \u1edf Th\u00e1i Lan<\/a>\u00a014th Fl., Bubhajit Building, 20 North Sathorn Rd, Silom, Bangrak, 10500 Bangkok (Thailandia)<\/p>\n<p>\u0110i\u1ec7n tho\u1ea1i\u00a0&amp; Fax: +66 026339396<\/p>\n<p><strong>\u00a0<\/strong><\/p>\n<p><strong>T\u00f9y vi\u00ean T\u00e0i ch\u00ednh c\u1ee7a Ng\u00e2n h\u00e0ng Italia<\/strong><\/p>\n<p>Pietro GINEFRA<\/p>\n<p><a href=\"https:\/\/ambsingapore.esteri.it\/ambasciata_singapore\/en\">Tr\u1ee5 s\u1edf t\u1ea1i \u0110\u1ea1i s\u1ee9 qu\u00e1n Italia \u1edf Singapore<\/a>\u00a0101 Thomson Road, #27-02 United Square, Singapore<\/p>\n<p>\u0110I\u1ec7n tho\u1ea1i: +65 62506022 \u2013 Fax: +6562533301<\/p>\n<p>&nbsp;<\/p>\n<p>*********************************************<\/p>\n<p><strong>L\u1ecaCH NGH\u1ec8 L\u1ec4 N\u0102M <span style=\"text-decoration: underline;\">2026<\/span>:<\/strong><\/p>\n<ul>\n<li>1 th\u00e1ng 1: N\u0103m m\u1edbi<\/li>\n<li>16 th\u00e1ng 2: \u0110\u00eam giao th\u1eeba, T\u1ebft Nguy\u00ean \u0111\u00e1n<\/li>\n<li>17 th\u00e1ng 2: T\u1ebft<\/li>\n<li>18 th\u00e1ng 2: T\u1ebft<\/li>\n<li>26 th\u00e1ng 4: Gi\u1ed7 T\u1ed5 H\u00f9ng V\u01b0\u01a1ng<\/li>\n<li>30 th\u00e1ng 4: Ng\u00e0y Th\u1ed1ng nh\u1ea5t \u0110\u1ea5t n\u01b0\u1edbc<\/li>\n<li>1 th\u00e1ng 5: Ng\u00e0y lao \u0111\u1ed9ng<\/li>\n<li>2 th\u00e1ng 6: Qu\u1ed1c kh\u00e1nh C\u1ed9ng h\u00f2a \u00dd<\/li>\n<li>2 th\u00e1ng 9: Qu\u1ed1c kh\u00e1nh C\u1ed9ng h\u00f2a Vi\u1ec7t Nam<\/li>\n<li>25 th\u00e1ng 12: Gi\u00e1ng sinh<\/li>\n<li>26 th\u00e1ng 12: Th\u00e1nh Stephen<\/li>\n<\/ul>\n","protected":false},"excerpt":{"rendered":"T\u1ed5ng \u0111\u00e0i\u00a0:\u00a0+84 24 38256256 Fax:\u00a0+84 24 38267602 E-mail:\u00a0xem th\u00f4ng tin \u1edf\u00a0m\u1ee5c c\u00e1c v\u0103n ph\u00f2ng. C\u00e1c c\u00e2u h\u1ecfi chung:\u00a0ambasciata.hanoi@esteri.it PEC\u00a0(Th\u01b0 \u0111i\u1ec7n t\u1eed c\u00f3 x\u00e1c nh\u1eadn):\u00a0amb.hanoi@cert.esteri.it\u00a0(\u0110\u1ecba ch\u1ec9 cho ph\u00e9p nh\u1eadn th\u01b0 PEC \u2013 th\u01b0 \u0111i\u1ec7n t\u1eed b\u1ea3o \u0111\u1ea3m) ****************************************************************** Ph\u00f2ng \u0110\u1ea1i s\u1ee9: \u0110i\u1ec7n tho\u1ea1i: +84 24 38256256\u00a0s\u1ed1 n\u1ed9i b\u1ed9 104; B\u00d9I Th\u1ecb Ph\u01b0\u01a1ng Nga (Nh\u00e2n vi\u00ean h\u1ee3p [&hellip;]","protected":false},"author":1,"featured_media":0,"parent":167,"menu_order":4,"comment_status":"closed","ping_status":"closed","template":"","meta":{"footnotes":""},"class_list":["post-203","page","type-page","status-publish","hentry"],"_links":{"self":[{"href":"https:\/\/ambhanoi.esteri.it\/vi\/wp-json\/wp\/v2\/pages\/203","targetHints":{"allow":["GET"]}}],"collection":[{"href":"https:\/\/ambhanoi.esteri.it\/vi\/wp-json\/wp\/v2\/pages"}],"about":[{"href":"https:\/\/ambhanoi.esteri.it\/vi\/wp-json\/wp\/v2\/types\/page"}],"author":[{"embeddable":true,"href":"https:\/\/ambhanoi.esteri.it\/vi\/wp-json\/wp\/v2\/users\/1"}],"replies":[{"embeddable":true,"href":"https:\/\/ambhanoi.esteri.it\/vi\/wp-json\/wp\/v2\/comments?post=203"}],"version-history":[{"count":9,"href":"https:\/\/ambhanoi.esteri.it\/vi\/wp-json\/wp\/v2\/pages\/203\/revisions"}],"predecessor-version":[{"id":9293,"href":"https:\/\/ambhanoi.esteri.it\/vi\/wp-json\/wp\/v2\/pages\/203\/revisions\/9293"}],"up":[{"embeddable":true,"href":"https:\/\/ambhanoi.esteri.it\/vi\/wp-json\/wp\/v2\/pages\/167"}],"wp:attachment":[{"href":"https:\/\/ambhanoi.esteri.it\/vi\/wp-json\/wp\/v2\/media?parent=203"}],"curies":[{"name":"wp","href":"https:\/\/api.w.org\/{rel}","templated":true}]}}