{"id":201,"date":"2023-04-11T17:53:01","date_gmt":"2023-04-11T10:53:01","guid":{"rendered":"https:\/\/ambhanoi.esteri.it\/chi-siamo\/lambasciatore\/"},"modified":"2023-12-06T14:40:52","modified_gmt":"2023-12-06T07:40:52","slug":"lambasciatore","status":"publish","type":"page","link":"https:\/\/ambhanoi.esteri.it\/vi\/chi-siamo\/lambasciatore\/","title":{"rendered":"\u0110\u1ea1i s\u1ee9"},"content":{"rendered":"<p><img loading=\"lazy\" decoding=\"async\" class=\" wp-image-344 img-fluid\" src=\"https:\/\/ambhanoi.esteri.it\/wp-content\/uploads\/2023\/10\/ritratto_amb._della_seta_4-300x200.jpg\" alt=\"\" width=\"433\" height=\"289\" srcset=\"https:\/\/ambhanoi.esteri.it\/wp-content\/uploads\/2023\/10\/ritratto_amb._della_seta_4-300x200.jpg 300w, https:\/\/ambhanoi.esteri.it\/wp-content\/uploads\/2023\/10\/ritratto_amb._della_seta_4-1024x682.jpg 1024w, https:\/\/ambhanoi.esteri.it\/wp-content\/uploads\/2023\/10\/ritratto_amb._della_seta_4-768x512.jpg 768w, https:\/\/ambhanoi.esteri.it\/wp-content\/uploads\/2023\/10\/ritratto_amb._della_seta_4.jpg 1139w\" sizes=\"auto, (max-width: 433px) 100vw, 433px\" \/><\/p>\n<p><strong>Marco Della Seta<br \/>\n<\/strong><\/p>\n<p>\u00d4ng b\u1eaft \u0111\u1ea7u l\u00e0 \u0110\u1ea1i s\u1ee9 t\u1ea1i Vi\u1ec7t Nam t\u1eeb ng\u00e0y 7 th\u00e1ng 8 n\u0103m 2023.<\/p>\n<p>&nbsp;<\/p>\n","protected":false},"excerpt":{"rendered":"Marco Della Seta \u00d4ng b\u1eaft \u0111\u1ea7u l\u00e0 \u0110\u1ea1i s\u1ee9 t\u1ea1i Vi\u1ec7t Nam t\u1eeb ng\u00e0y 7 th\u00e1ng 8 n\u0103m 2023. &nbsp;","protected":false},"author":1,"featured_media":0,"parent":167,"menu_order":0,"comment_status":"closed","ping_status":"closed","template":"","meta":{"footnotes":""},"class_list":["post-201","page","type-page","status-publish","hentry"],"_links":{"self":[{"href":"https:\/\/ambhanoi.esteri.it\/vi\/wp-json\/wp\/v2\/pages\/201","targetHints":{"allow":["GET"]}}],"collection":[{"href":"https:\/\/ambhanoi.esteri.it\/vi\/wp-json\/wp\/v2\/pages"}],"about":[{"href":"https:\/\/ambhanoi.esteri.it\/vi\/wp-json\/wp\/v2\/types\/page"}],"author":[{"embeddable":true,"href":"https:\/\/ambhanoi.esteri.it\/vi\/wp-json\/wp\/v2\/users\/1"}],"replies":[{"embeddable":true,"href":"https:\/\/ambhanoi.esteri.it\/vi\/wp-json\/wp\/v2\/comments?post=201"}],"version-history":[{"count":5,"href":"https:\/\/ambhanoi.esteri.it\/vi\/wp-json\/wp\/v2\/pages\/201\/revisions"}],"predecessor-version":[{"id":4399,"href":"https:\/\/ambhanoi.esteri.it\/vi\/wp-json\/wp\/v2\/pages\/201\/revisions\/4399"}],"up":[{"embeddable":true,"href":"https:\/\/ambhanoi.esteri.it\/vi\/wp-json\/wp\/v2\/pages\/167"}],"wp:attachment":[{"href":"https:\/\/ambhanoi.esteri.it\/vi\/wp-json\/wp\/v2\/media?parent=201"}],"curies":[{"name":"wp","href":"https:\/\/api.w.org\/{rel}","templated":true}]}}