{"id":199,"date":"2023-04-11T17:55:33","date_gmt":"2023-04-11T10:55:33","guid":{"rendered":"https:\/\/ambhanoi.esteri.it\/chi-siamo\/la-sede\/"},"modified":"2023-10-17T15:02:24","modified_gmt":"2023-10-17T08:02:24","slug":"la-sede","status":"publish","type":"page","link":"https:\/\/ambhanoi.esteri.it\/vi\/chi-siamo\/la-sede\/","title":{"rendered":"Tr\u1ee5 s\u1edf ch\u00ednh"},"content":{"rendered":"<h3 class=\"boxLevel03\"><strong>\u0110\u1ea1i s\u1ee9 qu\u00e1n Italia t\u1ea1i H\u00e0 N\u1ed9i v\u00e0 Dinh c\u01a1 c\u1ee7a \u0110\u1ea1i s\u1ee9 t\u1ea1i H\u00e0 N\u1ed9i<\/strong><\/h3>\n<h3><strong>\u0110\u1ea1i s\u1ee9 qu\u00e1n Italia t\u1ea1i H\u00e0 N\u1ed9i<\/strong><\/h3>\n<p align=\"justify\">L\u1ecbch s\u1eed c\u1ee7a c\u00e1c c\u01a1 quan \u0111\u1ea1i di\u1ec7n c\u1ee7a Italia t\u1ea1i Vi\u1ec7t Nam g\u1eafn li\u1ec1n v\u1edbi l\u1ecbch s\u1eed c\u1ee7a \u0111\u1ea5t n\u01b0\u1edbc \u0110\u00f4ng d\u01b0\u01a1ng. L\u00e3nh s\u1ef1 Italia \u0111\u01b0\u1ee3c m\u1edf t\u1ea1i S\u00e0i G\u00f2n t\u1eeb n\u0103m 1869, t\u1ea1i n\u01a1i \u0111\u01b0\u1ee3c coi l\u00e0 thu\u1ed9c \u0111\u1ecba c\u1ee7a Ph\u00e1p. C\u0169ng t\u1ea1i th\u00e0nh ph\u1ed1 n\u00e0y, v\u00e0o n\u0103m 1950, n\u01b0\u1edbc C\u1ed9ng h\u00f2a Vi\u1ec7t Nam \u0111\u01b0\u1ee3c c\u00f4ng nh\u1eadn, Italia \u0111\u00e3 kh\u00e1nh th\u00e0nh t\u00f2a c\u00f4ng s\u1ee9 ,sau n\u00e0y l\u00e0 \u0110\u1ea1i s\u1ee9 qu\u00e1n. Ng\u00e0y nay, t\u1ea1i H\u1ed3 Ch\u00ed Minh, nhi\u1ec1u ng\u01b0\u1eddi ti\u1ebfp t\u1ee5c g\u1ecdi l\u00e0 S\u00e0i G\u00f2n, c\u00f3 T\u1ed5ng l\u00e3nh s\u1ef1 v\u00e0 V\u0103n ph\u00f2ng c\u1ee7a ICE. \u0110\u1ea1i s\u1ee9 qu\u00e1n t\u1ea1m th\u1eddi \u0111\u00f3ng c\u1eeda v\u00e0o n\u0103m 1975 khi Vi\u1ec7t Nam mi\u1ec1n Nam kh\u00f4ng c\u00f2n t\u1ed3n t\u1ea1i. M\u1ed1i quan h\u1ec7 ngo\u1ea1i giao gi\u1eefa Italia v\u00e0 C\u1ed9ng h\u00f2a d\u00e2n ch\u1ee7 Vi\u1ec7t Nam, sau n\u00e0y l\u00e0 n\u01b0\u1edbc C\u1ed9ng h\u00f2a X\u00e3 h\u1ed9i Ch\u1ee7 ngh\u0129a Vi\u1ec7t Nam \u0111\u01b0\u1ee3c th\u00e0nh l\u1eadp v\u00e0o ng\u00e0y 23 th\u00e1ng 3 n\u0103m 1973,sau khi hi\u1ec7p \u0111\u1ecbnh h\u00f2a b\u00ecnh \u0111\u01b0\u1ee3c \u00f4ng Henry Kissinger v\u00e0 \u00f4ng L\u00ea \u0110\u1ee9c Th\u1ecd k\u00ed k\u1ebft t\u1ea1i Paris v\u00e0o ng\u00e0y 27 th\u00e1ng 1 n\u0103m 1973. \u0110\u1ea1i bi\u1ec7n l\u00e2m th\u1eddi \u0111\u1ea7u ti\u00ean \u0111\u01b0\u1ee3c n\u00eau danh v\u00e0o ng\u00e0y 2 th\u00e1ng 5 n\u0103m 1975, hai ng\u00e0y sau khi ch\u00ednh quy\u1ec1n S\u00e0i G\u00f2n b\u1ecb l\u1eadt \u0111\u1ed5.<\/p>\n<p>Kh\u00f4ng th\u1ec3 kh\u00f4ng nh\u1eafc t\u1edbi: Ch\u1ee7 t\u1ecbch Fanfani \u0111\u01b0\u1ee3c c\u1eed t\u1edbi Vi\u1ec7t Nam n\u0103m 1965, th\u1ecb tr\u01b0\u1edfng Firenze, \u00f4ng Giorgio La Pira, \u0111\u01b0\u1ee3c c\u1eed t\u1edbi Vi\u1ec7t Nam cho m\u1ed9t ph\u00e1i \u0111o\u00e0n v\u00ec h\u00f2a b\u00ecnh, \u0111\u01b0\u1ee3c Ch\u1ee7 t\u1ecbch H\u1ed3 Ch\u00ed Minh \u0111\u00e1nh gi\u00e1 cao.<\/p>\n<p>Sau khi Hi\u1ec7p \u0111\u1ecbnh Paris \u0111\u01b0\u1ee3c k\u00ed k\u1ebft, c\u0169ng gi\u1ed1ng nh\u01b0 c\u00e1c \u0110\u1ea1i s\u1ee9 qu\u00e1n kh\u00e1c, \u0110\u1ea1i s\u1ee9 qu\u00e1n c\u1ee7a ch\u00fang t\u00f4i n\u1eb1m t\u1ea1i m\u1ed9t kh\u00e1ch s\u1ea1n sang tr\u1ecdng nh\u1ea5t c\u1ee7a \u0110\u00f4ng d\u01b0\u01a1ng, c\u00f3 t\u00ean l\u00e0 Th\u1ed1ng Nh\u1ea5t. Trong qu\u00e1 kh\u1ee9, nh\u01b0 Guide Michelin \u0111\u00e3 nh\u1eadn x\u00e9t, n\u00f3 c\u00f3 m\u1ed9t v\u1ebb quy\u1ebfn r\u0169 charme desuet. Trong m\u1ed9t ph\u00f2ng duy nh\u1ea5t c\u00f3 c\u00e1c b\u00e0n l\u00e0m vi\u1ec7c c\u1ee7a \u0110\u1ea1i s\u1ee9, B\u00ed th\u01b0 c\u1ee7a \u0110\u1ea1i s\u1ee9, h\u00e0nh ch\u00ednh, nh\u00e2n vi\u00ean \u0111i\u1ec7n t\u00edn, phi\u00ean d\u1ecbch Vi\u1ec7t Nam.<\/p>\n<p>T\u1eeb n\u0103m 1988 c\u00e1c v\u0103n ph\u00f2ng c\u1ee7a \u0110\u1ea1i s\u1ee9 qu\u00e1n \u0111\u01b0\u1ee3c \u0111\u1eb7t t\u1ea1i m\u1ed9t t\u00f2a nh\u00e0 r\u1ea5t \u0111\u1eb9p n\u1eb1m \u1edf s\u1ed1 9 L\u00ea Ph\u1ee5ng Hi\u1ec3u c\u1ee7a B\u1ed9 Ngo\u1ea1i giao Vi\u1ec7t Nam. T\u00f2a nh\u00e0 \u0111\u00e3 \u0111\u01b0\u1ee3c tu s\u1eeda, hi\u1ec7n \u0111\u1ea1i h\u00f3a v\u00e0 m\u1edf r\u1ed9ng v\u00e0o \u0111\u1ea7u n\u0103m 2003. \u0110\u00e2y l\u00e0 m\u1ed9t th\u00ed d\u1ee5 \u0111i\u1ec3n h\u00ecnh cho ki\u1ebfn tr\u00fac Ph\u00e1p th\u1eddi thu\u1ed9c \u0111\u1ecba.<\/p>\n<p>&nbsp;<\/p>\n<h3><strong>Casa Italia ( t\u1eebng l\u00e0 Dinh c\u01a1 c\u1ee7a \u0110\u1ea1i s\u1ee9 Italia t\u1ea1i H\u00e0 N\u1ed9i)<\/strong><\/h3>\n<p>Dinh c\u01a1 \u0110\u1ea1i s\u1ee9 Italia, cho t\u1edbi n\u1eeda \u0111\u1ea7u th\u1eadp k\u1ec9 80, n\u1eb1m \u1edf khu ngo\u1ea1i giao \u0111o\u00e0n V\u1ea1n Ph\u00fac, gi\u1ed1ng nh\u01b0 t\u00f2a nh\u00e0 ph\u1ed5 bi\u1ebfn c\u1ee7a Italia trong nh\u1eefng n\u0103m 30. \u0110\u00f3 l\u00e0 nh\u1eefng t\u00f2a nh\u00e0 v\u1edbi hai c\u0103n h\u1ed9 v\u00e0 hai ph\u00f2ng \u0111\u01a1n, th\u1ef1c t\u1ebf l\u00e0 h\u01a1i b\u1ea5t ti\u1ec7n v\u00e0 kh\u00f3 kh\u0103n cho m\u1ed9t h\u1ec7 th\u1ed1ng v\u0103n ph\u00f2ng nh\u00e0 n\u01b0\u1edbc.T\u1ea1i khu nh\u00e0 n\u00e0y, dinh c\u01a1 c\u1ee7a \u0110\u1ea1i s\u1ee9 n\u1eb1m t\u1ea1i t\u1ea7ng hai trong m\u1ed9t c\u0103n nh\u00e0 nh\u01b0 \u0111\u00e3 t\u1ea3 \u1edf tr\u00ean, \u0111\u00f3 l\u00e0 m\u1ed9t l\u1ee3i th\u1ebf r\u1ea5t quan tr\u1ecdng t\u1ea1i m\u1ed9t th\u00e0nh ph\u1ed1 kh\u00f4ng c\u00f3 thang m\u00e1y th\u1eddi b\u1ea5y gi\u1edd. M\u1eb7c d\u00f9 v\u1eady, n\u00f3 v\u1eabn \u0111\u1ee7 kh\u1ea3 n\u0103ng ho\u00e0n th\u00e0nh nh\u1eefng nhi\u1ec7m v\u1ee5 c\u1ee7a m\u1ed9t t\u00f2a nh\u00e0 \u0111\u1ea1i di\u1ec7n cho qu\u1ed1c gia.<\/p>\n<p>V\u00e0o n\u0103m 1989 Dinh c\u01a1 c\u1ee7a \u0110\u1ea1i s\u1ee9 \u0111\u01b0\u1ee3c chuy\u1ec3n t\u1edbi ph\u1ed1 L\u00ea Ph\u1ee5ng Hi\u1ec3u, n\u01a1i c\u00f3 \u0110\u1ea1i s\u1ee9 qu\u00e1n. V\u00e0o n\u0103m 2012 Dinh c\u01a1 \u0111\u01b0\u1ee3c chuy\u1ec3n t\u1edbi khu \u0110\u1eb7ng Thai Mai, qu\u1eadn T\u00e2y H\u1ed3, g\u1ea7n h\u1ed3 T\u00e2y. V\u00e0o n\u0103m 2013 Dinh c\u01b0 c\u1ee7a \u0110\u1ea1i s\u1ee9 t\u1ea1i L\u00ea Ph\u1ee5ng Hi\u1ec3u \u0111\u00e3 tr\u1edf th\u00e0nh \u201cCasa Italia\u201d, trung t\u00e2m qu\u1ea3ng b\u00e1 v\u1ec1 v\u0103n h\u00f3a, phong c\u00e1ch s\u1ed1ng c\u1ee7a Italy v\u00e0 th\u01b0\u01a1ng hi\u1ec7u \u201cMade in Italy\u201d.<\/p>\n<p><em>C\u1eadp nh\u1eadt t\u1ea1i s\u00e1ch \u201cC\u00e1c \u0110\u1ea1i s\u1ee9 qu\u00e1n Italia tr\u00ean th\u1ebf gi\u1edbi\u201d, quy\u1ec3n 5 c\u1ee7a Mariapia Fanfani, 1984.<\/em><\/p>\n<p>&nbsp;<\/p>\n","protected":false},"excerpt":{"rendered":"\u0110\u1ea1i s\u1ee9 qu\u00e1n Italia t\u1ea1i H\u00e0 N\u1ed9i v\u00e0 Dinh c\u01a1 c\u1ee7a \u0110\u1ea1i s\u1ee9 t\u1ea1i H\u00e0 N\u1ed9i \u0110\u1ea1i s\u1ee9 qu\u00e1n Italia t\u1ea1i H\u00e0 N\u1ed9i L\u1ecbch s\u1eed c\u1ee7a c\u00e1c c\u01a1 quan \u0111\u1ea1i di\u1ec7n c\u1ee7a Italia t\u1ea1i Vi\u1ec7t Nam g\u1eafn li\u1ec1n v\u1edbi l\u1ecbch s\u1eed c\u1ee7a \u0111\u1ea5t n\u01b0\u1edbc \u0110\u00f4ng d\u01b0\u01a1ng. L\u00e3nh s\u1ef1 Italia \u0111\u01b0\u1ee3c m\u1edf t\u1ea1i S\u00e0i G\u00f2n t\u1eeb [&hellip;]","protected":false},"author":1,"featured_media":0,"parent":167,"menu_order":2,"comment_status":"closed","ping_status":"closed","template":"","meta":{"footnotes":""},"class_list":["post-199","page","type-page","status-publish","hentry"],"_links":{"self":[{"href":"https:\/\/ambhanoi.esteri.it\/vi\/wp-json\/wp\/v2\/pages\/199","targetHints":{"allow":["GET"]}}],"collection":[{"href":"https:\/\/ambhanoi.esteri.it\/vi\/wp-json\/wp\/v2\/pages"}],"about":[{"href":"https:\/\/ambhanoi.esteri.it\/vi\/wp-json\/wp\/v2\/types\/page"}],"author":[{"embeddable":true,"href":"https:\/\/ambhanoi.esteri.it\/vi\/wp-json\/wp\/v2\/users\/1"}],"replies":[{"embeddable":true,"href":"https:\/\/ambhanoi.esteri.it\/vi\/wp-json\/wp\/v2\/comments?post=199"}],"version-history":[{"count":6,"href":"https:\/\/ambhanoi.esteri.it\/vi\/wp-json\/wp\/v2\/pages\/199\/revisions"}],"predecessor-version":[{"id":568,"href":"https:\/\/ambhanoi.esteri.it\/vi\/wp-json\/wp\/v2\/pages\/199\/revisions\/568"}],"up":[{"embeddable":true,"href":"https:\/\/ambhanoi.esteri.it\/vi\/wp-json\/wp\/v2\/pages\/167"}],"wp:attachment":[{"href":"https:\/\/ambhanoi.esteri.it\/vi\/wp-json\/wp\/v2\/media?parent=199"}],"curies":[{"name":"wp","href":"https:\/\/api.w.org\/{rel}","templated":true}]}}