{"id":197,"date":"2023-04-11T17:08:57","date_gmt":"2023-04-11T10:08:57","guid":{"rendered":"https:\/\/ambhanoi.esteri.it\/servizi-consolari-e-visti\/"},"modified":"2024-05-06T16:11:21","modified_gmt":"2024-05-06T09:11:21","slug":"servizi-consolari-e-visti","status":"publish","type":"page","link":"https:\/\/ambhanoi.esteri.it\/vi\/servizi-consolari-e-visti\/","title":{"rendered":"D\u1ecbch v\u1ee5 l\u00e3nh s\u1ef1 v\u00e0 th\u1ecb th\u1ef1c"},"content":{"rendered":"<h3><\/h3>\n<div class=\"sr-only\"><\/div>\n<div class=\"row\">\n<div class=\"col-md-6 col-sm-12 col-xs-24\"><\/div>\n<div class=\"col-md-17 col-sm-12 col-xs-24 share\">\n<div class=\"moduletable\">\n<div>\n<div class=\"addthis_toolbox addthis_default_style \"><\/div>\n<\/div>\n<\/div>\n<\/div>\n<\/div>\n<hr \/>\n<div class=\"sr-only\">\n<div><\/div>\n<\/div>\n<div class=\"sr-only\"><\/div>\n<div><\/div>\n<div class=\"sr-only\">\n<h4>D\u1ecbch v\u1ee5 l\u00e3nh s\u1ef1<\/h4>\n<\/div>\n<div>\n<p class=\"boxLevel03\">H\u00e3y b\u1ea5m v\u00e0o <a href=\"https:\/\/ambhanoi.esteri.it\/wp-content\/uploads\/2023\/11\/informativa_cittadinanza__jure_sanguinis_e_naturalizzazione_.docx\">\u0111\u00e2y<\/a> \u0111\u1ec3 xem quy \u0111\u1ecbnh v\u1ec1 vi\u1ec7c b\u1ea3o v\u1ec7 c\u00e1 nh\u00e2n li\u00ean quan \u0111\u1ebfn vi\u1ec7c x\u1eed l\u00fd c\u00e1c d\u1eef li\u1ec7u c\u00e1 nh\u00e2n v\u00ec m\u1ee5c \u0111\u00edch c\u00f4ng nh\u1eadn quy\u1ec1n c\u00f4ng d\u00e2n Italia theo huy\u1ebft th\u1ed1ng ho\u1eb7c theo vi\u1ec7c nh\u1eadp qu\u1ed1c t\u1ecbch.<\/p>\n<p>&nbsp;<\/p>\n<p>H\u00e3y b\u1ea5m v\u00e0o <a href=\"https:\/\/ambhanoi.esteri.it\/wp-content\/uploads\/2023\/11\/informativa_servizi_consolari__ex_visti_e_cittadinanza_-erogazione-servizi.docx\">\u0111\u00e2y <\/a>\u0111\u1ec3 xem quy \u0111\u1ecbnh v\u1ec1 vi\u1ec7c b\u1ea3o v\u1ec7 c\u00e1 nh\u00e2n li\u00ean quan \u0111\u1ebfn vi\u1ec7c x\u1eed l\u00fd c\u00e1c d\u1eef li\u1ec7u c\u00e1 nh\u00e2n \u0111\u1ec3 cung c\u1ea5p d\u1ecbch v\u1ee5 l\u00e3nh s\u1ef1 ( kh\u00f4ng bao g\u1ed3m v\u1ea5n \u0111\u1ec1 c\u1ea5p th\u1ecb th\u1ef1c v\u00e0 nh\u1eadp qu\u1ed1c t\u1ecbch).<\/p>\n<p><em>Gi\u1edd m\u1edf c\u1eeda ti\u1ebfp kh\u00e1ch c\u1ee7a Ph\u00f2ng L\u00e3nh s\u1ef1:<\/em><\/p>\n<p><strong>L\u01b0u \u00fd: Ph\u00f2ng L\u00e3nh s\u1ef1 ch\u1ec9 m\u1edf c\u1eeda ti\u1ebfp kh\u00e1ch theo l\u1ecbch h\u1eb9n,\u00a0 tr\u1eeb tr\u01b0\u1eddng h\u1ee3p kh\u00e1ch \u0111\u1ebfn l\u00e0m Gi\u1ea5y ch\u1ee9ng nh\u1eadn c\u00f2n \u0111ang t\u1ed3n t\u1ea1i v\u00e0 c\u00e1c d\u1ecbch v\u1ee5 b\u1ea7u c\u1eed.<\/strong><\/p>\n<p><strong>\u0110\u1ec3 \u0111\u1eb7t h\u1eb9n, y\u00eau c\u1ea7u \u0111\u01b0\u01a1ng s\u1ef1 g\u1eedi e- mail tr\u01b0\u1edbc \u00edt nh\u1ea5t 1 tu\u1ea7n qua h\u00f2m th\u01b0: <\/strong><a href=\"mailto:consolare.hanoi@esteri.it\"><strong>consolare.hanoi@esteri.it<\/strong><\/a><\/p>\n<p>Th\u1ee9 Hai, th\u1ee9 Ba, th\u1ee9 N\u0103m, th\u1ee9 S\u00e1u: m\u1edf c\u1ee7a t\u1eeb 9.30 \u0111\u1ebfn 12.30<\/p>\n<p>Th\u1ee9 T\u01b0:\u00a0 m\u1edf c\u1eeda t\u1eeb 14.00 \u0111\u1ebfn 16.00<\/p>\n<p>&nbsp;<\/p>\n<p><em>Gi\u1edd m\u1edf c\u1eeda ti\u1ebfp kh\u00e1ch c\u1ee7a Ph\u00f2ng Visa:<\/em><\/p>\n<p><strong>L\u01b0u \u00fd: Ph\u00f2ng Visa ch\u1ec9 m\u1edf c\u1eeda ti\u1ebfp kh\u00e1ch theo l\u1ecbch h\u1eb9n.<\/strong><\/p>\n<p><strong>\u0110\u1ec3 \u0111\u1eb7t h\u1eb9n, y\u00eau c\u1ea7u \u0111\u01b0\u01a1ng s\u1ef1 g\u1eedi email tr\u01b0\u1edbc \u00edt nh\u1ea5t 1 tu\u1ea7n qua h\u00f2m th\u01b0 <\/strong><a href=\"mailto:visti.hanoi@esteri.it\"><strong>visti.hanoi@esteri.it<\/strong><\/a><\/p>\n<p>Gi\u1edd m\u1edf c\u1eeda nh\u1eadn \u0111\u01a1n xin c\u1ea5p visa v\u00e0 l\u1ea5y k\u1ebft qu\u1ea3 visa: th\u1ee9 Ba v\u00e0 th\u1ee9 N\u0103m m\u1edf c\u1eeda t\u1eeb 9.300 \u0111\u1ebfn 12.00<\/p>\n<p>&nbsp;<\/p>\n<\/div>\n<h4>Th\u1ecb th\u1ef1c<\/h4>\n<div class=\"row\">\n<div class=\"col-md-6 col-sm-12 col-xs-24\"><\/div>\n<div class=\"col-md-17 col-sm-12 col-xs-24 share\">\n<div class=\"moduletable\">\n<div>\n<div class=\"addthis_toolbox addthis_default_style \"><\/div>\n<\/div>\n<\/div>\n<\/div>\n<\/div>\n<hr \/>\n<div class=\"sr-only\"><\/div>\n<div><\/div>\n<div class=\"sr-only\"><\/div>\n<div>\n<p><strong>VISA NH\u1eacP C\u1ea2NH ITALIA<\/strong><\/p>\n<p><strong>L\u01b0u \u00fd: T\u1eeb ng\u00e0y 1.7.2019 \u0111\u01b0\u01a1ng \u0111\u01a1n c\u00f3 th\u1ec3 n\u1ed9p h\u1ed3 s\u01a1 xin visa Schengen ng\u1eafn h\u1ea1n (\u0111\u1ebfn 90 ng\u00e0y) cho lo\u1ea1i Du l\u1ecbch v\u00e0 C\u00f4ng t\u00e1c t\u1ea1i Trung t\u00e2m Visa Italia thu\u1ed9c V\u0103n ph\u00f2ng VFS Global c\u00f3 tr\u1ee5 s\u1edf t\u1ea1i T\u00f2a nh\u00e0 Ocean Park \u2013 1 \u0110\u00e0o Duy Anh \u2013 H\u00e0 N\u1ed9i (T\u1ea7ng 11).<\/strong><\/p>\n<p><strong>C\u00e1c L\u01b0u \u00dd Tr\u01b0\u1edbc Khi Chu\u1ea9n B\u1ecb N\u1ed9p H\u1ed3 S\u01a1: <\/strong><\/p>\n<ol>\n<li>Italia ph\u1ea3i l\u00e0 \u0111i\u1ec3m \u0111\u1ebfn ch\u00ednh c\u0103n c\u1ee9 v\u00e0o t\u1ed5ng s\u1ed1 ng\u00e0y l\u01b0u tr\u00fa \u00a0ho\u1eb7c m\u1ee5c \u0111\u00edch c\u1ee7a chuy\u1ebfn \u0111i.<\/li>\n<li>N\u00ean xem c\u00e1c th\u00f4ng tin c\u1ea7n thi\u1ebft li\u00ean quan \u0111\u1ebfn vi\u1ec7c c\u1ea5p visa v\u00e0o Italia tr\u00ean trang web <a href=\"http:\/\/www.vistoperitalia.esteri.it\/\">http:\/\/www.vistoperitalia.esteri.it\/<\/a>.<\/li>\n<li>Ki\u1ec3m tra th\u1eddi h\u1ea1n c\u00f3 hi\u1ec7u l\u1ef1c\u00a0 c\u1ee7a h\u1ed9 chi\u1ebfu. Y\u00eau c\u1ea7u h\u1ed9 chi\u1ebfu c\u1ee7a \u0111\u01b0\u01a1ng \u0111\u01a1n ph\u1ea3i c\u00f2n gi\u00e1 tr\u1ecb \u00edt nh\u1ea5t ba th\u00e1ng so v\u1edbi th\u1eddi h\u1ea1n visa \u0111\u01b0\u1ee3c c\u1ea5p; ki\u1ec3m tra c\u1ea3 \u1ea3nh tr\u00ean h\u1ed9 chi\u1ebfu xem c\u00f3 \u0111\u00fang c\u1ee7a m\u00ecnh kh\u00f4ng. H\u1ed9 chi\u1ebfu ph\u1ea3i c\u00f3 \u00edt nh\u1ea5t 2 trang tr\u1ed1ng \u0111\u1ec3 d\u00e1n th\u1ecb th\u1ef1c v\u00e0 \u0111\u00f3ng d\u1ea5u..<\/li>\n<li>\u0110\u01b0\u01a1ng \u0111\u01a1n c\u1ea7n xem\u00a0 x\u00e9t ng\u00e0y d\u1ef1 ki\u1ebfn kh\u1edfi h\u00e0nh v\u00ec th\u1eddi gian c\u1ea7n thi\u1ebft \u0111\u1ec3 c\u1ea5p th\u1ecb th\u1ef1c Schengen l\u00e0 trong v\u00f2ng 15 ng\u00e0y, trong m\u1ed9t s\u1ed1 tr\u01b0\u1eddng h\u1ee3p c\u00f3 th\u1ec3 l\u1ec7n \u0111\u1ebfn 45 ng\u00e0y. \u0110\u01a1n xin c\u1ea5p visa c\u00f3 th\u1ec3 n\u1ed9p tr\u01b0\u1edbc 6 th\u00e1ng (tr\u01b0\u1edbc 9 th\u00e1ng \u0111\u1ed1i v\u1edbi thuy\u1ec1n vi\u00ean) v\u00e0 kh\u00f4ng d\u01b0\u1edbi 15 ng\u00e0y tr\u01b0\u1edbc ng\u00e0y d\u1ef1 ki\u1ebfn kh\u1edfi h\u00e0nh \u0110\u01b0\u01a1ng \u0111\u01a1n c\u00f3 tr\u00e1ch nhi\u1ec7m ch\u1ea5p h\u00e0nh th\u1eddi gian c\u1ea7n thi\u1ebft n\u00e0y. \u0110\u01a1n xin c\u1ea5p visa n\u1ed9p kh\u00f4ng \u0111\u1ee7 15 ng\u00e0y tr\u01b0\u1edbc ng\u00e0y kh\u1edfi h\u00e0nh v\u1eabn \u0111\u01b0\u1ee3c nh\u1eadn nh\u01b0ng l\u01b0u \u00fd c\u00f3 r\u1ee7i ro l\u00e0 visa kh\u00f4ng \u0111\u01b0\u1ee3c c\u1ea5p k\u1ecbp ng\u00e0y kh\u1edfi h\u00e0nh.<\/li>\n<\/ol>\n<p>Sau khi \u0111\u00e3 ki\u1ec3m tra c\u00e1c th\u00f4ng tin tr\u00ean, \u0111\u01b0\u01a1ng \u0111\u01a1n c\u00f3 th\u1ec3 chu\u1ea9n b\u1ecb nh\u1eefng gi\u1ea5y t\u1edd c\u1ea7n thi\u1ebft cho vi\u1ec7c n\u1ed9p h\u1ed3 s\u01a1.<\/p>\n<p><strong>N\u1ed9p H\u1ed3 S\u01a1 Xin Visa:<\/strong><\/p>\n<p>\u0110\u01a1n xin visa\u00a0 ng\u1eafn h\u1ea1n\u00a0 (\u0111\u1ebfn 90 ng\u00e0y) cho 2 lo\u1ea1i visa Du l\u1ecbch v\u00e0 C\u00f4ng t\u00e1c c\u00f3 th\u1ec3 n\u1ed9p t\u1ea1i Trung t\u00e2m Visa Italia thu\u1ed9c \u00a0VFS Global, c\u00f3 tr\u1ee5 s\u1edf t\u1ea1i T\u00f2a nh\u00e0 Ocean Park \u2013 1 \u0110\u00e0o Duy Anh \u2013 H\u00e0 N\u1ed9i (t\u1ea7ng 11).<\/p>\n<p>\u0110\u01b0\u01a1ng \u0111\u01a1n \u0111\u1eb7t h\u1eb9n n\u1ed9p h\u1ed3 s\u01a1 t\u1ea1i trang web: <a href=\"http:\/\/www.vfsglobal.com\/italy\/vietnam\/index.html\">www.vfsglobal.com\/italy\/vietnam\/index.html<\/a> b\u1eb1ng c\u00e1ch t\u1ea1o m\u1ed9t t\u00e0i kho\u1ea3n v\u00e0\u00a0 v\u00e0o m\u1ee5c danh s\u00e1ch \u0111\u1eb7t h\u1eb9n c\u00f2n tr\u1ed1ng. Trong tr\u01b0\u1eddng h\u1ee3p\u00a0 c\u1ea7n thi\u1ebft c\u00f3 th\u1ec3 li\u00ean h\u1ec7 qua s\u1ed1 hotline +84 283 5212002\u00a0 v\u00e0 email: <a href=\"mailto:Info.itvn@vfsglobal.com.\">Info.itvn@vfsglobal.com.<\/a> \u0110\u1ed1i v\u1edbi c\u00e1c lo\u1ea1i visa kh\u00e1c, \u0111\u01b0\u01a1ng \u0111\u01a1n ph\u1ea3i n\u1ed9p tr\u1ef1c ti\u1ebfp t\u1ea1i \u0110\u1ea1i s\u1ee9 qu\u00e1n Italia (theo gi\u1edd ti\u1ebfp kh\u00e1ch: th\u1ee9 Hai, th\u1ee9 Ba v\u00e0 th\u1ee9 N\u0103m t\u1eeb 9.00 \u0111\u1ebfn 11.30) v\u00e0 ph\u1ea3i \u0111\u1eb7t h\u1eb9n tr\u01b0\u1edbc qua \u0111i\u1ec7n tho\u1ea1i: +84.24.38256256 m\u00e1y l\u1ebb 121.<\/p>\n<p>L\u1ec7 ph\u00ed th\u1ecb th\u1ef1c \u0111\u01b0\u1ee3c quy \u0111\u1ed5i b\u1eb1ng ti\u1ec1n VN\u0110. Kho\u1ea3n ph\u00ed n\u00e0y kh\u00f4ng \u0111\u01b0\u1ee3c \u0110\u1ea1i s\u1ee9 qu\u00e1n ho\u00e0n tr\u1ea3 k\u1ec3 c\u1ea3 trong tr\u01b0\u1eddng h\u01a1p th\u1ecb th\u1ef1c b\u1ecb t\u1eeb ch\u1ed1i. T\u1ef7 gi\u00e1 ph\u00ed th\u1ecb th\u1ef1c s\u1ebd thay \u0111\u1ed5i theo m\u1ed7i qu\u00fd. L\u1ec7 ph\u00ed th\u1ecb th\u1ef1c ch\u1ec9 \u0111\u01b0\u1ee3c thanh to\u00e1n b\u1eb1ng ti\u1ec1n m\u1eb7t.<br \/>\n<a href=\"https:\/\/ambhanoi.esteri.it\/wp-content\/uploads\/2023\/11\/VISA-Fees.docx\">Nh\u1ea5n v\u00e0o \u0111\u00e2y \u0111\u1ec3 xem b\u1ea3ng l\u1ec7 ph\u00ed th\u1ecb th\u1ef1c<\/a>.<\/p>\n<p><strong>T\u1ea5t c\u1ea3 gi\u1ea5y t\u1edd<\/strong> b\u1eb1ng ti\u1ebfng Vi\u1ec7t ph\u1ea3i \u0111\u01b0\u1ee3c d\u1ecbch sang ti\u1ebfng Anh (ho\u1eb7c ti\u1ebfng \u00dd).<\/p>\n<p>Th\u01b0 m\u1eddi v\u00e0 th\u01b0 b\u1ea3o l\u00e3nh n\u01a1i \u1edf t\u1ea1i \u00dd ph\u1ea3i \u0111\u01b0\u1ee3c vi\u1ebft theo m\u1eabu trong m\u1ee5c \u201c<a href=\"https:\/\/ambhanoi.esteri.it\/vi\/servizi-consolari-e-visti\/servizi-per-il-cittadino-italiano\/mau-chuan\/\">M\u1eabu chu\u1ea9n<\/a>\u201d (cho m\u1ee5c \u0111\u00edch du l\u1ecbch, th\u01b0\u01a1ng m\u1ea1i, h\u1ed9i th\u1ea3o, h\u1ed9i ngh\u1ecb, m\u1ee5c \u0111\u00edch t\u00f4n gi\u00e1o ho\u1eb7c m\u1ee5c \u0111\u00edch kh\u00e1c) v\u00e0 lu\u00f4n ph\u1ea3i \u0111\u01b0\u1ee3c b\u00ean m\u1eddi t\u1ea1i Italia g\u1eedi tr\u01b0\u1edbc qua email \u0111\u1ebfn Ph\u00f2ng Visa qua \u0111\u1ecba ch\u1ec9: <a href=\"mailto:visti.hanoi@esteri.it.\">visti.hanoi@esteri.it.<\/a><\/p>\n<p><strong>Ph\u1ecfng v\u1ea5n<\/strong>: Ph\u00f2ng Visa c\u1ee7a \u0110\u1ea1i s\u1ee9 qu\u00e1n c\u00f3 th\u1ec3 ti\u1ebfn h\u00e0nh ph\u1ecfng v\u1ea5n b\u1ea5t k\u1ef3 \u0111\u01b0\u01a1ng \u0111\u01a1n n\u00e0o khi th\u1ea5y c\u1ea7n thi\u1ebft.<\/p>\n<p><strong>Visa Schengen (\u201cVSU\u201d):<\/strong> \u0111\u01b0\u1ee3c c\u1ea5p cho th\u1eddi gian l\u01b0u tr\u00fa ng\u1eafn h\u1ea1n (t\u1ed1i \u0111a 90 ng\u00e0y) v\u1edbi c\u00e1c m\u1ee5c \u0111\u00edch sau: qu\u00e1 c\u1ea3nh, c\u00f4ng t\u00e1c, du l\u1ecbch, \u0111i h\u1ecdc, m\u1ee5c \u0111\u00edch t\u00f4n gi\u00e1o, \u0111i theo l\u1eddi m\u1eddi d\u1ef1 h\u1ed9i ngh\u1ecb h\u1ed9i th\u1ea3o, \u0111i theo ph\u00e1i \u0111o\u00e0n, \u0111i l\u00e0m vi\u1ec7c t\u1ef1 ch\u1ee7, \u0111i l\u00e0m thu\u00ea, thi \u0111\u1ea5u th\u1ec3 thao, ch\u1eefa b\u1ec7nh (lo\u1ea1i visa \u201cC\u201d). Chi ph\u00ed hi\u1ec7n t\u1ea1i l\u00e0 80 euro.<\/p>\n<p><strong>Visa National (\u201cVN\u201d): <\/strong>cho ph\u00e9p l\u01b0u tr\u00fa d\u00e0i h\u1ea1n tr\u00ean l\u00e3nh th\u1ed5 c\u1ee7a n\u01b0\u1edbc c\u1ea5p visa v\u00e0 khi visa c\u00f2n gi\u00e1 tr\u1ecb s\u1eed d\u1ee5ng th\u00ec \u0111\u01b0\u1ee3c ph\u00e9p \u0111i l\u1ea1i \u1edf c\u00e1c n\u01b0\u1edbc trong kh\u1ed1i Schengen t\u1ed1i \u0111a 90 ng\u00e0y trong v\u00f2ng 6 th\u00e1ng. Visa lo\u1ea1i n\u00e0y \u0111\u01b0\u1ee3c c\u1ea5p v\u1edbi nh\u1eefng m\u1ee5c \u0111\u00edch sau: con nu\u00f4i, \u0111i h\u1ecdc, \u0111o\u00e0n t\u1ee5 gia \u0111\u00ecnh, m\u1ee5c \u0111\u00edch t\u00f4n gi\u00e1o, ch\u1eefa b\u1ec7nh, \u0111i lao \u0111\u1ed9ng,\u00a0 c\u00f4ng t\u00e1c ngo\u1ea1i giao\/nhi\u1ec7m k\u1ef3, \u0111i theo ph\u00e1i \u0111o\u00e0n, \u0111\u1ecbnh c\u01b0,\u00a0 nh\u1eadp c\u1ea3nh l\u1ea1i (re-entry), v\u1eeba \u0111i l\u00e0m vi\u1ec7c v\u1eeba \u0111i ngh\u1ec9 (lo\u1ea1i \u201cD\u201d).<\/p>\n<p>\u0110\u1ec3 \u0111\u01b0\u1ee3c c\u1ea5p lo\u1ea1i visa n\u00e0y \u0111\u01b0\u01a1ng \u0111\u01a1n n\u00ean bay th\u1eb3ng \u0111\u1ebfn Italia m\u00e0 kh\u00f4ng qu\u00e1 c\u1ea3nh qua b\u1ea5t k\u1ef3 n\u01b0\u1edbc n\u00e0o trong kh\u1ed1i Schengen (g\u1ed3m c\u00e1c n\u01b0\u1edbc: \u00c1o, B\u1ec9, Ti\u1ec7p, \u0110an M\u1ea1ch, Estonia, Ph\u1ea7n Lan, Ph\u00e1p, \u0110\u1ee9c, Hy L\u1ea1p, Hungari, Latvia, Liechtenstein, Lithuania, Iceland, Luxembourg, Malta, H\u00e0 Lan, Na Uy, Ba Lan, B\u1ed3 \u0110\u00e0o Nha, Slovakia, Slovenia, T\u00e2y Ban Nha, Th\u1ee5y \u0110i\u1ec3n v\u00e0 Th\u1ee5y S\u0129) v\u00ec c\u00e1c h\u00e3ng h\u00e0ng kh\u00f4ng c\u00f3 th\u1ec3<\/p>\n<p><a href=\"https:\/\/ambhanoi.esteri.it\/wp-content\/uploads\/2023\/11\/informativa_sulla_protezione_delle_persone_fisiche__visti-1.docx\">Th\u00f4ng tin v\u1ec1 b\u1ea3o v\u1ec7 c\u00e1 nh\u00e2n li\u00ean quan \u0111\u1ebfn x\u1eed l\u00fd d\u1eef li\u1ec7u c\u00e1 nh\u00e2n \u0111\u1ec3 c\u1ea5p visa nh\u1eadp c\u1ea3nh t\u1ea1i Italy v\u00e0 khu v\u1ef1c Schengen<\/a><\/p>\n<p>&nbsp;<\/p>\n<p><strong>Visa Du L\u1ecbch (Lo\u1ea1i \u201cC\u201d) \u2013 C\u00e1c Gi\u1ea5y T\u1edd Y\u00eau C\u1ea7u<\/strong><\/p>\n<ol>\n<li>\u0110\u01a1n xin c\u1ea5p visa ph\u1ea3i \u0111\u01b0\u1ee3c \u0111i\u1ec1n \u0111\u1ea7y \u0111\u1ee7 th\u00f4ng tin v\u00e0 k\u00fd t\u00ean;<\/li>\n<li>1 \u1ea3nh ch\u1ee5p g\u1ea7n \u0111\u00e2y nh\u1ea5t theo ti\u00eau chu\u1ea9n ICAO, k\u00edch th\u01b0\u1edbc 3.5&#215;4.0 cm; c\u00e1c \u1ea3nh n\u1ed9p c\u00f9ng \u0111\u01a1n xin c\u1ea5p th\u1ecb th\u1ef1c ph\u1ea3i \u0111\u01b0\u1ee3c ch\u1ee5p g\u1ea7n \u0111\u00e2y nh\u1ea5t (kh\u00f4ng qu\u00e1 6 th\u00e1ng), kh\u00f4ng \u0111\u01b0\u1ee3c ch\u1ec9nh s\u1eeda v\u00e0 ch\u1ec9 d\u00e1n 1 \u1ea3nh tr\u00ean \u0111\u01a1n xin c\u1ea5p th\u1ecb th\u1ef1c.<\/li>\n<li>H\u1ed9 chi\u1ebfu c\u00f2n gi\u00e1 tr\u1ecb s\u1eed d\u1ee5ng \u00edt nh\u1ea5t 3 th\u00e1ng so v\u1edbi th\u1eddi h\u1ea1n visa \u0111\u01b0\u1ee3c c\u1ea5p. H\u1ed9 chi\u1ebfu ph\u1ea3i c\u00f3 \u00edt nh\u1ea5t 2 trang tr\u1ed1ng \u0111\u1ec3 d\u00e1n th\u1ecb th\u1ef1c v\u00e0 \u0111\u00f3ng d\u1ea5u.<\/li>\n<li>1 b\u1ea3n copy h\u1ed9 chi\u1ebfu trang c\u00f3 \u1ea3nh v\u00e0 c\u00e1c trang c\u00f3 visa<\/li>\n<li>\u0110\u1eb7t v\u00e9 m\u00e1y bay ho\u1eb7c v\u00e9 m\u00e1y bay kh\u1ee9 h\u1ed3i;<\/li>\n<li>B\u1eb1ng ch\u1ee9ng v\u1ec1 n\u01a1i \u1edf t\u1ea1i Italia: bi\u00ean lai \u0111\u1eb7t tour du l\u1ecbch, \u0111\u1eb7t ph\u00f2ng kh\u00e1ch s\u1ea1n ho\u1eb7c th\u01b0 b\u1ea3o l\u00e3nh n\u01a1i \u1edf theo m\u1eabu quy \u0111\u1ecbnh (m\u1eabu n\u00e0y c\u00f3 th\u1ec3 l\u1ea5y t\u1ea1i m\u1ee5c \u201c<a href=\"https:\/\/ambhanoi.esteri.it\/vi\/servizi-consolari-e-visti\/servizi-per-il-cittadino-italiano\/mau-chuan\/\">M\u1eabu chu\u1ea9n<\/a>\u201d tr\u00ean trang web c\u1ee7a S\u1ee9 qu\u00e1n);<\/li>\n<li>Ch\u1ee9ng minh kh\u1ea3 n\u0103ng t\u00e0i ch\u00ednh c\u00e1 nh\u00e2n: sao k\u00ea t\u00e0i kho\u1ea3n c\u00e1 nh\u00e2n\u00a0 t\u1ea1i ng\u00e2n h\u00e0ng 3 th\u00e1ng g\u1ea7n nh\u1ea5t, trong tr\u01b0\u1eddng h\u1ee3p c\u00f3 th\u1ebb t\u00edn d\u1ee5ng, ph\u1ea3i c\u00f3 copy m\u1eb7t tr\u01b0\u1edbc th\u1ebb v\u00e0 x\u00e1c nh\u1eadn h\u1ea1n m\u1ee9c); T\u00e0i kho\u1ea3n ti\u1ec1n g\u1eedi ti\u1ebft ki\u1ec7m kh\u00f4ng li\u00ean quan \u0111\u1ebfn vi\u1ec7c ch\u1ee9ng minh thu nh\u1eadp;<\/li>\n<li>Gi\u1ea5y t\u1edd ch\u1ee9ng minh c\u00f4ng vi\u1ec7c: h\u1ee3p \u0111\u1ed3ng lao \u0111\u1ed9ng, s\u1ed5 b\u1ea3o hi\u1ec3m x\u00e3 h\u1ed9i, gi\u1ea5y ngh\u1ec9 ph\u00e9p, b\u1ea3n sao c\u00f4ng ch\u1ee9ng Gi\u1ea5y ph\u00e9p \u0111\u0103ng k\u00fd kinh doanh n\u1ebfu l\u00e0 ng\u01b0\u1eddi \u0111\u1ee9ng \u0111\u1ea7u ho\u1eb7c c\u1ed5 \u0111\u00f4ng c\u1ee7a C\u00f4ng ty; \u0111\u1ed1i v\u1edbi h\u1ecdc sinh, sinh vi\u00ean c\u1ea7n c\u00f3 gi\u1ea5y\u00a0 \u0111\u1ed3ng \u00fd ngh\u1ec9 h\u1ecdc; \u0111\u1ed1i v\u1edbi nh\u1eefng ng\u01b0\u1eddi h\u01b0u tr\u00ed: quy\u1ebft \u0111\u1ecbnh ngh\u1ec9 h\u01b0u, th\u1ebb h\u01b0u tr\u00ed ho\u1eb7c s\u1ed5 l\u0129nh l\u01b0\u01a1ng h\u01b0u.<\/li>\n<li>B\u1ea3o hi\u1ec3m du l\u1ecbch v\u1edbi m\u1ee9c b\u1ea3o hi\u1ec3m t\u1ed1i thi\u1ec3u l\u00e0 30.000 Euro cho vi\u1ec7c c\u1ea5p c\u1ee9u vi\u1ec7n ph\u00ed kh\u1ea9n c\u1ea5p v\u00e0 c\u00e1c chi ph\u00ed h\u1ed3i h\u01b0\u01a1ng;<\/li>\n<li>Copy s\u1ed5 H\u1ed9 kh\u1ea9u;<\/li>\n<li>Nh\u1eefng gi\u1ea5y t\u1edd kh\u00e1c h\u1ed7 tr\u1ee3 cho vi\u1ec7c xin c\u1ea5p th\u1ecb th\u1ef1c c\u00f3 th\u1ec3 \u0111\u01b0\u1ee3c n\u1ed9p c\u00f9ng h\u1ed3 s\u01a1 ho\u1eb7c \u0111\u01b0\u1ee3c Ph\u00f2ng Visa y\u00eau c\u1ea7u th\u00eam.<\/li>\n<\/ol>\n<p><strong>L\u01b0u \u00fd<\/strong>: Tr\u01b0\u1eddng h\u1ee3p ng\u01b0\u1eddi xin c\u1ea5p visa ch\u01b0a \u0111\u1ebfn tu\u1ed5i th\u00e0nh ni\u00ean, y\u00eau c\u1ea7u n\u1ed9p th\u00eam nh\u1eefng gi\u1ea5y t\u1edd sau: \u2013 B\u1ea3n sao c\u00f4ng ch\u1ee9ng Gi\u1ea5y khai sinh;<\/p>\n<p>\u2013 Gi\u1ea5y \u0111\u1ed3ng \u00fd c\u1ee7a b\u1ed1 ho\u1eb7c\/v\u00e0 m\u1eb9 cho \u0111i du l\u1ecbch \u0111\u01b0\u1ee3c k\u00fd tr\u1ef1c ti\u1ebfp t\u1ea1i Ph\u00f2ng Visa c\u1ee7a \u0110\u1ea1i s\u1ee9 qu\u00e1n (m\u1eabu n\u00e0y c\u00f3 th\u1ec3 l\u1ea5y t\u1ea1i m\u1ee5c \u201c<a href=\"https:\/\/ambhanoi.esteri.it\/vi\/servizi-consolari-e-visti\/servizi-per-il-cittadino-italiano\/mau-chuan\/\">M\u1eabu chu\u1ea9n<\/a>\u201d tr\u00ean trang web c\u1ee7a S\u1ee9 qu\u00e1n);.<\/p>\n<p><strong>Visa C\u00f4ng T\u00e1c (Lo\u1ea1i \u201cC\u201d) \u2013 C\u00e1c Gi\u1ea5y T\u1edd Y\u00eau C\u1ea7u<\/strong><\/p>\n<ol>\n<li>\u0110\u01a1n xin c\u1ea5p visa ph\u1ea3i \u0111\u01b0\u1ee3c \u0111i\u1ec1n \u0111\u1ea7y \u0111\u1ee7 th\u00f4ng tin v\u00e0 k\u00fd t\u00ean;<\/li>\n<li>1 \u1ea3nh ch\u1ee5p g\u1ea7n \u0111\u00e2y nh\u1ea5t theo ti\u00eau chu\u1ea9n ICAO, k\u00edch th\u01b0\u1edbc 3.5&#215;4.0 cm; c\u00e1c \u1ea3nh n\u1ed9p c\u00f9ng\u00a0 \u0111\u01a1n xin c\u1ea5p th\u1ecb th\u1ef1c ph\u1ea3i \u0111\u01b0\u1ee3c ch\u1ee5p g\u1ea7n \u0111\u00e2y nh\u1ea5t (kh\u00f4ng qu\u00e1 6 th\u00e1ng), kh\u00f4ng \u0111\u01b0\u1ee3c ch\u1ec9nh s\u1eeda v\u00e0 ch\u1ec9 d\u00e1n 1 \u1ea3nh tr\u00ean \u0111\u01a1n xin c\u1ea5p th\u1ecb th\u1ef1c;<\/li>\n<li>H\u1ed9 chi\u1ebfu c\u00f2n gi\u00e1 tr\u1ecb s\u1eed d\u1ee5ng \u00edt nh\u1ea5t 3 th\u00e1ng so v\u1edbi th\u1eddi h\u1ea1n visa \u0111\u01b0\u1ee3c c\u1ea5p. H\u1ed9 chi\u1ebfu ph\u1ea3i c\u00f3 \u00edt nh\u1ea5t 2 trang tr\u1ed1ng \u0111\u1ec3 d\u00e1n th\u1ecb th\u1ef1c v\u00e0 \u0111\u00f3ng d\u1ea5u;<\/li>\n<li>1 b\u1ea3n copy h\u1ed9 chi\u1ebfu trang c\u00f3 \u1ea3nh v\u00e0 c\u00e1c trang c\u00f3 visa<\/li>\n<li>\u0110\u1eb7t v\u00e9 m\u00e1y bay ho\u1eb7c v\u00e9 m\u00e1y bay kh\u1ee9 h\u1ed3i;<\/li>\n<li>Gi\u1ea5y t\u1edd c\u1ee7a c\u00f4ng ty n\u01a1i l\u00e0m vi\u1ec7c (t\u00f9y t\u1eebng tr\u01b0\u1eddng h\u1ee3p: b\u1ea3n sao c\u00f4ng ch\u1ee9ng Gi\u1ea5y ph\u00e9p \u0111\u0103ng k\u00fd kinh doanh, Quy\u1ebft \u0111\u1ecbnh c\u1eed \u0111i c\u00f4ng t\u00e1c, h\u1ee3p \u0111\u1ed3ng lao \u0111\u1ed9ng, b\u1ea3n sao s\u1ed5 b\u1ea3o hi\u1ec3m x\u00e3 h\u1ed9i, v\u2026v).<\/li>\n<li>Nh\u1eefng ng\u01b0\u1eddi mang h\u1ed9 chi\u1ebfu C\u00f4ng v\u1ee5 ph\u1ea3i n\u1ed9p k\u00e8m th\u00eam C\u00f4ng h\u00e0m do B\u1ed9 Ngo\u1ea1i giao \u2013 C\u1ee5c L\u00e3nh s\u1ef1 c\u1ea5p.<\/li>\n<li>Th\u01b0 m\u1eddi \u0111\u01b0\u1ee3c C\u00f4ng ty ph\u00eda Italia \u0111i\u1ec1n \u0111\u1ea7y \u0111\u1ee7 th\u00f4ng tin theo m\u1eabu (xem m\u1ee5c \u201c<a href=\"https:\/\/ambhanoi.esteri.it\/vi\/servizi-consolari-e-visti\/servizi-per-il-cittadino-italiano\/mau-chuan\/\">M\u1eabu chu\u1ea9n<\/a>\u201d tr\u00ean trang web c\u1ee7a \u0110\u1ea1i s\u1ee9 qu\u00e1n) trong \u0111\u00f3 n\u00eau r\u00f5 m\u1ee5c \u0111\u00edch v\u00e0 th\u1eddi gian chuy\u1ebfn \u0111i.<\/li>\n<li>Copy gi\u1ea5y \u0110\u0103ng k\u00fd kinh doanh c\u1ee7a C\u00f4ng ty m\u1eddi b\u00ean \u00dd (\u201cVisura Camerale\u201d);<\/li>\n<li>Ch\u1ee9ng minh kh\u1ea3 n\u0103ng t\u00e0i ch\u00ednh c\u00e1 nh\u00e2n: sao k\u00ea t\u00e0i kho\u1ea3n c\u00e1 nh\u00e2n\u00a0 t\u1ea1i ng\u00e2n h\u00e0ng 3 th\u00e1ng g\u1ea7n nh\u1ea5t, trong tr\u01b0\u1eddng h\u1ee3p c\u00f3 th\u1ebb t\u00edn d\u1ee5ng, ph\u1ea3i c\u00f3 copy m\u1eb7t tr\u01b0\u1edbc th\u1ebb v\u00e0 x\u00e1c nh\u1eadn h\u1ea1n m\u1ee9c); T\u00e0i kho\u1ea3n ti\u1ec1n g\u1eedi ti\u1ebft ki\u1ec7m kh\u00f4ng li\u00ean quan \u0111\u1ebfn vi\u1ec7c ch\u1ee9ng minh thu nh\u1eadp;<\/li>\n<li>B\u1ea3o hi\u1ec3m du l\u1ecbch v\u1edbi m\u1ee9c b\u1ea3o hi\u1ec3m t\u1ed1i thi\u1ec3u l\u00e0 30.000 Euro cho vi\u1ec7c c\u1ea5p c\u1ee9u vi\u1ec7n ph\u00ed kh\u1ea9n c\u1ea5p v\u00e0 c\u00e1c chi ph\u00ed h\u1ed3i h\u01b0\u01a1ng;<\/li>\n<li>\u0110\u1eb7t ph\u00f2ng kh\u00e1ch s\u1ea1n ho\u1eb7c b\u1eb1ng ch\u1ee9ng v\u1ec1 vi\u1ec7c thanh to\u00e1n ho\u1eb7c \u0111\u01b0\u1ee3c mi\u1ec5n ph\u00ed ch\u1ed7 \u1edf t\u1ea1i Italia;<\/li>\n<li>Copy s\u1ed5 H\u1ed9 kh\u1ea9u;<\/li>\n<li>Nh\u1eefng gi\u1ea5y t\u1edd kh\u00e1c h\u1ed7 tr\u1ee3 cho vi\u1ec7c xin c\u1ea5p th\u1ecb th\u1ef1c c\u00f3 th\u1ec3 \u0111\u01b0\u1ee3c n\u1ed9p c\u00f9ng h\u1ed3 s\u01a1 ho\u1eb7c \u0111\u01b0\u1ee3c Ph\u00f2ng Visa y\u00eau c\u1ea7u th\u00eam.<\/li>\n<li>\u0110\u1ea1i s\u1ee9 qu\u00e1n s\u1ebd xem x\u00e9t y\u00eau c\u1ea7u n\u1ed9p c\u00e1c gi\u1ea5y t\u1edd t\u1ea1i \u0111i\u1ec3m 9, 10 v\u00e0 13 \u0111\u1ed1i v\u1edbi c\u00e1c c\u00f4ng ty \u0111\u00e3 \u0111\u01b0\u1ee3c bi\u1ebft \u0111\u1ebfn.<\/li>\n<\/ol>\n<p><strong>L\u01b0u \u00fd:<\/strong> \u0110\u1ed1i v\u1edbi nh\u1eefng tr\u01b0\u1eddng h\u1ee3p tham d\u1ef1 h\u1ed9i ch\u1ee3 t\u1ea1i Italia: y\u00eau c\u1ea7u n\u1ed9p th\u00eam h\u00f3a \u0111\u01a1n \u0111\u00f3ng ti\u1ec1n gian h\u00e0ng tham d\u1ef1 h\u1ed9i ch\u1ee3, copy s\u01a1 \u0111\u1ed3 gian h\u00e0ng, v\u1eadn \u0111\u01a1n chuy\u1ec3n h\u00e0ng, v\u2026v\u2026;<\/p>\n<p><strong>Visa Xin \u0110i H\u1ecdc (Lo\u1ea1i \u201cC\u201d) \u2013 C\u00e1c Gi\u1ea5y T\u1edd Y\u00eau C\u1ea7u<\/strong><\/p>\n<p><em>\u0110\u1ed1i v\u1edbi visa \u0111i h\u1ecdc lo\u1ea1i \u201cD\u201d:<\/em><\/p>\n<ol>\n<li>\u0110\u01a1n xin c\u1ea5p visa ph\u1ea3i \u0111\u01b0\u1ee3c \u0111i\u1ec1n \u0111\u1ea7y \u0111\u1ee7 th\u00f4ng tin v\u00e0 k\u00fd t\u00ean;<\/li>\n<li>1 \u1ea3nh ch\u1ee5p g\u1ea7n \u0111\u00e2y nh\u1ea5t theo ti\u00eau chu\u1ea9n ICAO, k\u00edch th\u01b0\u1edbc 3.5&#215;4.0 cm; c\u00e1c \u1ea3nh n\u1ed9p c\u00f9ng\u00a0 \u0111\u01a1n xin c\u1ea5p th\u1ecb th\u1ef1c ph\u1ea3i \u0111\u01b0\u1ee3c ch\u1ee5p g\u1ea7n \u0111\u00e2y nh\u1ea5t (kh\u00f4ng qu\u00e1 6 th\u00e1ng), kh\u00f4ng \u0111\u01b0\u1ee3c ch\u1ec9nh s\u1eeda v\u00e0 ch\u1ec9 d\u00e1n 1 \u1ea3nh tr\u00ean \u0111\u01a1n xin c\u1ea5p th\u1ecb th\u1ef1c;<\/li>\n<li>H\u1ed9 chi\u1ebfu c\u00f2n gi\u00e1 tr\u1ecb s\u1eed d\u1ee5ng \u00edt nh\u1ea5t 3 th\u00e1ng so v\u1edbi th\u1eddi h\u1ea1n visa \u0111\u01b0\u1ee3c c\u1ea5p. H\u1ed9 chi\u1ebfu ph\u1ea3i c\u00f3 \u00edt nh\u1ea5t 2 trang tr\u1ed1ng \u0111\u1ec3 d\u00e1n th\u1ecb th\u1ef1c v\u00e0 \u0111\u00f3ng d\u1ea5u;<\/li>\n<li>1 b\u1ea3n copy h\u1ed9 chi\u1ebfu trang c\u00f3 \u1ea3nh v\u00e0 c\u00e1c trang c\u00f3 visa<\/li>\n<li>\u0110\u1eb7t v\u00e9 m\u00e1y bay ho\u1eb7c v\u00e9 m\u00e1y bay kh\u1ee9 h\u1ed3i;<\/li>\n<li>Th\u01b0 m\u1eddi c\u1ee7a Tr\u01b0\u1eddng \u0110\u1ea1i h\u1ecdc\/T\u1ed5 ch\u1ee9c\/C\u01a1 s\u1edf \u0110\u00e0o t\u1ea1o;<\/li>\n<li>Gi\u1ea5y t\u1edd ch\u1ee9ng minh t\u00e0i ch\u00ednh cho su\u1ed1t th\u1eddi k\u1ef3 \u0111i h\u1ecdc t\u1ea1i Italia. Vi\u1ec7c ch\u1ee9ng minh n\u00e0y c\u00f3 th\u1ec3 \u0111\u01b0\u1ee3c th\u1ec3 hi\u1ec7n qua vi\u1ec7c sao k\u00ea t\u00e0i kho\u1ea3n c\u00e1 nh\u00e2n. T\u00e0i kho\u1ea3n ti\u1ec1n g\u1eedi ti\u1ebft ki\u1ec7m v\u00e0 s\u1ed5 ti\u1ebft ki\u1ec7m kh\u00f4ng li\u00ean quan \u0111\u1ebfn vi\u1ec7c ch\u1ee9ng minh thu nh\u1eadp;<\/li>\n<li>Gi\u1ea5y t\u1edd ph\u00eda c\u01a1 quan ch\u1ee7 qu\u1ea3n: Quy\u1ebft \u0111\u1ecbnh c\u1eed \u0111i h\u1ecdc, H\u1ee3p \u0111\u1ed3ng lao \u0111\u1ed9ng.<\/li>\n<li>Nh\u1eefng ng\u01b0\u1eddi mang h\u1ed9 chi\u1ebfu C\u00f4ng v\u1ee5 ph\u1ea3i n\u1ed9p k\u00e8m th\u00eam C\u00f4ng h\u00e0m do B\u1ed9 Ngo\u1ea1i giao \u2013 C\u1ee5c L\u00e3nh s\u1ef1 c\u1ea5p.<\/li>\n<li>B\u1ea3o hi\u1ec3m du l\u1ecbch, v\u1edbi m\u1ee9c b\u1ea3o hi\u1ec3m t\u1ed1i thi\u1ec3u l\u00e0 30.000 Euro cho vi\u1ec7c c\u1ea5p c\u1ee9u vi\u1ec7n ph\u00ed kh\u1ea9n c\u1ea5p v\u00e0 c\u00e1c chi ph\u00ed h\u1ed3i h\u01b0\u01a1ng;<\/li>\n<li>\u0110\u1eb7t ph\u00f2ng kh\u00e1ch s\u1ea1n ho\u1eb7c b\u1eb1ng ch\u1ee9ng v\u1ec1 vi\u1ec7c thanh to\u00e1n ho\u1eb7c \u0111\u01b0\u1ee3c mi\u1ec5n ph\u00ed ch\u1ed7 \u1edf t\u1ea1i Italia;<\/li>\n<li>B\u1ea3n sao s\u1ed5 H\u1ed9 kh\u1ea9u;<\/li>\n<li>Nh\u1eefng gi\u1ea5y t\u1edd kh\u00e1c h\u1ed7 tr\u1ee3 cho vi\u1ec7c xin c\u1ea5p th\u1ecb th\u1ef1c c\u00f3 th\u1ec3 \u0111\u01b0\u1ee3c n\u1ed9p c\u00f9ng h\u1ed3 s\u01a1 ho\u1eb7c \u0111\u01b0\u1ee3c Ph\u00f2ng Visa y\u00eau c\u1ea7u th\u00eam.<\/li>\n<\/ol>\n<p>&nbsp;<\/p>\n<p>&nbsp;<\/p>\n<p><strong>R\u1ea4T QUAN TR\u1eccNG<\/strong>: Xem ph\u00e2n v\u00f9ng th\u1ea9m quy\u1ec1n thu\u1ed9c \u0110\u1ea1i s\u1ee9 qu\u00e1n (t\u1ea1i H\u00e0 N\u1ed9i) ho\u1eb7c th\u1ea9m quy\u1ec1n\u00a0 thu\u1ed9c T\u1ed5ng L\u00e3nh s\u1ef1 (TP H\u1ed3 Ch\u00ed Minh) t\u1ea1i\u00a0 b\u1ea3n \u0111\u1ed3 theo \u0111\u01b0\u1eddng link sau.<\/p>\n<\/div>\n","protected":false},"excerpt":{"rendered":"D\u1ecbch v\u1ee5 l\u00e3nh s\u1ef1 H\u00e3y b\u1ea5m v\u00e0o \u0111\u00e2y \u0111\u1ec3 xem quy \u0111\u1ecbnh v\u1ec1 vi\u1ec7c b\u1ea3o v\u1ec7 c\u00e1 nh\u00e2n li\u00ean quan \u0111\u1ebfn vi\u1ec7c x\u1eed l\u00fd c\u00e1c d\u1eef li\u1ec7u c\u00e1 nh\u00e2n v\u00ec m\u1ee5c \u0111\u00edch c\u00f4ng nh\u1eadn quy\u1ec1n c\u00f4ng d\u00e2n Italia theo huy\u1ebft th\u1ed1ng ho\u1eb7c theo vi\u1ec7c nh\u1eadp qu\u1ed1c t\u1ecbch. &nbsp; H\u00e3y b\u1ea5m v\u00e0o \u0111\u00e2y \u0111\u1ec3 xem quy [&hellip;]","protected":false},"author":1,"featured_media":0,"parent":0,"menu_order":6,"comment_status":"closed","ping_status":"closed","template":"","meta":{"footnotes":""},"class_list":["post-197","page","type-page","status-publish","hentry"],"_links":{"self":[{"href":"https:\/\/ambhanoi.esteri.it\/vi\/wp-json\/wp\/v2\/pages\/197","targetHints":{"allow":["GET"]}}],"collection":[{"href":"https:\/\/ambhanoi.esteri.it\/vi\/wp-json\/wp\/v2\/pages"}],"about":[{"href":"https:\/\/ambhanoi.esteri.it\/vi\/wp-json\/wp\/v2\/types\/page"}],"author":[{"embeddable":true,"href":"https:\/\/ambhanoi.esteri.it\/vi\/wp-json\/wp\/v2\/users\/1"}],"replies":[{"embeddable":true,"href":"https:\/\/ambhanoi.esteri.it\/vi\/wp-json\/wp\/v2\/comments?post=197"}],"version-history":[{"count":7,"href":"https:\/\/ambhanoi.esteri.it\/vi\/wp-json\/wp\/v2\/pages\/197\/revisions"}],"predecessor-version":[{"id":6090,"href":"https:\/\/ambhanoi.esteri.it\/vi\/wp-json\/wp\/v2\/pages\/197\/revisions\/6090"}],"wp:attachment":[{"href":"https:\/\/ambhanoi.esteri.it\/vi\/wp-json\/wp\/v2\/media?parent=197"}],"curies":[{"name":"wp","href":"https:\/\/api.w.org\/{rel}","templated":true}]}}