{"id":189,"date":"2023-04-11T18:24:38","date_gmt":"2023-04-11T11:24:38","guid":{"rendered":"https:\/\/ambhanoi.esteri.it\/diplomazia-culturale\/studiare-in-italia\/"},"modified":"2023-11-02T11:47:29","modified_gmt":"2023-11-02T04:47:29","slug":"studiare-in-italia","status":"publish","type":"page","link":"https:\/\/ambhanoi.esteri.it\/vi\/italia-e-vietnam\/diplomazia-culturale\/studiare-in-italia\/","title":{"rendered":"Du h\u1ecdc \u00dd"},"content":{"rendered":"<p>Vi\u1ec7c ph\u00e1t tri\u1ec3n c\u00e1c m\u1ed1i quan h\u1ec7 gi\u1eefa c\u00e1c tr\u01b0\u1eddng \u0110\u1ea1i h\u1ecdc v\u00e0 s\u1ef1 ph\u00e1t tri\u1ec3n c\u1ee7a s\u1ed1 l\u01b0\u1ee3ng c\u00e1c em sinh vi\u00ean Vi\u1ec7t Nam \u0111\u1ebfn Italia l\u00e0 m\u1ed9t trong nh\u1eefng ho\u1ea1t \u0111\u1ed9ng quan tr\u1ecdng nh\u1ea5t c\u1ee7a \u0110\u1ea1i s\u1ee9 qu\u00e1n. \u0110\u1ec3 \u0111\u1ea1t \u0111\u01b0\u1ee3c k\u1ebft qu\u1ea3 cao nh\u1ea5t, t\u1eeb n\u0103m 2013, trong khu\u00f4n kh\u1ed5 \u0110\u1ea1i s\u1ee9 qu\u00e1n \u0111\u00e3 m\u1edf v\u0103n ph\u00f2ng Uni Italia, ph\u1ee5 tr\u00e1ch v\u1ec1 vi\u1ec7c h\u1ecdc t\u1eadp t\u1ea1i c\u00e1c tr\u01b0\u1eddng \u1edf Italia v\u00e0 cung c\u1ea5p th\u00f4ng tin, h\u1ed7 tr\u1ee3 sinh vi\u00ean Vi\u1ec7t Nam ( c\u00f3 t\u00ednh ph\u00ed) khi mu\u1ed1n t\u1edbi Italia.<\/p>\n<p>Nh\u1eefng h\u1ed3 s\u01a1 li\u00ean quan \u0111\u1ebfn visa thu\u1ed9c th\u1ea9m quy\u1ec1n c\u1ee7a ph\u00f2ng Visa c\u1ee7a \u0110\u1ea1i s\u1ee9 qu\u00e1n: <a href=\"mailto:visti.hanoi@esteri.it\">visti.hanoi@esteri.it<\/a>.<\/p>\n<p>\u0110\u1ec3 \u0111\u0103ng k\u00ed v\u00e0o c\u00e1c tr\u01b0\u1eddng \u0110\u1ea1i h\u1ecdc Italia m\u1eddi c\u00e1c b\u1ea1n xem th\u00f4ng tin trong th\u00f4ng b\u00e1o tr\u00ean trang web: <a href=\"http:\/\/www.studiare-in-italia.it\/studentistranieri\/index.html\">http:\/\/www.studiare-in-italia.it\/studentistranieri\/index.html<\/a>.<\/p>\n<p>\u0110\u1ed1i v\u1edbi c\u00e1c kh\u00f3a h\u1ecdc sau \u0111\u1ea1i h\u1ecdc ho\u00e0n to\u00e0n b\u1eb1ng ti\u1ebfng Anh \u0111\u01b0\u1ee3c cung c\u1ea5p b\u1edfi c\u00e1c tr\u01b0\u1eddng \u0111\u1ea1i h\u1ecdc \u00dd, vui l\u00f2ng truy c\u1eadp li\u00ean k\u1ebft: <a href=\"http:\/\/www.universitaly.it\/index.php\/public\/cercacorsiInglese\">http:\/\/www.universitaly.it\/index.php\/public\/cercacorsiInglese<\/a>.<\/p>\n<p>Li\u00ean quan \u0111\u1ebfn c\u00e1c h\u1ecdc b\u1ed5ng c\u1ee7a Ch\u00ednh ph\u1ee7 Italia cho, xin vui l\u00f2ng xem t\u1ea1i trang web: <a href=\"https:\/\/www.esteri.it\/it\/opportunita\/borse-di-studio\/per-cittadini-stranieri\/borsestudio_stranieri\/\">https:\/\/www.esteri.it\/it\/opportunita\/borse-di-studio\/per-cittadini-stranieri\/borsestudio_stranieri\/<\/a><\/p>\n<p>N\u00f3 c\u0169ng l\u00e0 ho\u1ea1t \u0111\u1ed9ng c\u1ee7a ch\u01b0\u01a1ng tr\u00ecnh &#8220;\u0110\u1ea7u t\u01b0 t\u00e0i n\u0103ng c\u1ee7a b\u1ea1n t\u1ea1i \u00dd&#8221;, trong \u0111\u00f3 \u0111\u1ec1 xu\u1ea5t m\u1ed9t n\u1ec1n gi\u00e1o d\u1ee5c to\u00e0n di\u1ec7n, k\u1ebft h\u1ee3p nghi\u00ean c\u1ee9u h\u1ecdc t\u1eadp t\u1ea1i c\u00e1c tr\u01b0\u1eddng \u0111\u1ea1i h\u1ecdc uy t\u00edn c\u1ee7a \u00dd v\u1edbi m\u1ed9t giai \u0111o\u1ea1n chuy\u00ean m\u00f4n chuy\u00ean m\u00f4n &#8220;trong l\u0129nh v\u1ef1c&#8221; (on-the-job \u0111\u00e0o t\u1ea1o), b\u1eb1ng c\u00e1ch th\u1ef1c t\u1eadp t\u1ea1i m\u1ed9t c\u00f4ng ty \u00dd. Nh\u1ea5p v\u00e0o <a href=\"https:\/\/investyourtalentapplication.esteri.it\/SitoInvestYourTalentApplication\/progetto.asp\">\u0111\u00e2y<\/a> \u0111\u1ec3 t\u00ecm hi\u1ec3u th\u00eam.<\/p>\n<p>\u0110\u1ec3 c\u00f3 th\u00eam th\u00f4ng tin v\u1ec1 c\u00e1c kh\u00f3a h\u1ecdc t\u1ea1i c\u00e1c tr\u01b0\u1eddng \u0110\u1ea1i h\u1ecdc c\u1ee7a Italia c\u00f3 th\u1ec3 y\u00eau c\u1ea7u t\u1ea1i:<\/p>\n<p><strong>Uni-Italia Vi\u1ec7t Nam<br \/>\n<\/strong>9, L\u00ea Ph\u1ee5ng Hi\u1ec3u, Ho\u00e0n Ki\u1ebfm, H\u00e0 N\u1ed9i<br \/>\nTel: (+84) 438240579<br \/>\nEmail: <a href=\"mailto:info@uni-italia.vn\">info@uni-italia.vn<\/a> &#8211; Website: <a href=\"https:\/\/duhocy.vn\">https:\/\/duhocy.vn<\/a>\u00a0&#8211; Facebook: uni.italia.vietnam<\/p>\n<p>&nbsp;<\/p>\n<div>\n<div>\n<p>&nbsp;<\/p>\n<p>&nbsp;<\/p>\n<\/div>\n<\/div>\n<p><a href=\"https:\/\/www.mur.gov.it\/it\"><img loading=\"lazy\" decoding=\"async\" class=\"alignnone wp-image-676 img-fluid\" src=\"https:\/\/ambhanoi.esteri.it\/wp-content\/uploads\/2023\/10\/mur.jpg\" alt=\"\" width=\"165\" height=\"165\" srcset=\"https:\/\/ambhanoi.esteri.it\/wp-content\/uploads\/2023\/10\/mur.jpg 225w, https:\/\/ambhanoi.esteri.it\/wp-content\/uploads\/2023\/10\/mur-150x150.jpg 150w\" sizes=\"auto, (max-width: 165px) 100vw, 165px\" \/><\/a><\/p>\n","protected":false},"excerpt":{"rendered":"Vi\u1ec7c ph\u00e1t tri\u1ec3n c\u00e1c m\u1ed1i quan h\u1ec7 gi\u1eefa c\u00e1c tr\u01b0\u1eddng \u0110\u1ea1i h\u1ecdc v\u00e0 s\u1ef1 ph\u00e1t tri\u1ec3n c\u1ee7a s\u1ed1 l\u01b0\u1ee3ng c\u00e1c em sinh vi\u00ean Vi\u1ec7t Nam \u0111\u1ebfn Italia l\u00e0 m\u1ed9t trong nh\u1eefng ho\u1ea1t \u0111\u1ed9ng quan tr\u1ecdng nh\u1ea5t c\u1ee7a \u0110\u1ea1i s\u1ee9 qu\u00e1n. \u0110\u1ec3 \u0111\u1ea1t \u0111\u01b0\u1ee3c k\u1ebft qu\u1ea3 cao nh\u1ea5t, t\u1eeb n\u0103m 2013, trong khu\u00f4n kh\u1ed5 \u0110\u1ea1i s\u1ee9 [&hellip;]","protected":false},"author":1,"featured_media":0,"parent":183,"menu_order":2,"comment_status":"closed","ping_status":"closed","template":"","meta":{"footnotes":""},"class_list":["post-189","page","type-page","status-publish","hentry"],"_links":{"self":[{"href":"https:\/\/ambhanoi.esteri.it\/vi\/wp-json\/wp\/v2\/pages\/189","targetHints":{"allow":["GET"]}}],"collection":[{"href":"https:\/\/ambhanoi.esteri.it\/vi\/wp-json\/wp\/v2\/pages"}],"about":[{"href":"https:\/\/ambhanoi.esteri.it\/vi\/wp-json\/wp\/v2\/types\/page"}],"author":[{"embeddable":true,"href":"https:\/\/ambhanoi.esteri.it\/vi\/wp-json\/wp\/v2\/users\/1"}],"replies":[{"embeddable":true,"href":"https:\/\/ambhanoi.esteri.it\/vi\/wp-json\/wp\/v2\/comments?post=189"}],"version-history":[{"count":6,"href":"https:\/\/ambhanoi.esteri.it\/vi\/wp-json\/wp\/v2\/pages\/189\/revisions"}],"predecessor-version":[{"id":853,"href":"https:\/\/ambhanoi.esteri.it\/vi\/wp-json\/wp\/v2\/pages\/189\/revisions\/853"}],"up":[{"embeddable":true,"href":"https:\/\/ambhanoi.esteri.it\/vi\/wp-json\/wp\/v2\/pages\/183"}],"wp:attachment":[{"href":"https:\/\/ambhanoi.esteri.it\/vi\/wp-json\/wp\/v2\/media?parent=189"}],"curies":[{"name":"wp","href":"https:\/\/api.w.org\/{rel}","templated":true}]}}