{"id":183,"date":"2023-04-11T18:10:45","date_gmt":"2023-04-11T11:10:45","guid":{"rendered":"https:\/\/ambhanoi.esteri.it\/diplomazia-culturale\/"},"modified":"2023-10-18T09:52:58","modified_gmt":"2023-10-18T02:52:58","slug":"diplomazia-culturale","status":"publish","type":"page","link":"https:\/\/ambhanoi.esteri.it\/vi\/italia-e-vietnam\/diplomazia-culturale\/","title":{"rendered":"Ngo\u1ea1i giao v\u0103n h\u00f3a"},"content":{"rendered":"<p>H\u1ee3p t\u00e1c v\u0103n h\u00f3a th\u1ec3 hi\u1ec7n m\u1ed9t trong nh\u1eefng m\u1ea3ng tr\u1ee5 c\u1ed9t c\u1ee7a c\u00e1c ho\u1ea1t \u0111\u1ed9ng c\u1ee7a Italia t\u1ea1i Vi\u1ec7t Nam \u0111\u1ec3 \u0111\u00e1p \u1ee9ng nhu c\u1ea7u t\u00ecm hi\u1ec3u v\u1ec1 v\u0103n h\u00f3a Italia t\u1ea1i \u0111\u1ea5t n\u01b0\u1edbc n\u00e0y.<\/p>\n<p>C\u00e1c ho\u1ea1t \u0111\u1ed9ng v\u0103n h\u00f3a t\u1eadp trung v\u00e0o nh\u1eefng \u0111i\u1ec3m n\u1ed5i b\u1eadt c\u1ee7a Italia trong l\u0129nh v\u1ef1c ngh\u1ec7 thu\u1eadt, ki\u1ebfn tr\u00fac, v\u0103n h\u1ecdc, \u00e2m nh\u1ea1c, \u1ea9m th\u1ef1c, th\u1eddi trang v\u00e0 nhi\u1ec1u l\u0129nh v\u1ef1c kh\u00e1c gi\u00fap qu\u1ea3ng b\u00e1 v\u1ec1 nh\u1eefng \u0111i\u1ec3m m\u1ea1nh v\u00e0 n\u1ed5i ti\u1ebfng c\u1ee7a v\u0103n h\u00f3a Italia t\u1edbi c\u00f4ng ch\u00fang Vi\u1ec7t Nam.<\/p>\n<p>Ngo\u00e0i ra vi\u1ec7c h\u1ecdc ti\u1ebfng \u00dd c\u0169ng l\u00e0 m\u1ed9t kh\u1ea3 n\u0103ng t\u1ea1o n\u00ean m\u1ed9t c\u00e2y c\u1ea7u v\u0129nh c\u1eedu k\u1ebft n\u1ed1i thanh ni\u00ean c\u1ee7a hai qu\u1ed1c gia. Nh\u1edd c\u00f3 c\u00e2y c\u1ea7u n\u00e0y hai b\u00ean c\u00f3 th\u1ec3 trao \u0111\u1ed5i kinh nghi\u1ec7m, ki\u1ebfn th\u1ee9c, gi\u00e1 tr\u1ecb v\u00e0 b\u1ea3n s\u1eafc \u0111\u1ec3 c\u00f3 th\u1ec3 ti\u1ebfn l\u1ea1i g\u1ea7n nhau h\u01a1n. \u0110\u1ea1i s\u1ee9 qu\u00e1n Italia \u0111\u1eb7c bi\u1ec7t ch\u00fa tr\u1ecdng t\u1edbi vi\u1ec7c h\u1ed7 tr\u1ee3 c\u00e1c ho\u1ea1t \u0111\u1ed9ng c\u1ee7a c\u00e1c tr\u01b0\u1eddng d\u1ea1y ti\u1ebfng Italia v\u00e0 khuy\u1ebfn kh\u00edch c\u00e1c sinh vi\u00ean Vi\u1ec7t Nam t\u1edbi Italia \u0111\u1ec3 trau d\u1ed3i th\u00eam ki\u1ebfn th\u1ee9c \u0111\u01b0\u1ee3c cung c\u1ea5p t\u1ea1i c\u00e1c tr\u01b0\u1eddng \u0110\u1ea1i h\u1ecdc Italia.<\/p>\n<p>Trong ph\u1ea7n d\u01b0\u1edbi ph\u00eda b\u00ean tr\u00e1i c\u00f3 m\u1ed9t v\u00e0i th\u00f4ng tin li\u00ean quan \u0111\u1ebfn ch\u00ednh s\u00e1ch h\u1ee3p t\u00e1c v\u0103n h\u00f3a c\u1ee7a \u0110\u1ea1i s\u1ee9 qu\u00e1n.<\/p>\n<p>C\u00e1c v\u0103n ph\u00f2ng c\u1ee7a ch\u00fang t\u00f4i s\u1eb5n s\u00e0ng tr\u1ea3 l\u1eddi c\u00e1c y\u00eau c\u1ea7u v\u1ec1 th\u00f4ng tin:<\/p>\n<p>\u0110i\u1ec7n tho\u1ea1i 0084 24 38256 256; fax 0084 24 38267 602<\/p>\n<p>mail <a href=\"mailto:culturale.hanoi@esteri.it\">culturale.hanoi@esteri.it<\/a>\u00a0(ho\u1ea1t \u0111\u1ed9ng v\u0103n h\u00f3a)<\/p>\n<p>mail <a href=\"mailto:lettore.hanoi@esteri.it\">lettore.hanoi@esteri.it<\/a>\u00a0(c\u00e2u h\u1ecfi li\u00ean quan \u0111\u1ebfn gi\u1ea3ng d\u1ea1y ti\u1ebfng Italia)<\/p>\n<p>&nbsp;<\/p>\n<p><a href=\"https:\/\/www.esteri.it\/it\/diplomazia-culturale-e-diplomazia-scientifica\/cultura\/\"><img loading=\"lazy\" decoding=\"async\" class=\"alignnone wp-image-666 img-fluid\" src=\"https:\/\/ambhanoi.esteri.it\/wp-content\/uploads\/2023\/10\/Farnesina-logo28129-300x98.png\" alt=\"\" width=\"251\" height=\"82\" srcset=\"https:\/\/ambhanoi.esteri.it\/wp-content\/uploads\/2023\/10\/Farnesina-logo28129-300x98.png 300w, https:\/\/ambhanoi.esteri.it\/wp-content\/uploads\/2023\/10\/Farnesina-logo28129.png 765w\" sizes=\"auto, (max-width: 251px) 100vw, 251px\" \/><\/a><\/p>\n<p><a href=\"https:\/\/www.beniculturali.it\"><img loading=\"lazy\" decoding=\"async\" class=\"alignnone wp-image-661 img-fluid\" src=\"https:\/\/ambhanoi.esteri.it\/wp-content\/uploads\/2023\/10\/logomibact-300x116.jpg\" alt=\"\" width=\"186\" height=\"72\" srcset=\"https:\/\/ambhanoi.esteri.it\/wp-content\/uploads\/2023\/10\/logomibact-300x116.jpg 300w, https:\/\/ambhanoi.esteri.it\/wp-content\/uploads\/2023\/10\/logomibact.jpg 335w\" sizes=\"auto, (max-width: 186px) 100vw, 186px\" \/><\/a><\/p>\n<p><a href=\"https:\/\/italiana.esteri.it\/italiana\/\"><img loading=\"lazy\" decoding=\"async\" class=\"alignnone wp-image-663 img-fluid\" src=\"https:\/\/ambhanoi.esteri.it\/wp-content\/uploads\/2023\/10\/italiana_imm.jpg\" alt=\"\" width=\"156\" height=\"117\" \/><\/a><\/p>\n<p><a href=\"https:\/\/www.newitalianbooks.it\/it\/home\/\"><img loading=\"lazy\" decoding=\"async\" class=\"alignnone wp-image-664 img-fluid\" src=\"https:\/\/ambhanoi.esteri.it\/wp-content\/uploads\/2023\/10\/nib.jpg\" alt=\"\" width=\"134\" height=\"97\" \/><\/a><\/p>\n","protected":false},"excerpt":{"rendered":"H\u1ee3p t\u00e1c v\u0103n h\u00f3a th\u1ec3 hi\u1ec7n m\u1ed9t trong nh\u1eefng m\u1ea3ng tr\u1ee5 c\u1ed9t c\u1ee7a c\u00e1c ho\u1ea1t \u0111\u1ed9ng c\u1ee7a Italia t\u1ea1i Vi\u1ec7t Nam \u0111\u1ec3 \u0111\u00e1p \u1ee9ng nhu c\u1ea7u t\u00ecm hi\u1ec3u v\u1ec1 v\u0103n h\u00f3a Italia t\u1ea1i \u0111\u1ea5t n\u01b0\u1edbc n\u00e0y. C\u00e1c ho\u1ea1t \u0111\u1ed9ng v\u0103n h\u00f3a t\u1eadp trung v\u00e0o nh\u1eefng \u0111i\u1ec3m n\u1ed5i b\u1eadt c\u1ee7a Italia trong l\u0129nh v\u1ef1c ngh\u1ec7 thu\u1eadt, [&hellip;]","protected":false},"author":1,"featured_media":0,"parent":209,"menu_order":2,"comment_status":"closed","ping_status":"closed","template":"","meta":{"footnotes":""},"class_list":["post-183","page","type-page","status-publish","hentry"],"_links":{"self":[{"href":"https:\/\/ambhanoi.esteri.it\/vi\/wp-json\/wp\/v2\/pages\/183","targetHints":{"allow":["GET"]}}],"collection":[{"href":"https:\/\/ambhanoi.esteri.it\/vi\/wp-json\/wp\/v2\/pages"}],"about":[{"href":"https:\/\/ambhanoi.esteri.it\/vi\/wp-json\/wp\/v2\/types\/page"}],"author":[{"embeddable":true,"href":"https:\/\/ambhanoi.esteri.it\/vi\/wp-json\/wp\/v2\/users\/1"}],"replies":[{"embeddable":true,"href":"https:\/\/ambhanoi.esteri.it\/vi\/wp-json\/wp\/v2\/comments?post=183"}],"version-history":[{"count":4,"href":"https:\/\/ambhanoi.esteri.it\/vi\/wp-json\/wp\/v2\/pages\/183\/revisions"}],"predecessor-version":[{"id":474,"href":"https:\/\/ambhanoi.esteri.it\/vi\/wp-json\/wp\/v2\/pages\/183\/revisions\/474"}],"up":[{"embeddable":true,"href":"https:\/\/ambhanoi.esteri.it\/vi\/wp-json\/wp\/v2\/pages\/209"}],"wp:attachment":[{"href":"https:\/\/ambhanoi.esteri.it\/vi\/wp-json\/wp\/v2\/media?parent=183"}],"curies":[{"name":"wp","href":"https:\/\/api.w.org\/{rel}","templated":true}]}}