{"id":180,"date":"2023-04-11T18:24:01","date_gmt":"2023-04-11T11:24:01","guid":{"rendered":"https:\/\/ambhanoi.esteri.it\/diplomazia-economica\/fare-affari-in-italia\/"},"modified":"2023-10-17T14:05:11","modified_gmt":"2023-10-17T07:05:11","slug":"fare-affari-in-italia","status":"publish","type":"page","link":"https:\/\/ambhanoi.esteri.it\/vi\/italia-e-vietnam\/diplomazia-economica\/fare-affari-in-italia\/","title":{"rendered":"Kinh doanh \u1edf \u00dd"},"content":{"rendered":"<p>N\u1ebfu b\u1ea1n quan t\u00e2m t\u1edbi vi\u1ec7c kinh doanh t\u1ea1i Italia, h\u00e3y tham kh\u1ea3o c\u00e1c \u0111\u01b0\u1eddng link sau \u0111\u00e2y:<\/p>\n<p>&#8211; V\u1ee5 Kho b\u1ea1c, B\u1ed9 Kinh T\u1ebf v\u00e0 T\u00e0i Ch\u00ednh <a href=\"http:\/\/www.dt.mef.gov.it\/it\/index.html\">http:\/\/www.dt.mef.gov.it\/it\/index.html<\/a><\/p>\n<p>&#8211; Ng\u00e2n H\u00e0ng Nh\u00e0 N\u01b0\u1edbc Italia Banca d\u2019Italia <a href=\"http:\/\/www.bancaditalia.it\/\">http:\/\/www.bancaditalia.it\/<\/a><\/p>\n<p>&#8211; S\u1ed1 li\u1ec7u kinh t\u1ebf Italia c\u1ee7a Ng\u00e2n h\u00e0ng Nh\u00e0 N\u01b0\u1edbc Italia Banca d\u2019Italia<\/p>\n<p><a href=\"http:\/\/www.bancaditalia.it\/statistiche\/index.html?com.dotmarketing.htmlpage.language=102\">http:\/\/www.bancaditalia.it\/statistiche\/index.html?com.dotmarketing.htmlpage.language=102<\/a><\/p>\n<p>&#8211; C\u1ee5c Th\u1ed1ng k\u00ea Nh\u00e0 n\u01b0\u1edbc ISTAT <a href=\"http:\/\/www.istat.it\/it\/\">http:\/\/www.istat.it\/it\/<\/a><\/p>\n<p>&#8211; Italia Startup Visa <a href=\"http:\/\/italiastartupvisa.mise.gov.it\/\">http:\/\/italiastartupvisa.mise.gov.it\/<\/a><\/p>\n<p>&#8211; Invitalia\/Sviluppo Italia <a href=\"http:\/\/www.invitalia.it\/site\/new\/home.html\">http:\/\/www.invitalia.it\/site\/new\/home.html<\/a><\/p>\n<p>&#8211; Li\u00ean \u0111o\u00e0n Gi\u1edbi ch\u1ee7 C\u00f4ng nghi\u1ec7p Confindustria <a href=\"http:\/\/www.confindustria.it\">http:\/\/www.confindustria.it<\/a><\/p>\n<p>&#8211; Li\u00ean hi\u1ec7p c\u00e1c Ph\u00f2ng Th\u01b0\u01a1ng m\u1ea1i Unioncamere <a href=\"http:\/\/www.unioncamere.gov.it\/\">http:\/\/www.unioncamere.gov.it\/<\/a><\/p>\n<p>&#8211; Hi\u1ec7p h\u1ed9i c\u00e1c ph\u00f2ng th\u01b0\u01a1ng m\u1ea1i n\u01b0\u1edbc ngo\u00e0i Assocamere estero <a href=\"http:\/\/www.assocamerestero.it\/\">http:\/\/www.assocamerestero.it\/<\/a><\/p>\n","protected":false},"excerpt":{"rendered":"N\u1ebfu b\u1ea1n quan t\u00e2m t\u1edbi vi\u1ec7c kinh doanh t\u1ea1i Italia, h\u00e3y tham kh\u1ea3o c\u00e1c \u0111\u01b0\u1eddng link sau \u0111\u00e2y: &#8211; V\u1ee5 Kho b\u1ea1c, B\u1ed9 Kinh T\u1ebf v\u00e0 T\u00e0i Ch\u00ednh http:\/\/www.dt.mef.gov.it\/it\/index.html &#8211; Ng\u00e2n H\u00e0ng Nh\u00e0 N\u01b0\u1edbc Italia Banca d\u2019Italia http:\/\/www.bancaditalia.it\/ &#8211; S\u1ed1 li\u1ec7u kinh t\u1ebf Italia c\u1ee7a Ng\u00e2n h\u00e0ng Nh\u00e0 N\u01b0\u1edbc Italia Banca d\u2019Italia http:\/\/www.bancaditalia.it\/statistiche\/index.html?com.dotmarketing.htmlpage.language=102 &#8211; C\u1ee5c [&hellip;]","protected":false},"author":1,"featured_media":0,"parent":178,"menu_order":2,"comment_status":"closed","ping_status":"closed","template":"","meta":{"footnotes":""},"class_list":["post-180","page","type-page","status-publish","hentry"],"_links":{"self":[{"href":"https:\/\/ambhanoi.esteri.it\/vi\/wp-json\/wp\/v2\/pages\/180","targetHints":{"allow":["GET"]}}],"collection":[{"href":"https:\/\/ambhanoi.esteri.it\/vi\/wp-json\/wp\/v2\/pages"}],"about":[{"href":"https:\/\/ambhanoi.esteri.it\/vi\/wp-json\/wp\/v2\/types\/page"}],"author":[{"embeddable":true,"href":"https:\/\/ambhanoi.esteri.it\/vi\/wp-json\/wp\/v2\/users\/1"}],"replies":[{"embeddable":true,"href":"https:\/\/ambhanoi.esteri.it\/vi\/wp-json\/wp\/v2\/comments?post=180"}],"version-history":[{"count":2,"href":"https:\/\/ambhanoi.esteri.it\/vi\/wp-json\/wp\/v2\/pages\/180\/revisions"}],"predecessor-version":[{"id":463,"href":"https:\/\/ambhanoi.esteri.it\/vi\/wp-json\/wp\/v2\/pages\/180\/revisions\/463"}],"up":[{"embeddable":true,"href":"https:\/\/ambhanoi.esteri.it\/vi\/wp-json\/wp\/v2\/pages\/178"}],"wp:attachment":[{"href":"https:\/\/ambhanoi.esteri.it\/vi\/wp-json\/wp\/v2\/media?parent=180"}],"curies":[{"name":"wp","href":"https:\/\/api.w.org\/{rel}","templated":true}]}}