{"id":175,"date":"2023-04-11T18:08:31","date_gmt":"2023-04-11T11:08:31","guid":{"rendered":"https:\/\/ambhanoi.esteri.it\/chi-siamo\/la-rete-consolare\/"},"modified":"2023-12-06T15:10:35","modified_gmt":"2023-12-06T08:10:35","slug":"la-rete-consolare","status":"publish","type":"page","link":"https:\/\/ambhanoi.esteri.it\/vi\/chi-siamo\/la-rete-consolare\/","title":{"rendered":"M\u1ea1ng l\u01b0\u1edbi l\u00e3nh s\u1ef1"},"content":{"rendered":"<h3><\/h3>\n<div class=\"row\">\n<div class=\"col-md-6 col-sm-12 col-xs-24\"><\/div>\n<div class=\"col-md-17 col-sm-12 col-xs-24 share\">\n<div class=\"moduletable\">\n<div>\n<div class=\"addthis_toolbox addthis_default_style \"><\/div>\n<\/div>\n<\/div>\n<\/div>\n<\/div>\n<hr \/>\n<div class=\"sr-only\"><\/div>\n<div class=\"sr-only\"><\/div>\n<div><\/div>\n<div class=\"sr-only\"><\/div>\n<div>\n<p>C\u00f9ng v\u1edbi ph\u00f2ng l\u00e3nh s\u1ef1 v\u00e0 Visa c\u1ee7a \u0110\u1ea1i s\u1ee9 qu\u00e1n t\u1ea1i H\u00e0 N\u1ed9i, Vi\u1ec7t Nam c\u00f3 T\u1ed5ng l\u00e3nh s\u1ef1 t\u1ea1i H\u1ed3 Ch\u00ed Minh.<br \/>\nB\u1ea3n \u0111\u1ed3 b\u00ean ph\u1ea3i ch\u1ec9 r\u00f5 c\u00e1c \u0111\u1ecba ph\u01b0\u01a1ng m\u00e0 hai v\u0103n ph\u00f2ng tr\u00ean ph\u1ee5 tr\u00e1ch.<\/p>\n<p><strong>TH\u00c0NH PH\u1ed0 H\u1ed2 CH\u00cd MINH<\/strong><br \/>\n<a href=\"https:\/\/conshochiminh.esteri.it\/vi\/\">T\u1ed5ng l\u00e3nh s\u1ef1 qu\u00e1n Italiaqu\u00e1n Italia<\/a><\/p>\n<p>President Place, 93 Nguy\u1ec5n Du, t\u1ea7ng 10, Qu\u1eadn 1, th\u00e0nh ph\u1ed1 H\u1ed3 Ch\u00ed Minh<br \/>\n\u0110i\u1ec7n tho\u1ea1i: +84 28 3827 5445\/46\/47 \u2013 Fax <span class=\"baec5a81-e4d6-4674-97f3-e9220f0136c1\">+84 28 3827 54444<\/span><br \/>\n\u0110i\u1ec7n tho\u1ea1i kh\u1ea9n d\u00e0nh cho ng\u01b0\u1eddi \u00dd: <span class=\"baec5a81-e4d6-4674-97f3-e9220f0136c1\">+84\u00a0(0) 778010257<\/span><\/p>\n<\/div>\n","protected":false},"excerpt":{"rendered":"C\u00f9ng v\u1edbi ph\u00f2ng l\u00e3nh s\u1ef1 v\u00e0 Visa c\u1ee7a \u0110\u1ea1i s\u1ee9 qu\u00e1n t\u1ea1i H\u00e0 N\u1ed9i, Vi\u1ec7t Nam c\u00f3 T\u1ed5ng l\u00e3nh s\u1ef1 t\u1ea1i H\u1ed3 Ch\u00ed Minh. B\u1ea3n \u0111\u1ed3 b\u00ean ph\u1ea3i ch\u1ec9 r\u00f5 c\u00e1c \u0111\u1ecba ph\u01b0\u01a1ng m\u00e0 hai v\u0103n ph\u00f2ng tr\u00ean ph\u1ee5 tr\u00e1ch. TH\u00c0NH PH\u1ed0 H\u1ed2 CH\u00cd MINH T\u1ed5ng l\u00e3nh s\u1ef1 qu\u00e1n Italiaqu\u00e1n Italia President Place, 93 Nguy\u1ec5n [&hellip;]","protected":false},"author":1,"featured_media":0,"parent":167,"menu_order":8,"comment_status":"closed","ping_status":"closed","template":"","meta":{"footnotes":""},"class_list":["post-175","page","type-page","status-publish","hentry"],"_links":{"self":[{"href":"https:\/\/ambhanoi.esteri.it\/vi\/wp-json\/wp\/v2\/pages\/175","targetHints":{"allow":["GET"]}}],"collection":[{"href":"https:\/\/ambhanoi.esteri.it\/vi\/wp-json\/wp\/v2\/pages"}],"about":[{"href":"https:\/\/ambhanoi.esteri.it\/vi\/wp-json\/wp\/v2\/types\/page"}],"author":[{"embeddable":true,"href":"https:\/\/ambhanoi.esteri.it\/vi\/wp-json\/wp\/v2\/users\/1"}],"replies":[{"embeddable":true,"href":"https:\/\/ambhanoi.esteri.it\/vi\/wp-json\/wp\/v2\/comments?post=175"}],"version-history":[{"count":6,"href":"https:\/\/ambhanoi.esteri.it\/vi\/wp-json\/wp\/v2\/pages\/175\/revisions"}],"predecessor-version":[{"id":4463,"href":"https:\/\/ambhanoi.esteri.it\/vi\/wp-json\/wp\/v2\/pages\/175\/revisions\/4463"}],"up":[{"embeddable":true,"href":"https:\/\/ambhanoi.esteri.it\/vi\/wp-json\/wp\/v2\/pages\/167"}],"wp:attachment":[{"href":"https:\/\/ambhanoi.esteri.it\/vi\/wp-json\/wp\/v2\/media?parent=175"}],"curies":[{"name":"wp","href":"https:\/\/api.w.org\/{rel}","templated":true}]}}