{"id":171,"date":"2023-09-25T15:18:30","date_gmt":"2023-09-25T08:18:30","guid":{"rendered":"https:\/\/ambhanoi.esteri.it\/chi-siamo\/contatti\/"},"modified":"2026-03-16T09:24:45","modified_gmt":"2026-03-16T02:24:45","slug":"contatti","status":"publish","type":"page","link":"https:\/\/ambhanoi.esteri.it\/vi\/chi-siamo\/contatti\/","title":{"rendered":"Li\u00ean l\u1ea1c"},"content":{"rendered":"<p><strong>T\u1ed5ng \u0111\u00e0i<\/strong> : <span class=\"baec5a81-e4d6-4674-97f3-e9220f0136c1\">+84 24 38256256<a title=\"Call: +84 24 38256256\" href=\"https:\/\/ambhanoi.esteri.it\/ambasciata_hanoi\/vi\/ambasciata\/gli_uffici\/gli-uffici.html#\"><img decoding=\"async\" title=\"Call: +84 24 38256256\" src=\"data:image\/png;base64,iVBORw0KGgoAAAANSUhEUgAAABAAAAAQCAYAAAAf8\/9hAAAACXBIWXMAAA7EAAAOxAGVKw4bAAAAIGNIUk0AAHolAACAgwAA+f8AAIDpAAB1MAAA6mAAADqYAAAXb5JfxUYAAAKLSURBVHjadJPfS5NhFMe\/21xvuhXRyJAZroiSrJnbRdT7vrAf5HBaK5RABmEEwQIvkpZ\/QRcWXdSFw5soKaF0F7qZeLO13mGBDpQsf5CoxVKHOt0Pctp2uvEdrzG\/V+c553w\/54HnPDIiQiGpPMETABoB2AAYd9MRAMMAvGmX+RcAyAoBVJ7gZQDtABworH4AHWmX+bOMZdkjCoXiUzabvcAwzPSsob5p\/VTNY9GcdpnxdmYZ9wJThSCtCr1e\/4XjuNPd3d1KjUZzaGbI27ysqzGQoggAsLa1A7ehArrDxfDNr0oBlQB+wmKxbJFEL968SxoamsjkHaPU9l9piUo6A0RE1DG2QCWdASrpDAzJM5kMI8XecdjVxfEl+K9dxFgsgUvvR6HyBKHyBAEATyKLeGSsENuNcqk5kUjEGm7fzcYqr0ClVODl99+YXEvl6+c1amjVe+ahiGGYaUEQKnmeh91uL43rqheixjpdmzCL11er0PcjhrTLvMfUJsyKYUSeyWQ6enp6tgCgrKxsfbP8bB8AdE1G89cOReMAgOv+Cag8QXRNRkXAsDwcDr+am5tLCYKA3t7eo2dG+1vVK\/MfpRPtA+MIReMYaKj+\/xm9MiICx3EmpVL5wefzFavValis1u1vvHMkdfykCQC0kSGUTo+Ajmnx1dSC7IGD+UUCEYGIwLKsyWazrSeTSSIiMpnNf7Ttz5+ec96fr7\/VnE0mk+QfHMzV3WjcKH\/4rEr05QGFIA6HY4llWRLPRER+v3\/HYrFMFQSIkNra2tVQKJSlfcSyLO0LECFWq3XF6XRGA4HAptTsdrsXeZ6fEHtl+31nAOA4rkUulz\/I5XL63dQGgHEAN8Ph8AYA\/BsAt4ube4GblQIAAAAASUVORK5CYII=\" alt=\"\" \/><\/a><\/span><strong><br \/>\nFax<\/strong>: <span class=\"baec5a81-e4d6-4674-97f3-e9220f0136c1\">+84 24 38267602<a title=\"Call: +84 24 38267602\" href=\"https:\/\/ambhanoi.esteri.it\/ambasciata_hanoi\/vi\/ambasciata\/gli_uffici\/gli-uffici.html#\"><img decoding=\"async\" title=\"Call: +84 24 38267602\" src=\"data:image\/png;base64,iVBORw0KGgoAAAANSUhEUgAAABAAAAAQCAYAAAAf8\/9hAAAACXBIWXMAAA7EAAAOxAGVKw4bAAAAIGNIUk0AAHolAACAgwAA+f8AAIDpAAB1MAAA6mAAADqYAAAXb5JfxUYAAAKLSURBVHjadJPfS5NhFMe\/21xvuhXRyJAZroiSrJnbRdT7vrAf5HBaK5RABmEEwQIvkpZ\/QRcWXdSFw5soKaF0F7qZeLO13mGBDpQsf5CoxVKHOt0Pctp2uvEdrzG\/V+c553w\/54HnPDIiQiGpPMETABoB2AAYd9MRAMMAvGmX+RcAyAoBVJ7gZQDtABworH4AHWmX+bOMZdkjCoXiUzabvcAwzPSsob5p\/VTNY9GcdpnxdmYZ9wJThSCtCr1e\/4XjuNPd3d1KjUZzaGbI27ysqzGQoggAsLa1A7ehArrDxfDNr0oBlQB+wmKxbJFEL968SxoamsjkHaPU9l9piUo6A0RE1DG2QCWdASrpDAzJM5kMI8XecdjVxfEl+K9dxFgsgUvvR6HyBKHyBAEATyKLeGSsENuNcqk5kUjEGm7fzcYqr0ClVODl99+YXEvl6+c1amjVe+ahiGGYaUEQKnmeh91uL43rqheixjpdmzCL11er0PcjhrTLvMfUJsyKYUSeyWQ6enp6tgCgrKxsfbP8bB8AdE1G89cOReMAgOv+Cag8QXRNRkXAsDwcDr+am5tLCYKA3t7eo2dG+1vVK\/MfpRPtA+MIReMYaKj+\/xm9MiICx3EmpVL5wefzFavValis1u1vvHMkdfykCQC0kSGUTo+Ajmnx1dSC7IGD+UUCEYGIwLKsyWazrSeTSSIiMpnNf7Ttz5+ec96fr7\/VnE0mk+QfHMzV3WjcKH\/4rEr05QGFIA6HY4llWRLPRER+v3\/HYrFMFQSIkNra2tVQKJSlfcSyLO0LECFWq3XF6XRGA4HAptTsdrsXeZ6fEHtl+31nAOA4rkUulz\/I5XL63dQGgHEAN8Ph8AYA\/BsAt4ube4GblQIAAAAASUVORK5CYII=\" alt=\"\" \/><\/a><\/span><strong><br \/>\nE-mail:<\/strong> xem th\u00f4ng tin \u1edf\u00a0m\u1ee5c c\u00e1c v\u0103n ph\u00f2ng. C\u00e1c c\u00e2u h\u1ecfi chung: <a href=\"mailto:ambasciata.hanoi@esteri.it\">ambasciata.hanoi@esteri.it<\/a><br \/>\n<strong>PEC<\/strong> <strong>(Th\u01b0 \u0111i\u1ec7n t\u1eed c\u00f3 x\u00e1c nh\u1eadn):<\/strong> <a href=\"mailto:amb.hanoi@cert.esteri.it\">amb.hanoi@cert.esteri.it<\/a>\u00a0(\u0110\u1ecba ch\u1ec9 cho ph\u00e9p nh\u1eadn th\u01b0 PEC &#8211; th\u01b0 \u0111i\u1ec7n t\u1eed b\u1ea3o \u0111\u1ea3m)<\/p>\n<p>******************************************************************<\/p>\n<p><strong>Ph\u00f2ng \u0110\u1ea1i s\u1ee9, \u0110i\u1ec7n tho\u1ea1i <span class=\"baec5a81-e4d6-4674-97f3-e9220f0136c1\">+84 24 38256256<a title=\"Call: +84 24 38256256\" href=\"https:\/\/ambhanoi.esteri.it\/ambasciata_hanoi\/vi\/ambasciata\/gli_uffici\/gli-uffici.html#\"><img decoding=\"async\" title=\"Call: +84 24 38256256\" src=\"data:image\/png;base64,iVBORw0KGgoAAAANSUhEUgAAABAAAAAQCAYAAAAf8\/9hAAAACXBIWXMAAA7EAAAOxAGVKw4bAAAAIGNIUk0AAHolAACAgwAA+f8AAIDpAAB1MAAA6mAAADqYAAAXb5JfxUYAAAKLSURBVHjadJPfS5NhFMe\/21xvuhXRyJAZroiSrJnbRdT7vrAf5HBaK5RABmEEwQIvkpZ\/QRcWXdSFw5soKaF0F7qZeLO13mGBDpQsf5CoxVKHOt0Pctp2uvEdrzG\/V+c553w\/54HnPDIiQiGpPMETABoB2AAYd9MRAMMAvGmX+RcAyAoBVJ7gZQDtABworH4AHWmX+bOMZdkjCoXiUzabvcAwzPSsob5p\/VTNY9GcdpnxdmYZ9wJThSCtCr1e\/4XjuNPd3d1KjUZzaGbI27ysqzGQoggAsLa1A7ehArrDxfDNr0oBlQB+wmKxbJFEL968SxoamsjkHaPU9l9piUo6A0RE1DG2QCWdASrpDAzJM5kMI8XecdjVxfEl+K9dxFgsgUvvR6HyBKHyBAEATyKLeGSsENuNcqk5kUjEGm7fzcYqr0ClVODl99+YXEvl6+c1amjVe+ahiGGYaUEQKnmeh91uL43rqheixjpdmzCL11er0PcjhrTLvMfUJsyKYUSeyWQ6enp6tgCgrKxsfbP8bB8AdE1G89cOReMAgOv+Cag8QXRNRkXAsDwcDr+am5tLCYKA3t7eo2dG+1vVK\/MfpRPtA+MIReMYaKj+\/xm9MiICx3EmpVL5wefzFavValis1u1vvHMkdfykCQC0kSGUTo+Ajmnx1dSC7IGD+UUCEYGIwLKsyWazrSeTSSIiMpnNf7Ttz5+ec96fr7\/VnE0mk+QfHMzV3WjcKH\/4rEr05QGFIA6HY4llWRLPRER+v3\/HYrFMFQSIkNra2tVQKJSlfcSyLO0LECFWq3XF6XRGA4HAptTsdrsXeZ6fEHtl+31nAOA4rkUulz\/I5XL63dQGgHEAN8Ph8AYA\/BsAt4ube4GblQIAAAAASUVORK5CYII=\" alt=\"\" \/><\/a><\/span> s\u1ed1 n\u1ed9i b\u1ed9 104<br \/>\n<\/strong>B\u00d9I Th\u1ecb Ph\u01b0\u01a1ng Nga (Nh\u00e2n vi\u00ean h\u1ee3p \u0111\u1ed3ng)<br \/>\ne-mail: <a href=\"mailto:segreteria1.hanoi@esteri.it\">segreteria1.hanoi@esteri.it<\/a>;<\/p>\n<p>&nbsp;<\/p>\n<p><strong>Ph\u00f2ng Ch\u00ednh tr\u1ecb, V\u0103n h\u00f3a v\u00e0 B\u00e1o ch\u00ed<br \/>\n<\/strong>B\u00ed th\u01b0 Th\u1ee9 Nh\u1ea5t Mattia FARRIS (Tr\u01b0\u1edfng ph\u00f2ng Ch\u00ednh tr\u1ecb, V\u0103n h\u00f3a v\u00e0 B\u00e1o ch\u00ed)<br \/>\n\u0110i\u1ec7n tho\u1ea1i <span class=\"baec5a81-e4d6-4674-97f3-e9220f0136c1\">+84 24 38256256<a title=\"Call: +84 24 38256256\" href=\"https:\/\/ambhanoi.esteri.it\/ambasciata_hanoi\/vi\/ambasciata\/gli_uffici\/gli-uffici.html#\"><img decoding=\"async\" title=\"Call: +84 24 38256256\" src=\"data:image\/png;base64,iVBORw0KGgoAAAANSUhEUgAAABAAAAAQCAYAAAAf8\/9hAAAACXBIWXMAAA7EAAAOxAGVKw4bAAAAIGNIUk0AAHolAACAgwAA+f8AAIDpAAB1MAAA6mAAADqYAAAXb5JfxUYAAAKLSURBVHjadJPfS5NhFMe\/21xvuhXRyJAZroiSrJnbRdT7vrAf5HBaK5RABmEEwQIvkpZ\/QRcWXdSFw5soKaF0F7qZeLO13mGBDpQsf5CoxVKHOt0Pctp2uvEdrzG\/V+c553w\/54HnPDIiQiGpPMETABoB2AAYd9MRAMMAvGmX+RcAyAoBVJ7gZQDtABworH4AHWmX+bOMZdkjCoXiUzabvcAwzPSsob5p\/VTNY9GcdpnxdmYZ9wJThSCtCr1e\/4XjuNPd3d1KjUZzaGbI27ysqzGQoggAsLa1A7ehArrDxfDNr0oBlQB+wmKxbJFEL968SxoamsjkHaPU9l9piUo6A0RE1DG2QCWdASrpDAzJM5kMI8XecdjVxfEl+K9dxFgsgUvvR6HyBKHyBAEATyKLeGSsENuNcqk5kUjEGm7fzcYqr0ClVODl99+YXEvl6+c1amjVe+ahiGGYaUEQKnmeh91uL43rqheixjpdmzCL11er0PcjhrTLvMfUJsyKYUSeyWQ6enp6tgCgrKxsfbP8bB8AdE1G89cOReMAgOv+Cag8QXRNRkXAsDwcDr+am5tLCYKA3t7eo2dG+1vVK\/MfpRPtA+MIReMYaKj+\/xm9MiICx3EmpVL5wefzFavValis1u1vvHMkdfykCQC0kSGUTo+Ajmnx1dSC7IGD+UUCEYGIwLKsyWazrSeTSSIiMpnNf7Ttz5+ec96fr7\/VnE0mk+QfHMzV3WjcKH\/4rEr05QGFIA6HY4llWRLPRER+v3\/HYrFMFQSIkNra2tVQKJSlfcSyLO0LECFWq3XF6XRGA4HAptTsdrsXeZ6fEHtl+31nAOA4rkUulz\/I5XL63dQGgHEAN8Ph8AYA\/BsAt4ube4GblQIAAAAASUVORK5CYII=\" alt=\"\" \/><\/a><\/span> s\u1ed1 n\u1ed9i b\u1ed9\u00a0104; 116<br \/>\ne-mail: <a href=\"mailto:culturale.hanoi@esteri.it\">culturale.hanoi@esteri.it<\/a>;<\/p>\n<p>NGUYEN Quynh Lien (Nh\u00e2n vi\u00ean h\u1ee3p \u0111\u1ed3ng)<br \/>\n\u0110i\u1ec7n tho\u1ea1i <span class=\"baec5a81-e4d6-4674-97f3-e9220f0136c1\">+84 24 38256256<a title=\"Call: +84 24 38256256\" href=\"https:\/\/ambhanoi.esteri.it\/ambasciata_hanoi\/vi\/ambasciata\/gli_uffici\/gli-uffici.html#\"><img decoding=\"async\" title=\"Call: +84 24 38256256\" src=\"data:image\/png;base64,iVBORw0KGgoAAAANSUhEUgAAABAAAAAQCAYAAAAf8\/9hAAAACXBIWXMAAA7EAAAOxAGVKw4bAAAAIGNIUk0AAHolAACAgwAA+f8AAIDpAAB1MAAA6mAAADqYAAAXb5JfxUYAAAKLSURBVHjadJPfS5NhFMe\/21xvuhXRyJAZroiSrJnbRdT7vrAf5HBaK5RABmEEwQIvkpZ\/QRcWXdSFw5soKaF0F7qZeLO13mGBDpQsf5CoxVKHOt0Pctp2uvEdrzG\/V+c553w\/54HnPDIiQiGpPMETABoB2AAYd9MRAMMAvGmX+RcAyAoBVJ7gZQDtABworH4AHWmX+bOMZdkjCoXiUzabvcAwzPSsob5p\/VTNY9GcdpnxdmYZ9wJThSCtCr1e\/4XjuNPd3d1KjUZzaGbI27ysqzGQoggAsLa1A7ehArrDxfDNr0oBlQB+wmKxbJFEL968SxoamsjkHaPU9l9piUo6A0RE1DG2QCWdASrpDAzJM5kMI8XecdjVxfEl+K9dxFgsgUvvR6HyBKHyBAEATyKLeGSsENuNcqk5kUjEGm7fzcYqr0ClVODl99+YXEvl6+c1amjVe+ahiGGYaUEQKnmeh91uL43rqheixjpdmzCL11er0PcjhrTLvMfUJsyKYUSeyWQ6enp6tgCgrKxsfbP8bB8AdE1G89cOReMAgOv+Cag8QXRNRkXAsDwcDr+am5tLCYKA3t7eo2dG+1vVK\/MfpRPtA+MIReMYaKj+\/xm9MiICx3EmpVL5wefzFavValis1u1vvHMkdfykCQC0kSGUTo+Ajmnx1dSC7IGD+UUCEYGIwLKsyWazrSeTSSIiMpnNf7Ttz5+ec96fr7\/VnE0mk+QfHMzV3WjcKH\/4rEr05QGFIA6HY4llWRLPRER+v3\/HYrFMFQSIkNra2tVQKJSlfcSyLO0LECFWq3XF6XRGA4HAptTsdrsXeZ6fEHtl+31nAOA4rkUulz\/I5XL63dQGgHEAN8Ph8AYA\/BsAt4ube4GblQIAAAAASUVORK5CYII=\" alt=\"\" \/><\/a><\/span>, s\u1ed1 n\u1ed9i b\u1ed9 116<br \/>\ne-mail: <a href=\"mailto:culturale.hanoi@esteri.it\">culturale.hanoi@esteri.it<\/a>;<\/p>\n<p>&nbsp;<\/p>\n<p><strong>Ph\u00f2ng <\/strong><strong>Kinh t\u1ebf v\u00e0 Th\u01b0\u01a1ng<\/strong> <strong>m\u1ea1i, \u0110i\u1ec7n tho\u1ea1i <span class=\"baec5a81-e4d6-4674-97f3-e9220f0136c1\">+84 24 38256256 &#8211;\u00a0<\/span>s\u1ed1 n\u1ed9i b\u1ed9 132\/117\/131<\/strong><\/p>\n<p>B\u00ed th\u01b0 Th\u1ee9 Nh\u1ea5t Marco SARACCO (Tr\u01b0\u1edfng ph\u00f2ng Th\u01b0\u01a1ng m\u1ea1i)<br \/>\nemail <a href=\"mailto:commerciale.hanoi@esteri.it\">commerciale.hanoi@esteri.it<\/a><\/p>\n<p>Guglielmo CAGGIANO (T\u00f9y vi\u00ean th\u01b0\u01a1ng m\u1ea1i)<br \/>\ne-mail <a href=\"mailto:commerciale.hanoi@esteri.it\">commerciale.hanoi@esteri.it<\/a><\/p>\n<p>NGUY\u1ec4N Th\u1ecb Thu Giang (Nh\u00e2n vi\u00ean h\u1ee3p \u0111\u1ed3ng)<br \/>\ne-mail: <a href=\"mailto:commerciale2.hanoi@esteri.it\">commerciale2.hanoi@esteri.it<\/a><\/p>\n<p>&nbsp;<\/p>\n<p><strong>Ph\u00f2ng L\u00e3nh s\u1ef1 v\u00e0 Visa, \u0110i\u1ec7n tho\u1ea1i <span class=\"baec5a81-e4d6-4674-97f3-e9220f0136c1\">+84 24 38256256 &#8211;<\/span> n\u1ed9i b\u1ed9 120\/115<br \/>\n<\/strong>Simona BASTONI (Tu\u1ef3 vi\u00ean L\u00e3nh s\u1ef1)<br \/>\nemail: <a href=\"mailto:consolare.hanoi@esteri.it\">consolare.hanoi@esteri.it<\/a> \/ <a href=\"mailto:visti.hanoi@esteri.it\">visti.hanoi@esteri.it<\/a><\/p>\n<p>Emiliano MENCUCCI (Tu\u1ef3 vi\u00ean L\u00e3nh s\u1ef1)<br \/>\nemail: <a href=\"mailto:consolare.hanoi@esteri.it\">consolare.hanoi@esteri.it<\/a> \/ <a href=\"mailto:visti.hanoi@esteri.it\">visti.hanoi@esteri.it<\/a><\/p>\n<p>NGUY\u1ec4N Thanh H\u01b0\u01a1ng (Nh\u00e2n vi\u00ean h\u1ee3p \u0111\u1ed3ng)<br \/>\ne-mail: <a href=\"mailto:consolare1.hanoi@esteri.it\">consolare1.hanoi@esteri.it<\/a>\u00a0\/ <a href=\"mailto:visti.hanoi@esteri.it\">visti.hanoi@esteri.it<\/a>;<\/p>\n<p>NGUY\u1ec4N Mai Hoa (Nh\u00e2n vi\u00ean h\u1ee3p \u0111\u1ed3ng)<br \/>\ne-mail: <a href=\"mailto:consolare1.hanoi@esteri.it\">consolare1.hanoi@esteri.it<\/a>\u00a0\/ <a href=\"mailto:visti.hanoi@esteri.it\">visti.hanoi@esteri.it<\/a><\/p>\n<p><em>Gi\u1edd m\u1edf c\u1eeda c\u1ee7a Ph\u00f2ng L\u00e3nh s\u1ef1:<br \/>\n<\/em>Th\u1ee9 hai, th\u1ee9 ba, th\u1ee9 n\u0103m, th\u1ee9 s\u00e1u: t\u1eeb 09.30 \u0111\u1ebfn 12.30<br \/>\nTh\u1ee9 t\u01b0: t\u1eeb 09.30 \u0111\u1ebfn 12.30 v\u00e0 t\u1eeb 14.00 \u0111\u1ebfn 16.00<\/p>\n<p><em>Gi\u1edd m\u1edf c\u1eeda c\u1ee7a Ph\u00f2ng Visa:<br \/>\n<\/em>Gi\u1edd nh\u1eadn \u0111\u01a1n xin c\u1ea5p m\u1edbi v\u00e0 tr\u1ea3 k\u1ebft qu\u1ea3 visa:\u00a0th\u1ee9 ba v\u00e0\u00a0th\u1ee9 n\u0103m: t\u1eeb 09.30 \u0111\u1ebfn 12.00.<\/p>\n<p>&nbsp;<\/p>\n<p><strong>Ph\u00f2ng H\u00e0nh ch\u00ednh, \u0110i\u1ec7n tho\u1ea1i <span class=\"baec5a81-e4d6-4674-97f3-e9220f0136c1\">+84 24 38256256 &#8211; s\u1ed1 <\/span>n\u1ed9i b\u1ed9 106<br \/>\n<\/strong>Nicola DI TULLIO (K\u1ebf to\u00e1n)<br \/>\ne-mail: <a href=\"mailto:amministrativo.hanoi@esteri.it\">amministrativo.hanoi@esteri.it<\/a><\/p>\n<p>NGUY\u1ec4N Vi\u1ebft L\u01b0\u1ee3ng (Nh\u00e2n vi\u00ean h\u1ee3p \u0111\u1ed3ng)<br \/>\ne-mail: <a href=\"mailto:amministrativo1.hanoi@esteri.it\">amministrativo1.hanoi@esteri.it<\/a>;<\/p>\n<p>&nbsp;<\/p>\n<p><strong>Ph\u1ee5 tr\u00e1ch li\u00ean l\u1ea1c \u0111i\u1ec7n t\u00edn<\/strong>,\u00a0<strong>\u0110i\u1ec7n tho\u1ea1i +84 24 38256256 &#8211; s\u1ed1 n\u1ed9i b\u1ed9 118\/130<br \/>\n<\/strong>Antonio RAIMO (Q<span class=\"Y2IQFc\" lang=\"vi\">u\u1ea3n l\u00fd CNTT)<\/span><br \/>\ne-mail: hanoi.informatica@esteri.it<\/p>\n<p>Tatiana CAGIL (<span class=\"Y2IQFc\" lang=\"vi\">l\u01b0u tr\u1eef)<\/span><br \/>\ne-mail:\u00a0<a href=\"mailto:archivio.hanoi@esteri.it\">archivio.hanoi@esteri.it<\/a><\/p>\n<p>&nbsp;<\/p>\n<p><strong>Ph\u00f2ng Khoa h\u1ecdc<\/strong><strong>\u00a0 +84 24 38256256 \u2013 s\u1ed1 n\u1ed9i b\u1ed9 108\/127<\/strong><\/p>\n<p>Prof. Marco ABBIATI (C\u00e1n B\u1ed9 khoa H\u1ecdc)\u00a0 e-mail: <a href=\"mailto:hanoi.scienza@esteri.it\">hanoi.scienza@esteri.it<\/a><\/p>\n<p>Renzo MORO (Chuy\u00ean gia N\u00f4ng nghi\u1ec7p- Ki\u1ec3m d\u1ecbch th\u1ef1c v\u1eadt) e-mail: <a href=\"mailto:hanoi.agricoltura@esteri.it\">hanoi.agricoltura@esteri.it<\/a><\/p>\n<p>NGUYEN Than Mai e-mail:\u00a0<a href=\"mailto:hanoi.agricoltura@esteri.it\">hanoi.agricoltura@esteri.it<\/a> \/ hanoi.scienza@esteri.it<\/p>\n<p>&nbsp;<\/p>\n<p><strong>T\u00f9y vi\u00ean Qu\u00e2n s\u1ef1<br \/>\n<\/strong>C.V. Luigi DEL MONACO<br \/>\n<a href=\"https:\/\/ambkualalumpur.esteri.it\/ambasciata_kualalumpur\/it\">Tr\u1ee5 s\u1edf t\u1ea1i \u0110\u1ea1i s\u1ee9 qu\u00e1n Italia \u1edf Malaysia<\/a><br \/>\n9th Floor, Wisma Sin Heap Lee 346, Jalan Tun Razak &#8211; 50400 Kuala Lumpur (Malaysia)<br \/>\n\u0110i\u1ec7n tho\u1ea1i: +60 3 21645420 &#8211; fax: <span class=\"baec5a81-e4d6-4674-97f3-e9220f0136c1\">+60 3 21646802<br \/>\n<\/span>E-mail: <a href=\"mailto:difeitalia.kualalumpur@smd.difesa.it\">difeitalia.kualalumpur@smd.difesa.it<\/a><\/p>\n<p>&nbsp;<\/p>\n<p><strong>B\u1ed9 ph\u1eadn H\u1ee3p t\u00e1c Ph\u00e1t tri\u1ec3n t\u1ea1i H\u00e0 N\u1ed9i &#8211; AICS<br \/>\n<\/strong>LPB Tower, 20th Floor, 210 Tran Quang Khai, Hanoi<br \/>\n\u0110I\u1ec7n tho\u1ea1i: +84 (0)2473011886 (ext. 109)<br \/>\nE-mail: <a href=\"mailto:hanoi@aics.gov.it\">hanoi@aics.gov.it<\/a><br \/>\nHead of Office: Margherita LULLI<br \/>\n<a href=\"https:\/\/hanoi.aics.gov.it\/\">https:\/\/hanoi.aics.gov.it\/<\/a><\/p>\n<p><strong>Italian Trade and Investment Agency -ICE<br \/>\n<\/strong>Saigon Trade Center &#8211; floor 22, unit 2205 &#8211; 37 Ton Duc Thang street, Ben Nghe Ward, district 1, Ho Chi Minh City<br \/>\nTel: +84 28\/38228813 \/ Fax: +84 28\/38228814<br \/>\nE-mail: <a href=\"mailto:hochiminh@ice.it\">hochiminh@ice.it<\/a><br \/>\nGi\u00e1m \u0111\u1ed1c: Ti\u1ebfn s\u0129 Ilaria PICCINNI<br \/>\n<a href=\"https:\/\/www.ice.it\/it\/mercati\/vietnam\/ho-chi-minh-city\">https:\/\/www.ice.it\/it\/mercati\/vietnam\/ho-chi-minh-city<\/a><\/p>\n<p><strong>Ph\u1ee5 tr\u00e1ch An ninh<br \/>\n<\/strong>Giorgio BUTINI<br \/>\n<a href=\"https:\/\/ambbangkok.esteri.it\/Ambasciata_Bangkok\/en\/\">Tr\u1ee5 s\u1edf t\u1ea1i \u0110\u1ea1i s\u1ee9 qu\u00e1n Italia \u1edf Th\u00e1i Lan<\/a><br \/>\n14th Fl., Bubhajit Building, 20 North Sathorn Rd, Silom, Bangrak, 10500 Bangkok (Thailandia)<br \/>\n\u0110i\u1ec7n tho\u1ea1i &amp; Fax: +66 026339396<\/p>\n<p>&nbsp;<\/p>\n<p><strong>T\u00f9y vi\u00ean T\u00e0i ch\u00ednh c\u1ee7a Ng\u00e2n h\u00e0ng Italia<br \/>\n<\/strong>Pietro GINEFRA<br \/>\n<a href=\"https:\/\/ambsingapore.esteri.it\/ambasciata_singapore\/en\">Tr\u1ee5 s\u1edf t\u1ea1i \u0110\u1ea1i s\u1ee9 qu\u00e1n Italia \u1edf Singapore<\/a><br \/>\n101 Thomson Road, #27-02 United Square, Singapore<br \/>\n\u0110I\u1ec7n tho\u1ea1i: +65 62506022 &#8211; Fax: +65 62533301<\/p>\n<p>&nbsp;<\/p>\n","protected":false},"excerpt":{"rendered":"T\u1ed5ng \u0111\u00e0i : +84 24 38256256 Fax: +84 24 38267602 E-mail: xem th\u00f4ng tin \u1edf\u00a0m\u1ee5c c\u00e1c v\u0103n ph\u00f2ng. C\u00e1c c\u00e2u h\u1ecfi chung: ambasciata.hanoi@esteri.it PEC (Th\u01b0 \u0111i\u1ec7n t\u1eed c\u00f3 x\u00e1c nh\u1eadn): amb.hanoi@cert.esteri.it\u00a0(\u0110\u1ecba ch\u1ec9 cho ph\u00e9p nh\u1eadn th\u01b0 PEC &#8211; th\u01b0 \u0111i\u1ec7n t\u1eed b\u1ea3o \u0111\u1ea3m) ****************************************************************** Ph\u00f2ng \u0110\u1ea1i s\u1ee9, \u0110i\u1ec7n tho\u1ea1i +84 24 38256256 s\u1ed1 n\u1ed9i b\u1ed9 [&hellip;]","protected":false},"author":1,"featured_media":0,"parent":167,"menu_order":4,"comment_status":"closed","ping_status":"closed","template":"","meta":{"footnotes":""},"class_list":["post-171","page","type-page","status-publish","hentry"],"_links":{"self":[{"href":"https:\/\/ambhanoi.esteri.it\/vi\/wp-json\/wp\/v2\/pages\/171","targetHints":{"allow":["GET"]}}],"collection":[{"href":"https:\/\/ambhanoi.esteri.it\/vi\/wp-json\/wp\/v2\/pages"}],"about":[{"href":"https:\/\/ambhanoi.esteri.it\/vi\/wp-json\/wp\/v2\/types\/page"}],"author":[{"embeddable":true,"href":"https:\/\/ambhanoi.esteri.it\/vi\/wp-json\/wp\/v2\/users\/1"}],"replies":[{"embeddable":true,"href":"https:\/\/ambhanoi.esteri.it\/vi\/wp-json\/wp\/v2\/comments?post=171"}],"version-history":[{"count":7,"href":"https:\/\/ambhanoi.esteri.it\/vi\/wp-json\/wp\/v2\/pages\/171\/revisions"}],"predecessor-version":[{"id":9512,"href":"https:\/\/ambhanoi.esteri.it\/vi\/wp-json\/wp\/v2\/pages\/171\/revisions\/9512"}],"up":[{"embeddable":true,"href":"https:\/\/ambhanoi.esteri.it\/vi\/wp-json\/wp\/v2\/pages\/167"}],"wp:attachment":[{"href":"https:\/\/ambhanoi.esteri.it\/vi\/wp-json\/wp\/v2\/media?parent=171"}],"curies":[{"name":"wp","href":"https:\/\/api.w.org\/{rel}","templated":true}]}}