{"id":167,"date":"2023-04-11T17:07:36","date_gmt":"2023-04-11T10:07:36","guid":{"rendered":"https:\/\/ambhanoi.esteri.it\/chi-siamo\/"},"modified":"2025-04-07T16:46:56","modified_gmt":"2025-04-07T09:46:56","slug":"chi-siamo","status":"publish","type":"page","link":"https:\/\/ambhanoi.esteri.it\/vi\/chi-siamo\/","title":{"rendered":"Ch\u00fang ta l\u00e0 ai"},"content":{"rendered":"<h3>\u0110\u1ea1i s\u1ee9 qu\u00e1n<\/h3>\n<div>\n<p><strong>Li\u00ean h\u1ec7:<\/strong><\/p>\n<p>9 L\u00ea Ph\u1ee5ng Hi\u1ec3u, Ho\u00e0n Ki\u1ebfm, H\u00e0 N\u1ed9i. \u0110i\u1ec7n tho\u1ea1i : (+84) \u2013 04- 38256 256\/fax.(+84) \u2013 04 \u2013 38267602<\/p>\n<p>(nh\u1ea5p chu\u1ed9t v\u00e0o b\u1ea3n \u0111\u1ed3)<\/p>\n<p><a href=\"https:\/\/www.google.com\/maps\/place\/9+P.+L%C3%AA+Ph%E1%BB%A5ng+Hi%E1%BB%83u,+Tr%C3%A0ng+Ti%E1%BB%81n,+Ho%C3%A0n+Ki%E1%BA%BFm,+H%C3%A0+N%E1%BB%99i\/@21.026024,105.8560727,18z\/data=!4m6!3m5!1s0x3135abebc1ad058b:0xf5ec407f3e38dc23!8m2!3\"><img loading=\"lazy\" decoding=\"async\" class=\"alignnone size-medium wp-image-611 img-fluid\" src=\"https:\/\/ambhanoi.esteri.it\/wp-content\/uploads\/2023\/10\/mappa_ambasciata-1-300x134.png\" alt=\"\" width=\"300\" height=\"134\" srcset=\"https:\/\/ambhanoi.esteri.it\/wp-content\/uploads\/2023\/10\/mappa_ambasciata-1-300x134.png 300w, https:\/\/ambhanoi.esteri.it\/wp-content\/uploads\/2023\/10\/mappa_ambasciata-1-1024x457.png 1024w, https:\/\/ambhanoi.esteri.it\/wp-content\/uploads\/2023\/10\/mappa_ambasciata-1-768x343.png 768w, https:\/\/ambhanoi.esteri.it\/wp-content\/uploads\/2023\/10\/mappa_ambasciata-1.png 1139w\" sizes=\"auto, (max-width: 300px) 100vw, 300px\" \/><\/a><\/p>\n<\/div>\n","protected":false},"excerpt":{"rendered":"\u0110\u1ea1i s\u1ee9 qu\u00e1n Li\u00ean h\u1ec7: 9 L\u00ea Ph\u1ee5ng Hi\u1ec3u, Ho\u00e0n Ki\u1ebfm, H\u00e0 N\u1ed9i. \u0110i\u1ec7n tho\u1ea1i : (+84) \u2013 04- 38256 256\/fax.(+84) \u2013 04 \u2013 38267602 (nh\u1ea5p chu\u1ed9t v\u00e0o b\u1ea3n \u0111\u1ed3)","protected":false},"author":1,"featured_media":0,"parent":0,"menu_order":2,"comment_status":"closed","ping_status":"closed","template":"","meta":{"footnotes":""},"class_list":["post-167","page","type-page","status-publish","hentry"],"_links":{"self":[{"href":"https:\/\/ambhanoi.esteri.it\/vi\/wp-json\/wp\/v2\/pages\/167","targetHints":{"allow":["GET"]}}],"collection":[{"href":"https:\/\/ambhanoi.esteri.it\/vi\/wp-json\/wp\/v2\/pages"}],"about":[{"href":"https:\/\/ambhanoi.esteri.it\/vi\/wp-json\/wp\/v2\/types\/page"}],"author":[{"embeddable":true,"href":"https:\/\/ambhanoi.esteri.it\/vi\/wp-json\/wp\/v2\/users\/1"}],"replies":[{"embeddable":true,"href":"https:\/\/ambhanoi.esteri.it\/vi\/wp-json\/wp\/v2\/comments?post=167"}],"version-history":[{"count":6,"href":"https:\/\/ambhanoi.esteri.it\/vi\/wp-json\/wp\/v2\/pages\/167\/revisions"}],"predecessor-version":[{"id":7646,"href":"https:\/\/ambhanoi.esteri.it\/vi\/wp-json\/wp\/v2\/pages\/167\/revisions\/7646"}],"wp:attachment":[{"href":"https:\/\/ambhanoi.esteri.it\/vi\/wp-json\/wp\/v2\/media?parent=167"}],"curies":[{"name":"wp","href":"https:\/\/api.w.org\/{rel}","templated":true}]}}