{"id":8529,"date":"2025-09-15T15:15:13","date_gmt":"2025-09-15T08:15:13","guid":{"rendered":"https:\/\/ambhanoi.esteri.it\/?page_id=8529"},"modified":"2025-09-15T15:15:13","modified_gmt":"2025-09-15T08:15:13","slug":"informazioni-utili","status":"publish","type":"page","link":"https:\/\/ambhanoi.esteri.it\/it\/servizi-consolari-e-visti\/servizi-per-il-cittadino-straniero\/visti\/informazioni-utili\/","title":{"rendered":"Informazioni utili"},"content":{"rendered":"<p><strong>Richiesta dati biometrici:\u00a0<\/strong>Tutti i richiedenti visto dovranno fornire i loro dati biometrici (le impronte digitali delle dieci dita delle mani e una foto) al momento della richiesta di visto Schengen (Tipo \u201cC\u201d) o visto Nazionale (Tipo \u201cD\u201d). I richiedenti dovranno dunque presentarsi di persona al momento della domanda di visto. Si tratta di una procedura semplice e che richiede solo pochi minuti. L\u2019esenzione dall\u2019obbligo di raccolta delle impronte digitali \u00e8 prevista per un numero limitato di richiedenti visto: bambini di et\u00e0 inferiore ai 12 anni e persone per le quali la raccolta delle impronte digitali \u00e8 fisicamente impossibile. Sono altres\u00ec esentati, in occasione di visite ufficiali, i Capi di Stato e i membri del Governo, assieme ai componenti della delegazione al seguito e ai coniugi.<\/p>\n<p><a href=\"mailto:E-@application%3Cstrong\"><strong>L\u2019ottenimento del visto non d\u00e0 automaticamente diritto all\u2019ingresso dell\u2019area Schengen<\/strong><\/a><strong> o in Italia.<\/strong><\/p>\n<p>Si attira l\u2019attenzione dei richiedenti visto sul fatto che il semplice possesso di un visto non conferisce automaticamente il diritto di ingresso nell\u2019area Schengen o in Italia e che i titolari di un visto possono essere richiesti, una volta arrivati alla frontiera esterna dell\u2019area Schengen o italiana o in occasione di altri controlli, di fornire informazioni circa i mezzi di sostentamento, sulla durata del soggiorno previsto in area Schengen o in Italia e sullo scopo del viaggio.<\/p>\n<p>Si raccomanda di portare con s\u00e9 copia dei documenti presentati in fase di domanda di visto (quali ad esempio, lettere di invito, prenotazioni alberghiere e aeree o altri documenti atti a dimostrare lo scopo del viaggio).<\/p>\n<p>&nbsp;<\/p>\n<p><strong>Cosa succede in caso di rifiuto del visto<\/strong><\/p>\n<p>Eventuali decisioni negative relative alle domande di visto saranno notificate al richiedente. Nel provvedimento di rifiuto del visto sono indicati i motivi del rifiuto. Il richiedente la cui domanda \u00e8 stata rifiutata ha diritto di presentare nuova domanda di visto, integrando eventuali documenti mancanti, ovvero di proporre ricorso. Eventuali ricorsi devono essere presentati al T.A.R. del Lazio, con l\u2019assistenza di un legale, entro 60 giorni dalla notifica del provvedimento di rifiuto. Il ricorso deve essere notificato, a pena di nullit\u00e0 (in base all\u2019art. 144 del C.P.C. e all\u2019art. 11 del R.D. n. 1611 del 1933), alla competente Avvocatura dello Stato. Solo per i visti per motivi familiari il ricorso va presentato al Tribunale ordinario del luogo di residenza del richiedente in Italia.<\/p>\n<p>&nbsp;<\/p>\n<p><strong>Come utilizzare correttamente un visto Schengen<\/strong><\/p>\n<p>Il visto Schengen d\u00e0 diritto a circolare nei Paesi dell\u2019area Schengen. \u00c8 possibile rimanere in area Schengen solamente per il numero di giorni indicati sul visto, che va utilizzato esclusivamente nel lasso temporale indicato \u201cdal\u201d \u201cal\u201d. La dicitura \u201cDurata del soggiorno \u2026 giorni\u201d indica il numero di giorni che \u00e8 possibile trascorrere nell\u2019area Schengen, a partire dalla data in cui si fa ingresso nel territorio Schengen (da contare sulla base dei timbri di ingresso e uscita). Il lasso temporale indicato \u201cDa\u2026a\u201d pu\u00f2 essere pi\u00f9 lungo rispetto alla \u201cDurata del soggiorno\u201d al fine di consentire una certa flessibilit\u00e0. Tuttavia non \u00e8 possibile rimanere in area Schengen pi\u00f9 giorni rispetto a quelli indicati sotto la voce \u201cDurata del soggiorno\u2026giorni\u201d. Inoltre non \u00e8 possibile soggiornare oltre la data indicata alla voce \u201cAl\u201d.<\/p>\n<p>Il numero di ingressi concessi pu\u00f2 essere: uno, due o multipli. Quanti hanno necessit\u00e0 di recarsi frequentemente in area Schengen possono richiedere visti ad ingressi multipli pluriennali fino ad un massimo di 5 anni. Si ricorda ai possessori di visti ad ingressi multipli che in base alla normativa \u00e8 possibile rimanere all\u2019interno dell\u2019area Schengen per un massimo di 90 giorni ogni 180 giorni.<\/p>\n<p>Al fine di evitare over-staying e per sapere quanti giorni rimangono a disposizione rispetto a quelli gi\u00e0 utilizzati, \u00e8 possibile utilizzare (a titolo indicativo) il sistema di calcolo approntato sul\u00a0<a href=\"https:\/\/ec.europa.eu\/home-affairs\/content\/visa-calculator_en\">sito<\/a>\u00a0della Commissione europea.<\/p>\n<p>&nbsp;<\/p>\n<p><strong>Come utilizzare correttamente un visto nazionale italiano<\/strong><\/p>\n<p>Una volta giunti in Italia con un visto nazionale italiano, \u00e8 necessario recarsi entro 8 (otto) giorni lavorativi presso la competente Questura della Provincia ove si intende risiedere per fare richiesta di Permesso di soggiorno. La durata del Permesso di soggiorno sar\u00e0 corrispondente a quella indicata sul visto. Il Permesso di soggiorno dovr\u00e0 essere rinnovato direttamente in Italia. Clicca\u00a0<a href=\"http:\/\/questure.poliziadistato.it\/\">qui<\/a>\u00a0per individuare la Questura competente.<\/p>\n<p>&nbsp;<\/p>\n<p><strong>Ulteriori informazioni<\/strong><\/p>\n<p>Per ogni ulteriore informazione \u00e8 possibile consultare direttamente il sito del\u00a0<a href=\"http:\/\/vistoperitalia.esteri.it\/home.aspx\">Ministero degli Esteri e della Cooperazione Internazionale<\/a>\u00a0e il sito della\u00a0<a href=\"http:\/\/ec.europa.eu\/dgs\/home-affairs\/what-we-do\/policies\/borders-and-visas\/visa-policy\/index_en.htm\">Commissione europea<\/a>.<\/p>\n<p>&nbsp;<\/p>\n","protected":false},"excerpt":{"rendered":"Richiesta dati biometrici:\u00a0Tutti i richiedenti visto dovranno fornire i loro dati biometrici (le impronte digitali delle dieci dita delle mani e una foto) al momento della richiesta di visto Schengen (Tipo \u201cC\u201d) o visto Nazionale (Tipo \u201cD\u201d). I richiedenti dovranno dunque presentarsi di persona al momento della domanda di visto. Si tratta di una procedura [&hellip;]","protected":false},"author":1,"featured_media":0,"parent":89,"menu_order":18,"comment_status":"closed","ping_status":"closed","template":"","meta":{"footnotes":""},"class_list":["post-8529","page","type-page","status-publish","hentry"],"_links":{"self":[{"href":"https:\/\/ambhanoi.esteri.it\/it\/wp-json\/wp\/v2\/pages\/8529","targetHints":{"allow":["GET"]}}],"collection":[{"href":"https:\/\/ambhanoi.esteri.it\/it\/wp-json\/wp\/v2\/pages"}],"about":[{"href":"https:\/\/ambhanoi.esteri.it\/it\/wp-json\/wp\/v2\/types\/page"}],"author":[{"embeddable":true,"href":"https:\/\/ambhanoi.esteri.it\/it\/wp-json\/wp\/v2\/users\/1"}],"replies":[{"embeddable":true,"href":"https:\/\/ambhanoi.esteri.it\/it\/wp-json\/wp\/v2\/comments?post=8529"}],"version-history":[{"count":1,"href":"https:\/\/ambhanoi.esteri.it\/it\/wp-json\/wp\/v2\/pages\/8529\/revisions"}],"predecessor-version":[{"id":8530,"href":"https:\/\/ambhanoi.esteri.it\/it\/wp-json\/wp\/v2\/pages\/8529\/revisions\/8530"}],"up":[{"embeddable":true,"href":"https:\/\/ambhanoi.esteri.it\/it\/wp-json\/wp\/v2\/pages\/89"}],"wp:attachment":[{"href":"https:\/\/ambhanoi.esteri.it\/it\/wp-json\/wp\/v2\/media?parent=8529"}],"curies":[{"name":"wp","href":"https:\/\/api.w.org\/{rel}","templated":true}]}}