{"id":8498,"date":"2025-09-15T14:47:52","date_gmt":"2025-09-15T07:47:52","guid":{"rendered":"https:\/\/ambhanoi.esteri.it\/?page_id=8498"},"modified":"2025-09-15T14:47:52","modified_gmt":"2025-09-15T07:47:52","slug":"visto-turistico-di-tipo-c","status":"publish","type":"page","link":"https:\/\/ambhanoi.esteri.it\/it\/servizi-consolari-e-visti\/servizi-per-il-cittadino-straniero\/visti\/visto-turistico-di-tipo-c\/","title":{"rendered":"Visto turistico (di tipo \u201cC\u201d)"},"content":{"rendered":"<p><strong>VISTO TURISTICO (di tipo \u201cC\u201d) E VISTO PER TURISMO \u2013 VISITA FAMIGLIA \/ AMICI (di tipo \u201cC\u201d)<\/strong><\/p>\n<p>Consente l\u2019ingresso in Italia, per un soggiorno di breve durata (fino a 90 giorni), ai cittadini stranieri che intendano viaggiare per motivi turistici e\/o per fare visita ai propri familiari.<\/p>\n<p>&nbsp;<\/p>\n<p><strong>CHECKLIST\/ DANH M\u1ee4C H\u1ed2 S\u01a0<\/strong><\/p>\n<table width=\"657\">\n<tbody>\n<tr>\n<td width=\"36\"><strong>N.<\/strong><\/td>\n<td width=\"621\"><strong>All applications for Schengen visa contain:<\/strong><\/p>\n<p><em>C\u00e1c gi\u1ea5y t\u1edd \u00a0xin th\u1ecb th\u1ef1c bao g\u1ed3m:<\/em><\/td>\n<\/tr>\n<tr>\n<td width=\"36\"><strong>1<\/strong><\/td>\n<td width=\"621\"><strong>Itinerary of the trip;<\/strong><\/p>\n<p><em>L\u1ecbch tr\u00ecnh c\u1ee7a chuy\u1ebfn \u0111i;<\/em><\/td>\n<\/tr>\n<tr>\n<td width=\"36\"><strong>2<\/strong><\/td>\n<td width=\"621\"><strong>Passport<\/strong> valid for at least 3 months to the visa\u2019s expiration date and must have at least two consecutive blank pages for the visa and stamps;<\/p>\n<p><strong><em>H\u1ed9 chi\u1ebfu<\/em><\/strong><em> ph\u1ea3i c\u00f2n gi\u00e1 tr\u1ecb \u00edt nh\u1ea5t 3 th\u00e1ng tr\u01b0\u1edbc ng\u00e0y visa h\u1ebft h\u1ea1n v\u00e0 c\u00f3 \u00edt nh\u1ea5t 2 trang tr\u1eafng li\u1ec1n nhau \u0111\u1ec3 d\u00e1n th\u1ecb th\u1ef1c v\u00e0 \u0111\u00f3ng d\u1ea5u;<\/em><\/td>\n<\/tr>\n<tr>\n<td width=\"36\"><strong>3<\/strong><\/td>\n<td width=\"621\"><strong>A Copy<\/strong> <strong>of the passport\u2019s identification page <\/strong>(sencond page) along with any pages containg Schengen or Italian visa stamps and a copy of the previous passport with Schengen visa (if any);<\/p>\n<p><strong><em>M\u1ed9t b\u1ea3n copy h\u1ed9 chi\u1ebfu<\/em><\/strong><em> (trang th\u1ee9 2) v\u00e0 c\u00e1c trang c\u00f3 th\u00f4ng tin v\u1ec1 th\u1ecb th\u1ef1c Schengen ho\u1eb7c Italia v\u00e0 copy h\u1ed9 chi\u1ebfu c\u0169 n\u1ebfu c\u00f3 visa Schengen;<\/em><\/td>\n<\/tr>\n<tr>\n<td width=\"36\"><strong>4<\/strong><\/td>\n<td width=\"621\">Vietnamese <strong>residence and work permits<\/strong> for foreigners<\/p>\n<p><strong><em>\u00a0<\/em><\/strong><em>Th\u1ebb t\u1ea1m tr\u00fa v\u00e0 gi\u1ea5y ph\u00e9p lao \u0111\u1ed9ng t\u1ea1i Vi\u1ec7t Nam v\u1edbi \u0111\u01b0\u01a1ng \u0111\u01a1n l\u00e0 ng\u01b0\u1eddi n\u01b0\u1edbc ngo\u00e0i<\/em><\/td>\n<\/tr>\n<tr>\n<td width=\"36\"><strong>5<\/strong><\/td>\n<td width=\"621\"><strong>Visa application form <\/strong>duly filled in with all relevant information; signed by the applicant<\/p>\n<p><strong><em>\u00a0\u0110\u01a1n xin c\u1ea5p th\u1ecb th\u1ef1c <\/em><\/strong><em>\u0111\u01b0\u1ee3c \u0111i\u1ec1n \u0111\u1ea7y \u0111\u1ee7, r\u00f5 r\u00e0ng v\u00e0 do ch\u00ednh \u0111\u01b0\u01a1ng \u0111\u01a1n k\u00fd t\u00ean <\/em><\/td>\n<\/tr>\n<tr>\n<td width=\"36\"><strong>6<\/strong><\/td>\n<td width=\"621\"><strong>1 recent passport-style color photo (white background 35 x 45 mm taken within the last 6 months) attached on the Application form;<\/strong><\/p>\n<p><strong><em>1 \u1ea3nh m\u00e0u ki\u1ec3u h\u1ed9 chi\u1ebfu ch\u1ee5p g\u1ea7n \u0111\u00e2y (n\u1ec1n tr\u1eafng, k\u00edch th\u01b0\u1edbc 35 x 45 mm, ch\u1ee5p trong v\u00f2ng 6 th\u00e1ng g\u1ea7n nh\u1ea5t), d\u00e1n v\u00e0o t\u1edd khai;<\/em><\/strong><\/td>\n<\/tr>\n<tr>\n<td width=\"36\"><strong>7<\/strong><\/td>\n<td width=\"621\"><strong>Round flight reservation. The tickets to other eventual visited countries will be also required <\/strong><\/p>\n<p><em>\u0110\u1eb7t v\u00e9 m\u00e1y bay kh\u1ee9 h\u1ed3i;V\u00e9 \u0111i l\u1ea1i gi\u1eefa c\u00e1c n\u01b0\u1edbc c\u0169ng c\u00f3 th\u1ec3 \u0111\u01b0\u1ee3c y\u00eau c\u1ea7u;<\/em><\/td>\n<\/tr>\n<tr>\n<td width=\"36\"><strong>8<\/strong><\/td>\n<td width=\"621\"><strong>Proof of available lodging in Italy and\/or\u00a0 other countries: tourist vouchers, hotel booking, proof of sponsorship and\/on private accommodation (see \u201cForms\u201d on the Embassy\u2019s website<\/strong> <strong>in case of a visit from family\/friends);<\/strong><\/p>\n<p><em>B\u1eb1ng ch\u1ee9ng v\u1ec1 n\u01a1i \u1edf t\u1ea1i Italia v\u00e0 c\u00e1c n\u01b0\u1edbc kh\u00e1c: bi\u00ean lai \u0111\u1eb7t tour du l\u1ecbch, \u0111\u1eb7t kh\u00e1ch s\u1ea1n ho\u1eb7c th\u01b0 m\u1eddi n\u01a1i \u1edf theo m\u1eabu quy \u0111\u1ecbnh (xem m\u1ee5c \u201cM\u1eabu chu\u1ea9n\u201d tr\u00ean trang web c\u1ee7a S\u1ee9 qu\u00e1n) \u0111\u1ed1i v\u1edbi tr\u01b0\u1eddng h\u1ee3p Th\u0103m th\u00e2n;<\/em><\/td>\n<\/tr>\n<tr>\n<td width=\"36\"><strong>9<\/strong><\/td>\n<td width=\"621\"><strong>Proof of Social and professional backgroundand financial means \/ incomes<\/strong><\/p>\n<p><em>B\u1eb1ng ch\u1ee9ng v\u1ec1 c\u00f4ng vi\u1ec7c v\u00e0 thu nh\u1eadp<\/em><\/td>\n<\/tr>\n<tr>\n<td width=\"36\"><strong>9.1<\/strong><\/td>\n<td width=\"621\"><strong>If the applicant is employee\/civil servant:<\/strong><\/p>\n<p>-Labour contract or Nomination Decision;<\/p>\n<p>-Approval for leave;<\/p>\n<p>&#8211; Original statements of personal bank account of the last 3, bearing salary payment.<\/p>\n<p>In case the salary is not paid though the bank, the applicant must show one copy of the Social Insurance Book + Original statements of personal bank account\u00a0 or\u00a0 Pay slip\u00a0 or\u00a0 Copy of Saving Book<\/p>\n<p><strong>Bank savings accounts are not relevant to demonstrate personal income;<\/strong><\/p>\n<p><strong><em>N\u1ebfu \u0111\u01b0\u01a1ng \u0111\u01a1n l\u00e0 nh\u00e2n vi\u00ean\/ c\u00f4ng ch\u1ee9c nh\u00e0 n\u01b0\u1edbc:<\/em><\/strong><\/p>\n<p><strong><em>&#8211; <\/em><\/strong><em>H\u1ee3p \u0111\u1ed3ng Lao \u0111\u1ed9ng ho\u1eb7c Quy\u1ebft \u0111\u1ecbnh B\u1ed5 nhi\u1ec7m;<\/em><\/p>\n<p><em>&#8211; Th\u01b0 ch\u1ea5p thu\u1eadn cho ngh\u1ec9 ph\u00e9p;<\/em><\/p>\n<p><em>-B\u1ea3n g\u1ed1c sao k\u00ea t\u00e0i kho\u1ea3n c\u00e1 nh\u00e2n\u00a0 th\u1ec3 hi\u1ec7n c\u00f3 nh\u1eadn l\u01b0\u01a1ng c\u1ee7a ba th\u00e1ng cu\u1ed1i c\u00f9ng trong \u0111\u00f3 \u0111\u00e1nh d\u1ea5u ph\u1ea7n l\u01b0\u01a1ng h\u00e0ng th\u00e1ng;<\/em><\/p>\n<p><em>\u00a0Trong tr\u01b0\u1eddng h\u1ee3p\u00a0 \u0111\u01b0\u01a1ng \u0111\u01a1n kh\u00f4ng nh\u1eadn l\u01b0\u01a1ng qua t\u00e0i kho\u1ea3n: b\u1eaft bu\u1ed9c ph\u1ea3i n\u1ed9p copy S\u1ed5 B\u1ea3o hi\u1ec3m X\u00e3 h\u1ed9i + B\u1ea3n g\u1ed1c sao k\u00ea t\u00e0i kho\u1ea3n c\u00e1 nh\u00e2n ho\u1eb7c t\u00e0i kho\u1ea3n th\u1ebb t\u00edn d\u1ee5ng ho\u1eb7c B\u1ea3ng l\u01b0\u01a1ng ho\u1eb7c copy S\u1ed5 ti\u1ebft ki\u1ec7m<\/em><\/p>\n<p><strong><em>T\u00e0i kho\u1ea3n ti\u1ec1n g\u1eedi ti\u1ebft ki\u1ec7m kh\u00f4ng li\u00ean quan \u0111\u1ebfn vi\u1ec7c ch\u1ee9ng minh thu nh\u1eadp<\/em><\/strong><\/td>\n<\/tr>\n<tr>\n<td width=\"36\"><strong>9.2<\/strong><\/td>\n<td width=\"621\">\u00a0<strong>If the applicant is a company owner or \u00a0share holder:<\/strong><\/p>\n<p>&#8211; True copy of Certificate of registration of the company;<\/p>\n<p>&#8211; Original personal bank statements (also for the shareholder) or society\u00a0 bank statement (for owner) of the ;<\/p>\n<p>&#8211; Statement of taxes payment during the last three months;<\/p>\n<p><strong><em>N\u1ebfu \u0111\u01b0\u01a1ng \u0111\u01a1n l\u00e0 ch\u1ee7 doanh nghi\u1ec7p ho\u1eb7c c\u1ed5 \u0111\u00f4ng:<\/em><\/strong><\/p>\n<p><em>\u00a0&#8211;\u00a0 Sao y b\u1ea3n ch\u00ednh Gi\u1ea5y \u0111\u0103ng k\u00fd kinh doanh c\u1ee7a c\u00f4ng ty;<\/em><\/p>\n<p><em>\u00a0&#8211; Sao k\u00ea t\u00e0i kho\u1ea3n c\u00e1 nh\u00e2n g\u1ed1c (k\u1ec3 c\u1ea3 tr\u01b0\u1eddng h\u1ee3p \u0111\u01b0\u01a1ng \u0111\u01a1n l\u00e0 \u00a0c\u1ed5 \u0111\u00f4ng) ho\u1eb7c c\u1ee7a c\u00f4ng ty (\u0111\u1ed1i v\u1edbi ch\u1ee7 doanh nghi\u1ec7p) trong v\u00f2ng 3 th\u00e1ng g\u1ea7n nh\u1ea5t; <\/em><\/p>\n<p><em>&#8211; H\u00f3a \u0111\u01a1n \u0111\u00f3ng thu\u1ebf ba th\u00e1ng g\u1ea7n nh\u1ea5t.<\/em><\/td>\n<\/tr>\n<tr>\n<td width=\"36\"><strong>9.3<\/strong><\/td>\n<td width=\"621\"><strong>If the applicant is retired<\/strong><\/p>\n<p>&#8211;\u00a0\u00a0\u00a0\u00a0\u00a0\u00a0\u00a0\u00a0\u00a0 Pension statements (Retirement decision or\/and retirement card, pension book);<\/p>\n<p>&#8211;\u00a0\u00a0\u00a0\u00a0\u00a0\u00a0\u00a0\u00a0\u00a0 Original personal bank statements and\/or copy of saving book.<\/p>\n<p><strong><em>N\u1ebfu \u0111\u01b0\u01a1ng \u0111\u01a1n \u0111\u00e3 ngh\u1ec9 h\u01b0u:<\/em><\/strong><\/p>\n<p>&#8211;\u00a0\u00a0\u00a0\u00a0\u00a0\u00a0\u00a0\u00a0\u00a0 <em>Gi\u1ea5y t\u1edd ch\u1ee9ng minh t\u00ecnh tr\u1ea1ng h\u01b0u tr\u00ed (Quy\u1ebft \u0111\u1ecbnh h\u01b0u tr\u00ed v\u00e0\/ho\u1eb7c Th\u1ebb h\u01b0u tr\u00ed, S\u1ed5 l\u01b0\u01a1ng h\u01b0u);<\/em><\/p>\n<p>&#8211;\u00a0\u00a0\u00a0\u00a0\u00a0\u00a0\u00a0\u00a0\u00a0 <em>B\u1ea3n g\u1ed1c sao k\u00ea t\u00e0i kho\u1ea3n c\u00e1 nh\u00e2n nh\u1eadn l\u01b0\u01a1ng h\u01b0u v\u00e0\/ho\u1eb7c copy s\u1ed5 ti\u1ebft ki\u1ec7m.<\/em><\/p>\n<p><em>\u00a0<\/em><\/td>\n<\/tr>\n<tr>\n<td width=\"36\"><strong>9.4<\/strong><\/td>\n<td width=\"621\"><strong>If the applicant is sponsored:<\/strong><\/p>\n<p><em>Beside the above\u00a0 mentioned documents, the applicants can submit the bank guarantee\u00a0 (Fidejussione bancaria);<\/em><\/p>\n<p><strong><em><u>Please note<\/u><\/em><\/strong><em>: The bank guarantee is not mandatory and does not substitute for evidence of sufficient personal financial means of subsistence, nor for documentation attesting to the applicant\u2019s socio-professional profile. Moreover, the bank guarantee does not constitute a guarantee of the applicant\u2019s return.<\/em><\/p>\n<p><strong><em>N\u1ebfu \u0111\u01b0\u01a1ng \u0111\u01a1n \u0111\u01b0\u1ee3c b\u1ea3o l\u00e3nh v\u1ec1 t\u00e0i ch\u00ednh: <\/em><\/strong><\/p>\n<p><em>Ngo\u00e0i c\u00e1c gi\u1ea5y t\u1edd n\u00eau tr\u00ean, \u0111\u01b0\u01a1ng \u0111\u01a1n c\u00f3 th\u1ec3 n\u1ed9p th\u00eam Th\u01b0 b\u1ea3o l\u00e3nh ng\u00e2n h\u00e0ng.<\/em><\/p>\n<p><strong><em><u>L\u01b0u \u00fd<\/u><\/em><\/strong><em>: Th\u01b0 b\u1ea3o l\u00e3nh ng\u00e2n h\u00e0ng kh\u00f4ng b\u1eaft bu\u1ed9c v\u00e0 kh\u00f4ng thay th\u1ebf b\u1eb1ng ch\u1ee9ng v\u1ec1 t\u00e0i ch\u00ednh c\u00e1 nh\u00e2n c\u0169ng nh\u01b0 c\u00f4ng vi\u1ec7c c\u1ee7a \u0111\u01b0\u01a1ng \u0111\u01a1n. V\u00ec v\u1eady Th\u01b0 b\u1ea3o l\u00e3nh ng\u00e2n h\u00e0ng kh\u00f4ng \u0111\u1ea3m b\u1ea3o vi\u1ec7c \u0111\u01b0\u01a1ng \u0111\u01a1n s\u1ebd quay tr\u1edf l\u1ea1i;<\/em><\/p>\n<p><em>\u00a0<\/em><\/td>\n<\/tr>\n<tr>\n<td width=\"36\"><strong>9.5<\/strong><\/td>\n<td width=\"621\"><strong>For school-age or university students:<\/strong><\/p>\n<p>&#8211;\u00a0\u00a0\u00a0\u00a0\u00a0\u00a0\u00a0\u00a0\u00a0 Original personal bank statements of the last 3of the parents<\/p>\n<p>&#8211;\u00a0\u00a0\u00a0\u00a0\u00a0\u00a0\u00a0\u00a0\u00a0 A leave of absence authorization issued by the school or university attended.<\/p>\n<p><strong><em>\u0110\u1ed1i v\u1edbi h\u1ecdc sinh, sinh vi\u00ean:<\/em><\/strong><\/p>\n<p>&#8211;\u00a0\u00a0\u00a0\u00a0\u00a0\u00a0\u00a0\u00a0\u00a0 <em>Sao k\u00ea t\u00e0i kho\u1ea3n c\u00e1 nh\u00e2n g\u1ed1c c\u1ee7a cha m\u1eb9 trong v\u00f2ng 3 th\u00e1ng g\u1ea7n \u0111\u00e2y;<\/em><\/p>\n<p>&#8211;\u00a0\u00a0\u00a0\u00a0\u00a0\u00a0\u00a0\u00a0\u00a0 <em>Gi\u1ea5y \u0111\u1ed3ng \u00fd cho ngh\u1ec9 h\u1ecdc c\u1ee7a Nh\u00e0 Tr\u01b0\u1eddng.<\/em><\/td>\n<\/tr>\n<tr>\n<td width=\"36\"><strong>9.6<\/strong><\/td>\n<td width=\"621\"><strong>For freelancer:<\/strong><\/p>\n<p>&#8211;\u00a0\u00a0\u00a0\u00a0\u00a0\u00a0\u00a0\u00a0\u00a0 Original personal bank <strong>statements<\/strong> of the last 3on regular income generated by properties;<\/p>\n<p><strong>\u0110\u1ed1i v\u1edbi nh\u1eefng ng\u01b0\u1eddi l\u00e0m ngh\u1ec1 t\u1ef1 do:<\/strong><\/p>\n<p>&#8211;\u00a0\u00a0\u00a0\u00a0\u00a0\u00a0\u00a0\u00a0\u00a0 <em>Sao k\u00ea t\u00e0i kho\u1ea3n c\u00e1 nh\u00e2n g\u1ed1c trong v\u00f2ng 3 th\u00e1ng g\u1ea7n \u0111\u00e2y v\u1ec1 thu nh\u1eadp t\u1eeb c\u00f4ng vi\u1ec7c ho\u1eb7c vi\u1ec7c cho thu\u00ea t\u00e0i s\u1ea3n;<\/em><\/td>\n<\/tr>\n<tr>\n<td width=\"36\"><strong>9.7<\/strong><\/td>\n<td width=\"621\"><strong>Credit cards: Copy of recto of the card and Certificate of Limit from the bank\u00a0\u00a0\u00a0\u00a0\u00a0 <\/strong><\/p>\n<p><em>Th\u1ebb t\u00edn d\u1ee5ng: Copy m\u1eb7t tr\u01b0\u1edbc th\u1ebb + x\u00e1c nh\u1eadn h\u1ea1n m\u1ee9c\/s\u1ed1 d\u01b0 c\u1ee7a ng\u00e2n h\u00e0ng<\/em><\/td>\n<\/tr>\n<tr>\n<td width=\"36\"><strong>10<\/strong><\/td>\n<td width=\"621\"><strong>Travel medical insurance <\/strong>covering the entire period of intended stay, valid for all Schengen States and covering any expenses which might arise in connection with repatriation for medical reasons, urgency medical attention, emergency hospital treatment or death during your stay (minimum coverage 30.000 EUR);<\/p>\n<p><em>B\u1ea3o hi\u1ec3m du l\u1ecbch c\u00f3 hi\u1ec7u l\u1ef1c cho th\u1eddi gian l\u01b0u tr\u00fa d\u1ef1 \u0111\u1ecbnh trong l\u00e3nh th\u1ed5 Schengen, \u0111\u1ea3m b\u1ea3o chi tr\u1ea3 to\u00e0n b\u1ed9 chi ph\u00ed ph\u00e1t sinh c\u00f3 th\u1ec3 cho vi\u1ec7c h\u1ed3i h\u01b0\u01a1ng v\u00ec m\u1ee5c \u0111\u00edch y t\u1ebf, c\u1ea5p c\u1ee9u kh\u1ea9n c\u1ea5p ho\u1eb7c t\u1eed vong trong th\u1eddi gian l\u01b0u tr\u00fa (m\u1ee9c b\u1ea3o hi\u1ec3m t\u1ed1i thi\u1ec3u l\u00e0 30.000 EUR);<\/em><\/td>\n<\/tr>\n<tr>\n<td width=\"36\"><strong>11<\/strong><\/td>\n<td width=\"621\"><strong>Copy of ID Card or Residence certificate (Form CT07);<\/strong><\/p>\n<p><em>B\u1ea3n sao C\u0103n c\u01b0\u1edbc C\u00f4ng d\u00e2n ho\u1eb7c X\u00e1c nh\u1eadn th\u00f4ng tin v\u1ec1 C\u01b0 tr\u00fa (M\u1eabu CT07);<\/em><\/td>\n<\/tr>\n<tr>\n<td width=\"36\"><strong>12<\/strong><\/td>\n<td width=\"621\"><strong>Certificate of the existence of family relations (<\/strong>True copy of Mariage Certificate, Birth Certificate)<\/p>\n<p><strong>\u00a0<\/strong><em>B\u1eb1ng ch\u1ee9ng v\u1ec1 m\u1ed1i quan h\u1ec7 gia \u0111\u00ecnh (Sao y b\u1ea3n ch\u00ednh Gi\u1ea5y k\u1ebft h\u00f4n, khai sinh) \u00a0\u00a0\u00a0\u00a0\u00a0\u00a0\u00a0\u00a0\u00a0\u00a0\u00a0 <\/em><\/td>\n<\/tr>\n<tr>\n<td width=\"36\"><strong>13<\/strong><\/td>\n<td width=\"621\"><strong>If the visa is lodged for a minor that not travelling with parent, additional documents are required :<\/strong><\/p>\n<p>&#8211; , translated and legalized by the Consular Office of the Hanoi Department of Foreign Affairs (40 Tr\u1ea7n Ph\u00fa, Ba \u0110\u00ecnh, H\u00e0 N\u1ed9i);<\/p>\n<p>&#8211; Parental consent signed at the Embassy\u2019s Visa Section;<\/p>\n<p>&#8211; True copies of the ID cards\/Passport of the parents<\/p>\n<p><strong><em>N\u1ebfu \u0111\u01b0\u01a1ng \u0111\u01a1n trong \u0111\u1ed9 tu\u1ed5i v\u1ecb th\u00e0nh ni\u00ean kh\u00f4ng \u0111i du l\u1ecbch c\u00f9ng b\u1ed1 m\u1eb9, c\u1ea7n n\u1ed9p th\u00eam c\u00e1c gi\u1ea5y t\u1edd sau<\/em><\/strong>:<\/p>\n<p><em>&#8211; B\u1ea3n sao Gi\u1ea5y khai sinh ph\u1ea3i \u0111\u01b0\u1ee3c ch\u1ee9ng th\u1ef1c l\u00e3nh s\u1ef1 t\u1ea1i C\u1ee5c L\u00e3nh s\u1ef1 (40 Tr\u1ea7n Ph\u00fa, Ba \u0110\u00ecnh, H\u00e0 N\u1ed9i) ho\u1eb7c C\u01a1 quan ngo\u1ea1i v\u1ee5 \u0111\u1ecba ph\u01b0\u01a1ng;<\/em><\/p>\n<p><em>&#8211; Gi\u1ea5y \u0111\u1ed3ng \u00fd c\u1ee7a b\u1ed1 ho\u1eb7c\/v\u00e0 m\u1eb9 cho \u0111i du l\u1ecbch theo m\u1eabu v\u00e0 \u0111\u01b0\u1ee3c k\u00fd t\u1ea1i Ph\u00f2ng Visa c\u1ee7a \u0110\u1ea1i s\u1ee9 qu\u00e1n;<\/em><\/p>\n<p><em>&#8211; B\u1ea3n sao C\u0103n c\u01b0\u1edbc c\u00f4ng d\u00e2n\/h\u1ed9 chi\u1ebfu \u00a0c\u1ee7a cha v\u00e0 m\u1eb9.<\/em><\/td>\n<\/tr>\n<tr>\n<td width=\"36\"><strong>14<\/strong><\/td>\n<td width=\"621\"><strong>Any other documents supporting the Visa application can be exhibited by the applicant or requested by the Visa Office.<\/strong><\/p>\n<p><em>Nh\u1eefng gi\u1ea5y t\u1edd kh\u00e1c h\u1ed7 tr\u1ee3 cho vi\u1ec7c xin c\u1ea5p th\u1ecb th\u1ef1c c\u00f3 th\u1ec3 \u0111\u01b0\u1ee3c n\u1ed9p c\u00f9ng h\u1ed3 s\u01a1 ho\u1eb7c \u0111\u01b0\u1ee3c Ph\u00f2ng Visa y\u00eau c\u1ea7u th\u00eam.<\/em><\/td>\n<\/tr>\n<\/tbody>\n<\/table>\n<p>&nbsp;<\/p>\n","protected":false},"excerpt":{"rendered":"VISTO TURISTICO (di tipo \u201cC\u201d) E VISTO PER TURISMO \u2013 VISITA FAMIGLIA \/ AMICI (di tipo \u201cC\u201d) Consente l\u2019ingresso in Italia, per un soggiorno di breve durata (fino a 90 giorni), ai cittadini stranieri che intendano viaggiare per motivi turistici e\/o per fare visita ai propri familiari. &nbsp; CHECKLIST\/ DANH M\u1ee4C H\u1ed2 S\u01a0 N. All [&hellip;]","protected":false},"author":1,"featured_media":0,"parent":89,"menu_order":4,"comment_status":"closed","ping_status":"closed","template":"","meta":{"footnotes":""},"class_list":["post-8498","page","type-page","status-publish","hentry"],"_links":{"self":[{"href":"https:\/\/ambhanoi.esteri.it\/it\/wp-json\/wp\/v2\/pages\/8498","targetHints":{"allow":["GET"]}}],"collection":[{"href":"https:\/\/ambhanoi.esteri.it\/it\/wp-json\/wp\/v2\/pages"}],"about":[{"href":"https:\/\/ambhanoi.esteri.it\/it\/wp-json\/wp\/v2\/types\/page"}],"author":[{"embeddable":true,"href":"https:\/\/ambhanoi.esteri.it\/it\/wp-json\/wp\/v2\/users\/1"}],"replies":[{"embeddable":true,"href":"https:\/\/ambhanoi.esteri.it\/it\/wp-json\/wp\/v2\/comments?post=8498"}],"version-history":[{"count":2,"href":"https:\/\/ambhanoi.esteri.it\/it\/wp-json\/wp\/v2\/pages\/8498\/revisions"}],"predecessor-version":[{"id":8504,"href":"https:\/\/ambhanoi.esteri.it\/it\/wp-json\/wp\/v2\/pages\/8498\/revisions\/8504"}],"up":[{"embeddable":true,"href":"https:\/\/ambhanoi.esteri.it\/it\/wp-json\/wp\/v2\/pages\/89"}],"wp:attachment":[{"href":"https:\/\/ambhanoi.esteri.it\/it\/wp-json\/wp\/v2\/media?parent=8498"}],"curies":[{"name":"wp","href":"https:\/\/api.w.org\/{rel}","templated":true}]}}