{"id":8232,"date":"2025-07-22T11:49:33","date_gmt":"2025-07-22T04:49:33","guid":{"rendered":"https:\/\/ambhanoi.esteri.it\/?page_id=8232"},"modified":"2025-07-22T11:53:07","modified_gmt":"2025-07-22T04:53:07","slug":"pubblicazioni-di-matrimonio","status":"publish","type":"page","link":"https:\/\/ambhanoi.esteri.it\/it\/servizi-consolari-e-visti\/servizi-per-il-cittadino-italiano\/stato-civile\/pubblicazioni-di-matrimonio\/","title":{"rendered":"Pubblicazioni di matrimonio"},"content":{"rendered":"<p style=\"text-align: justify;\">I cittadini italiani che si sposano all\u2019estero davanti alle autorit\u00e0 locali NON sono soggetti alle pubblicazioni di matrimonio, a meno che le stesse non siano richieste dalla normativa straniera.<\/p>\n<p style=\"text-align: justify;\">A seguito della celebrazione del matrimonio davanti alle autorit\u00e0 straniere, l\u2019interessato dovr\u00e0 provvedere a registrare l\u2019atto di matrimonio o direttamente con il Comune o tramite questo Ufficio Consolare seguendo le indicazioni pubblicate nella <u>sezione di questo sito dedicata al matrimonio<\/u>.<\/p>\n<p style=\"text-align: justify;\">I cittadini italiani residenti presso questa circoscrizione consolare che desiderano sposarsi in Italia dovranno invece richiedere le pubblicazioni di matrimonio a questo Ufficio Consolare.<\/p>\n<p style=\"text-align: justify;\">Nel caso di due cittadini italiani, di cui uno residente presso la circoscrizione di questo Ufficio Consolare e uno residente in Italia o presso la circoscrizione di altra rappresentanza diplomatico-consolare italiana, la procedura delle pubblicazioni potr\u00e0 essere iniziata alternativamente presso questo Ufficio Consolare o presso il Comune\/altra rappresentanza diplomatico-consolare di residenza. L\u2019ufficiale di stato civile presso il quale \u00e8 presentata la richiesta di pubblicazione, provveder\u00e0 a richiede all\u2019altro Ufficio competente per residenza di procedere anch\u2019esso alla pubblicazione sul proprio albo informatico.<\/p>\n<p style=\"text-align: justify;\">La richiesta di pubblicazioni di matrimonio dovr\u00e0 essere presentata di persona, previo appuntamento da concordarsi inviando una email a <u><a href=\"mailto:consolare.hanoi@esteri.it\">consolare.hanoi@esteri.it<\/a><\/u><\/p>\n<p style=\"text-align: justify;\"><strong>Documentazione da presentare per richiedere le pubblicazioni presso questo Consolato Generale:<\/strong><\/p>\n<ol style=\"text-align: justify;\">\n<li><u>formulario di richiesta di pubblicazioni di matrimonio<\/u>\u00a0compilato in ogni parte e firmato da entrambi i nubendi;<\/li>\n<li>copia del passaporto in corso di validit\u00e0 di entrambi i nubendi.<\/li>\n<\/ol>\n<p style=\"text-align: justify;\"><strong>Requisiti ulteriori per il nubendo straniero:<\/strong><\/p>\n<ol style=\"text-align: justify;\" start=\"3\">\n<li>atto di nascita, debitamente legalizzato\/apostillato e con traduzione in italiano.<\/li>\n<li>\u201cnulla osta al matrimonio\u201d (ai sensi dell\u2019art.116 del c.c.), rilasciato non oltre sei mesi prima dalle competenti autorit\u00e0 del Paese di cittadinanza, debitamente legalizzato\/apostillato e con traduzione in italiano certificata conforme dalla competente rappresentanza diplomatico-consolare o apostillata in caso di traduttore giurato.<\/li>\n<\/ol>\n<p style=\"text-align: justify;\">Il \u201cNULLA OSTA\u201d deve indicare: cognome, nome, data e luogo di nascita, cittadinanza, residenza, stato libero, nome e cognome dei genitori e che non vi sono impedimenti al matrimonio secondo le leggi dello Stato di cittadinanza. Per la donna divorziata, inoltre, deve essere indicata la data di scioglimento del matrimonio e per la donna vedova la data di vedovanza.<\/p>\n<p style=\"text-align: justify;\">Nel caso uno dei due nubendi non possa essere presente alle pubblicazioni, dovr\u00e0 rilasciare all\u2019altro una delega in carta semplice, se cittadino italiano o UE, o, se cittadino extracomunitario, una procura speciale fatta presso la competente rappresentanza diplomatica-consolare o presso un notaio locale. In quest\u2019ultimo caso la procura andr\u00e0 tradotta\/apostillata e accompagnata da traduzione in lingua italiana.<\/p>\n<p style=\"text-align: justify;\">Se ambedue i nubendi non possono essere presenti alle pubblicazioni, dovranno rilasciare una delega o una procura a terza persona, con le stesse modalit\u00e0 di cui sopra.<\/p>\n<p style=\"text-align: justify;\">Le pubblicazioni saranno affisse presso l\u2019albo consolare per la durata di 8 giorni consecutivi; dopo ulteriori tre giorni liberi sar\u00e0 emesso il certificato di eseguite pubblicazioni di matrimonio con delega alla celebrazione del matrimonio in Italia che avr\u00e0 una validit\u00e0 di 180 giorni. Decorso tale termine, per poter contrarre matrimonio, occorrer\u00e0 ripetere le pubblicazioni.<\/p>\n<p style=\"text-align: justify;\">Le pubblicazioni sono soggette al pagamento delle tasse consolari:<\/p>\n<ol style=\"text-align: justify;\">\n<li>art. 24 Autentica di firma nel caso di nubendo cittadino extra UE;<\/li>\n<li>art. 3 Affissione Pubblicazioni di Matrimonio;<\/li>\n<li>art. 2c Certificato d\u2019avvenuta Pubblicazione.<\/li>\n<\/ol>\n<p style=\"text-align: justify;\">Il pagamento dovr\u00e0 essere effettuato in contanti allo sportello il giorno dell\u2019appuntamento per la richiesta di pubblicazioni.<\/p>\n<p style=\"text-align: justify;\">Si prega di consultare la <u>Tabella delle Tariffe Consolari <\/u>per l\u2019importo aggiornato.<\/p>\n","protected":false},"excerpt":{"rendered":"I cittadini italiani che si sposano all\u2019estero davanti alle autorit\u00e0 locali NON sono soggetti alle pubblicazioni di matrimonio, a meno che le stesse non siano richieste dalla normativa straniera. A seguito della celebrazione del matrimonio davanti alle autorit\u00e0 straniere, l\u2019interessato dovr\u00e0 provvedere a registrare l\u2019atto di matrimonio o direttamente con il Comune o tramite questo [&hellip;]","protected":false},"author":6,"featured_media":0,"parent":68,"menu_order":2,"comment_status":"closed","ping_status":"closed","template":"","meta":{"footnotes":""},"class_list":["post-8232","page","type-page","status-publish","hentry"],"_links":{"self":[{"href":"https:\/\/ambhanoi.esteri.it\/it\/wp-json\/wp\/v2\/pages\/8232","targetHints":{"allow":["GET"]}}],"collection":[{"href":"https:\/\/ambhanoi.esteri.it\/it\/wp-json\/wp\/v2\/pages"}],"about":[{"href":"https:\/\/ambhanoi.esteri.it\/it\/wp-json\/wp\/v2\/types\/page"}],"author":[{"embeddable":true,"href":"https:\/\/ambhanoi.esteri.it\/it\/wp-json\/wp\/v2\/users\/6"}],"replies":[{"embeddable":true,"href":"https:\/\/ambhanoi.esteri.it\/it\/wp-json\/wp\/v2\/comments?post=8232"}],"version-history":[{"count":2,"href":"https:\/\/ambhanoi.esteri.it\/it\/wp-json\/wp\/v2\/pages\/8232\/revisions"}],"predecessor-version":[{"id":8235,"href":"https:\/\/ambhanoi.esteri.it\/it\/wp-json\/wp\/v2\/pages\/8232\/revisions\/8235"}],"up":[{"embeddable":true,"href":"https:\/\/ambhanoi.esteri.it\/it\/wp-json\/wp\/v2\/pages\/68"}],"wp:attachment":[{"href":"https:\/\/ambhanoi.esteri.it\/it\/wp-json\/wp\/v2\/media?parent=8232"}],"curies":[{"name":"wp","href":"https:\/\/api.w.org\/{rel}","templated":true}]}}