{"id":8170,"date":"2025-07-18T11:24:27","date_gmt":"2025-07-18T04:24:27","guid":{"rendered":"https:\/\/ambhanoi.esteri.it\/?page_id=8170"},"modified":"2025-07-22T14:43:38","modified_gmt":"2025-07-22T07:43:38","slug":"cambio-nome-o-cognome","status":"publish","type":"page","link":"https:\/\/ambhanoi.esteri.it\/it\/servizi-consolari-e-visti\/servizi-per-il-cittadino-italiano\/stato-civile\/cambio-nome-o-cognome\/","title":{"rendered":"Cambio Nome o Cognome"},"content":{"rendered":"<p style=\"text-align: justify;\">Il cittadino italiano che intenda cambiare il proprio nome o cognome potr\u00e0 presentare, in base agli artt. 89 e seguenti del D.P.R. 396 del 03\/11\/2000, una domanda al Prefetto del luogo di ultima residenza o del luogo dove \u00e8 stato trascritto l\u2019atto di nascita, esponendo le ragioni a fondamento della richiesta e corredandola di documentazione a supporto.<\/p>\n<p style=\"text-align: justify;\">Si ricorda, infatti, che le richieste devono rivestire carattere eccezionale e sono ammesse esclusivamente in presenza di situazioni oggettivamente rilevanti, supportate da significative motivazioni, adeguatamente documentate.<\/p>\n<p style=\"text-align: justify;\">La redazione della domanda di cui trattasi \u00e8 effettuata esclusivamente dall\u2019interessato.<\/p>\n<p style=\"text-align: justify;\">I cittadini italiani residenti in questa circoscrizione consolare ed iscritti all\u2019AIRE che intendano presentare la domanda per il tramite di questo Ufficio Consolare dovranno prenotare un appuntamento inviando una email a <a href=\"mailto:consolare.hanoi@esteri.it\">consolare.hanoi@esteri.it<\/a><\/p>\n<p style=\"text-align: justify;\">La procedura di cambio del nome o cognome per il tramite di questo Ufficio Consolare si articolare nelle seguenti fasi:<\/p>\n<ol style=\"text-align: justify;\">\n<li>richiesta dell\u2019interessato, in lingua italiana, su apposito formulario, corredata di documento di identit\u00e0 in corso di validit\u00e0 e documentazione a supporto;<\/li>\n<li>inoltro, da parte dell\u2019Ufficio Consolare, della domanda alla Prefettura competente, che potr\u00e0 richiedere documentazione aggiuntiva (ad esempio, certificati penali del luogo di residenza);<\/li>\n<li>in caso la domanda sia ritenuta dal Prefetto meritevole di essere presa in considerazione, ricevimento del Decreto del Prefetto di autorizzazione alla pubblicazione di un avviso contenente il sunto della domanda;<\/li>\n<li>effettuazione della pubblicazione nell\u2019Albo Consolare, ai sensi dell\u2019art. 90 del D.P.R. 396 del 2000, per trenta giorni consecutivi di un avviso contenente il sunto della domanda;<\/li>\n<li>avviso alla Prefettura competente dell\u2019avvenuta pubblicazione;<\/li>\n<li>ricevimento dalla Prefettura del Decreto di autorizzazione al cambiamento del nome o cognome;<\/li>\n<li>consegna all\u2019interessato del Decreto Definitivo;<\/li>\n<li>richiesta da parte dell\u2019interessato al Comune di nascita di trascrizione e annotazione del Decreto Definitivo del cambiamento di nome o di cognome;<\/li>\n<li>richiesta da parte dell\u2019interessato di rilascio di nuovi documenti con le nuove generalit\u00e0 (passaporto, carta d\u2019identit\u00e0, codice fiscale, ecc.).<\/li>\n<\/ol>\n<p style=\"text-align: justify;\"><strong>Cittadino minorenne<\/strong><\/p>\n<p style=\"text-align: justify;\">Nel caso di domanda di cambiamento di nome o cognome in favore di un <strong>figlio minore<\/strong>, occorre recarsi di persona presso l&#8217;Ufficio Consolare dell&#8217;Ambasciata di Hanoi, dopo aver preso appuntamento inviando una email a consolare.hanoi@esteri.it, portando la seguente documentazione:<\/p>\n<ul style=\"text-align: justify;\">\n<li>formulario che deve essere firmato da entrambi i genitori;<\/li>\n<li>passaporti di entrambi genitori e del figlio minore;<\/li>\n<li>dichiarazione sostitutiva (cliccare qui) dell\u2019atto di notoriet\u00e0 congiunta, in cui entrambi i genitori esprimono per iscritto il proprio consenso al cambiamento del nome o cognome a favore del proprio figlio minore.<\/li>\n<\/ul>\n<p style=\"text-align: justify;\"><strong>Attenzione:<\/strong><\/p>\n<p style=\"text-align: justify;\">I tempi complessivi di questa procedura dipendono dall\u2019attivit\u00e0 istruttoria della Prefettura competente.<\/p>\n<p style=\"text-align: justify;\">Il decreto diventer\u00e0 efficace solo dopo le trascrizioni e annotazioni da parte del Comune nei propri registri.<\/p>\n<p style=\"text-align: justify;\">L\u2019Ufficio Consolare dell\u2019Ambasciata d\u2019Italia a Hanoi provveder\u00e0 quindi alle variazioni solo dopo aver ricevuto conferma di trascrizione da parte del Comune.<\/p>\n<p style=\"text-align: justify;\">A seguito della registrazione del cambiamento di nome e\/o cognome da parte del Comune, i documenti in possesso dell\u2019interessato\/a perderanno validit\u00e0 ed efficacia. Sar\u00e0 quindi necessario restituire passaporto e carta di identit\u00e0 rilasciati con il nome non pi\u00f9 valido, anche se non scaduti, e ottenerne di nuovi.<\/p>\n<p style=\"text-align: justify;\">Chi possiede un codice fiscale italiano rilasciato con il vecchio nome dovr\u00e0 ottenere un nuovo codice fiscale con le nuove generalit\u00e0.<\/p>\n","protected":false},"excerpt":{"rendered":"Il cittadino italiano che intenda cambiare il proprio nome o cognome potr\u00e0 presentare, in base agli artt. 89 e seguenti del D.P.R. 396 del 03\/11\/2000, una domanda al Prefetto del luogo di ultima residenza o del luogo dove \u00e8 stato trascritto l\u2019atto di nascita, esponendo le ragioni a fondamento della richiesta e corredandola di documentazione [&hellip;]","protected":false},"author":6,"featured_media":0,"parent":68,"menu_order":6,"comment_status":"closed","ping_status":"closed","template":"","meta":{"footnotes":""},"class_list":["post-8170","page","type-page","status-publish","hentry"],"_links":{"self":[{"href":"https:\/\/ambhanoi.esteri.it\/it\/wp-json\/wp\/v2\/pages\/8170","targetHints":{"allow":["GET"]}}],"collection":[{"href":"https:\/\/ambhanoi.esteri.it\/it\/wp-json\/wp\/v2\/pages"}],"about":[{"href":"https:\/\/ambhanoi.esteri.it\/it\/wp-json\/wp\/v2\/types\/page"}],"author":[{"embeddable":true,"href":"https:\/\/ambhanoi.esteri.it\/it\/wp-json\/wp\/v2\/users\/6"}],"replies":[{"embeddable":true,"href":"https:\/\/ambhanoi.esteri.it\/it\/wp-json\/wp\/v2\/comments?post=8170"}],"version-history":[{"count":3,"href":"https:\/\/ambhanoi.esteri.it\/it\/wp-json\/wp\/v2\/pages\/8170\/revisions"}],"predecessor-version":[{"id":8189,"href":"https:\/\/ambhanoi.esteri.it\/it\/wp-json\/wp\/v2\/pages\/8170\/revisions\/8189"}],"up":[{"embeddable":true,"href":"https:\/\/ambhanoi.esteri.it\/it\/wp-json\/wp\/v2\/pages\/68"}],"wp:attachment":[{"href":"https:\/\/ambhanoi.esteri.it\/it\/wp-json\/wp\/v2\/media?parent=8170"}],"curies":[{"name":"wp","href":"https:\/\/api.w.org\/{rel}","templated":true}]}}