{"id":5025,"date":"2023-12-08T09:39:17","date_gmt":"2023-12-08T02:39:17","guid":{"rendered":"https:\/\/ambhanoi.esteri.it\/?page_id=5025"},"modified":"2025-04-07T17:00:38","modified_gmt":"2025-04-07T10:00:38","slug":"storia","status":"publish","type":"page","link":"https:\/\/ambhanoi.esteri.it\/it\/italia-e-vietnam\/rapporti-politici\/storia\/","title":{"rendered":"Storia"},"content":{"rendered":"<p><span style=\"text-decoration: underline;\"><strong>GLI AMBASCIATORI ITALIANI SUCCEDUTISI IN VIETNAM<\/strong><\/span><\/p>\n<p><strong>Repubblica del Vietnam (Saigon)<\/strong><\/p>\n<ul>\n<li>\n<div align=\"left\">Francesco Vincenti Mareri, Incaricato d\u2019affari con L.C. \u2013 24 ottobre 1950<\/div>\n<\/li>\n<li>\n<div align=\"left\">Vitale Gallina, Inviato straordinario e Ministro plenipotenziario con L.C. \u2013 27 luglio 1951<\/div>\n<\/li>\n<li>\n<div align=\"left\">Ferruccio Stefenelli, Ambasciatore \u2013 12 dicembre 1955<\/div>\n<\/li>\n<li>\n<div align=\"left\">Giovanni D\u2019Orlandi, Ambasciatore \u2013 17 luglio 1962<\/div>\n<\/li>\n<li>\n<div align=\"left\">Vincenzo Tornetta, Ambasciatore \u2013 13 agosto 1967<\/div>\n<\/li>\n<li>\n<div align=\"left\">\n<p>Eugenio Rubino, Ambasciatore \u2013 27 febbraio 1972<\/p>\n<\/div>\n<\/li>\n<\/ul>\n<p><strong>Repubblica Socialista del Vietnam (Hanoi)<\/strong><\/p>\n<ul>\n<li>Gabriele Menegatti, Incaricato d\u2019Affari a.i. \u2013 2 maggio 1975<\/li>\n<li>Giuliano Bertuccioli, Ambasciatore \u2013 16 dicembre 1975<\/li>\n<li>Marco Guido Fortini, Ambasciatore \u2013 27 maggio 1978<\/li>\n<li>Ludovico Masetti, Ambasciatore \u2013 6 aprile 1981<\/li>\n<li>Leopoldo Giacomo Maria Ferri De Lazara, Ambasciatore \u2013 17 settembre 1986<\/li>\n<li>Maurizio Teucci, Ambasciatore \u2013 19 novembre 1988<\/li>\n<li>Gianluigi Pasquinelli, Ambasciatore \u2013 1 settembre 1992<\/li>\n<li>Mario Vittorio Zamboni di Salerano, Ambasciatore \u2013 13 novembre 1995<\/li>\n<li>Luigi Solari, Ambasciatore \u2013 21 gennaio 2000<\/li>\n<li>Alfredo Matacotta Cordella, Ambasciatore \u2013 2 febbraio 2004<\/li>\n<li>Andrea Perugini, Ambasciatore &#8211; 1 luglio 2008<\/li>\n<li>Lorenzo Angeloni, Ambasciatore &#8211; 18 novembre 2010<\/li>\n<li>Cecilia Piccioni, Ambasciatrice &#8211; 7 aprile 2015<\/li>\n<li>Antonio Alessandro, Ambasciatore &#8211; 29 novembre 2018<\/li>\n<li>Marco Della Seta, Ambasciatore &#8211; 7 agosto 2023<\/li>\n<\/ul>\n<p>&nbsp;<\/p>\n<h4><strong>I RICORDI DI ALCUNI AMBASCIATORI<\/strong><\/h4>\n<p><strong>Testimonianza di Ludovico MASETTI<br \/>\n<\/strong>&#8211; Ambasciatore dal 1981 al 1986 &#8211;<\/p>\n<p>La mia missione ad Hanoi dal 1981 al 1986\u00a0\u00e8 stata una magnifica fase della mia vita, permettendomi di conoscere la storia gloriosa, la vivace realt\u00e0 e la cultura aperta e coinvolgente di questo Paese, ma sopratutto di conoscere i vietnamiti, di apprezzarne e amarne le qualit\u00e0 umane e sociali, quella combinazione armonica di fermezza e di dolcezza che li contraddistingue, la loro amicizia, ospitalit\u00e0 e operosit\u00e0. Il popolo italiano aveva seguito con tal entusiasmo e partecipazione la lotta del popolo vietnamita per la sua libert\u00e0 ed indipendenza ammirandone lo spirito di sacrificio e dedizione, il valore, il coraggio e l\u2019eroismo. Poi con la pace e la normalizzazione, l\u2019attenzione dei Governi e dell\u2019opinione pubblica si era rivolta altrove. Non credo sia accaduto a molti miei colleghi in altri paesi di ritrovare il loro autista ad attenderli leggendo la Locandiera di Goldoni o una vita di Michelangelo; nell\u2019ascoltare un anziano medico che, fra citazioni latine abituali ai dottori della mia giovinezza, disquisiva su eventi della storia vietnamita del XVI sec, ignoti a pi\u00f9 del 90% dei miei concittadini. Ricordo l\u2019ultimo incontro con l\u2019illustre Professor Ton That Tung indicato da esperti statunitensi come il pi\u00f9 esperto sulla diossina in occasione del disastro di Seveso, quando venne a ringraziarmi paternamente per il \u201cbuon lavoro\u201d di collaborazione che aveva svolto su suo incarico con gli ospedali di Genova. Ricordo il soprano che nei concerti, fra Hendel e Mozart cantava le arie della Traviata, nella confidente ma vana attesa che si potesse presentare l\u2019opera nel delizioso teatro nazionale. Voglio sottolineare come la grande cultura vietnamita abbia saputo assimilare la nostra, europea e per cio\u00e8 stesso cristiana. Come la cultura socialista ha saputo in questo Paese integrare e far propri gli alti valori di quella confuciana: solidit\u00e0 della famiglia, rispetto per gli anziani, educazione dei bambini. E voglio rendere omaggio all\u2019allora Ambasciatore a Roma sig.ra Vinh, gran dama nel senso pi\u00f9 nobile del termine, che un giorno rese visita alla mia vecchia madre a Bologna preparandole le squisite specialit\u00e0 della cucina vietnamita, donandole uno dei pi\u00f9 bei giorni della sua tarda et\u00e0. Ricordo il sig. Nguyen Huu Hung allora proprietario del ristorante vietnamita Mekong a Roma e ora di ristoranti a Hanoi. Nel 1986, al termine della mia missione, lo informai del mio prossimo matrimonio e consumai il pasto: poi mi disse che i suoi genitori mi attendevano per salutarmi: mi avevano preparato per Maria Teresa uno splendido \u201cao dai\u201d. Generosit\u00e0 e rapidit\u00e0. E i bambini&#8230;&#8230;.la loro franchezza e imprevedibilit\u00e0: ricordo una sera passeggiando passai accanto ad un giardino dove festeggiavano il Drago: mi accerchiarono e mi trascinarono dentro, e senza accorgermene mi trovai in braccio un piccolo di due o tre anni. E non mostravano la minima timidezza e non domandavano e non attendevano nulla. Affastellando confusamente tante cose, ricordo i consigli, finora non seguiti, rivoltimi nelle visite di congedo dal Presidente Phan Van Dong e dal Generale Giap di narrare le mie esperienze per rafforzare l\u2019amicizia e la conoscenza fra i nostri Paesi. Chiudo finalmente nel caro ricordo dell\u2019allora Ministro degli Esteri Nguyen Co Thach e del suo benvenuto oltre vent\u2019anni fa: al termine della tradizionale intera ora di colloquio mi chiese di chiedergli qualcosa che potesse fare per me e gli sottoposi un annoso caso che subito risolse, cos\u00ec come in seguito soddisfece ogni mia ragionevole richiesta.<\/p>\n<p><strong>Testimonianza di Maurizio TEUCCI<\/strong><br \/>\n&#8211; Ambasciatore dal 1988 al 1992 &#8211;<\/p>\n<p>Ho avuto l\u2019onore di essere stato a Hanoi come Ambasciatore dal novembre 1988 all\u2019agosto 1992.\u00a0\u00c8 stato il mio primo incarico come Ambasciatore e, come per il primo amore, la prima Ambasciata rimane sempre la pi\u00f9 bella. Mille piacevolissimi ricordi mi legano al Vietnam, al suo popolo, alla sua millenaria cultura. Il paese \u00e8\u00a0meraviglioso con le sue montagne, i suoi fiumi, le sue spiagge e le sue isole. Ho amato moltissimo l\u2019area di San La con le sue ridenti colline; la romantica Hue distesa sul fiume dei profumi; Dalat e la baia di Ha Long; e poi la struggente bellezza della quasi assopita Hanoi e delle torri Cham (purtroppo in decadenza) nel sud del Vietnam. C\u2019\u00e8 una luce tutta particolare che avvolge il Vietnam, di una trasparenza e di una leggerezza uniche, in particolare all\u2019alba e al tramonto (il tramonto sul Mekong \u00e8 superbo). Il che mi ha permesso di fare molte belle fotografie che serbo come un ricordo carissimo. Il popolo vietnamita \u00e8 un grande popolo, forte, tenace, lavoratore, ed estremamente capace. Per sintetizzare il ricordo pi\u00f9 vivo \u00e8 il sorriso delle persone, un sorriso non sollecitato, sincero: il duro lavoro delle donne nelle risaie; i bambini con i bufali nei campi; i piccoli scolari gioiosi che entrano ed escono da scuola; il piacevole disordine delle biciclette di Hanoi (ma oggi certamente le cose sono cambiate); \u201cl\u2019ao dai\u201d bianco delle studentesse di citt\u00e0 Ho-chi-Minh; i diversi gruppi etnici dai vestiti variopinti che si trovano ancora nel nord. Per la cultura cito soltanto le famose ceramiche vietnamite con i loro colori sfumati. Ogni dinastia ha lasciato un\u2019impronta propria in questa altissima forma d\u2019arte. E accanto alle ceramiche ed ai tamburi metto nei tempi recentissimi le bellissime lacche degli anni \u201850 fine \u201980. Le lacche (di assai complessa esecuzione) richiedono una maestria altissima in termini di colore e composizione. Ho conosciuto i grandi maestri di Hanoi. Ne cito qualcuno tra i pi\u00f9 prestigiosi: Phan Ke An (che scherzosamente chiamavo il mandarino per l\u2019estrema finezza del tratto e la raffinatezza dei modi); il paesaggista Nguyen Van Ty (deceduto nel 1991); Nguyen Van Binh. Ho passato lunghe, piacevolissime ore nello studio di tantissimi pittori. Ho visto il nascere, il progredire, il tocco finale delle loro superbe lacche. A tutti loro rivolgo il mio affettuoso ricordo. Questi sono in sostanza i ricordi che mi legano al Vietnam. Mi auguro un giorno di ritornarvi come turista. Le \u201creincarnazioni\u201d sono sempre difficili e talvolta deludenti ma sono sicuro che il Vietnam sapr\u00e0 di nuovo allora ripresentarsi con la bellezza, la simpatia e il sorriso di sempre.<\/p>\n<p><strong>Testimonianza di Gianluigi PASQUINELLI<br \/>\n<\/strong>&#8211; Ambasciatore\u00a0dal 1992 al 1995 &#8211;<\/p>\n<p>Arrivare in Viet Nam nel 1992 \u00e8 stato per me ringiovanire di venticinque anni al tempo in cui fui mandato in Indonesia, mia prima sede asiatica. Ha significato ritornare a vedere quello stesso panorama di risaie interrotte da ciuffi di grossi bamb\u00f9 o di palmizi, le piccole botteghe dove si trova sempre, giorno e notte, qualcosa da mangiare e da bere, lo stesso atteggiamento amichevole della gente, lo stesso sorriso dei bambini. Come prima cosa, volli imparare la lingua di questo nuovo e affascinante Paese. Dovetti ben presto rendermi conto che, in confronto al vietnamita, apprendere il cinese \u00e8 un gioco infantile. Quando decisi di provare in vivo la mia capacit\u00e0 di farmi comprendere, scelsi un signore dall&#8217;aspetto bonario e paziente e mi diressi a lui con una frase di estrema semplicit\u00e0. Non dimenticher\u00f2 facilmente l&#8217;espressione smarrita di quel povero mio interlocutore il quale per un poco mi guard\u00f2 tra l&#8217;allarmato e il disorientato e poi, in un accurato inglese mi disse con cortesia &#8220;Sorry Sir, I don&#8217;t understand French&#8221;. Non tardai per\u00f2 a capire che per poter conoscere ed entrare in amicizia con i vietnamiti, di qualunque et\u00e0 e di qualsiasi estrazione, la conoscenza della loro lingua non era indispensabile; basta un sincero interesse, un gesto di simpatia e un comportamento onesto. In tutti i contatti che ho avuto negli anni della mia permanenza con cittadini vietnamiti delle pi\u00f9 diverse condizioni sociali e intellettuali, non ho mai ascoltato una parola di risentimento nei confronti dei nemici di ieri. Un giorno partecipai ad una colazione di giornalisti europei della quale era ospite d&#8217;onore il mitico Generale Giap. Era il tempo quando il Viet Nam si attendeva che gli Stati Uniti togliessero finalmente l&#8217;embargo economico che per venti anni aveva asfissiato la sua economia e che si avviassero i negoziati per l&#8217;apertura delle relazioni diplomatiche fra i due Stati. I giornalisti erano interessati a capire l&#8217;atteggiamento vietnamita verso questi loro ex avversari e varie domande erano rivolte su questo argomento al Generale, il quale ci disse: &#8220;Qualche settimana fa, ricevetti un gruppo di veterani americani che avevano combattuto qui in Viet Nam e uno di loro mi domand\u00f2 com&#8217;\u00e8 che noi potevamo riceverli con un sorriso. Gli risposi che quando venivano qui in divisa e con le armi in mano, noi li ricevevamo con i nostri Kalashnikov ma adesso che vengono da turisti, li riceviamo come amici&#8221;. Il popolo vietnamita ha saputo voltare le spalle ad un passato di dolore per rivolgersi con fiducia e operosit\u00e0 verso un futuro di pace e benessere. La loro instancabile alacrit\u00e0 \u00e8 stato uno degli aspetti che maggiormente mi hanno colpito in questo Paese. Dovunque andassi, in citt\u00e0 come nelle campagne, raramente vedevo un vietnamita in ozio. Mi resi altres\u00ec conto che assieme alla industriosit\u00e0, era anche l&#8217;ingegnosit\u00e0 un&#8217;altra delle caratteristiche di questo popolo, che lo rendevano assai simile a quello italiano, noto per sapersi tirare d&#8217;impaccio in qualsiasi circostanza grazie alla forza dell&#8217;ingegno. Una volta mi rivolsi ad uno degli impiegati vietnamiti della nostra Ambasciata per sapere dove potessi comprare il tubo di vetro di una mia vecchia lampada a petrolio che si era rotto. Quello prese la misura del diametro e mi chiese di che forma lo desideravo. Il giorno dopo venne con tre o quattro tubi di differenti fogge tutti adatti alla mia lampada. Gli chiesi dove li avesse trovati e mi rispose che li aveva fatti un suo amico, soffiando il vetro, come a Murano, nella sua cucina! Ma la straordinaria capacit\u00e0 di lavoro di questa gente non ne ha soffocato la gioia di vivere e la voglia di divertirsi quando sia possibile. \u00c8 un popolo allegro che sa ridere e che, dopo decenni di sofferenze e sacrifici, vuole godere ora di quelle gioie alle quali aveva dovuto rinunziare durante i lunghi tempi difficili. Questo spiega la proliferazione &#8211; durante il periodo della mia permanenza &#8211; di ristoranti, piano bar e, specialmente, di sale da ballo con orchestrina, tanto simili alle nostre &#8220;balere&#8221; di quando eravamo studenti. Ricordo che amici vietnamiti mi vollero condurre una sera ad una di queste, in prossimit\u00e0 di un lago. Nel gaio frastuono e le giravolte delle coppie, mi colp\u00ec la figura di un signore anziano, dall&#8217;aspetto molto distinto &#8211; avrebbe potuto essere un professore o un alto ufficiale a riposo &#8211; che non perdeva un ballo; cambiava sovente dama ma era sempre in pista e si vedeva chiaramente che ballava per il mero gusto di ballare. Riconosco di essere stato fortunato nella mia missione in Vietnam perch\u00e9 sono arrivato in un momento magico che mi ha permesso di assistere ad una metamorfosi tanto radicale quanto repentina non solamente della struttura economica (finalmente si cominciavano a vedere i frutti del &#8220;Doi Moi&#8221;) ma del contesto sociale e della stessa psicologia e comportamento della gente. Sono arrivato in una Hanoi ancora priva di molti prodotti di prima necessit\u00e0, dove le donne portavano quasi tutte i pantaloni di tela grigia, dove era difficile trovare un ristorante passabile. L&#8217;ho lasciata con diversi alberghi dalle molte stelle, con le prime minigonne, i primi milionari e con negozi dove era possibile trovare persino gli spaghetti e il prosciutto di Parma. Tutto su questo mondo ha un suo prezzo che deve essere pagato. Il Viet Nam aveva incominciato a pagare quello della sua modernizzazione e del suo maggiore benessere quando stavo per lasciarlo. L&#8217;inquinamento atmosferico, il caos del traffico, il dilagante consumismo, il crescente divario tra i nuovi ricchi e le fasce meno fortunate della popolazione spinte verso posizioni sempre pi\u00f9 marginali, sono stati i primi ratei di questo conto.<\/p>\n","protected":false},"excerpt":{"rendered":"GLI AMBASCIATORI ITALIANI SUCCEDUTISI IN VIETNAM Repubblica del Vietnam (Saigon) Francesco Vincenti Mareri, Incaricato d\u2019affari con L.C. \u2013 24 ottobre 1950 Vitale Gallina, Inviato straordinario e Ministro plenipotenziario con L.C. \u2013 27 luglio 1951 Ferruccio Stefenelli, Ambasciatore \u2013 12 dicembre 1955 Giovanni D\u2019Orlandi, Ambasciatore \u2013 17 luglio 1962 Vincenzo Tornetta, Ambasciatore \u2013 13 agosto 1967 [&hellip;]","protected":false},"author":4,"featured_media":0,"parent":4994,"menu_order":1,"comment_status":"closed","ping_status":"closed","template":"","meta":{"footnotes":""},"class_list":["post-5025","page","type-page","status-publish","hentry"],"_links":{"self":[{"href":"https:\/\/ambhanoi.esteri.it\/it\/wp-json\/wp\/v2\/pages\/5025","targetHints":{"allow":["GET"]}}],"collection":[{"href":"https:\/\/ambhanoi.esteri.it\/it\/wp-json\/wp\/v2\/pages"}],"about":[{"href":"https:\/\/ambhanoi.esteri.it\/it\/wp-json\/wp\/v2\/types\/page"}],"author":[{"embeddable":true,"href":"https:\/\/ambhanoi.esteri.it\/it\/wp-json\/wp\/v2\/users\/4"}],"replies":[{"embeddable":true,"href":"https:\/\/ambhanoi.esteri.it\/it\/wp-json\/wp\/v2\/comments?post=5025"}],"version-history":[{"count":4,"href":"https:\/\/ambhanoi.esteri.it\/it\/wp-json\/wp\/v2\/pages\/5025\/revisions"}],"predecessor-version":[{"id":5135,"href":"https:\/\/ambhanoi.esteri.it\/it\/wp-json\/wp\/v2\/pages\/5025\/revisions\/5135"}],"up":[{"embeddable":true,"href":"https:\/\/ambhanoi.esteri.it\/it\/wp-json\/wp\/v2\/pages\/4994"}],"wp:attachment":[{"href":"https:\/\/ambhanoi.esteri.it\/it\/wp-json\/wp\/v2\/media?parent=5025"}],"curies":[{"name":"wp","href":"https:\/\/api.w.org\/{rel}","templated":true}]}}