{"id":49,"date":"2023-04-11T18:13:11","date_gmt":"2023-04-11T16:13:11","guid":{"rendered":"https:\/\/ambasciatapraga.esteri.it\/?page_id=49"},"modified":"2025-07-03T16:27:39","modified_gmt":"2025-07-03T09:27:39","slug":"passaporti-e-carte-didentita","status":"publish","type":"page","link":"https:\/\/ambhanoi.esteri.it\/it\/servizi-consolari-e-visti\/servizi-per-il-cittadino-italiano\/passaporti-e-carte-didentita\/","title":{"rendered":"Passaporti e Carte d\u2019identit\u00e0"},"content":{"rendered":"<p style=\"text-align: justify;\"><strong>Informazioni utili per il rilascio del passaporto.<\/strong><\/p>\n<p style=\"text-align: justify;\">Si informano i connazionali, genitori di figli minori, che<strong> a partire dal 14 giugno 2023 non \u00e8 pi\u00f9 necessario presentare l\u2019atto di assenso dell\u2019altro genitore ai fini del rilascio del proprio passaporto<\/strong>, ai sensi del Decreto Legge 69\/2023.<\/p>\n<p style=\"text-align: justify;\">Invece,<strong> ai fini del rilascio del passaporto per i minori resta l\u2019obbligo dell\u2019assenso firmato da entrambi i genitori o da chi esercita la responsabilit\u00e0 genitoriale.<\/strong><\/p>\n<p style=\"text-align: justify;\"><strong>\u00c8 possibile richiedere il rilascio del passaporto solo tramite appuntamento inviando una mail a <a href=\"mailto:consolare.hanoi@esteri.it\">consolare.hanoi@esteri.it<\/a> \u00a0<\/strong><\/p>\n<p style=\"text-align: justify;\"><strong>NON \u00e8 possibile richiedere il passaporto presentandosi allo sportello, senza appuntamento.<\/strong><\/p>\n<p><span style=\"text-decoration: underline;\"><strong>PASSAPORTO\u00a0<\/strong><\/span><\/p>\n<p style=\"text-align: justify;\">Il passaporto \u00e8 un documento di riconoscimento e di viaggio valido, salvo casi particolari, per tutto il mondo (vedasi le singole \u201cschede Paese\u201d sul sito\u00a0<a href=\"http:\/\/www.viaggiaresicuri.it\/\"><strong>www.viaggiaresicuri.it<\/strong><\/a>).<br \/>\nUn passaporto in scadenza non pu\u00f2 essere rinnovato, cio\u00e8 non pu\u00f2 esserne prolungata la validit\u00e0 temporale: occorre procedere al rilascio di un nuovo passaporto.<\/p>\n<p style=\"text-align: justify;\">Tutti i minori che viaggiano devono essere muniti di documento di viaggio individuale.<\/p>\n<p style=\"text-align: justify;\">Di norma, possono richiedere il rilascio del passaporto presso l\u2019Ambasciata d\u2019Italia ad Hanoi i cittadini italiani residenti nella circoscrizione consolare e iscritti all\u2019A.I.R.E. (Anagrafe degli Italiani Residenti all\u2019Estero); in casi eccezionali, opportunamente motivati e documentati, il passaporto pu\u00f2 essere rilasciato a cittadini italiani non residenti (dopo aver acquisito la delega da parte della Questura o Consolato competente per residenza).<br \/>\nPertanto, chi non risulta registrato nella banca dati A.I.R.E. dovr\u00e0 prima regolarizzare la propria iscrizione anagrafica tramite il portale\u00a0<a href=\"https:\/\/serviziconsolarionline.esteri.it\/ScoFE\/index.sco\"><strong>Fast It<\/strong><\/a><strong>.<\/strong><\/p>\n<p style=\"text-align: justify;\">Nel caso si sia cambiato indirizzo di residenza (rispetto a quello comunicato all\u2019Ufficio consolare), \u00e8 necessario chiedere la variazione di indirizzo tramite il portale\u00a0<a href=\"https:\/\/serviziconsolarionline.esteri.it\/ScoFE\/index.sco\">Fast It<\/a>.<\/p>\n<p style=\"text-align: justify;\"><strong>La documentazione necessaria da presentare il giorno dell\u2019appuntamento e&#8217; la seguente:<\/strong><\/p>\n<ol>\n<li style=\"text-align: justify;\"><strong>il passaporto precedente <\/strong>o, se non si \u00e8 titolari di passaporto, altro documento di riconoscimento del richiedente;<\/li>\n<li style=\"text-align: justify;\"><strong>contanti per effettuare il pagamento <\/strong>del passaporto;<\/li>\n<li style=\"text-align: justify;\"><strong>nel caso in cui si richieda un passaporto per un figlio minore di 18 anni,<\/strong> <strong>atto di assenso <\/strong>al rilascio da parte dell\u2019altro genitore, a prescindere dallo stato civile del richiedente (celibe\/nubile, coniugato, separato o divorziato), con allegata fotocopia del documento di identit\u00e0. La firma, sull\u2019atto di assenso, del genitore non cittadino dell\u2019Unione Europea va autenticata presso l\u2019Ufficio consolare al momento dell\u2019appuntamento oppure, insieme alla foto, anche presso un notaio vietnamita.<\/li>\n<\/ol>\n<p style=\"text-align: justify;\">In caso di decesso di uno dei genitori, \u00e8 necessario presentare il certificato di morte dello stesso.<\/p>\n<p style=\"text-align: justify;\"><strong>Nel caso in cui il richiedente non sia pi\u00f9 in possesso del precedente passaporto in seguito a furto o smarrimento<\/strong> \u00e8 necessario portare:<br \/>\n\u2013\u00a0<strong>la denuncia<\/strong> effettuata presso le autorit\u00e0 locali.<\/p>\n<p style=\"text-align: justify;\">Si sottolinea che all\u2019appuntamento per il ritiro del passaporto elettronico \u00e8 necessaria la\u00a0<strong>presenza fisica del titolare del passaporto<\/strong>\u00a0e \u2013 nel caso dei minori \u2013 di\u00a0<strong>uno dei due genitori<\/strong>\u00a0accompagnati dal minore stesso.<\/p>\n<p style=\"text-align: justify;\">Per ulteriori informazioni ed approfondimenti, si suggerisce di cliccare al seguente link:\u00a0<a href=\"https:\/\/www.esteri.it\/it\/servizi-consolari-e-visti\/italiani-all-estero\/documenti_di_viaggio\/passaporto\/\"><strong>Informazioni generali sul sito del Ministero degli Affari Esteri e della Cooperazione Internazionale<\/strong><\/a><\/p>\n<p style=\"text-align: justify;\"><strong>Informazioni per il rilascio del documento di viaggio di emergenza ETD &#8211; Emergency Travel Document<\/strong><\/p>\n<p style=\"text-align: justify;\">I connazionali che abbiano smarrito o subito il furto del proprio passaporto ed abbiano urgenza di partire, devono recarsi 3-4 giorni prima della partenza, all&#8217;Ufficio Consolare, nei giorni di apertura al pubblico, per il rilascio di un ETD valido per il solo rientro in Italia, oppure nel Paese di stabile residenza (nel qual caso e&#8217; necessario esibire appropriato documento che lo dimostri), muniti di:<\/p>\n<ul style=\"text-align: justify;\">\n<li>2 foto tessera a colori, con il viso in primo piano e lo sfondo bianco, di dimensioni 4-4,5 cm di altezza e 3,2-3,5 cm di larghezza;<br \/>\n\u2022 denuncia rilasciata dalle locali Autorit\u00e0 di Polizia;<br \/>\n\u2022 biglietto\/e-ticket aereo di rientro in Italia o nel Paese di residenza;<br \/>\n\u2022 fotocopia del passaporto o di altro documenti di riconoscimento, se in possesso;<br \/>\n\u2022 l\u2019equivalente in VND di Euro 1,34 (circa 50.000 VND variabile secondo il cambio trimestrale Euro\/VND).<\/li>\n<\/ul>\n<p style=\"text-align: justify;\">Verr\u00e0 rilasciato l\u2019ETD che permetter\u00e0 il rientro in Italia o nel Paese di residenza, con il quale per\u00f2 \u00e8 necessario recarsi all\u2019Ufficio Immigrazione vietnamita ad Hanoi o Ho Chi Minh City, con Nota Verbale dell\u2019Ufficio Consolare, che effettuer\u00e0 i previsti controlli sull&#8217;effettiva permanenza in Vietnam ed emetter\u00e0 il relativo visto di uscita anche sull&#8217;ETD.<\/p>\n<p style=\"text-align: justify;\"><strong>Furto o smarrimento del passaporto (residenti all\u2019estero)<\/strong><\/p>\n<p style=\"text-align: justify;\">A seguito del furto o dello smarrimento \u00e8 necessario che venga presentata la denuncia presso la locale competente Autorit\u00e0 di Polizia e presso l\u2019Ufficio Consolare e poi presentare la richiesta di un nuovo documento seguendo le modalit\u00e0 sopra indicate.<\/p>\n<p style=\"text-align: justify;\"><strong>Rilascio di nuovo passaporto (avvertenze)<\/strong><\/p>\n<p style=\"text-align: justify;\">Si ricorda altres\u00ec a tutti i connazionali di richiedere alle competenti autorit\u00e0 vietnamite per l\u2019immigrazione il trasferimento del visto vietnamita sul nuovo passaporto a seguito del rilascio<\/p>\n<p style=\"text-align: justify;\"><strong>Altre informazioni generali<\/strong><\/p>\n<ul style=\"text-align: justify;\">\n<li><a href=\"https:\/\/ambhanoi.esteri.it\/wp-content\/uploads\/2023\/11\/informativa_minori_non_accompagnati.doc\">INFORMATIVA SUI VIAGGI DI MINORI NON ACCOMPAGNATI <\/a>\u00a0 e \u00a0 <a href=\"https:\/\/ambhanoi.esteri.it\/wp-content\/uploads\/2023\/11\/dichiarazione_accompagnamento_12.03.doc\">MODELLO DICHIARAZIONE DI ACCOMPAGNAMENTO<\/a><\/li>\n<\/ul>\n<p style=\"text-align: justify;\"><span style=\"text-decoration: underline;\"><strong>CARTA D\u2019IDENTIT\u00c0 ELETTRONICA <\/strong><\/span><\/p>\n<p style=\"text-align: justify;\"><strong>I connazionali iscritti all\u2019AIRE nella circoscrizione consolare di Hanoi possono richiedere il rilascio della Carta d\u2019identit\u00e0 elettronica<\/strong>. Dopo l\u2019acquisizione dei dati biometrici presso l\u2019ufficio consolare, la tessera viene spedita per posta all\u2019Ambasciata.<\/p>\n<ol style=\"text-align: justify;\">\n<li><strong>Che cos\u2019\u00e8 la carta d\u2019identit\u00e0 elettronica?<\/strong><br \/>\nLa carta d\u2019identit\u00e0 elettronica (CIE) \u00e8 un documento personale di riconoscimento valido per identificarsi e circolare nell\u2019Unione Europea, negli Stati aderenti all\u2019accordo di Schengen e in altri Stati con cui sono stati raggiunti accordi bilaterali (vedasi le singole \u201cschede Paese\u201d sul sito <a href=\"http:\/\/www.viaggiaresicuri.it\/\">www.viaggiaresicuri.it<\/a>).<br \/>\nRispetto alla versione cartacea, la CIE riporta anche il codice fiscale e attraverso un microchip e un codice PIN permette l\u2019accesso ai servizi digitali della Pubblica Amministrazione e ai servizi privati che aderiscono al servizio, proprio come lo SPID. Attraverso l\u2019app CieSign, \u00e8 possibile firmare elettronicamente documenti.<\/li>\n<li><strong>A chi pu\u00f2 essere rilasciata la carta d\u2019identit\u00e0 elettronica?<\/strong><br \/>\n<strong>Ai cittadini italiani regolarmente residenti in questa circoscrizione consolare con iscrizione AIRE completa.<\/strong><br \/>\n<strong>Nel caso si sia cambiato l\u2019indirizzo di residenza<\/strong> (rispetto a quello comunicato in precedenza all\u2019Ufficio consolare), \u00e8 necessario chiedere la variazione di indirizzo tramite il portale Fast It prima di procedere alla prenotazione dell\u2019appuntamento.<\/li>\n<li><strong>Quando si pu\u00f2 richiedere?<\/strong><br \/>\n\u2022 In assenza o in sostituzione di una carta di identit\u00e0 cartacea valida;<br \/>\n\u2022 in caso di furto, smarrimento o deterioramento della carta precedente<br \/>\n\u2022 in caso di scadenza di precedente CIE.<\/li>\n<li><strong>Come si richiede la carta d\u2019identit\u00e0 elettronica?<\/strong><br \/>\nLa richiesta della carta d\u2019identit\u00e0 elettronica deve essere effettuata presso la Cancelleria consolare, previa prenotazione dell\u2019appuntamento via mail all\u2019indirizzo <a href=\"mailto:consolare.hanoi@esteri.it\">consolare.hanoi@esteri.it<\/a> , indicando i dati anagrafici (compreso codice fiacale) e di residenza del richiedente.<br \/>\n<strong>\u00c8 possibile chiedere l\u2019appuntamento per i miei figli minori?<\/strong><br \/>\nS\u00ec.<\/li>\n<li><strong>Qual \u00e8 la documentazione necessaria da portare con s\u00e9 al momento dell\u2019appuntamento per richiedere la carta d\u2019identit\u00e0 elettronica?<\/strong><br \/>\n1. Una fotografia formato tessera recente conforme agli standard internazionali ICAO;<br \/>\n2. Carta di identit\u00e0 precedente. In mancanza di questa, un documento di riconoscimento (anche se scaduto);<br \/>\n3. Dichiarazione di smarrimento\/furto della carta precedente, se del caso;<br \/>\n4. Atto di assenso di entrambi genitori nel caso in cui il richiedente sia un minore di 18 anni (v. punto 10).<\/li>\n<li><strong>Come si riceve la carta d\u2019identit\u00e0 elettronica?<\/strong><br \/>\nLa CIE \u00e8 emessa dal Ministero dell\u2019Interno e prodotta dall\u2019Istituto Poligrafico e Zecca dello Stato, che la spedisce, a mezzo posta raccomandata, all\u2019indirizzo dell\u2019Ambasciata. Il connazionale potr\u00e0 seguire la spedizione autonomamente online, attraverso il codice di tracciamento.<\/li>\n<li><strong>Quanto tempo vale la carta d\u2019identit\u00e0 elettronica?<\/strong><br \/>\nLa validit\u00e0 della carta d\u2019identit\u00e0 elettronica varia a seconda dell\u2019et\u00e0 del titolare ed \u00e8 di:<br \/>\n\u2013 3 anni di validit\u00e0 per i minori di et\u00e0 compresa tra 0 e 3 anni;<br \/>\n\u2013 5 anni di validit\u00e0 per i minori di et\u00e0 compresa tra 4 e 17 anni;<br \/>\n\u2013 10 anni di validit\u00e0 per maggiorenni.<\/li>\n<li><strong>Quanto costa la carta d\u2019identit\u00e0 elettronica?<\/strong><br \/>\n<strong>I costi di emissione e di spedizione della CIE ammontano a: <\/strong><br \/>\n<strong>\u2022 euro 21,95 per il rilascio di una nuova tessera (prima emissione);<\/strong><br \/>\n<strong>\u2022 euro 27,11 per il rilascio di un duplicato.<\/strong><\/li>\n<li><strong>Cos\u2019\u00e8 l\u2019atto di assenso?<\/strong><br \/>\nL\u2019assenso per il rilascio della carta di identit\u00e0 per minorenni \u00e8 necessario anche in caso di genitori non sposati, separati o divorziati. <strong>Se l\u2019altro genitore \u00e8 un cittadino dell\u2019UE<\/strong>, non \u00e8 necessaria la presenza in Consolato dello stesso. Sar\u00e0 sufficiente il <a href=\"https:\/\/ambhanoi.esteri.it\/wp-content\/uploads\/2024\/06\/Atto-di-assenso-al-rilascio-del-passaporto-carta-didentita-a-minore.doc\"><u>modulo di assenso<\/u><\/a> compilato e firmato insieme a una fotocopia del passaporto o carta d\u2019identit\u00e0 di chi concede l\u2019assenso, per il confronto delle firme.<br \/>\nSe il genitore che concede l\u2019assenso non un cittadino dell\u2019UE, deve firmare la dichiarazione di assenso in una delle seguenti modalit\u00e0:<br \/>\n\u2022 presso la Cancelleria consolare il giorno dell\u2019appuntamento, munito di documento di identit\u00e0.<br \/>\n<strong>In caso di decesso di uno dei genitori<\/strong> occorre presentare una copia del certificato di morte.<br \/>\nNel caso in cui non fosse possibile ottenere l\u2019assenso dell\u2019altro genitore, sar\u00e0 necessario chiedere l\u2019emissione di un Decreto del Giudice Tutelare.<\/li>\n<li><strong>Devo chiedere una nuova carta se cambio indirizzo?<\/strong><br \/>\nNo. La carta d\u2019identit\u00e0 \u00e8 un documento di identit\u00e0 e non di residenza.<\/li>\n<li><strong>\u00c8 possibile per le donne sposate inserire il cognome del marito?<\/strong><br \/>\nNo. La carta d\u2019identit\u00e0 \u00e8 un documento di identit\u00e0 e non di stato civile.<\/li>\n<\/ol>\n<p style=\"text-align: justify;\"><strong>Posso richiedere la carta di identit\u00e0 presso il mio Comune in Italia, anche se residente all\u2019estero?<\/strong><\/p>\n<p style=\"text-align: justify;\">Per il momento \u00e8 possibile richiedere, in casi di urgenza, solo la versione cartacea della carta. Si suggerisce di verificare con il Comune competente.<\/p>\n<p style=\"text-align: justify;\">\n","protected":false},"excerpt":{"rendered":"Informazioni utili per il rilascio del passaporto. Si informano i connazionali, genitori di figli minori, che a partire dal 14 giugno 2023 non \u00e8 pi\u00f9 necessario presentare l\u2019atto di assenso dell\u2019altro genitore ai fini del rilascio del proprio passaporto, ai sensi del Decreto Legge 69\/2023. Invece, ai fini del rilascio del passaporto per i minori [&hellip;]","protected":false},"author":1,"featured_media":0,"parent":47,"menu_order":6,"comment_status":"closed","ping_status":"closed","template":"","meta":{"footnotes":""},"class_list":["post-49","page","type-page","status-publish","hentry"],"_links":{"self":[{"href":"https:\/\/ambhanoi.esteri.it\/it\/wp-json\/wp\/v2\/pages\/49","targetHints":{"allow":["GET"]}}],"collection":[{"href":"https:\/\/ambhanoi.esteri.it\/it\/wp-json\/wp\/v2\/pages"}],"about":[{"href":"https:\/\/ambhanoi.esteri.it\/it\/wp-json\/wp\/v2\/types\/page"}],"author":[{"embeddable":true,"href":"https:\/\/ambhanoi.esteri.it\/it\/wp-json\/wp\/v2\/users\/1"}],"replies":[{"embeddable":true,"href":"https:\/\/ambhanoi.esteri.it\/it\/wp-json\/wp\/v2\/comments?post=49"}],"version-history":[{"count":8,"href":"https:\/\/ambhanoi.esteri.it\/it\/wp-json\/wp\/v2\/pages\/49\/revisions"}],"predecessor-version":[{"id":8112,"href":"https:\/\/ambhanoi.esteri.it\/it\/wp-json\/wp\/v2\/pages\/49\/revisions\/8112"}],"up":[{"embeddable":true,"href":"https:\/\/ambhanoi.esteri.it\/it\/wp-json\/wp\/v2\/pages\/47"}],"wp:attachment":[{"href":"https:\/\/ambhanoi.esteri.it\/it\/wp-json\/wp\/v2\/media?parent=49"}],"curies":[{"name":"wp","href":"https:\/\/api.w.org\/{rel}","templated":true}]}}