{"id":46,"date":"2023-04-11T18:11:52","date_gmt":"2023-04-11T16:11:52","guid":{"rendered":"https:\/\/ambasciatapraga.esteri.it\/?page_id=46"},"modified":"2023-10-17T14:39:40","modified_gmt":"2023-10-17T07:39:40","slug":"cooperazione-allo-sviluppo","status":"publish","type":"page","link":"https:\/\/ambhanoi.esteri.it\/it\/italia-e-vietnam\/cooperazione-allo-sviluppo\/","title":{"rendered":"Cooperazione allo sviluppo"},"content":{"rendered":"<p>Negli ultimi decenni il Vietnam ha compiuto notevoli passi in avanti in termini di sviluppo, raggiungendo il grado di Paese a Medio Reddito (MIC) e mostrando un\u2019ottima efficacia nella realizzazione degli Obiettivi del Millennio. Il Paese affronta ora la sfida di rendere la sua crescita stabile, egualitaria e sostenibile, soprattutto a fronte di problematiche legate alla pandemia, alla\u00a0Trappola del Medio Reddito e alle emergenze ambientali connesse allo sfruttamento non sostenibile delle risorse e al cambiamento climatico.<\/p>\n<p>La cooperazione italiana allo sviluppo \u00e8 presente in Vietnam sin dal 1990, data di firma del primo Accordo Tecnico Finanziario di Cooperazione tra i due Paesi. Oggi l\u2019Italia continua a sostenere il Vietnam nelle sue nuove sfide di sviluppo ed \u00e8 attiva nel Paese con un programma di cooperazione composto da\u00a08 iniziative in corso e\u00a02 iniziative in formulazione, per un ammontare complessivo superiore a 117 milioni di Euro.<\/p>\n<p>Con il ruolo di assistere e monitorare tutte le iniziative finanziate dall\u2019Italia in Vietnam \u00e8 presente sin dal 1998 a Hanoi un ufficio dedicato, che dal 2007 \u00e8 competente per le attivit\u00e0 di cooperazione anche in Cambogia e Laos. Da gennaio 2016 &#8211; a seguito della riforma della cooperazione italiana (L. 125\/2014) &#8211; l\u2019ufficio di Hanoi \u00e8 diventato Sede Estera dell\u2019Agenzia Italiana per la Cooperazione allo Sviluppo (AICS), acquisendo autonomia finanziaria e amministrativa dall\u2019Ambasciata d\u2019Italia a Hanoi. Dal\u00a0giugno 2022,\u00a0la\u00a0Sede AICS\u00a0di Hanoi ha\u00a0valenza regionale per l\u2019area estremo-orientale.<\/p>\n<p>Per maggiori informazioni:\u00a0<a href=\"http:\/\/hanoi.aics.gov.it\/\">http:\/\/hanoi.aics.gov.it\/<\/a><\/p>\n","protected":false},"excerpt":{"rendered":"Negli ultimi decenni il Vietnam ha compiuto notevoli passi in avanti in termini di sviluppo, raggiungendo il grado di Paese a Medio Reddito (MIC) e mostrando un\u2019ottima efficacia nella realizzazione degli Obiettivi del Millennio. Il Paese affronta ora la sfida di rendere la sua crescita stabile, egualitaria e sostenibile, soprattutto a fronte di problematiche legate [&hellip;]","protected":false},"author":1,"featured_media":0,"parent":14,"menu_order":6,"comment_status":"closed","ping_status":"closed","template":"","meta":{"footnotes":""},"class_list":["post-46","page","type-page","status-publish","hentry"],"_links":{"self":[{"href":"https:\/\/ambhanoi.esteri.it\/it\/wp-json\/wp\/v2\/pages\/46","targetHints":{"allow":["GET"]}}],"collection":[{"href":"https:\/\/ambhanoi.esteri.it\/it\/wp-json\/wp\/v2\/pages"}],"about":[{"href":"https:\/\/ambhanoi.esteri.it\/it\/wp-json\/wp\/v2\/types\/page"}],"author":[{"embeddable":true,"href":"https:\/\/ambhanoi.esteri.it\/it\/wp-json\/wp\/v2\/users\/1"}],"replies":[{"embeddable":true,"href":"https:\/\/ambhanoi.esteri.it\/it\/wp-json\/wp\/v2\/comments?post=46"}],"version-history":[{"count":2,"href":"https:\/\/ambhanoi.esteri.it\/it\/wp-json\/wp\/v2\/pages\/46\/revisions"}],"predecessor-version":[{"id":520,"href":"https:\/\/ambhanoi.esteri.it\/it\/wp-json\/wp\/v2\/pages\/46\/revisions\/520"}],"up":[{"embeddable":true,"href":"https:\/\/ambhanoi.esteri.it\/it\/wp-json\/wp\/v2\/pages\/14"}],"wp:attachment":[{"href":"https:\/\/ambhanoi.esteri.it\/it\/wp-json\/wp\/v2\/media?parent=46"}],"curies":[{"name":"wp","href":"https:\/\/api.w.org\/{rel}","templated":true}]}}