{"id":44,"date":"2023-04-11T18:10:45","date_gmt":"2023-04-11T16:10:45","guid":{"rendered":"https:\/\/ambasciatapraga.esteri.it\/?page_id=44"},"modified":"2023-10-18T09:51:19","modified_gmt":"2023-10-18T02:51:19","slug":"diplomazia-culturale","status":"publish","type":"page","link":"https:\/\/ambhanoi.esteri.it\/it\/italia-e-vietnam\/diplomazia-culturale\/","title":{"rendered":"Diplomazia culturale"},"content":{"rendered":"<p>La cooperazione culturale rappresenta uno dei pilastri su cui si fonda l&#8217;azione italiana in Vietnam e si pone l&#8217;obiettivo di rispondere alla domanda di cultura italiana che si registra in questo Paese.<\/p>\n<p>Eventi culturali incentrati sulle eccellenze italiane in campo artistico, architettonico, letterario, musicale, eno-gastronomico, della moda e molto altro consentono di far conoscere meglio al pubblico vietnamita quali sono i punti di forza della cultura italiana.<\/p>\n<p>Inoltre, attraverso lo studio della lingua italiana e&#8217; possibile edificare un ponte indistruttibile fra i giovani dei due Paesi. Grazie a questo ponte e&#8217; possibile una condivisione di esperienze, conoscenze, valori e identita&#8217; che avvicina davvero Italia e Vietnam.<\/p>\n<p>L&#8217;Ambasciata e&#8217; fortemente impegnata nel sostenere le attivita&#8217; delle istituzioni scolastiche e accademiche vietnamite ove e&#8217; insegnata la nostra lingua e nell&#8217;incoraggiare la partenza di studenti vietnamiti per l&#8217;Italia al fine di ampliare le proprie competenze beneficiando della vasta offerta delle universita&#8217; italiane.<\/p>\n<p>Le opportunit\u00e0 per studenti vietnamiti di intraprendere il proprio percorso universitario in Italia sono in continuo aumento: borse di studio messe a disposizione da molte Universit\u00e0 e dal MAECI stesso,\u00a0contributi finanziari specifici e molto altro. Alcune universit\u00e0 italiane organizzano corsi di lingua vietnamita e prevedono scambi di studenti. L&#8217;obiettivo \u00e8 quello di favorire livelli di cooperazione tali da consentire mobilit\u00e0 di studenti e\u00a0ricercatori e stimolare progetti di ricerca congiunta.<\/p>\n<p>Nelle sottosezioni a destra e&#8217; possibile scoprire alcuni dettagli in piu&#8217; sulla politica di cooperazione culturale portata avanti dall&#8217;Ambasciata.<\/p>\n<p>I nostri Uffici sono sempre a disposizione per ogni richiesta di informazioni o chiarimenti:<\/p>\n<p>tel. 0084 24\u00a038256 256; fax 0084 24\u00a038267 602<\/p>\n<p>mail\u00a0<a href=\"mailto:culturale.hanoi@esteri.it\">culturale.hanoi@esteri.it<\/a>\u00a0(eventi culturali)<\/p>\n<p>mail\u00a0<a href=\"mailto:lettore.hanoi@esteri.it\">lettore.hanoi@esteri.it<\/a>\u00a0(questioni legate all&#8217;insegnamento della lingua italiana)<\/p>\n<p>&nbsp;<\/p>\n<p><a href=\"https:\/\/www.esteri.it\/it\/diplomazia-culturale-e-diplomazia-scientifica\/cultura\/\"><img loading=\"lazy\" decoding=\"async\" class=\"alignnone wp-image-666 img-fluid\" src=\"https:\/\/ambhanoi.esteri.it\/wp-content\/uploads\/2023\/10\/Farnesina-logo28129-300x98.png\" alt=\"\" width=\"251\" height=\"82\" srcset=\"https:\/\/ambhanoi.esteri.it\/wp-content\/uploads\/2023\/10\/Farnesina-logo28129-300x98.png 300w, https:\/\/ambhanoi.esteri.it\/wp-content\/uploads\/2023\/10\/Farnesina-logo28129.png 765w\" sizes=\"auto, (max-width: 251px) 100vw, 251px\" \/><\/a><\/p>\n<p><a href=\"https:\/\/www.beniculturali.it\"><img loading=\"lazy\" decoding=\"async\" class=\"alignnone wp-image-661 img-fluid\" src=\"https:\/\/ambhanoi.esteri.it\/wp-content\/uploads\/2023\/10\/logomibact-300x116.jpg\" alt=\"\" width=\"186\" height=\"72\" srcset=\"https:\/\/ambhanoi.esteri.it\/wp-content\/uploads\/2023\/10\/logomibact-300x116.jpg 300w, https:\/\/ambhanoi.esteri.it\/wp-content\/uploads\/2023\/10\/logomibact.jpg 335w\" sizes=\"auto, (max-width: 186px) 100vw, 186px\" \/><\/a><\/p>\n<p><a href=\"https:\/\/italiana.esteri.it\/italiana\/\"><img loading=\"lazy\" decoding=\"async\" class=\"alignnone wp-image-663 img-fluid\" src=\"https:\/\/ambhanoi.esteri.it\/wp-content\/uploads\/2023\/10\/italiana_imm.jpg\" alt=\"\" width=\"156\" height=\"117\" \/><\/a><\/p>\n<p><a href=\"https:\/\/www.newitalianbooks.it\/it\/home\/\"><img loading=\"lazy\" decoding=\"async\" class=\"alignnone  wp-image-664 img-fluid\" src=\"https:\/\/ambhanoi.esteri.it\/wp-content\/uploads\/2023\/10\/nib.jpg\" alt=\"\" width=\"134\" height=\"97\" \/><\/a><\/p>\n","protected":false},"excerpt":{"rendered":"La cooperazione culturale rappresenta uno dei pilastri su cui si fonda l&#8217;azione italiana in Vietnam e si pone l&#8217;obiettivo di rispondere alla domanda di cultura italiana che si registra in questo Paese. Eventi culturali incentrati sulle eccellenze italiane in campo artistico, architettonico, letterario, musicale, eno-gastronomico, della moda e molto altro consentono di far conoscere meglio [&hellip;]","protected":false},"author":1,"featured_media":0,"parent":14,"menu_order":2,"comment_status":"closed","ping_status":"closed","template":"","meta":{"footnotes":""},"class_list":["post-44","page","type-page","status-publish","hentry"],"_links":{"self":[{"href":"https:\/\/ambhanoi.esteri.it\/it\/wp-json\/wp\/v2\/pages\/44","targetHints":{"allow":["GET"]}}],"collection":[{"href":"https:\/\/ambhanoi.esteri.it\/it\/wp-json\/wp\/v2\/pages"}],"about":[{"href":"https:\/\/ambhanoi.esteri.it\/it\/wp-json\/wp\/v2\/types\/page"}],"author":[{"embeddable":true,"href":"https:\/\/ambhanoi.esteri.it\/it\/wp-json\/wp\/v2\/users\/1"}],"replies":[{"embeddable":true,"href":"https:\/\/ambhanoi.esteri.it\/it\/wp-json\/wp\/v2\/comments?post=44"}],"version-history":[{"count":6,"href":"https:\/\/ambhanoi.esteri.it\/it\/wp-json\/wp\/v2\/pages\/44\/revisions"}],"predecessor-version":[{"id":671,"href":"https:\/\/ambhanoi.esteri.it\/it\/wp-json\/wp\/v2\/pages\/44\/revisions\/671"}],"up":[{"embeddable":true,"href":"https:\/\/ambhanoi.esteri.it\/it\/wp-json\/wp\/v2\/pages\/14"}],"wp:attachment":[{"href":"https:\/\/ambhanoi.esteri.it\/it\/wp-json\/wp\/v2\/media?parent=44"}],"curies":[{"name":"wp","href":"https:\/\/api.w.org\/{rel}","templated":true}]}}