{"id":40,"date":"2023-04-11T18:01:19","date_gmt":"2023-04-11T16:01:19","guid":{"rendered":"https:\/\/ambasciatapraga.esteri.it\/?page_id=40"},"modified":"2026-01-29T09:55:26","modified_gmt":"2026-01-29T02:55:26","slug":"gli-uffici","status":"publish","type":"page","link":"https:\/\/ambhanoi.esteri.it\/it\/chi-siamo\/gli-uffici\/","title":{"rendered":"Gli Uffici"},"content":{"rendered":"<div class=\"entry-content\">\n<p><strong>Centralino<\/strong>: <span class=\"baec5a81-e4d6-4674-97f3-e9220f0136c1\">+84 24 38256256<br \/>\n<\/span><strong>Fax:<\/strong> <span class=\"baec5a81-e4d6-4674-97f3-e9220f0136c1\">+84 24 38267602<\/span><strong><br \/>\nE-mail:<\/strong> vedasi in basso per i singoli uffici. Per questioni di carattere generale: <a href=\"mailto:ambasciata.hanoi@esteri.it\">ambasciata.hanoi@esteri.it<\/a><br \/>\n<strong>PEC (Posta Elettronica Certificata):<\/strong> <a href=\"mailto:amb.hanoi@cert.esteri.it\">amb.hanoi@cert.esteri.it<\/a> (indirizzo abilitato esclusivamente alla ricezione di Posta Elettronica Certificata)<\/p>\n<p>*****************************************************<\/p>\n<p><strong>Cellulare di<\/strong> <strong>EMERGENZA<\/strong>: <span class=\"baec5a81-e4d6-4674-97f3-e9220f0136c1\">+84 (0) 90 3430950<\/span> (da contattare esclusivamente in caso di emergenze durante gli orari di chiusura degli Uffici dell\u2019Ambasciata, inclusi sabato, domenica e giorni festivi)<br \/>\n<span class=\"baec5a81-e4d6-4674-97f3-e9220f0136c1\"><strong>E-mail per\u00a0EMERGENZE consolari:<\/strong> <a href=\"mailto:consolare.hanoi@esteri.it\">consolare.hanoi@esteri.it<\/a> <\/span><\/p>\n<p>*****************************************************<\/p>\n<p><strong>Ufficio Ambasciatore tel <span class=\"baec5a81-e4d6-4674-97f3-e9220f0136c1\">+84 24 38256256<\/span> ext. 104<br \/>\n<\/strong>BUI Thi Phuong Nga (Impiegata a contratto)<br \/>\ne-mail: <a href=\"mailto:segreteria1.hanoi@esteri.it\">segreteria1.hanoi@esteri.it<\/a><\/p>\n<p>&nbsp;<\/p>\n<p><strong>Sezione Politica, Culturale e Stampa<br \/>\n<\/strong>Segr. Leg. Mattia FARRIS (Capo della Sezione Politica, Culturale e Stampa)<br \/>\ntel <span class=\"baec5a81-e4d6-4674-97f3-e9220f0136c1\">+84 24 38256256<\/span> ext. 104 (Sezione Politica); ext. 116 (Sezione Culturale e Stampa)<br \/>\ne-mail: <a href=\"mailto:culturale.hanoi@esteri.it\">culturale.hanoi@esteri.it<\/a><\/p>\n<p>NGUYEN Quynh Lien (Impiegata a contratto)<br \/>\ntel <span class=\"baec5a81-e4d6-4674-97f3-e9220f0136c1\">+84 24 38256256<\/span> ext. 116<br \/>\ne-mail: <a href=\"mailto:culturale.hanoi@esteri.it\">culturale.hanoi@esteri.it<\/a><\/p>\n<p>&nbsp;<\/p>\n<p><strong>Sezione<\/strong> <strong>Economica e Commerciale \u2013 tel. <span class=\"baec5a81-e4d6-4674-97f3-e9220f0136c1\">+84 24 38256256<\/span> ext. 117\/131<\/strong><\/p>\n<p>Segr. Leg. Marco SARACCO (Capo della Sezione Economica e Commerciale)<br \/>\ne-mail: <a href=\"mailto:commerciale2.hanoi@esteri.it\">commerciale.hanoi@esteri.it<\/a><\/p>\n<p>Guglielmo CAGGIANO (Addetto Commerciale)<br \/>\ne-mail: <a href=\"mailto:commerciale.hanoi@esteri.it\">commerciale.hanoi@esteri.it<\/a><\/p>\n<p>NGUYEN Thi Thu Giang (Impiegata a contratto)<br \/>\ne-mail: <a href=\"mailto:commerciale2.hanoi@esteri.it\">commerciale.hanoi@esteri.it<\/a><br \/>\nPer richieste di assistenza alla Sezione Economico-Commerciale clicca <a href=\"https:\/\/nexus.esteri.it\/?sede=776\">qui<\/a>.<\/p>\n<p>&nbsp;<\/p>\n<p><strong>Sezione Consolare e Visti tel <span class=\"baec5a81-e4d6-4674-97f3-e9220f0136c1\">+84 24 38256256<\/span> ext. 120\/115<\/strong><\/p>\n<p>Simona BASTONI (Addetta Consolare)<br \/>\ne-mail: <a href=\"mailto:consolare.hanoi@esteri.it\">consolare.hanoi@esteri.it<\/a> \/ <a href=\"mailto:visti.hanoi@esteri.it\">visti.hanoi@esteri.it<\/a><\/p>\n<p>Emiliano MENCUCCI (Addetto Consolare)<br \/>\ne-mail: <a href=\"mailto:consolare.hanoi@esteri.it\">consolare.hanoi@esteri.it<\/a> \/ <a href=\"mailto:visti.hanoi@esteri.it\">visti.hanoi@esteri.it<\/a><\/p>\n<p>NGUYEN Thanh Huong (Impiegata a Contratto)<br \/>\ne-mail:<a href=\"mailto:consolare1.hanoi@esteri.it\">consolare1.hanoi@esteri.it<\/a>\u00a0\/ <a href=\"mailto:visti.hanoi@esteri.it\">visti.hanoi@esteri.it<\/a><\/p>\n<p>NGUYEN Thi Mai Hoa (Impiegata a contratto)<br \/>\ne-mail <a href=\"mailto:consolare1.hanoi@esteri.it\">consolare1.hanoi@esteri.it<\/a> \/ <a href=\"mailto:visti.hanoi@esteri.it\">visti.hanoi@esteri.it<\/a><\/p>\n<p><em>Orario di apertura al pubblico Sezione Consolare:<\/em><\/p>\n<p style=\"text-align: justify;\"><strong>NB:<\/strong> <strong>Gli sportelli sono aperti solo su appuntamento, tranne che per le certificazioni di esistenza in vita e i servizi elettorali.<\/strong><\/p>\n<p style=\"text-align: justify;\"><strong>E\u2019 necessario richiedere un appuntamento via email all\u2019indirizzo <a href=\"mailto:consolare.hanoi@esteri.it\">consolare.hanoi@esteri.it<\/a> con almeno 1 settimana di anticipo.<\/strong><\/p>\n<p><em><br \/>\n<\/em>Luned\u00ec, Marted\u00ec, Gioved\u00ec e Venerd\u00ec: dalle 09.30 alle 12.30<br \/>\nMercoled\u00ec: dalle 14:00 alle 16:00<\/p>\n<p><em>Orario di apertura al pubblico Sezione visti:<\/em><\/p>\n<p><strong>NB:<\/strong> <strong>Gli sportelli sono aperti solo su appuntamento.<\/strong><\/p>\n<p><strong>E\u2019 necessario richiedere un appuntamento via email all\u2019indirizzo <a href=\"mailto:consolare.hanoi@esteri.it\">visti.hanoi@esteri.it<\/a> con almeno 1 settimana di anticipo.<\/strong><\/p>\n<p>Per presentare la domanda e per ritirare il visto: Marted\u00ec e Gioved\u00ec dalle 09.30 alle 12.00.<\/p>\n<p>&nbsp;<\/p>\n<p><strong>Sezione Amministrativa\u00a0 tel <span class=\"baec5a81-e4d6-4674-97f3-e9220f0136c1\">+84 24 38256256<\/span> ext. 103\/106<br \/>\n<\/strong>Nicola DI TULLIO (Cancelliere contabile)<br \/>\ne-mail: <a href=\"mailto:amministrativo.hanoi@esteri.it\">amministrativo.hanoi@esteri.it<\/a><\/p>\n<p>NGUYEN Viet Luong (Impiegato a contratto)<br \/>\ne-mail: <a href=\"mailto:amministrativo1.hanoi@esteri.it\">amministrativo.hanoi@esteri.it<\/a><\/p>\n<p>&nbsp;<\/p>\n<p><strong>Archivio e comunicazioni: tel +842438256256 ext. 118\/130<br \/>\n<\/strong>Antonio RAIMO (Responsabile informatico)<strong><br \/>\n<\/strong>email: <a href=\"mailto:Hanoi.Informatica@esteri.it\">hanoi.informatica@esteri.it<\/a><\/p>\n<p>Tatiana CAGIL (Archivio)<br \/>\ne-mail: <a href=\"mailto:archivio.hanoi@esteri.it\">archivio.hanoi@esteri.it<\/a><\/p>\n<p>&nbsp;<\/p>\n<p><strong>Sezione Scientifica: tel +84 24 38256256 ext. 108 \/ 127<\/strong><br \/>\nProf. Marco ABBIATI (Addetto Scientifico)<br \/>\ne-mail: <a href=\"mailto:hanoi.scienza@esteri.it\">hanoi.scienza@esteri.it<\/a><\/p>\n<p>Dott. Renzo MORO (Esperto Agricolo-fitosanitario)<br \/>\ne-mail: <a href=\"mailto:hanoi.agricoltura@esteri.it\">hanoi.agricoltura@esteri.it<\/a><\/p>\n<p>NGUYEN Thanh Mai (Impiegata a contratto)<br \/>\ne-mail: <a href=\"mailto:hanoi.agricoltura@esteri.it\">hanoi.agricoltura@esteri.it<\/a> \/ <a href=\"mailto:hanoi.scienza@esteri.it\">hanoi.scienza@esteri.it<\/a><\/p>\n<p>&nbsp;<\/p>\n<p><strong>Addetto alla Difesa<br \/>\n<\/strong>C.V. Luigi DEL MONACO<br \/>\n<a href=\"https:\/\/ambkualalumpur.esteri.it\/ambasciata_kualalumpur\/it\">Presso l\u2019Ambasciata d\u2019Italia in Malaysia<\/a><br \/>\n9th Floor, Wisma Sin Heap Lee \u2013 346, Jalan Tun Razak \u2013 50400 Kuala Lumpur (Malaysia)<br \/>\ntel. +60 3 21645420 \u2013 fax <span class=\"baec5a81-e4d6-4674-97f3-e9220f0136c1\">+60 3 21646802<br \/>\n<\/span>E-mail: <a href=\"mailto:difeitalia.kualalumpur@smd.difesa.it\">difeitalia.kualalumpur@smd.difesa.it<\/a><\/p>\n<p>&nbsp;<\/p>\n<p><strong>Agenzia Italiana per la Cooperazione allo Sviluppo \u2013 Sede di HANOI<br \/>\n<\/strong>LPB Tower, 20th Floor, 210 Tran Quang Khai, Hanoi<br \/>\nTel.\u00a0<span class=\"baec5a81-e4d6-4674-97f3-e9220f0136c1\">+84 (0)2473011886 (ext. 109)<br \/>\n<\/span>Email: <a href=\"mailto:hanoi@aics.gov.it\">hanoi@aics.gov.it<\/a><br \/>\nTitolare di Sede: Dott.ssa Margherita LULLI<br \/>\n<a href=\"https:\/\/hanoi.aics.gov.it\/\">https:\/\/hanoi.aics.gov.it\/<\/a><\/p>\n<p>&nbsp;<\/p>\n<p><strong>Agenzia ICE \u2013 Italian Trade Agency<br \/>\n<\/strong>Saigon Trade Center \u2013 floor 22, unit 2205 \u2013 37 Ton Duc Thang street, Ben Nghe Ward, district 1, Ho Chi Minh City<br \/>\nTel: +84 28\/38228813 \/ Fax: +84 28\/38228814<br \/>\nE-mail: <a href=\"mailto:hochiminh@ice.it\">hochiminh@ice.it<\/a><br \/>\nDirettrice: Dott.sa Ilaria PICCINNI<br \/>\n<a href=\"https:\/\/www.ice.it\/it\/mercati\/vietnam\/ho-chi-minh-city\">https:\/\/www.ice.it\/it\/mercati\/vietnam\/ho-chi-minh-city<\/a><\/p>\n<p>&nbsp;<\/p>\n<p><strong>Esperto per la Sicurezza<br \/>\n<\/strong>Dott. Giorgio BUTINI<br \/>\n<a href=\"https:\/\/ambbangkok.esteri.it\/Ambasciata_Bangkok\/en\/\">Presso l\u2019Ambasciata d\u2019Italia in Thailandia<\/a><br \/>\n14th Fl., Bubhajit Building, 20 North Sathorn Rd, Silom, Bangrak, 10500 Bangkok (Thailandia)<br \/>\nTel &amp; Fax: +66 026339396<\/p>\n<p>&nbsp;<\/p>\n<p><strong>Addetto Finanziario della Banca d\u2019Italia<br \/>\n<\/strong>Dott. Pietro GINEFRA<br \/>\n<a href=\"https:\/\/ambsingapore.esteri.it\/ambasciata_singapore\/en\">Presso l\u2019Ambasciata d\u2019Italia a Singapore<\/a><br \/>\n101 Thomson Road, #27-02 United Square, Singapore<br \/>\nTel: +65 62506022 \u2013 Fax: +65 62533301<\/p>\n<p>****************************************************<\/p>\n<\/div>\n<p><strong>CALENDARIO DELLE FESTIVITA\u2019 PER IL <span style=\"text-decoration: underline;\">2026<\/span><\/strong>:<\/p>\n<ul>\n<li>01 Gennaio: Capodanno<\/li>\n<li>16 Febbraio: Vigilia Capodanno Lunare (TET)<\/li>\n<li>17 Febbraio: TET<\/li>\n<li>18 Febbraio: TET<\/li>\n<li>26 Aprile: Festa dei Re Hung<\/li>\n<li>30 Aprile: Giorno della Vittoria<\/li>\n<li>01 Maggio: Festa del Lavoro<\/li>\n<li>02 Giugno: Festa della Repubblica Italiana<\/li>\n<li>02 Settembre: Festa Nazionale del Vietnam<\/li>\n<li>25 Dicembre: Santo Natale<\/li>\n<li>26 Dicembre: Santo Stefano<\/li>\n<\/ul>\n","protected":false},"excerpt":{"rendered":"Centralino: +84 24 38256256 Fax: +84 24 38267602 E-mail: vedasi in basso per i singoli uffici. Per questioni di carattere generale: ambasciata.hanoi@esteri.it PEC (Posta Elettronica Certificata): amb.hanoi@cert.esteri.it (indirizzo abilitato esclusivamente alla ricezione di Posta Elettronica Certificata) ***************************************************** Cellulare di EMERGENZA: +84 (0) 90 3430950 (da contattare esclusivamente in caso di emergenze durante gli orari di [&hellip;]","protected":false},"author":1,"featured_media":0,"parent":13,"menu_order":4,"comment_status":"closed","ping_status":"closed","template":"","meta":{"footnotes":""},"class_list":["post-40","page","type-page","status-publish","hentry"],"_links":{"self":[{"href":"https:\/\/ambhanoi.esteri.it\/it\/wp-json\/wp\/v2\/pages\/40","targetHints":{"allow":["GET"]}}],"collection":[{"href":"https:\/\/ambhanoi.esteri.it\/it\/wp-json\/wp\/v2\/pages"}],"about":[{"href":"https:\/\/ambhanoi.esteri.it\/it\/wp-json\/wp\/v2\/types\/page"}],"author":[{"embeddable":true,"href":"https:\/\/ambhanoi.esteri.it\/it\/wp-json\/wp\/v2\/users\/1"}],"replies":[{"embeddable":true,"href":"https:\/\/ambhanoi.esteri.it\/it\/wp-json\/wp\/v2\/comments?post=40"}],"version-history":[{"count":8,"href":"https:\/\/ambhanoi.esteri.it\/it\/wp-json\/wp\/v2\/pages\/40\/revisions"}],"predecessor-version":[{"id":9289,"href":"https:\/\/ambhanoi.esteri.it\/it\/wp-json\/wp\/v2\/pages\/40\/revisions\/9289"}],"up":[{"embeddable":true,"href":"https:\/\/ambhanoi.esteri.it\/it\/wp-json\/wp\/v2\/pages\/13"}],"wp:attachment":[{"href":"https:\/\/ambhanoi.esteri.it\/it\/wp-json\/wp\/v2\/media?parent=40"}],"curies":[{"name":"wp","href":"https:\/\/api.w.org\/{rel}","templated":true}]}}