{"id":39,"date":"2023-04-11T17:55:33","date_gmt":"2023-04-11T15:55:33","guid":{"rendered":"https:\/\/ambasciatapraga.esteri.it\/?page_id=39"},"modified":"2023-11-02T11:19:57","modified_gmt":"2023-11-02T04:19:57","slug":"la-sede","status":"publish","type":"page","link":"https:\/\/ambhanoi.esteri.it\/it\/chi-siamo\/la-sede\/","title":{"rendered":"La Sede"},"content":{"rendered":"<h3>La sede dell&#8217;Ambasciata d&#8217;Italia e della Residenza dell&#8217;Ambasciatore a Hanoi<\/h3>\n<p>&nbsp;<\/p>\n<h4><strong>L\u2019Ambasciata d&#8217;Italia a Hanoi<\/strong><\/h4>\n<p>La storia delle rappresentanze italiane in Vietnam \u00e8 legata alla complessa vicenda del Paese indocinese. Un Consolato italiano esisteva a Saigon gi\u00e0 dal 1869, quando il territorio era una colonia francese. Nella stessa citt\u00e0, nel 1950, con il riconoscimento della Repubblica del Vietnam, che l\u2019Italia considerava l\u2019unico governo legale dell\u2019intero Paese, venne inagurata una Legazione, poi Ambasciata. Sono oggi persenti a Ho Chi Minh City, che molti continuano a chiamare Saigon, un Consolato Generale ed un Ufficio dell\u2019Istituto per il Commercio Estero (ICE). L\u2019ambasciata fu chiusa con il venir meno del Vietnam del Sud nel 1975. Le relazioni diplomatiche tra Italia e Repubblica Democratica del Vietnam, poi Repubblica Socialista del Vietnam, furono stabilite il 23 marzo 1973, dopo gli accordi di pace conclusi a Parigi da Henry Kissinger e Le Duc Tho il 27 gennaio dello stesso anno. Il primo incaricato d\u2019affari fu nominato il 2 maggio 1975, a soli 2 giorni dalla caduta di Saigon. Ma non erano mancati precedenti contatti: il Presidente Fanfani aveva inviato nel 1965 il sindaco di Firenze, Giorgio La Pira, per una missione di pace che il Presidente e leader dell\u2019indipendenza, Ho Chi Minh, aveva molto apprezzato.<\/p>\n<p>Come le altre Rappresentanze diplomatiche aperte dopo gli Accordi di Parigi, la nostra dovette sistemarsi in quello che era stato il pi\u00f9 lussuoso albergo dell\u2019Indocina francese, significativamente ribattezzato \u201cThong Nhat\u201d, ossia unificazione. Del passato splendore conservava, forse, un po\u2019 di quello che le Guide Michelin definivano charme d\u00e9suet, ma non molto d\u2019altro. In un\u2019unica stanza si affollavano ai rispettivi tavoli l\u2019Ambasciatore, il Segretario d\u2019Ambasciata, il cancelliere, il radiotelegrafista, l\u2019interprete vietnamita.<\/p>\n<p>Dal 1988 gli uffici della Cancelleria sono alloggiati in una gradevole palazzina al numero 9 di Le Phung Hieu Street, di propriet\u00e0 del Ministero degli Esteri vietnamita. Restaurata, rimodernata e ampliata all\u2019inizio del 2003, essa costituisce un interessante esempio dell\u2019architettura francese dell\u2019epoca coloniale.<\/p>\n<p>&nbsp;<\/p>\n<h4>Casa Italia (ex Residenza dell&#8217;Ambasciatore d&#8217;Italia ad Hanoi)<\/h4>\n<p>La Residenza dell\u2019Ambasciatore d\u2019Italia si trovava, fino alla seconda met\u00e0 degli anni \u201880, fra i casamenti di Khu Van Phuc (nome poetico che significa \u201cle mille benedizioni\u201d, ossia un numero infinito delle medesime), che ricordano l\u2019edilizia popolare italiana degli anni Trenta. Si trattava di un insieme di due appartamenti e di due monocamere, la cui realizzazione dell\u2019apposita organizzazione statale ha richiesto uno sforzo di pazienza ed un po\u2019 delle sopracitate benedizioni. Il complesso era situato al primo piano di uno di tali edifici, vantaggio non indifferente in una citt\u00e0 sprovvista di ascensori, e che, malgrado tutto, era in grado di assolvere ai doveri di rappresentanza. Nel 1989 la sede della Residenza dell\u2019Ambasciatore \u00e8 stata spostata nella via dove e&#8217; situata ancor oggi l\u2019Ambasciata, Le Phung Hieu, dove e&#8217; rimasta fino al 2012 quando e&#8217; stata spostata nell&#8217;elegante compound Dang Thai Mai, nel quartiere di Tay Ho, sul lago occidentale. Nel 2013 l&#8217;ormai ex- residenza di via Le Phung Hieu e&#8217; stata trasformata in &#8220;Casa Italia&#8221;, un centro di diffusione della cultura, del modo di vivere italiano e dei marchi del &#8220;Made in Italy&#8221;.<\/p>\n<p><em>Adattato e aggiornato dal libro: \u201cLe Ambasciate d\u2019Italia nel mondo\u201d, volume 5, di Mariapia Fanfani, 1984.<\/em><\/p>\n","protected":false},"excerpt":{"rendered":"La sede dell&#8217;Ambasciata d&#8217;Italia e della Residenza dell&#8217;Ambasciatore a Hanoi &nbsp; L\u2019Ambasciata d&#8217;Italia a Hanoi La storia delle rappresentanze italiane in Vietnam \u00e8 legata alla complessa vicenda del Paese indocinese. Un Consolato italiano esisteva a Saigon gi\u00e0 dal 1869, quando il territorio era una colonia francese. Nella stessa citt\u00e0, nel 1950, con il riconoscimento della [&hellip;]","protected":false},"author":1,"featured_media":0,"parent":13,"menu_order":2,"comment_status":"closed","ping_status":"closed","template":"","meta":{"footnotes":""},"class_list":["post-39","page","type-page","status-publish","hentry"],"_links":{"self":[{"href":"https:\/\/ambhanoi.esteri.it\/it\/wp-json\/wp\/v2\/pages\/39","targetHints":{"allow":["GET"]}}],"collection":[{"href":"https:\/\/ambhanoi.esteri.it\/it\/wp-json\/wp\/v2\/pages"}],"about":[{"href":"https:\/\/ambhanoi.esteri.it\/it\/wp-json\/wp\/v2\/types\/page"}],"author":[{"embeddable":true,"href":"https:\/\/ambhanoi.esteri.it\/it\/wp-json\/wp\/v2\/users\/1"}],"replies":[{"embeddable":true,"href":"https:\/\/ambhanoi.esteri.it\/it\/wp-json\/wp\/v2\/comments?post=39"}],"version-history":[{"count":6,"href":"https:\/\/ambhanoi.esteri.it\/it\/wp-json\/wp\/v2\/pages\/39\/revisions"}],"predecessor-version":[{"id":799,"href":"https:\/\/ambhanoi.esteri.it\/it\/wp-json\/wp\/v2\/pages\/39\/revisions\/799"}],"up":[{"embeddable":true,"href":"https:\/\/ambhanoi.esteri.it\/it\/wp-json\/wp\/v2\/pages\/13"}],"wp:attachment":[{"href":"https:\/\/ambhanoi.esteri.it\/it\/wp-json\/wp\/v2\/media?parent=39"}],"curies":[{"name":"wp","href":"https:\/\/api.w.org\/{rel}","templated":true}]}}