{"id":15,"date":"2023-04-11T17:08:57","date_gmt":"2023-04-11T15:08:57","guid":{"rendered":"https:\/\/ambasciatapraga.esteri.it\/?page_id=15"},"modified":"2025-08-11T11:35:49","modified_gmt":"2025-08-11T04:35:49","slug":"servizi-consolari-e-visti","status":"publish","type":"page","link":"https:\/\/ambhanoi.esteri.it\/it\/servizi-consolari-e-visti\/","title":{"rendered":"Servizi Consolari e Visti"},"content":{"rendered":"<div class=\"row\">\n<div class=\"col-md-17 col-sm-12 col-xs-24 share\">\n<div class=\"moduletable\">\n<div>\n<div class=\"addthis_toolbox addthis_default_style \"><\/div>\n<\/div>\n<\/div>\n<\/div>\n<\/div>\n<div class=\"sr-only\">\n<div class=\"entry-content\">\n<p>Benvenuto nella sezione dedicata ai servizi consolari.<\/p>\n<p>I servizi consolari sono erogati secondo principi di eguaglianza, imparzialit\u00e0, efficienza e trasparenza. I Consolati assicurano a tutti i connazionali tutela in caso di violazione dei loro diritti fondamentali e di limitazione o privazione della loro libert\u00e0 personale. Inoltre assicurano assistenza per i casi di emergenza, per la ricerca di familiari, per le pratiche di successione aperte all\u2019estero e per il rimpatrio delle salme.<\/p>\n<p>Per facilitare la navigazione abbiamo suddiviso i vari servizi erogati in due sezioni, quelli per il\u00a0<strong>cittadino italiano<\/strong>\u00a0e quelli per il\u00a0<strong>cittadino straniero<\/strong>.<\/p>\n<p>Ogni voce del menu contiene le informazioni utili per richiedere i servizi specifici.<\/p>\n<p>Una voce specifica riguarda le pubblicazioni che vengono fatte sull\u2019<a href=\"https:\/\/ambhanoi.esteri.it\/it\/servizi-consolari-e-visti\/servizi-per-il-cittadino-italiano\/albo-consolare-e-altri-servizi\/\"><strong>Albo consolare<\/strong><\/a>.<\/p>\n<p><strong><em>Orario di apertura al pubblico Sezione Consolare:<\/em><\/strong><\/p>\n<p><strong>MATTINA: luned\u00ec, marted\u00ec, gioved\u00ec e venerd\u00ec dalle 09.30 alle 12.30<\/strong><br \/>\n<strong>POMERIGGIO: mercoled\u00ec dalle 14:00 alle 16:00<\/strong><\/p>\n<p><strong>NB:<\/strong> <strong>Gli sportelli sono aperti solo su appuntamento, tranne che per le certificazioni di esistenza in vita e i servizi elettorali.<\/strong><\/p>\n<p><strong>\u00c8 necessario richiedere un appuntamento via email all\u2019indirizzo <a href=\"mailto:consolare.hanoi@esteri.it\">consolare.hanoi@esteri.it<\/a> con almeno 1 settimana di anticipo.<\/strong><\/p>\n<p><strong><em>Orario di apertura al pubblico Sezione visti:<\/em><\/strong><\/p>\n<p>Per presentare la domanda e per ritirare il visto: <strong>marted\u00ec e gioved\u00ec dalle 09.30 alle 12.00.<\/strong><\/p>\n<p><strong>NB:<\/strong> <strong>Gli sportelli sono aperti solo su appuntamento.<\/strong><\/p>\n<p><strong>\u00c8 necessario richiedere un appuntamento via email all\u2019indirizzo <a href=\"mailto:consolare.hanoi@esteri.it\">visti.hanoi@esteri.it<\/a> con almeno 1 settimana di anticipo.<\/strong><\/p>\n<p><strong>Costi<\/strong><\/p>\n<\/div>\n<\/div>\n<p><a href=\"https:\/\/ambhanoi.esteri.it\/wp-content\/uploads\/2025\/05\/tariffa_consolare_aggiornata_2025.pdf\">Tariffario Consolare in Euro<\/a><\/p>\n<p><a href=\"https:\/\/ambhanoi.esteri.it\/wp-content\/uploads\/2025\/08\/ARTICOLI-TABELLA-PERC-CONSOLARE-III-Trimestre-2025.pdf\">Tariffa degli atti pi\u00f9 comunemente rilasciati \u2013 III Trimestre 2025<\/a><\/p>\n<p><a href=\"https:\/\/ambhanoi.esteri.it\/wp-content\/uploads\/2025\/08\/DECRETO-TASSO-CONSOLARE-III-TRIMESTRE-2025-firmato.pdf\">Decreto tasso di cambio consolare VND con Euro &#8211; III Trimestre 2025<\/a><\/p>\n<hr \/>\n","protected":false},"excerpt":{"rendered":"Benvenuto nella sezione dedicata ai servizi consolari. I servizi consolari sono erogati secondo principi di eguaglianza, imparzialit\u00e0, efficienza e trasparenza. I Consolati assicurano a tutti i connazionali tutela in caso di violazione dei loro diritti fondamentali e di limitazione o privazione della loro libert\u00e0 personale. Inoltre assicurano assistenza per i casi di emergenza, per la [&hellip;]","protected":false},"author":1,"featured_media":0,"parent":0,"menu_order":6,"comment_status":"closed","ping_status":"closed","template":"","meta":{"footnotes":""},"class_list":["post-15","page","type-page","status-publish","hentry"],"_links":{"self":[{"href":"https:\/\/ambhanoi.esteri.it\/it\/wp-json\/wp\/v2\/pages\/15","targetHints":{"allow":["GET"]}}],"collection":[{"href":"https:\/\/ambhanoi.esteri.it\/it\/wp-json\/wp\/v2\/pages"}],"about":[{"href":"https:\/\/ambhanoi.esteri.it\/it\/wp-json\/wp\/v2\/types\/page"}],"author":[{"embeddable":true,"href":"https:\/\/ambhanoi.esteri.it\/it\/wp-json\/wp\/v2\/users\/1"}],"replies":[{"embeddable":true,"href":"https:\/\/ambhanoi.esteri.it\/it\/wp-json\/wp\/v2\/comments?post=15"}],"version-history":[{"count":8,"href":"https:\/\/ambhanoi.esteri.it\/it\/wp-json\/wp\/v2\/pages\/15\/revisions"}],"predecessor-version":[{"id":8320,"href":"https:\/\/ambhanoi.esteri.it\/it\/wp-json\/wp\/v2\/pages\/15\/revisions\/8320"}],"wp:attachment":[{"href":"https:\/\/ambhanoi.esteri.it\/it\/wp-json\/wp\/v2\/media?parent=15"}],"curies":[{"name":"wp","href":"https:\/\/api.w.org\/{rel}","templated":true}]}}