{"id":123,"date":"2023-09-25T15:18:30","date_gmt":"2023-09-25T13:18:30","guid":{"rendered":"https:\/\/ambasciatatirana.esteri.it\/?page_id=123"},"modified":"2026-03-16T09:16:25","modified_gmt":"2026-03-16T02:16:25","slug":"contatti","status":"publish","type":"page","link":"https:\/\/ambhanoi.esteri.it\/it\/chi-siamo\/contatti\/","title":{"rendered":"Contatti"},"content":{"rendered":"<p><strong>Centralino<\/strong>: <span class=\"baec5a81-e4d6-4674-97f3-e9220f0136c1\">+84 24 38256256<a title=\"Call: +84 24 38256256\" href=\"https:\/\/ambhanoi.esteri.it\/ambasciata_hanoi\/it\/ambasciata\/gli_uffici\/gli-uffici.html#\"><img decoding=\"async\" title=\"Call: +84 24 38256256\" src=\"data:image\/png;base64,iVBORw0KGgoAAAANSUhEUgAAABAAAAAQCAYAAAAf8\/9hAAAACXBIWXMAAA7EAAAOxAGVKw4bAAAAIGNIUk0AAHolAACAgwAA+f8AAIDpAAB1MAAA6mAAADqYAAAXb5JfxUYAAAKLSURBVHjadJPfS5NhFMe\/21xvuhXRyJAZroiSrJnbRdT7vrAf5HBaK5RABmEEwQIvkpZ\/QRcWXdSFw5soKaF0F7qZeLO13mGBDpQsf5CoxVKHOt0Pctp2uvEdrzG\/V+c553w\/54HnPDIiQiGpPMETABoB2AAYd9MRAMMAvGmX+RcAyAoBVJ7gZQDtABworH4AHWmX+bOMZdkjCoXiUzabvcAwzPSsob5p\/VTNY9GcdpnxdmYZ9wJThSCtCr1e\/4XjuNPd3d1KjUZzaGbI27ysqzGQoggAsLa1A7ehArrDxfDNr0oBlQB+wmKxbJFEL968SxoamsjkHaPU9l9piUo6A0RE1DG2QCWdASrpDAzJM5kMI8XecdjVxfEl+K9dxFgsgUvvR6HyBKHyBAEATyKLeGSsENuNcqk5kUjEGm7fzcYqr0ClVODl99+YXEvl6+c1amjVe+ahiGGYaUEQKnmeh91uL43rqheixjpdmzCL11er0PcjhrTLvMfUJsyKYUSeyWQ6enp6tgCgrKxsfbP8bB8AdE1G89cOReMAgOv+Cag8QXRNRkXAsDwcDr+am5tLCYKA3t7eo2dG+1vVK\/MfpRPtA+MIReMYaKj+\/xm9MiICx3EmpVL5wefzFavValis1u1vvHMkdfykCQC0kSGUTo+Ajmnx1dSC7IGD+UUCEYGIwLKsyWazrSeTSSIiMpnNf7Ttz5+ec96fr7\/VnE0mk+QfHMzV3WjcKH\/4rEr05QGFIA6HY4llWRLPRER+v3\/HYrFMFQSIkNra2tVQKJSlfcSyLO0LECFWq3XF6XRGA4HAptTsdrsXeZ6fEHtl+31nAOA4rkUulz\/I5XL63dQGgHEAN8Ph8AYA\/BsAt4ube4GblQIAAAAASUVORK5CYII=\" alt=\"\" \/><\/a><\/span><strong><br \/>\nFax:<\/strong> <span class=\"baec5a81-e4d6-4674-97f3-e9220f0136c1\">+84 24 38267602<a title=\"Call: +84 24 38267602\" href=\"https:\/\/ambhanoi.esteri.it\/ambasciata_hanoi\/it\/ambasciata\/gli_uffici\/gli-uffici.html#\"><img decoding=\"async\" title=\"Call: +84 24 38267602\" src=\"data:image\/png;base64,iVBORw0KGgoAAAANSUhEUgAAABAAAAAQCAYAAAAf8\/9hAAAACXBIWXMAAA7EAAAOxAGVKw4bAAAAIGNIUk0AAHolAACAgwAA+f8AAIDpAAB1MAAA6mAAADqYAAAXb5JfxUYAAAKLSURBVHjadJPfS5NhFMe\/21xvuhXRyJAZroiSrJnbRdT7vrAf5HBaK5RABmEEwQIvkpZ\/QRcWXdSFw5soKaF0F7qZeLO13mGBDpQsf5CoxVKHOt0Pctp2uvEdrzG\/V+c553w\/54HnPDIiQiGpPMETABoB2AAYd9MRAMMAvGmX+RcAyAoBVJ7gZQDtABworH4AHWmX+bOMZdkjCoXiUzabvcAwzPSsob5p\/VTNY9GcdpnxdmYZ9wJThSCtCr1e\/4XjuNPd3d1KjUZzaGbI27ysqzGQoggAsLa1A7ehArrDxfDNr0oBlQB+wmKxbJFEL968SxoamsjkHaPU9l9piUo6A0RE1DG2QCWdASrpDAzJM5kMI8XecdjVxfEl+K9dxFgsgUvvR6HyBKHyBAEATyKLeGSsENuNcqk5kUjEGm7fzcYqr0ClVODl99+YXEvl6+c1amjVe+ahiGGYaUEQKnmeh91uL43rqheixjpdmzCL11er0PcjhrTLvMfUJsyKYUSeyWQ6enp6tgCgrKxsfbP8bB8AdE1G89cOReMAgOv+Cag8QXRNRkXAsDwcDr+am5tLCYKA3t7eo2dG+1vVK\/MfpRPtA+MIReMYaKj+\/xm9MiICx3EmpVL5wefzFavValis1u1vvHMkdfykCQC0kSGUTo+Ajmnx1dSC7IGD+UUCEYGIwLKsyWazrSeTSSIiMpnNf7Ttz5+ec96fr7\/VnE0mk+QfHMzV3WjcKH\/4rEr05QGFIA6HY4llWRLPRER+v3\/HYrFMFQSIkNra2tVQKJSlfcSyLO0LECFWq3XF6XRGA4HAptTsdrsXeZ6fEHtl+31nAOA4rkUulz\/I5XL63dQGgHEAN8Ph8AYA\/BsAt4ube4GblQIAAAAASUVORK5CYII=\" alt=\"\" \/><\/a><\/span><strong><br \/>\nE-mail:<\/strong> vedasi in basso per i singoli uffici. Per questioni di carattere generale: <a href=\"mailto:ambasciata.hanoi@esteri.it\">ambasciata.hanoi@esteri.it<\/a><br \/>\n<strong>PEC (Posta Elettronica Certificata):<\/strong> <a href=\"mailto:amb.hanoi@cert.esteri.it\">amb.hanoi@cert.esteri.it<\/a> (indirizzo abilitato esclusivamente alla ricezione di Posta Elettronica Certificata)<\/p>\n<p>*****************************************************<\/p>\n<p><strong>Cellulare di<\/strong> <strong>EMERGENZA<\/strong>: <span class=\"baec5a81-e4d6-4674-97f3-e9220f0136c1\">+84 (0) 90 3430950<a title=\"Call: +84 (0) 90 3430950\" href=\"https:\/\/ambhanoi.esteri.it\/ambasciata_hanoi\/it\/ambasciata\/gli_uffici\/gli-uffici.html#\"><img decoding=\"async\" title=\"Call: +84 (0) 90 3430950\" src=\"data:image\/png;base64,iVBORw0KGgoAAAANSUhEUgAAABAAAAAQCAYAAAAf8\/9hAAAACXBIWXMAAA7EAAAOxAGVKw4bAAAAIGNIUk0AAHolAACAgwAA+f8AAIDpAAB1MAAA6mAAADqYAAAXb5JfxUYAAAKLSURBVHjadJPfS5NhFMe\/21xvuhXRyJAZroiSrJnbRdT7vrAf5HBaK5RABmEEwQIvkpZ\/QRcWXdSFw5soKaF0F7qZeLO13mGBDpQsf5CoxVKHOt0Pctp2uvEdrzG\/V+c553w\/54HnPDIiQiGpPMETABoB2AAYd9MRAMMAvGmX+RcAyAoBVJ7gZQDtABworH4AHWmX+bOMZdkjCoXiUzabvcAwzPSsob5p\/VTNY9GcdpnxdmYZ9wJThSCtCr1e\/4XjuNPd3d1KjUZzaGbI27ysqzGQoggAsLa1A7ehArrDxfDNr0oBlQB+wmKxbJFEL968SxoamsjkHaPU9l9piUo6A0RE1DG2QCWdASrpDAzJM5kMI8XecdjVxfEl+K9dxFgsgUvvR6HyBKHyBAEATyKLeGSsENuNcqk5kUjEGm7fzcYqr0ClVODl99+YXEvl6+c1amjVe+ahiGGYaUEQKnmeh91uL43rqheixjpdmzCL11er0PcjhrTLvMfUJsyKYUSeyWQ6enp6tgCgrKxsfbP8bB8AdE1G89cOReMAgOv+Cag8QXRNRkXAsDwcDr+am5tLCYKA3t7eo2dG+1vVK\/MfpRPtA+MIReMYaKj+\/xm9MiICx3EmpVL5wefzFavValis1u1vvHMkdfykCQC0kSGUTo+Ajmnx1dSC7IGD+UUCEYGIwLKsyWazrSeTSSIiMpnNf7Ttz5+ec96fr7\/VnE0mk+QfHMzV3WjcKH\/4rEr05QGFIA6HY4llWRLPRER+v3\/HYrFMFQSIkNra2tVQKJSlfcSyLO0LECFWq3XF6XRGA4HAptTsdrsXeZ6fEHtl+31nAOA4rkUulz\/I5XL63dQGgHEAN8Ph8AYA\/BsAt4ube4GblQIAAAAASUVORK5CYII=\" alt=\"\" \/><\/a><\/span> (da contattare esclusivamente in caso di emergenze durante gli orari di chiusura degli Uffici dell&#8217;Ambasciata, inclusi sabato, domenica e giorni festivi)<br \/>\n<span class=\"baec5a81-e4d6-4674-97f3-e9220f0136c1\"><strong>E-mail per\u00a0EMERGENZE consolari:<\/strong> <a href=\"mailto:consolare.hanoi@esteri.it\">consolare.hanoi@esteri.it<\/a> <\/span><\/p>\n<p>*****************************************************<\/p>\n<p><strong>Ufficio Ambasciatore tel <span class=\"baec5a81-e4d6-4674-97f3-e9220f0136c1\">+84 24 38256256<a title=\"Call: +84 24 38256256\" href=\"https:\/\/ambhanoi.esteri.it\/ambasciata_hanoi\/it\/ambasciata\/gli_uffici\/gli-uffici.html#\"><img decoding=\"async\" title=\"Call: +84 24 38256256\" src=\"data:image\/png;base64,iVBORw0KGgoAAAANSUhEUgAAABAAAAAQCAYAAAAf8\/9hAAAACXBIWXMAAA7EAAAOxAGVKw4bAAAAIGNIUk0AAHolAACAgwAA+f8AAIDpAAB1MAAA6mAAADqYAAAXb5JfxUYAAAKLSURBVHjadJPfS5NhFMe\/21xvuhXRyJAZroiSrJnbRdT7vrAf5HBaK5RABmEEwQIvkpZ\/QRcWXdSFw5soKaF0F7qZeLO13mGBDpQsf5CoxVKHOt0Pctp2uvEdrzG\/V+c553w\/54HnPDIiQiGpPMETABoB2AAYd9MRAMMAvGmX+RcAyAoBVJ7gZQDtABworH4AHWmX+bOMZdkjCoXiUzabvcAwzPSsob5p\/VTNY9GcdpnxdmYZ9wJThSCtCr1e\/4XjuNPd3d1KjUZzaGbI27ysqzGQoggAsLa1A7ehArrDxfDNr0oBlQB+wmKxbJFEL968SxoamsjkHaPU9l9piUo6A0RE1DG2QCWdASrpDAzJM5kMI8XecdjVxfEl+K9dxFgsgUvvR6HyBKHyBAEATyKLeGSsENuNcqk5kUjEGm7fzcYqr0ClVODl99+YXEvl6+c1amjVe+ahiGGYaUEQKnmeh91uL43rqheixjpdmzCL11er0PcjhrTLvMfUJsyKYUSeyWQ6enp6tgCgrKxsfbP8bB8AdE1G89cOReMAgOv+Cag8QXRNRkXAsDwcDr+am5tLCYKA3t7eo2dG+1vVK\/MfpRPtA+MIReMYaKj+\/xm9MiICx3EmpVL5wefzFavValis1u1vvHMkdfykCQC0kSGUTo+Ajmnx1dSC7IGD+UUCEYGIwLKsyWazrSeTSSIiMpnNf7Ttz5+ec96fr7\/VnE0mk+QfHMzV3WjcKH\/4rEr05QGFIA6HY4llWRLPRER+v3\/HYrFMFQSIkNra2tVQKJSlfcSyLO0LECFWq3XF6XRGA4HAptTsdrsXeZ6fEHtl+31nAOA4rkUulz\/I5XL63dQGgHEAN8Ph8AYA\/BsAt4ube4GblQIAAAAASUVORK5CYII=\" alt=\"\" \/><\/a><\/span> ext. 104<br \/>\n<\/strong>BUI Thi Phuong Nga (Impiegata a contratto)<br \/>\ne-mail: <a href=\"mailto:segreteria1.hanoi@esteri.it\">segreteria1.hanoi@esteri.it<\/a><\/p>\n<p>&nbsp;<\/p>\n<p><strong>Sezione Politica, Culturale e Stampa<br \/>\n<\/strong>Segr. Leg. Mattia FARRIS (Capo della Sezione Politica, Culturale e Stampa)<br \/>\ntel <span class=\"baec5a81-e4d6-4674-97f3-e9220f0136c1\">+84 24 38256256<a title=\"Call: +84 24 38256256\" href=\"https:\/\/ambhanoi.esteri.it\/ambasciata_hanoi\/it\/ambasciata\/gli_uffici\/gli-uffici.html#\"><img decoding=\"async\" title=\"Call: +84 24 38256256\" src=\"data:image\/png;base64,iVBORw0KGgoAAAANSUhEUgAAABAAAAAQCAYAAAAf8\/9hAAAACXBIWXMAAA7EAAAOxAGVKw4bAAAAIGNIUk0AAHolAACAgwAA+f8AAIDpAAB1MAAA6mAAADqYAAAXb5JfxUYAAAKLSURBVHjadJPfS5NhFMe\/21xvuhXRyJAZroiSrJnbRdT7vrAf5HBaK5RABmEEwQIvkpZ\/QRcWXdSFw5soKaF0F7qZeLO13mGBDpQsf5CoxVKHOt0Pctp2uvEdrzG\/V+c553w\/54HnPDIiQiGpPMETABoB2AAYd9MRAMMAvGmX+RcAyAoBVJ7gZQDtABworH4AHWmX+bOMZdkjCoXiUzabvcAwzPSsob5p\/VTNY9GcdpnxdmYZ9wJThSCtCr1e\/4XjuNPd3d1KjUZzaGbI27ysqzGQoggAsLa1A7ehArrDxfDNr0oBlQB+wmKxbJFEL968SxoamsjkHaPU9l9piUo6A0RE1DG2QCWdASrpDAzJM5kMI8XecdjVxfEl+K9dxFgsgUvvR6HyBKHyBAEATyKLeGSsENuNcqk5kUjEGm7fzcYqr0ClVODl99+YXEvl6+c1amjVe+ahiGGYaUEQKnmeh91uL43rqheixjpdmzCL11er0PcjhrTLvMfUJsyKYUSeyWQ6enp6tgCgrKxsfbP8bB8AdE1G89cOReMAgOv+Cag8QXRNRkXAsDwcDr+am5tLCYKA3t7eo2dG+1vVK\/MfpRPtA+MIReMYaKj+\/xm9MiICx3EmpVL5wefzFavValis1u1vvHMkdfykCQC0kSGUTo+Ajmnx1dSC7IGD+UUCEYGIwLKsyWazrSeTSSIiMpnNf7Ttz5+ec96fr7\/VnE0mk+QfHMzV3WjcKH\/4rEr05QGFIA6HY4llWRLPRER+v3\/HYrFMFQSIkNra2tVQKJSlfcSyLO0LECFWq3XF6XRGA4HAptTsdrsXeZ6fEHtl+31nAOA4rkUulz\/I5XL63dQGgHEAN8Ph8AYA\/BsAt4ube4GblQIAAAAASUVORK5CYII=\" alt=\"\" \/><\/a><\/span> ext. 104 (Sezione Politica); ext. 116 (Sezione Culturale e Stampa)<br \/>\ne-mail: <a href=\"mailto:culturale.hanoi@esteri.it\">culturale.hanoi@esteri.it<\/a><\/p>\n<p>NGUYEN Quynh Lien (Impiegata a contratto)<br \/>\ntel <span class=\"baec5a81-e4d6-4674-97f3-e9220f0136c1\">+84 24 38256256<a title=\"Call: +84 24 38256256\" href=\"https:\/\/ambhanoi.esteri.it\/ambasciata_hanoi\/it\/ambasciata\/gli_uffici\/gli-uffici.html#\"><img decoding=\"async\" title=\"Call: +84 24 38256256\" src=\"data:image\/png;base64,iVBORw0KGgoAAAANSUhEUgAAABAAAAAQCAYAAAAf8\/9hAAAACXBIWXMAAA7EAAAOxAGVKw4bAAAAIGNIUk0AAHolAACAgwAA+f8AAIDpAAB1MAAA6mAAADqYAAAXb5JfxUYAAAKLSURBVHjadJPfS5NhFMe\/21xvuhXRyJAZroiSrJnbRdT7vrAf5HBaK5RABmEEwQIvkpZ\/QRcWXdSFw5soKaF0F7qZeLO13mGBDpQsf5CoxVKHOt0Pctp2uvEdrzG\/V+c553w\/54HnPDIiQiGpPMETABoB2AAYd9MRAMMAvGmX+RcAyAoBVJ7gZQDtABworH4AHWmX+bOMZdkjCoXiUzabvcAwzPSsob5p\/VTNY9GcdpnxdmYZ9wJThSCtCr1e\/4XjuNPd3d1KjUZzaGbI27ysqzGQoggAsLa1A7ehArrDxfDNr0oBlQB+wmKxbJFEL968SxoamsjkHaPU9l9piUo6A0RE1DG2QCWdASrpDAzJM5kMI8XecdjVxfEl+K9dxFgsgUvvR6HyBKHyBAEATyKLeGSsENuNcqk5kUjEGm7fzcYqr0ClVODl99+YXEvl6+c1amjVe+ahiGGYaUEQKnmeh91uL43rqheixjpdmzCL11er0PcjhrTLvMfUJsyKYUSeyWQ6enp6tgCgrKxsfbP8bB8AdE1G89cOReMAgOv+Cag8QXRNRkXAsDwcDr+am5tLCYKA3t7eo2dG+1vVK\/MfpRPtA+MIReMYaKj+\/xm9MiICx3EmpVL5wefzFavValis1u1vvHMkdfykCQC0kSGUTo+Ajmnx1dSC7IGD+UUCEYGIwLKsyWazrSeTSSIiMpnNf7Ttz5+ec96fr7\/VnE0mk+QfHMzV3WjcKH\/4rEr05QGFIA6HY4llWRLPRER+v3\/HYrFMFQSIkNra2tVQKJSlfcSyLO0LECFWq3XF6XRGA4HAptTsdrsXeZ6fEHtl+31nAOA4rkUulz\/I5XL63dQGgHEAN8Ph8AYA\/BsAt4ube4GblQIAAAAASUVORK5CYII=\" alt=\"\" \/><\/a><\/span> ext. 116<br \/>\ne-mail: <a href=\"mailto:culturale.hanoi@esteri.it\">culturale.hanoi@esteri.it<\/a><\/p>\n<p>&nbsp;<\/p>\n<p><strong>Sezione<\/strong> <strong>Economica e Commerciale &#8211; tel. <span class=\"baec5a81-e4d6-4674-97f3-e9220f0136c1\">+84 24 38256256<a title=\"Call: +84 24 38256256\" href=\"https:\/\/ambhanoi.esteri.it\/ambasciata_hanoi\/it\/ambasciata\/gli_uffici\/gli-uffici.html#\"><img decoding=\"async\" title=\"Call: +84 24 38256256\" src=\"data:image\/png;base64,iVBORw0KGgoAAAANSUhEUgAAABAAAAAQCAYAAAAf8\/9hAAAACXBIWXMAAA7EAAAOxAGVKw4bAAAAIGNIUk0AAHolAACAgwAA+f8AAIDpAAB1MAAA6mAAADqYAAAXb5JfxUYAAAKLSURBVHjadJPfS5NhFMe\/21xvuhXRyJAZroiSrJnbRdT7vrAf5HBaK5RABmEEwQIvkpZ\/QRcWXdSFw5soKaF0F7qZeLO13mGBDpQsf5CoxVKHOt0Pctp2uvEdrzG\/V+c553w\/54HnPDIiQiGpPMETABoB2AAYd9MRAMMAvGmX+RcAyAoBVJ7gZQDtABworH4AHWmX+bOMZdkjCoXiUzabvcAwzPSsob5p\/VTNY9GcdpnxdmYZ9wJThSCtCr1e\/4XjuNPd3d1KjUZzaGbI27ysqzGQoggAsLa1A7ehArrDxfDNr0oBlQB+wmKxbJFEL968SxoamsjkHaPU9l9piUo6A0RE1DG2QCWdASrpDAzJM5kMI8XecdjVxfEl+K9dxFgsgUvvR6HyBKHyBAEATyKLeGSsENuNcqk5kUjEGm7fzcYqr0ClVODl99+YXEvl6+c1amjVe+ahiGGYaUEQKnmeh91uL43rqheixjpdmzCL11er0PcjhrTLvMfUJsyKYUSeyWQ6enp6tgCgrKxsfbP8bB8AdE1G89cOReMAgOv+Cag8QXRNRkXAsDwcDr+am5tLCYKA3t7eo2dG+1vVK\/MfpRPtA+MIReMYaKj+\/xm9MiICx3EmpVL5wefzFavValis1u1vvHMkdfykCQC0kSGUTo+Ajmnx1dSC7IGD+UUCEYGIwLKsyWazrSeTSSIiMpnNf7Ttz5+ec96fr7\/VnE0mk+QfHMzV3WjcKH\/4rEr05QGFIA6HY4llWRLPRER+v3\/HYrFMFQSIkNra2tVQKJSlfcSyLO0LECFWq3XF6XRGA4HAptTsdrsXeZ6fEHtl+31nAOA4rkUulz\/I5XL63dQGgHEAN8Ph8AYA\/BsAt4ube4GblQIAAAAASUVORK5CYII=\" alt=\"\" \/><\/a><\/span> ext. 132\/117\/131<br \/>\n<\/strong>Segr. Leg. Marco SARACCO (Capo della Sezione Economica e Commerciale)<br \/>\ne-mail: <a href=\"mailto:commerciale2.hanoi@esteri.it\">commerciale.hanoi@esteri.it<\/a><\/p>\n<p>Guglielmo CAGGIANO (Addetto Commerciale)<br \/>\ne-mail: <a href=\"mailto:commerciale.hanoi@esteri.it\">commerciale.hanoi@esteri.it<\/a><\/p>\n<p>NGUYEN Thi Thu Giang (Impiegata a contratto)<br \/>\ne-mail: <a href=\"mailto:commerciale2.hanoi@esteri.it\">commerciale2.hanoi@esteri.it<\/a><br \/>\nPer richieste di assistenza alla Sezione Economico-Commerciale clicca <a href=\"https:\/\/nexus.esteri.it\/?sede=776\">qui<\/a>.<\/p>\n<p>&nbsp;<\/p>\n<p><strong>Sezione Consolare e Visti tel <span class=\"baec5a81-e4d6-4674-97f3-e9220f0136c1\">+84 24 38256256<a title=\"Call: +84 24 38256256\" href=\"https:\/\/ambhanoi.esteri.it\/ambasciata_hanoi\/it\/ambasciata\/gli_uffici\/gli-uffici.html#\"><img decoding=\"async\" title=\"Call: +84 24 38256256\" src=\"data:image\/png;base64,iVBORw0KGgoAAAANSUhEUgAAABAAAAAQCAYAAAAf8\/9hAAAACXBIWXMAAA7EAAAOxAGVKw4bAAAAIGNIUk0AAHolAACAgwAA+f8AAIDpAAB1MAAA6mAAADqYAAAXb5JfxUYAAAKLSURBVHjadJPfS5NhFMe\/21xvuhXRyJAZroiSrJnbRdT7vrAf5HBaK5RABmEEwQIvkpZ\/QRcWXdSFw5soKaF0F7qZeLO13mGBDpQsf5CoxVKHOt0Pctp2uvEdrzG\/V+c553w\/54HnPDIiQiGpPMETABoB2AAYd9MRAMMAvGmX+RcAyAoBVJ7gZQDtABworH4AHWmX+bOMZdkjCoXiUzabvcAwzPSsob5p\/VTNY9GcdpnxdmYZ9wJThSCtCr1e\/4XjuNPd3d1KjUZzaGbI27ysqzGQoggAsLa1A7ehArrDxfDNr0oBlQB+wmKxbJFEL968SxoamsjkHaPU9l9piUo6A0RE1DG2QCWdASrpDAzJM5kMI8XecdjVxfEl+K9dxFgsgUvvR6HyBKHyBAEATyKLeGSsENuNcqk5kUjEGm7fzcYqr0ClVODl99+YXEvl6+c1amjVe+ahiGGYaUEQKnmeh91uL43rqheixjpdmzCL11er0PcjhrTLvMfUJsyKYUSeyWQ6enp6tgCgrKxsfbP8bB8AdE1G89cOReMAgOv+Cag8QXRNRkXAsDwcDr+am5tLCYKA3t7eo2dG+1vVK\/MfpRPtA+MIReMYaKj+\/xm9MiICx3EmpVL5wefzFavValis1u1vvHMkdfykCQC0kSGUTo+Ajmnx1dSC7IGD+UUCEYGIwLKsyWazrSeTSSIiMpnNf7Ttz5+ec96fr7\/VnE0mk+QfHMzV3WjcKH\/4rEr05QGFIA6HY4llWRLPRER+v3\/HYrFMFQSIkNra2tVQKJSlfcSyLO0LECFWq3XF6XRGA4HAptTsdrsXeZ6fEHtl+31nAOA4rkUulz\/I5XL63dQGgHEAN8Ph8AYA\/BsAt4ube4GblQIAAAAASUVORK5CYII=\" alt=\"\" \/><\/a><\/span> ext. 120\/115<br \/>\n<\/strong>Simona BASTONI (Addetta Consolare)<br \/>\ne-mail: <a href=\"mailto:consolare.hanoi@esteri.it\">consolare.hanoi@esteri.it<\/a> \/ <a href=\"mailto:visti.hanoi@esteri.it\">visti.hanoi@esteri.it<\/a><\/p>\n<p>Emiliano MENCUCCI (Addetto Consolare)<br \/>\ne-mail: <a href=\"mailto:consolare.hanoi@esteri.it\">consolare.hanoi@esteri.it<\/a> \/ <a href=\"mailto:visti.hanoi@esteri.it\">visti.hanoi@esteri.it<\/a><\/p>\n<p>NGUYEN Thanh Huong (Impiegata a Contratto)<br \/>\ne-mail:<a href=\"mailto:consolare1.hanoi@esteri.it\">consolare1.hanoi@esteri.it<\/a>\u00a0\/ <a href=\"mailto:visti.hanoi@esteri.it\">visti.hanoi@esteri.it<\/a><\/p>\n<p>NGUYEN Thi Mai Hoa (Impiegata a contratto)<br \/>\ne-mail <a href=\"mailto:consolare1.hanoi@esteri.it\">consolare1.hanoi@esteri.it<\/a> \/ <a href=\"mailto:visti.hanoi@esteri.it\">visti.hanoi@esteri.it<\/a><\/p>\n<p><em>Orario di apertura al pubblico Sezione Consolare:<br \/>\n<\/em>Luned\u00ec, Marted\u00ec, Gioved\u00ec e Venerd\u00ec: dalle 09.30 alle 12.30<br \/>\nMercoledi&#8217;: dalle 09.30 alle 12.30 e dalle 14:00 alle 16:00<\/p>\n<p><em>Orario di apertura al pubblico Sezione visti:<\/em><br \/>\nPer presentare la domanda e per ritirare il visto: Marted\u00ec e Gioved\u00ec dalle 09.30 alle 12.00.<\/p>\n<p>&nbsp;<\/p>\n<p><strong>Sezione Amministrativa\u00a0 tel <span class=\"baec5a81-e4d6-4674-97f3-e9220f0136c1\">+84 24 38256256<a title=\"Call: +84 24 38256256\" href=\"https:\/\/ambhanoi.esteri.it\/ambasciata_hanoi\/it\/ambasciata\/gli_uffici\/gli-uffici.html#\"><img decoding=\"async\" title=\"Call: +84 24 38256256\" src=\"data:image\/png;base64,iVBORw0KGgoAAAANSUhEUgAAABAAAAAQCAYAAAAf8\/9hAAAACXBIWXMAAA7EAAAOxAGVKw4bAAAAIGNIUk0AAHolAACAgwAA+f8AAIDpAAB1MAAA6mAAADqYAAAXb5JfxUYAAAKLSURBVHjadJPfS5NhFMe\/21xvuhXRyJAZroiSrJnbRdT7vrAf5HBaK5RABmEEwQIvkpZ\/QRcWXdSFw5soKaF0F7qZeLO13mGBDpQsf5CoxVKHOt0Pctp2uvEdrzG\/V+c553w\/54HnPDIiQiGpPMETABoB2AAYd9MRAMMAvGmX+RcAyAoBVJ7gZQDtABworH4AHWmX+bOMZdkjCoXiUzabvcAwzPSsob5p\/VTNY9GcdpnxdmYZ9wJThSCtCr1e\/4XjuNPd3d1KjUZzaGbI27ysqzGQoggAsLa1A7ehArrDxfDNr0oBlQB+wmKxbJFEL968SxoamsjkHaPU9l9piUo6A0RE1DG2QCWdASrpDAzJM5kMI8XecdjVxfEl+K9dxFgsgUvvR6HyBKHyBAEATyKLeGSsENuNcqk5kUjEGm7fzcYqr0ClVODl99+YXEvl6+c1amjVe+ahiGGYaUEQKnmeh91uL43rqheixjpdmzCL11er0PcjhrTLvMfUJsyKYUSeyWQ6enp6tgCgrKxsfbP8bB8AdE1G89cOReMAgOv+Cag8QXRNRkXAsDwcDr+am5tLCYKA3t7eo2dG+1vVK\/MfpRPtA+MIReMYaKj+\/xm9MiICx3EmpVL5wefzFavValis1u1vvHMkdfykCQC0kSGUTo+Ajmnx1dSC7IGD+UUCEYGIwLKsyWazrSeTSSIiMpnNf7Ttz5+ec96fr7\/VnE0mk+QfHMzV3WjcKH\/4rEr05QGFIA6HY4llWRLPRER+v3\/HYrFMFQSIkNra2tVQKJSlfcSyLO0LECFWq3XF6XRGA4HAptTsdrsXeZ6fEHtl+31nAOA4rkUulz\/I5XL63dQGgHEAN8Ph8AYA\/BsAt4ube4GblQIAAAAASUVORK5CYII=\" alt=\"\" \/><\/a><\/span> ext. 103\/106<br \/>\n<\/strong>Nicola DI TULLIO (Cancelliere contabile)<br \/>\ne-mail: <a href=\"mailto:amministrativo.hanoi@esteri.it\">amministrativo.hanoi@esteri.it<\/a><\/p>\n<p>NGUYEN Viet Luong (Impiegato a contratto)<br \/>\ne-mail: <a href=\"mailto:amministrativo1.hanoi@esteri.it\">amministrativo1.hanoi@esteri.it<\/a><\/p>\n<p>&nbsp;<\/p>\n<p><strong>Archivio e comunicazioni: tel +842438256256 ext. 118\/130<\/strong><br \/>\nAntonio RAIMO (Responsabile Informatico)<br \/>\ne-mail: hanoi.informatica@esteri.it<\/p>\n<p>Tatiana CAGIL (Archivio)<strong><br \/>\n<\/strong>e-mail: <a href=\"mailto:archivio.hanoi@esteri.it\">archivio.hanoi@esteri.it<\/a><\/p>\n<p>&nbsp;<\/p>\n<p><strong>Sezione Scientifica: tel +84 24 38256256 ext. 108 \/ 127<\/strong><br \/>\nProf. Marco ABBIATI (Addetto Scientifico)<br \/>\ne-mail: <a href=\"mailto:hanoi.scienza@esteri.it\">hanoi.scienza@esteri.it<\/a><\/p>\n<p>Dott. Renzo MORO (Esperto Agricolo-fitosanitario)<br \/>\ne-mail: <a href=\"mailto:hanoi.agricoltura@esteri.it\">hanoi.agricoltura@esteri.it<\/a><\/p>\n<p>NGUYEN Thanh Mai (Impiegata a contratto)<br \/>\ne-mail: <a href=\"mailto:hanoi.agricoltura@esteri.it\">hanoi.agricoltura@esteri.it<\/a> \/ hanoi.scienza@esteri.it<\/p>\n<p>&nbsp;<\/p>\n<p><strong>Addetto alla Difesa<br \/>\n<\/strong>C.V. Luigi DEL MONACO<br \/>\n<a href=\"https:\/\/ambkualalumpur.esteri.it\/ambasciata_kualalumpur\/it\">Presso l&#8217;Ambasciata d&#8217;Italia in Malaysia<\/a><br \/>\n9th Floor, Wisma Sin Heap Lee &#8211; 346, Jalan Tun Razak &#8211; 50400 Kuala Lumpur (Malaysia)<br \/>\ntel. +60 3 21645420 &#8211; fax <span class=\"baec5a81-e4d6-4674-97f3-e9220f0136c1\">+60 3 21646802<br \/>\n<\/span>E-mail: <a href=\"mailto:difeitalia.kualalumpur@smd.difesa.it\">difeitalia.kualalumpur@smd.difesa.it<\/a><\/p>\n<p>&nbsp;<\/p>\n<p><strong>Agenzia Italiana per la Cooperazione allo Sviluppo &#8211; Sede di HANOI<br \/>\n<\/strong>LPB Tower, 20th Floor, 210 Tran Quang Khai, Hanoi<br \/>\nTel.\u00a0<span class=\"baec5a81-e4d6-4674-97f3-e9220f0136c1\">+84 (0)2473011886 (ext. 109)<br \/>\n<\/span>Email: <a href=\"mailto:hanoi@aics.gov.it\">hanoi@aics.gov.it<\/a><br \/>\nTitolare di Sede: Dott.ssa Margherita LULLI<br \/>\n<a href=\"https:\/\/hanoi.aics.gov.it\/\">https:\/\/hanoi.aics.gov.it\/<\/a><\/p>\n<p>&nbsp;<\/p>\n<p><strong>Agenzia ICE &#8211; Italian Trade and Investment Agency<br \/>\n<\/strong>Saigon Trade Center &#8211; floor 22, unit 2205 &#8211; 37 Ton Duc Thang street, Ben Nghe Ward, district 1, Ho Chi Minh City<br \/>\nTel: +84 28\/38228813 \/ Fax: +84 28\/38228814<br \/>\nE-mail: <a href=\"mailto:hochiminh@ice.it\">hochiminh@ice.it<\/a><br \/>\nDirettrice: Dott.sa Ilaria PICCINNI<br \/>\n<a href=\"https:\/\/www.ice.it\/it\/mercati\/vietnam\/ho-chi-minh-city\">https:\/\/www.ice.it\/it\/mercati\/vietnam\/ho-chi-minh-city<\/a><\/p>\n<p>&nbsp;<\/p>\n<p><strong>Esperto per la Sicurezza<br \/>\n<\/strong>Dott. Giorgio BUTINI<br \/>\n<a href=\"https:\/\/ambbangkok.esteri.it\/Ambasciata_Bangkok\/en\/\">Presso l&#8217;Ambasciata d&#8217;Italia in Thailandia<\/a><br \/>\n14th Fl., Bubhajit Building, 20 North Sathorn Rd, Silom, Bangrak, 10500 Bangkok (Thailandia)<br \/>\nTel &amp; Fax: +66 026339396<\/p>\n<p>&nbsp;<\/p>\n<p><strong>Addetto Finanziario della Banca d&#8217;Italia<br \/>\n<\/strong>Dott. Pietro GINEFRA<br \/>\n<a href=\"https:\/\/ambsingapore.esteri.it\/ambasciata_singapore\/en\">Presso l&#8217;Ambasciata d&#8217;Italia a Singapore<\/a><br \/>\n101 Thomson Road, #27-02 United Square, Singapore<br \/>\nTel: +65 62506022 &#8211; Fax: +65 62533301<\/p>\n","protected":false},"excerpt":{"rendered":"Centralino: +84 24 38256256 Fax: +84 24 38267602 E-mail: vedasi in basso per i singoli uffici. Per questioni di carattere generale: ambasciata.hanoi@esteri.it PEC (Posta Elettronica Certificata): amb.hanoi@cert.esteri.it (indirizzo abilitato esclusivamente alla ricezione di Posta Elettronica Certificata) ***************************************************** Cellulare di EMERGENZA: +84 (0) 90 3430950 (da contattare esclusivamente in caso di emergenze durante gli orari di [&hellip;]","protected":false},"author":1,"featured_media":0,"parent":13,"menu_order":4,"comment_status":"closed","ping_status":"closed","template":"","meta":{"footnotes":""},"class_list":["post-123","page","type-page","status-publish","hentry"],"_links":{"self":[{"href":"https:\/\/ambhanoi.esteri.it\/it\/wp-json\/wp\/v2\/pages\/123","targetHints":{"allow":["GET"]}}],"collection":[{"href":"https:\/\/ambhanoi.esteri.it\/it\/wp-json\/wp\/v2\/pages"}],"about":[{"href":"https:\/\/ambhanoi.esteri.it\/it\/wp-json\/wp\/v2\/types\/page"}],"author":[{"embeddable":true,"href":"https:\/\/ambhanoi.esteri.it\/it\/wp-json\/wp\/v2\/users\/1"}],"replies":[{"embeddable":true,"href":"https:\/\/ambhanoi.esteri.it\/it\/wp-json\/wp\/v2\/comments?post=123"}],"version-history":[{"count":8,"href":"https:\/\/ambhanoi.esteri.it\/it\/wp-json\/wp\/v2\/pages\/123\/revisions"}],"predecessor-version":[{"id":9509,"href":"https:\/\/ambhanoi.esteri.it\/it\/wp-json\/wp\/v2\/pages\/123\/revisions\/9509"}],"up":[{"embeddable":true,"href":"https:\/\/ambhanoi.esteri.it\/it\/wp-json\/wp\/v2\/pages\/13"}],"wp:attachment":[{"href":"https:\/\/ambhanoi.esteri.it\/it\/wp-json\/wp\/v2\/media?parent=123"}],"curies":[{"name":"wp","href":"https:\/\/api.w.org\/{rel}","templated":true}]}}