{"id":4989,"date":"2023-12-08T09:49:22","date_gmt":"2023-12-08T02:49:22","guid":{"rendered":"https:\/\/ambhanoi.esteri.it\/?page_id=4989"},"modified":"2024-08-22T13:50:27","modified_gmt":"2024-08-22T06:50:27","slug":"faq","status":"publish","type":"page","link":"https:\/\/ambhanoi.esteri.it\/en\/servizi-consolari-e-visti\/servizi-per-il-cittadino-italiano\/faq\/","title":{"rendered":"FAQ"},"content":{"rendered":"<div class=\"sr-only\"><strong>In questa pagina sono elencate le risposte ad alcune delle piu&#8217; frequenti domande poste da chi si rivolge agli uffici dell&#8217;Ambasciata<\/strong><\/div>\n<div>\n<p align=\"justify\"><em><strong>Vorrei avere informazioni sulle procedure per richiedere il visto di ingresso in Italia per un cittadino vietnamita<\/strong><\/em><\/p>\n<p>Le informazioni necessarie sono reperibili sul sito del Ministero degli Affari Esteri e della Cooperazione Internazionale\u00a0al seguente indirizzo:\u00a0 <a href=\"http:\/\/vistoperitalia.esteri.it\/home.aspx\">http:\/\/vistoperitalia.esteri.it\/home.aspx<\/a><\/p>\n<p align=\"justify\">Per informazioni\u00a0specifiche\u00a0sulle modalita&#8217; di presentazione della domanda, potrete poi consultare la pagina\u00a0dedicata ai visti nell&#8217;apposita sezione di questo sito:<\/p>\n<p align=\"justify\"><a href=\"http:\/\/www.ambhanoi.esteri.it\/ambasciata_hanoi\/it\/informazioni_e_servizi\/visti\">http:\/\/www.ambhanoi.esteri.it\/ambasciata_hanoi\/it\/informazioni_e_servizi\/visti<\/a><\/p>\n<p align=\"justify\"><strong>Potete fornirmi informazioni sui visti d&#8217;ingresso e sulla situazione del Paese in generale?<\/strong><\/p>\n<p>I cittadini italiani posso fare ingresso in Vietnam senza necessit\u00e0 di visto, per soggiorni singoli, sino a 45 giorni, durante i quali \u00e8 consentito ai medesimi di uscire e rientrare nel Paese. Al momento del nuovo ingresso in Vietnam, verr\u00e0 apposto sul passaporto un nuovo timbro, per un soggiorno sino ad ulteriori 45 giorni.<br \/>\nSi segnala che le Compagnie Aeree richiedono, al momento della partenza, l\u2019esibizione di un titolo di viaggio per l\u2019uscita dal Paese:\u00a0si raccomanda, pertanto, di acquistare anche tale titolo di viaggio (biglietto di ritorno), prima della partenza\u00a0per il Vietnam.<br \/>\nE\u2019 inoltre possibile ottenere\u00a0online un visto ad ingresso singolo o multiplo per turismo (\u201ce-visa\u201d), per soggiorni sino a 90 giorni. Il visto va richiesto tramite la piattaforma\u00a0<a href=\"https:\/\/immigration.gov.vn\" target=\"_blank\" rel=\"noopener\">https:\/\/immigration.gov.vn<\/a>.<br \/>\nPer soggiorni di tipo diverso, \u00e8 necessario richiedere il visto presso Ambasciate o Consolati vietnamiti.<\/p>\n<p>Per maggiori informazioni sulle modalit\u00e0 di rilascio del visto, si invitano gli interessati a contattare l\u2019Ambasciata o il Consolato vietnamita competente.<\/p>\n<p>Ambasciata del Vietnam a Roma: Via di Bravetta, 156 \u2013 00164 ROMA \u2013 ITALIA<\/p>\n<p>Telefoni: (0039) 06.66169726; 06.66166157; 06. 99104318<\/p>\n<p>Fax: (0039) 06.66157520<\/p>\n<p>E-mail: <a href=\"mailto:vnemb.it@mofa.gov.vn\">vnemb.it@mofa.gov.vn<\/a><\/p>\n<p>Website: <a href=\"http:\/\/www.vietnamembassy-italy.org\">www.vietnamembassy-italy.org<\/a><\/p>\n<p>Occorre altres\u00ec essere in possesso di un\u2019assicurazione sanitaria internazionale.<\/p>\n<p>Ulteriori informazioni sono disponibili nella Sezione Sanitaria e sul Sito dell\u2019<a href=\"https:\/\/ambhanoi.esteri.it\/ambasciata_hanoi\/it\/\" target=\"_blank\" rel=\"noopener\">Ambasciata d\u2019Italia ad Hanoi<\/a>\u00a0e del\u00a0<a href=\"https:\/\/conshochiminh.esteri.it\/consolato_hochiminh\/it\/\" target=\"_blank\" rel=\"noopener\">Consolato Generale d\u2019Italia a Ho Chi Minh City<\/a><\/p>\n<p>Per informazioni sulla situazione di sicurezza in Vietnam e utili consigli di viaggio potra\u2019 consultare il sito <a href=\"https:\/\/www.viaggiaresicuri.it\/home\">www.viaggiaresicuri.it<\/a><\/p>\n<p align=\"justify\"><strong>Vorrei avere informazioni sulla situazione economica del Vietnam in generale e su alcuni settori in particolare. Dove posso reperirle?<\/strong><\/p>\n<p>Sulla pagina web dell&#8217;Ambasciata, nella parte <em>Rapporti bilaterali &#8211; Cooperazione Economica<\/em>, potr\u00e0 consultare le informazioni predisposte per l\u2019utente nonch\u00e9 ulteriori fonti di approfondimento suggerite dall\u2019Ambasciata.<\/p>\n<p>Qualora l\u2019utente interessato si trovi in Vietnam, il responsabile dell&#8217;Ufficio Commerciale \u00e8 inoltre disponibile, previo appuntamento da fissare via mail (e-mail : <a href=\"mailto:commerciale.hanoi@esteri.it\">commerciale.hanoi@esteri.it<\/a>), a presentare le opportunit\u00e0 offerte dal Vietnam. Lo scambio di informazione tra<br \/>\nla Sezione commerciale dell\u2019Ambasciata e gli operatori rappresenta uno strumento di informazione e confronto indispensabile per entrambe le parti in un\u2019ottica di efficace coordinamento di Sistema paese.<\/p>\n<p align=\"justify\"><strong>Vorrei trovare un partner commerciale vietnamita. Come posso fare per avere dei contatti?<\/strong><\/p>\n<p>Per ricerche mirate e di rappresentanti, partner commerciali e\/o fornitori potr\u00e0 rivolgersi a:<\/p>\n<p><em>Ufficio dell&#8217;Istituto per il Commercio con l&#8217;Estero a Ho Chi Minh City<\/em><\/p>\n<p>Iindirizzo: Unit 1105 &#8211; 11th Floor, Me Linh Point Tower 2, Ngo Duc Ke Str., District 1- Ho Chi Minh City &#8211; Vietnam<\/p>\n<p>tel +84 8 38228813\u00a0 fax +84 8 38228814 e-mail: <a href=\"mailto:hochiminh@ice.it\">hochiminh@ice.it<\/a><\/p>\n<p>&nbsp;<\/p>\n<p><em>ICHAM \u2013 Camera di Commercio Italiana in Vietnam<\/em><\/p>\n<p>Internet: <a href=\"http:\/\/www.icham.org\/it\">http:\/\/www.icham.org\/it<\/a><\/p>\n<p>HOCHIMINH: The Landmark, 15th floor, 5B Ton Duc Thang, District 1, Ho Chi Minh City, Vietnam<\/p>\n<p>Tel: +84 8 3822 4059\u00a0 E-mail: <a href=\"mailto:info@icham.org\">info@icham.org<\/a><\/p>\n<p>HANOI: Casa Italia, 18\u00a0 Le Phung Hieu street, Hoan Kiem district, Hanoi, Vietnam<\/p>\n<p>Tel.: +84 4 3824 5997 E-mail: <a href=\"mailto:officer@icham.org\">officer@icham.org<\/a><\/p>\n<p><em><strong>Come posso effettuare un tirocinio in Ambasciata?\u00a0<\/strong><\/em><\/p>\n<p align=\"justify\">L&#8217;Ambasciata accoglie tirocinanti solo in base ad apposite convenzioni stipulate con soggetti italiani (ad esempio CRUI, SIOI, ISPI).<\/p>\n<p align=\"justify\">Si\u00a0consiglia di prendere visione della pagina del nostro sito dedicata a questi aspetti:<\/p>\n<p align=\"justify\"><a href=\"http:\/\/www.ambhanoi.esteri.it\/ambasciata_hanoi\/it\/ambasciata\/gli_uffici\/tirocinanti.html\">http:\/\/www.ambhanoi.esteri.it\/ambasciata_hanoi\/it\/ambasciata\/gli_uffici\/tirocinanti.html<\/a><\/p>\n<p align=\"justify\">Inoltre, per maggiori informazioni sul programma Tirocini MAECI-Universita&#8217; italiane della CRUI (Conferenza dei Rettori delle Universita&#8217; Italiane) puo&#8217; contattare la propria Universita&#8217;.<\/p>\n<\/div>\n","protected":false},"excerpt":{"rendered":"In questa pagina sono elencate le risposte ad alcune delle piu&#8217; frequenti domande poste da chi si rivolge agli uffici dell&#8217;Ambasciata Vorrei avere informazioni sulle procedure per richiedere il visto di ingresso in Italia per un cittadino vietnamita Le informazioni necessarie sono reperibili sul sito del Ministero degli Affari Esteri e della Cooperazione Internazionale\u00a0al seguente [&hellip;]","protected":false},"author":4,"featured_media":0,"parent":210,"menu_order":24,"comment_status":"closed","ping_status":"closed","template":"","meta":{"footnotes":""},"class_list":["post-4989","page","type-page","status-publish","hentry"],"_links":{"self":[{"href":"https:\/\/ambhanoi.esteri.it\/en\/wp-json\/wp\/v2\/pages\/4989","targetHints":{"allow":["GET"]}}],"collection":[{"href":"https:\/\/ambhanoi.esteri.it\/en\/wp-json\/wp\/v2\/pages"}],"about":[{"href":"https:\/\/ambhanoi.esteri.it\/en\/wp-json\/wp\/v2\/types\/page"}],"author":[{"embeddable":true,"href":"https:\/\/ambhanoi.esteri.it\/en\/wp-json\/wp\/v2\/users\/4"}],"replies":[{"embeddable":true,"href":"https:\/\/ambhanoi.esteri.it\/en\/wp-json\/wp\/v2\/comments?post=4989"}],"version-history":[{"count":4,"href":"https:\/\/ambhanoi.esteri.it\/en\/wp-json\/wp\/v2\/pages\/4989\/revisions"}],"predecessor-version":[{"id":6659,"href":"https:\/\/ambhanoi.esteri.it\/en\/wp-json\/wp\/v2\/pages\/4989\/revisions\/6659"}],"up":[{"embeddable":true,"href":"https:\/\/ambhanoi.esteri.it\/en\/wp-json\/wp\/v2\/pages\/210"}],"wp:attachment":[{"href":"https:\/\/ambhanoi.esteri.it\/en\/wp-json\/wp\/v2\/media?parent=4989"}],"curies":[{"name":"wp","href":"https:\/\/api.w.org\/{rel}","templated":true}]}}